{"id":10190,"date":"2024-05-16T11:08:46","date_gmt":"2024-05-16T10:08:46","guid":{"rendered":"https:\/\/laser.usal.es\/alf\/?page_id=10190"},"modified":"2024-05-16T11:12:36","modified_gmt":"2024-05-16T10:12:36","slug":"contact-2","status":"publish","type":"page","link":"https:\/\/laser.usal.es\/alf\/es\/contact-2\/","title":{"rendered":"Contacto"},"content":{"rendered":"<section class=\"section  text-normal section-text-no-shadow section-inner-no-shadow section-fullheight section-opaque\"  >\n            <div class=\"background-media lazyload\" style=\"background-image:inherit; background-repeat:no-repeat; background-size:cover; background-attachment:no-scroll; background-position: 50% 0%;\"  data-bg-image=\"url(&#039;https:\/\/laser.usal.es\/alf\/wp-content\/uploads\/2017\/03\/IMG_4613.jpg&#039;)\">\n                    <\/div>\n    \n    <div class=\"background-overlay grid-overlay-0 \" style=\"background-color: rgba(0,0,0,0.5);\"><\/div>\n\n    <div class=\"container container-vertical-middle\">\n        <div class=\"row vertical-middle\">\n            <div class=\"col-md-12     text-center small-screen-default\"  ><div class=\"divider-wrapper \" style=\"visibility:hidden;background-color:#FFFFFF\">\n    <div class=\"visible-xs\" style=\"height:24px;\"><\/div>\n    <div class=\"visible-sm\" style=\"height:24px;\"><\/div>\n    <div class=\"visible-md\" style=\"height:24px;\"><\/div>\n    <div class=\"visible-lg\" style=\"height:24px;\"><\/div>\n<\/div><div class=\"divider-wrapper \" style=\"visibility:hidden;background-color:#FFFFFF\">\n    <div class=\"visible-xs\" style=\"height:24px;\"><\/div>\n    <div class=\"visible-sm\" style=\"height:24px;\"><\/div>\n    <div class=\"visible-md\" style=\"height:24px;\"><\/div>\n    <div class=\"visible-lg\" style=\"height:24px;\"><\/div>\n<\/div><div class=\"divider-wrapper \" style=\"visibility:hidden;background-color:#FFFFFF\">\n    <div class=\"visible-xs\" style=\"height:24px;\"><\/div>\n    <div class=\"visible-sm\" style=\"height:24px;\"><\/div>\n    <div class=\"visible-md\" style=\"height:24px;\"><\/div>\n    <div class=\"visible-lg\" style=\"height:24px;\"><\/div>\n<\/div><div class=\"divider-wrapper \" style=\"visibility:hidden;background-color:#FFFFFF\">\n    <div class=\"visible-xs\" style=\"height:24px;\"><\/div>\n    <div class=\"visible-sm\" style=\"height:24px;\"><\/div>\n    <div class=\"visible-md\" style=\"height:24px;\"><\/div>\n    <div class=\"visible-lg\" style=\"height:24px;\"><\/div>\n<\/div><div class=\"divider-wrapper \" style=\"visibility:hidden;background-color:#FFFFFF\">\n    <div class=\"visible-xs\" style=\"height:24px;\"><\/div>\n    <div class=\"visible-sm\" style=\"height:24px;\"><\/div>\n    <div class=\"visible-md\" style=\"height:24px;\"><\/div>\n    <div class=\"visible-lg\" style=\"height:24px;\"><\/div>\n<\/div><div class=\"divider-wrapper \" style=\"visibility:hidden;background-color:#FFFFFF\">\n    <div class=\"visible-xs\" style=\"height:24px;\"><\/div>\n    <div class=\"visible-sm\" style=\"height:24px;\"><\/div>\n    <div class=\"visible-md\" style=\"height:24px;\"><\/div>\n    <div class=\"visible-lg\" style=\"height:24px;\"><\/div>\n<\/div><div class=\"divider-wrapper \" style=\"visibility:hidden;background-color:#FFFFFF\">\n    <div class=\"visible-xs\" style=\"height:24px;\"><\/div>\n    <div class=\"visible-sm\" style=\"height:24px;\"><\/div>\n    <div class=\"visible-md\" style=\"height:24px;\"><\/div>\n    <div class=\"visible-lg\" style=\"height:24px;\"><\/div>\n<\/div><h1 class=\"text-default  element-top-20 element-bottom-20 text-light os-animation big default\" data-os-animation=\"fadeIn\" data-os-animation-delay=\"0.1s\" >\n    Contacta con nosotros<\/h1><div class=\"divider-border  divider-border-center element-top-20 element-bottom-20 os-animation\" data-os-animation=\"fadeIn\" data-os-animation-delay=\"0.1s\" >\n    <div class=\"divider-border-inner\" ><\/div>\n<\/div><p class=\"lead text-center center  text-light element-top-20 element-bottom-20 os-animation \" data-os-animation=\"fadeIn\" data-os-animation-delay=\"0.15s\">Si deseas saber m\u00e1s sobre nuestros estudios de m\u00e1ster y doctorado, por favor env\u00edanos un correo electr\u00f3nico a: alf@usal.es<\/p><div class=\"divider-wrapper \" style=\"visibility:hidden;background-color:#FFFFFF\">\n    <div class=\"visible-xs\" style=\"height:24px;\"><\/div>\n    <div class=\"visible-sm\" style=\"height:24px;\"><\/div>\n    <div class=\"visible-md\" style=\"height:24px;\"><\/div>\n    <div class=\"visible-lg\" style=\"height:24px;\"><\/div>\n<\/div><div class=\"row \"><div class=\"col-md-3     text-default small-screen-default\"  ><\/div><div class=\"col-md-6     text-center small-screen-default\"  >\n<div class=\"wpcf7 no-js\" id=\"wpcf7-f2393-o1\" lang=\"es-ES\" dir=\"ltr\" data-wpcf7-id=\"2393\">\n<div class=\"screen-reader-response\"><p role=\"status\" aria-live=\"polite\" aria-atomic=\"true\"><\/p> <ul><\/ul><\/div>\n<form action=\"\/alf\/wp-json\/wp\/v2\/pages\/10190#wpcf7-f2393-o1\" method=\"post\" class=\"wpcf7-form init\" aria-label=\"Formulario de contacto\" novalidate=\"novalidate\" data-status=\"init\">\n<fieldset class=\"hidden-fields-container\"><input type=\"hidden\" name=\"_wpcf7\" value=\"2393\" \/><input type=\"hidden\" name=\"_wpcf7_version\" value=\"6.1.5\" \/><input type=\"hidden\" name=\"_wpcf7_locale\" value=\"es_ES\" \/><input type=\"hidden\" name=\"_wpcf7_unit_tag\" value=\"wpcf7-f2393-o1\" \/><input type=\"hidden\" name=\"_wpcf7_container_post\" value=\"0\" \/><input type=\"hidden\" name=\"_wpcf7_posted_data_hash\" value=\"\" \/>\n<\/fieldset>\n<p><label> Nombre (requerido)<br \/>\n<span class=\"wpcf7-form-control-wrap\" data-name=\"your-name\"><input size=\"40\" maxlength=\"400\" class=\"wpcf7-form-control wpcf7-text wpcf7-validates-as-required\" aria-required=\"true\" aria-invalid=\"false\" value=\"\" type=\"text\" name=\"your-name\" \/><\/span> <\/label>\n<\/p>\n<p><label> Tu correo electr\u00f3nico (requerido)<br \/>\n<span class=\"wpcf7-form-control-wrap\" data-name=\"your-email\"><input size=\"40\" maxlength=\"400\" class=\"wpcf7-form-control wpcf7-email wpcf7-validates-as-required wpcf7-text wpcf7-validates-as-email\" aria-required=\"true\" aria-invalid=\"false\" value=\"\" type=\"email\" name=\"your-email\" \/><\/span> <\/label>\n<\/p>\n<p><label> Asunto<br \/>\n<span class=\"wpcf7-form-control-wrap\" data-name=\"your-subject\"><input size=\"40\" maxlength=\"400\" class=\"wpcf7-form-control wpcf7-text\" aria-invalid=\"false\" value=\"\" type=\"text\" name=\"your-subject\" \/><\/span> <\/label>\n<\/p>\n<p><label> Mensaje<br \/>\n<span class=\"wpcf7-form-control-wrap\" data-name=\"your-message\"><textarea cols=\"40\" rows=\"10\" maxlength=\"2000\" class=\"wpcf7-form-control wpcf7-textarea\" aria-invalid=\"false\" name=\"your-message\"><\/textarea><\/span> <\/label>\n<\/p>\n<p><input class=\"wpcf7-form-control wpcf7-submit has-spinner\" type=\"submit\" value=\"Enviar\" \/>\n<\/p><input type='hidden' class='wpcf7-pum' value='{\"closepopup\":false,\"closedelay\":0,\"openpopup\":false,\"openpopup_id\":0}' \/><div class=\"wpcf7-response-output\" aria-hidden=\"true\"><\/div>\n<\/form>\n<\/div>\n<\/div><div class=\"col-md-3     text-default small-screen-default\"  ><\/div><\/div><div class=\"divider-wrapper \" style=\"visibility:hidden;background-color:#FFFFFF\">\n    <div class=\"visible-xs\" style=\"height:24px;\"><\/div>\n    <div class=\"visible-sm\" style=\"height:24px;\"><\/div>\n    <div class=\"visible-md\" style=\"height:24px;\"><\/div>\n    <div class=\"visible-lg\" style=\"height:24px;\"><\/div>\n<\/div><\/div>        <\/div>\n    <\/div>\n<\/section>\n<section class=\"section extras text-normal section-text-no-shadow section-inner-no-shadow section-normal section-opaque\"  >\n    \n    <div class=\"background-overlay grid-overlay-0 \" style=\"background-color: rgba(0,0,0,0);\"><\/div>\n\n    <div class=\"container-fullwidth container-vertical-top\">\n        <div class=\"row vertical-top\">\n            <div class=\"col-md-2-4     text-center small-screen-default\"  style=\"background:rgba(148, 68, 254, 0.9);\"><div class=\"box box-round box-medium  element-top-20 element-bottom-20\" data-os-animation=\"none\" data-os-animation-delay=\"0s\">\n    <div class=\"box-dummy\"><\/div>\n            <a class=\"box-inner  grid-overlay-0\" href=\"https:\/\/www.google.es\/maps\/place\/Facultad+de+Ciencias+y+de+Ciencias+Qu%C3%ADmicas+de+la+Universidad+de+Salamanca\/@40.9600723,-5.6712967,16.91z\/data=!3m1!5s0xd3f26409f4b124f:0x3bf66309d754506c!4m13!1m7!3m6!1s0xd3f264088094313:0x88c8b637136f7fa7!2sPlaza+Merced,+37008+Salamanca!3b1!8m2!3d40.9603284!4d-5.6693872!3m4!1s0xd3f26409c4d5287:0x2809ba7ed4a44c2e!8m2!3d40.9605597!4d-5.6703092\" target=\"_blank\" >\n        <div class=\"box-animate\" data-animation=\"bounce\">\n        <i class=\"fa fa-home\" style=\"color:#ffffff;\"><\/i>\n    <\/div>\n            <\/a>\n    <\/div><p class=\"lead text-default default  text-light element-top-20 element-bottom-20\" data-os-animation=\"none\" data-os-animation-delay=\"0s\">Edificio Triling\u00fce<br \/>\nUniversidad de Salamanca<br \/>\nPl. de la Merced s\/n 37008 Salamanca. Espa\u00f1a<br \/>\nTelefono: 923 294678<\/p><\/div><div class=\"col-md-2-4     text-center small-screen-default\"  style=\"background:rgba(148, 68, 254, 0.8);\"><div class=\"box box-round box-medium  element-top-20 element-bottom-20\" data-os-animation=\"none\" data-os-animation-delay=\"0s\">\n    <div class=\"box-dummy\"><\/div>\n            <a class=\"box-inner  grid-overlay-0\" href=\"http:\/\/alf@usal.es\" target=\"_blank\" >\n        <div class=\"box-animate\" data-animation=\"bounce\">\n        <i class=\"fa fa-envelope\" style=\"color:#ffffff;\"><\/i>\n    <\/div>\n            <\/a>\n    <\/div><p class=\"lead text-default default  text-light element-top-20 element-bottom-20\" data-os-animation=\"none\" data-os-animation-delay=\"0s\">Nuestro e-mail es: alf@usal.es<\/p><\/div><div class=\"col-md-2-4     text-center small-screen-default\"  style=\"background:rgba(148, 68, 254, 0.6);\"><div class=\"box box-round box-medium  element-top-20 element-bottom-20\" data-os-animation=\"none\" data-os-animation-delay=\"0s\">\n    <div class=\"box-dummy\"><\/div>\n            <a class=\"box-inner  grid-overlay-0\" href=\"https:\/\/twitter.com\/OpticaExtrema\" target=\"_blank\" >\n        <div class=\"box-animate\" data-animation=\"bounce\">\n        <i class=\"fa fa-twitter\" style=\"color:#ffffff;\"><\/i>\n    <\/div>\n            <\/a>\n    <\/div><p class=\"lead text-center center  text-light element-top-20 element-bottom-20\" data-os-animation=\"none\" data-os-animation-delay=\"0s\">Siguenos en Twitter: @OpticaExtrema<\/p><\/div><div class=\"col-md-2-4     text-center small-screen-default\"  style=\"background:rgba(148, 68, 254, 0.7);\"><div class=\"box box-round box-medium  element-top-20 element-bottom-20\" data-os-animation=\"none\" data-os-animation-delay=\"0s\">\n    <div class=\"box-dummy\"><\/div>\n            <a class=\"box-inner  grid-overlay-0\" href=\"https:\/\/www.facebook.com\/OpticaExtrema\/\" target=\"_blank\" >\n        <div class=\"box-animate\" data-animation=\"bounce\">\n        <i class=\"fa fa-facebook\" style=\"color:#ffffff;\"><\/i>\n    <\/div>\n            <\/a>\n    <\/div><p class=\"lead text-default default  text-light element-top-20 element-bottom-20\" data-os-animation=\"none\" data-os-animation-delay=\"0s\">Visita nuestro perfil en Facebook<\/p><\/div><div class=\"col-md-2-4     text-default small-screen-default\"  style=\"background:#9444fe;\"><div class=\"box box-round box-medium  element-top-20 element-bottom-20\" data-os-animation=\"none\" data-os-animation-delay=\"0s\">\n    <div class=\"box-dummy\"><\/div>\n            <a class=\"box-inner  grid-overlay-0\" href=\"https:\/\/www.youtube.com\/channel\/UCHbF2cICOhczlZAp6VIY3CA\" target=\"_blank\" >\n        <div class=\"box-animate\" data-animation=\"bounce\">\n        <i class=\"fa fa-youtube\" style=\"color:#ffffff;\"><\/i>\n    <\/div>\n            <\/a>\n    <\/div><p class=\"lead text-center center  text-light element-top-20 element-bottom-20\" data-os-animation=\"none\" data-os-animation-delay=\"0s\">Visita nuestro canal de Youtube<\/p><\/div>        <\/div>\n    <\/div>\n<\/section>\n<section class=\"section  text-normal section-text-no-shadow section-inner-no-shadow section-normal section-opaque\"  >\n    \n    <div class=\"background-overlay grid-overlay-0 \" style=\"background-color: rgba(0,0,0,0);\"><\/div>\n\n    <div class=\"container-fullwidth container-vertical-default\">\n        <div class=\"row vertical-default\">\n            <div class=\"col-md-12     text-default small-screen-default\"  >[vc_raw_html]JTNDaWZyYW1lJTIwc3JjJTNEJTIyaHR0cHMlM0ElMkYlMkZ3d3cuZ29vZ2xlLmNvbSUyRm1hcHMlMkZlbWJlZCUzRnBiJTNEJTIxMW0xOCUyMTFtMTIlMjExbTMlMjExZDMwMTIuOTQ1MTYwNzAzMjg0MyUyMTJkLTUuNjcxNTY4NTQ4NTU4ODg0JTIxM2Q0MC45NjA3ODAxNzkyMDQwNjUlMjEybTMlMjExZjAlMjEyZjAlMjEzZjAlMjEzbTIlMjExaTEwMjQlMjEyaTc2OCUyMTRmMTMuMSUyMTNtMyUyMTFtMiUyMTFzMHgwJTI1M0EweDAlMjEyek5ERENzRFUzSnpNNExqZ2lUaUExd3JBME1DY3dPUzQ0SWxjJTIxNWUwJTIxM20yJTIxMXNlcyUyMTJzZXMlMjE0djE2MzM0MjI0NTQzNDklMjE1bTIlMjExc2VzJTIxMnNlcyUyMiUyMHdpZHRoJTNEJTIyMTAwJTI1JTIyJTIwaGVpZ2h0JTNEJTIyNDAwJTIyJTIwc3R5bGUlM0QlMjJib3JkZXIlM0EwJTNCJTIyJTIwYWxsb3dmdWxsc2NyZWVuJTNEJTIyJTIyJTIwbG9hZGluZyUzRCUyMmxhenklMjIlM0UlM0MlMkZpZnJhbWUlM0U=[\/vc_raw_html]<\/div>        <\/div>\n    <\/div>\n<\/section>\n\n<div class=\"twitter-share\"><a href=\"https:\/\/twitter.com\/intent\/tweet?via=OpticaExtrema\" class=\"twitter-share-button\">Twittear<\/a><\/div>\n","protected":false},"excerpt":{"rendered":"Contacta con nosotros Si deseas saber m\u00e1s sobre nuestros estudios de m\u00e1ster y doctorado, por favor env\u00edanos un correo electr\u00f3nico a: alf@usal.es Nombre (requerido) Tu correo electr\u00f3nico (requerido) Asunto Mensaje Edificio Triling\u00fce Universidad de Salamanca Pl. de la Merced s\/n 37008 Salamanca. Espa\u00f1a Telefono: 923 294678 Nuestro e-mail es: alf@usal.es Siguenos en Twitter: @OpticaExtrema Visita","protected":false},"author":1,"featured_media":0,"parent":0,"menu_order":0,"comment_status":"open","ping_status":"closed","template":"","meta":{"footnotes":""},"class_list":["post-10190","page","type-page","status-publish","hentry"],"_links":{"self":[{"href":"https:\/\/laser.usal.es\/alf\/wp-json\/wp\/v2\/pages\/10190","targetHints":{"allow":["GET"]}}],"collection":[{"href":"https:\/\/laser.usal.es\/alf\/wp-json\/wp\/v2\/pages"}],"about":[{"href":"https:\/\/laser.usal.es\/alf\/wp-json\/wp\/v2\/types\/page"}],"author":[{"embeddable":true,"href":"https:\/\/laser.usal.es\/alf\/wp-json\/wp\/v2\/users\/1"}],"replies":[{"embeddable":true,"href":"https:\/\/laser.usal.es\/alf\/wp-json\/wp\/v2\/comments?post=10190"}],"version-history":[{"count":4,"href":"https:\/\/laser.usal.es\/alf\/wp-json\/wp\/v2\/pages\/10190\/revisions"}],"predecessor-version":[{"id":10195,"href":"https:\/\/laser.usal.es\/alf\/wp-json\/wp\/v2\/pages\/10190\/revisions\/10195"}],"wp:attachment":[{"href":"https:\/\/laser.usal.es\/alf\/wp-json\/wp\/v2\/media?parent=10190"}],"curies":[{"name":"wp","href":"https:\/\/api.w.org\/{rel}","templated":true}]}}