{"id":107,"date":"2017-03-03T17:08:23","date_gmt":"2017-03-03T17:08:23","guid":{"rendered":"http:\/\/laser.usal.es\/alf\/?page_id=107"},"modified":"2018-01-29T12:33:09","modified_gmt":"2018-01-29T11:33:09","slug":"lineas-de-investigacion","status":"publish","type":"page","link":"https:\/\/laser.usal.es\/alf\/es\/investigacion\/lineas-de-investigacion\/","title":{"rendered":"L\u00edneas de investigaci\u00f3n"},"content":{"rendered":"<section class=\"section  text-normal section-text-no-shadow section-inner-no-shadow section-normal section-opaque\"  >\n    \n    <div class=\"background-overlay grid-overlay-0 \" style=\"background-color: rgba(0,0,0,0);\"><\/div>\n\n    <div class=\"container container-vertical-default\">\n        <div class=\"row vertical-default\">\n            <div class=\"col-md-3     text-default small-screen-default\"  ><\/div><div class=\"col-md-6     text-default small-screen-default\"  ><div class=\"divider-border  divider-border-center element-top-20 element-bottom-20\" data-os-animation=\"none\" data-os-animation-delay=\"0s\" >\n    <div class=\"divider-border-inner\"  style=\"background:#9933ff; \"><\/div>\n<\/div><p class=\"lead text-center center  text-normal element-top-20 element-bottom-20\" data-os-animation=\"none\" data-os-animation-delay=\"0s\">Nuestro trabajo se centra en la investigaci\u00f3n de la f\u00edsica con l\u00e1seres de pulso ultracorto. Concretamente, nuestras l\u00edneas de investigaci\u00f3n son:<\/p><hr class=\" element-top-20 element-bottom-20\" data-os-animation=\"none\" data-os-animation-delay=\"0s\"><\/div><div class=\"col-md-3     text-default small-screen-default\"  ><\/div>        <\/div>\n    <\/div>\n<\/section>\n<section class=\"section  text-normal section-text-no-shadow section-inner-no-shadow section-normal section-opaque\"  >\n    \n    <div class=\"background-overlay grid-overlay-0 \" style=\"background-color: rgba(0,0,0,0);\"><\/div>\n\n    <div class=\"container container-vertical-default\">\n        <div class=\"row vertical-default\">\n            <div class=\"col-md-12     text-default small-screen-default\"  ><ul class=\"features-list  text-normal element-top-20 element-bottom-20\" data-os-animation=\"none\" data-os-animation-delay=\"0s\">\n    <li class=\" element-top-20 element-bottom-20\" style=\"padding-left:0px;\" data-os-animation=\"none\" data-os-animation-delay=\"0s\">\n        <h3>\n        Procesado ultrarr\u00e1pido de materiales por l\u00e1ser (tejidos org\u00e1nicos, cer\u00e1micas)    <\/h3>\n    <p>\n            <\/p>\n<\/li><li class=\" element-top-20 element-bottom-20\" style=\"padding-left:0px;\" data-os-animation=\"none\" data-os-animation-delay=\"0s\">\n        <h3>\n        Espectroscopia de ablaci\u00f3n (LIBS)    <\/h3>\n    <p>\n            <\/p>\n<\/li><li class=\" element-top-20 element-bottom-20\" style=\"padding-left:0px;\" data-os-animation=\"none\" data-os-animation-delay=\"0s\">\n        <h3>\n        Micromecanizado de estructuras microm\u00e9tricas 2D y 3D en pol\u00edmeros, metales y tejidos org\u00e1nicos    <\/h3>\n    <p>\n            <\/p>\n<\/li><li class=\" element-top-20 element-bottom-20\" style=\"padding-left:0px;\" data-os-animation=\"none\" data-os-animation-delay=\"0s\">\n        <h3>\n        Fabricaci\u00f3n de dispositivos para la fot\u00f3nica integrada, mediante inscripci\u00f3n por l\u00e1ser de femtosegundo en diel\u00e9ctricos    <\/h3>\n    <p>\n            <\/p>\n<\/li><li class=\" element-top-20 element-bottom-20\" style=\"padding-left:0px;\" data-os-animation=\"none\" data-os-animation-delay=\"0s\">\n        <h3>\n        Diagn\u00f3stico de pulsos ultracortos. Medidas espacio-temporales de amplitud y fase de los campos    <\/h3>\n    <p>\n            <\/p>\n<\/li><li class=\" element-top-20 element-bottom-20\" style=\"padding-left:0px;\" data-os-animation=\"none\" data-os-animation-delay=\"0s\">\n        <h3>\n        Propagaci\u00f3n no lineal de pulsos ultracortos: filamentaci\u00f3n y postcompresi\u00f3n    <\/h3>\n    <p>\n            <\/p>\n<\/li><li class=\" element-top-20 element-bottom-20\" style=\"padding-left:0px;\" data-os-animation=\"none\" data-os-animation-delay=\"0s\">\n        <h3>\n        Simulaci\u00f3n de procesos de la interacci\u00f3n de pulsos ultracortos con materiales. Generaci\u00f3n de arm\u00f3nicos de orden alto    <\/h3>\n    <p>\n            <\/p>\n<\/li><li class=\" element-top-20 element-bottom-20\" style=\"padding-left:0px;\" data-os-animation=\"none\" data-os-animation-delay=\"0s\">\n        <h3>\n        Soporte te\u00f3rico para experimentos de attof\u00edsica y generaci\u00f3n de pulsos de attosegundo    <\/h3>\n    <p>\n            <\/p>\n<\/li><\/ul><\/div>        <\/div>\n    <\/div>\n<\/section>\n\n<div class=\"twitter-share\"><a href=\"https:\/\/twitter.com\/intent\/tweet?via=OpticaExtrema\" class=\"twitter-share-button\">Twittear<\/a><\/div>\n","protected":false},"excerpt":{"rendered":"Nuestro trabajo se centra en la investigaci\u00f3n de la f\u00edsica con l\u00e1seres de pulso ultracorto. Concretamente, nuestras l\u00edneas de investigaci\u00f3n son: Procesado ultrarr\u00e1pido de materiales por l\u00e1ser (tejidos org\u00e1nicos, cer\u00e1micas) Espectroscopia de ablaci\u00f3n (LIBS) Micromecanizado de estructuras microm\u00e9tricas 2D y 3D en pol\u00edmeros, metales y tejidos org\u00e1nicos Fabricaci\u00f3n de dispositivos para la fot\u00f3nica integrada, mediante","protected":false},"author":1,"featured_media":0,"parent":2146,"menu_order":0,"comment_status":"closed","ping_status":"closed","template":"","meta":{"footnotes":""},"class_list":["post-107","page","type-page","status-publish","hentry"],"_links":{"self":[{"href":"https:\/\/laser.usal.es\/alf\/wp-json\/wp\/v2\/pages\/107","targetHints":{"allow":["GET"]}}],"collection":[{"href":"https:\/\/laser.usal.es\/alf\/wp-json\/wp\/v2\/pages"}],"about":[{"href":"https:\/\/laser.usal.es\/alf\/wp-json\/wp\/v2\/types\/page"}],"author":[{"embeddable":true,"href":"https:\/\/laser.usal.es\/alf\/wp-json\/wp\/v2\/users\/1"}],"replies":[{"embeddable":true,"href":"https:\/\/laser.usal.es\/alf\/wp-json\/wp\/v2\/comments?post=107"}],"version-history":[{"count":7,"href":"https:\/\/laser.usal.es\/alf\/wp-json\/wp\/v2\/pages\/107\/revisions"}],"predecessor-version":[{"id":3239,"href":"https:\/\/laser.usal.es\/alf\/wp-json\/wp\/v2\/pages\/107\/revisions\/3239"}],"up":[{"embeddable":true,"href":"https:\/\/laser.usal.es\/alf\/wp-json\/wp\/v2\/pages\/2146"}],"wp:attachment":[{"href":"https:\/\/laser.usal.es\/alf\/wp-json\/wp\/v2\/media?parent=107"}],"curies":[{"name":"wp","href":"https:\/\/api.w.org\/{rel}","templated":true}]}}