{"id":2269,"date":"2017-03-07T12:35:44","date_gmt":"2017-03-07T12:35:44","guid":{"rendered":"http:\/\/laser.usal.es\/alf\/?page_id=2269"},"modified":"2024-05-20T13:00:55","modified_gmt":"2024-05-20T12:00:55","slug":"collaborations","status":"publish","type":"page","link":"https:\/\/laser.usal.es\/alf\/en\/research\/collaborations\/","title":{"rendered":"Collaborations"},"content":{"rendered":"\t\t<div data-elementor-type=\"wp-page\" data-elementor-id=\"2269\" class=\"elementor elementor-2269\">\n\t\t\t\t\t\t<section class=\"elementor-section elementor-top-section elementor-element elementor-element-204f899a elementor-section-boxed elementor-section-height-default elementor-section-height-default\" data-id=\"204f899a\" data-element_type=\"section\" data-e-type=\"section\">\n\t\t\t\t\t\t<div class=\"elementor-container elementor-column-gap-default\">\n\t\t\t\t\t<div class=\"elementor-column elementor-col-100 elementor-top-column elementor-element elementor-element-3072943e\" data-id=\"3072943e\" data-element_type=\"column\" data-e-type=\"column\">\n\t\t\t<div class=\"elementor-widget-wrap elementor-element-populated\">\n\t\t\t\t\t\t<div class=\"elementor-element elementor-element-16d48d31 elementor-widget elementor-widget-text-editor\" data-id=\"16d48d31\" data-element_type=\"widget\" data-e-type=\"widget\" data-widget_type=\"text-editor.default\">\n\t\t\t\t<div class=\"elementor-widget-container\">\n\t\t\t\t\t\t\t\t\t<section class=\"section  text-normal section-text-no-shadow section-inner-no-shadow section-normal section-opaque\"  >\n    \n    <div class=\"background-overlay grid-overlay-0 \" style=\"background-color: rgba(0,0,0,0);\"><\/div>\n\n    <div class=\"container container-vertical-default\">\n        <div class=\"row vertical-default\">\n                    <\/div>\n    <\/div>\n<\/section>\n<div class=\"col-md-2     text-default small-screen-default\"  ><\/div><div class=\"col-md-8     text-default small-screen-default\"  ><\/div><div class=\"divider-border  divider-border-center element-top-20 element-bottom-20\" data-os-animation=\"none\" data-os-animation-delay=\"0s\" >\n    <div class=\"divider-border-inner\" ><\/div>\n<\/div><p class=\"lead text-center center  text-normal element-top-20 element-bottom-20\" data-os-animation=\"none\" data-os-animation-delay=\"0s\">Collaborations with other groups (only with those with joined publications or patents), and with companies, research institutions and groups that have been provided with services under a research contract.<\/p><\/p>\t\t\t\t\t\t\t\t<\/div>\n\t\t\t\t<\/div>\n\t\t\t\t\t<\/div>\n\t\t<\/div>\n\t\t\t\t\t<\/div>\n\t\t<\/section>\n\t\t\t\t<section class=\"elementor-section elementor-top-section elementor-element elementor-element-3efb16d elementor-section-boxed elementor-section-height-default elementor-section-height-default\" data-id=\"3efb16d\" data-element_type=\"section\" data-e-type=\"section\">\n\t\t\t\t\t\t<div class=\"elementor-container elementor-column-gap-default\">\n\t\t\t\t\t<div class=\"elementor-column elementor-col-100 elementor-top-column elementor-element elementor-element-bb4074a\" data-id=\"bb4074a\" data-element_type=\"column\" data-e-type=\"column\">\n\t\t\t<div class=\"elementor-widget-wrap elementor-element-populated\">\n\t\t\t\t\t\t<div class=\"elementor-element elementor-element-eaa18b3 elementor-widget elementor-widget-heading\" data-id=\"eaa18b3\" data-element_type=\"widget\" data-e-type=\"widget\" data-widget_type=\"heading.default\">\n\t\t\t\t<div class=\"elementor-widget-container\">\n\t\t\t\t\t<h3 class=\"elementor-heading-title elementor-size-default\"><font color=\"#000000\"><span style=\"text-transform: none\">SCIENTIFIC COLLABORATIONS<\/span><\/font><\/h3>\t\t\t\t<\/div>\n\t\t\t\t<\/div>\n\t\t\t\t<div class=\"elementor-element elementor-element-d1938ef elementor-widget elementor-widget-eael-adv-accordion\" data-id=\"d1938ef\" data-element_type=\"widget\" data-e-type=\"widget\" data-widget_type=\"eael-adv-accordion.default\">\n\t\t\t\t<div class=\"elementor-widget-container\">\n\t\t\t\t\t            <div class=\"eael-adv-accordion\" id=\"eael-adv-accordion-d1938ef\" data-scroll-on-click=\"no\" data-scroll-speed=\"300\" data-accordion-id=\"d1938ef\" data-accordion-type=\"toggle\" data-toogle-speed=\"300\">\n            <div class=\"eael-accordion-list\">\n\t\t\t\t\t<div id=\"international\" class=\"elementor-tab-title eael-accordion-header\" tabindex=\"0\" data-tab=\"1\" aria-controls=\"elementor-tab-content-2191\"><i aria-hidden=\"true\" class=\"fa-toggle fas fa-angle-right\"><\/i><span class=\"eael-accordion-tab-title\">International<\/span><span class=\"eael-advanced-accordion-icon-closed\"><i aria-hidden=\"true\" class=\"fa-accordion-icon fas fa-plus\"><\/i><\/span><span class=\"eael-advanced-accordion-icon-opened\"><i aria-hidden=\"true\" class=\"fa-accordion-icon fas fa-minus\"><\/i><\/span><\/div><div id=\"elementor-tab-content-2191\" class=\"eael-accordion-content clearfix\" data-tab=\"1\" aria-labelledby=\"international\"><ul><li>School of Physics and Microelectronics, Shandong University, China<\/li><li>\u00a0State Key Laboratory for Crystal Materials, Shandong, China<\/li><li>\u00a0Institute de Planetologie et d\u2019Astrophysique de Grenoble, Grenoble, Francia<\/li><li>\u00a0Departamento de \u00d3ptica, Centro de Investigaci\u00f3n Cient\u00edfica y de Educaci\u00f3n Superior de Ensenada (CICESE), M\u00e9xico<\/li><li>Centro de Investigaciones \u00d3pticas (CIOp), La Plata, Argentina.<\/li><li>JILA (University of Colorado, Boulder, USA)<\/li><li>Colorado School of Mines, USA<\/li><li>Argonne National Laboratory, USA<\/li><li>Tsing Hua University, Taiwan<\/li><li>Universit\u00e4t Hannover, Alemania<\/li><li>Universidade do Porto, Portugal<\/li><li>Sphere Ultrafast Photonics (Porto, Portugal)<\/li><li>Technion University (Haifa, Israel)<\/li><li>Cornell University (Ithaca, USA)<\/li><li>University of California (San Diego, USA)<\/li><li>Lund University (Suecia)<\/li><li>Australian National University (Australia)<\/li><li>Ludwig-Maximilians-University of Munich (Alemania)<\/li><li>Vestfold University College, Noruega<\/li><\/ul><\/div>\n\t\t\t\t\t<\/div><div class=\"eael-accordion-list\">\n\t\t\t\t\t<div id=\"national\" class=\"elementor-tab-title eael-accordion-header\" tabindex=\"0\" data-tab=\"2\" aria-controls=\"elementor-tab-content-2192\"><i aria-hidden=\"true\" class=\"fa-toggle fas fa-angle-right\"><\/i><span class=\"eael-accordion-tab-title\">National<\/span><span class=\"eael-advanced-accordion-icon-closed\"><i aria-hidden=\"true\" class=\"fa-accordion-icon fas fa-plus\"><\/i><\/span><span class=\"eael-advanced-accordion-icon-opened\"><i aria-hidden=\"true\" class=\"fa-accordion-icon fas fa-minus\"><\/i><\/span><\/div><div id=\"elementor-tab-content-2192\" class=\"eael-accordion-content clearfix\" data-tab=\"2\" aria-labelledby=\"national\"><ul><li>Grup de Recerca d\u2019Optica (GROC), Universitat Jaume I, Castell\u00f3<\/li><li>Fluorescence Imaging Group, Universidad Aut\u00f3noma de Madrid, Madrid<\/li><li>Lasers, nanostructures and materials processing (LANAMAP), Instituto de Qu\u00edmica F\u00edsica Rocasolano (CSIC), Madrid<\/li><li>F\u00edsica i Cristal\u00b7lografia de materials i nanomaterials (FiCMA-FiCNA), Universitat Rovira i Virgili, Tarragona<\/li><li>Centro de Investigacion en Optica y Nanofisica (CiOyN), U Murcia<\/li><li>Institut de Ci\u00e8ncies Fot\u00f2niques (ICFO)<\/li><li>Universitat Aut\u00f2noma de Barcelona<\/li><li>Universitat Polit\u00e8cnica de Catalunya<\/li><li>Universidade de Santiago de Compostela<\/li><li>Universidad de Zaragoza<\/li><li>Universidad de Vigo<\/li><li>Universidad de Valladolid<\/li><li>Universitat Polit\u00e8cnica de Catalunya<\/li><li>Universidad de Valencia<\/li><li>Cl\u00ednica Odontol\u00f3gica de la Universidad de Salamanca<\/li><li>Dpto. Qu\u00edmica F\u00edsica, U Pa\u00eds Vasco<\/li><li>Dpto. Ingenier\u00eda Electr\u00f3nica, U Sevilla<\/li><li>Dpto. Ciencia de Materiales, U Polit\u00e9cnica de Madrid<\/li><li>Facultad de Medicina y Odontolog\u00eda, U Murcia<\/li><li>Dpto. Ingenier\u00eda de los Recursos Naturales y Medioambiente, U Vigo<\/li><li>Centro de Investigaciones Tecnol\u00f3gicas, U A Coru\u00f1a<\/li><li>Instituto de Recursos Naturales y Agrobiolog\u00eda (IRNASA-CSIC)<\/li><li>Centro de Conservaci\u00f3n y Restauraci\u00f3n de Bienes Culturales de Castilla y Le\u00f3n<\/li><\/ul><\/div>\n\t\t\t\t\t<\/div><\/div>\t\t\t\t<\/div>\n\t\t\t\t<\/div>\n\t\t\t\t\t<\/div>\n\t\t<\/div>\n\t\t\t\t\t<\/div>\n\t\t<\/section>\n\t\t\t\t<section class=\"elementor-section elementor-top-section elementor-element elementor-element-5f2f592 elementor-section-boxed elementor-section-height-default elementor-section-height-default\" data-id=\"5f2f592\" data-element_type=\"section\" data-e-type=\"section\">\n\t\t\t\t\t\t<div class=\"elementor-container elementor-column-gap-default\">\n\t\t\t\t\t<div class=\"elementor-column elementor-col-100 elementor-top-column elementor-element elementor-element-c224606\" data-id=\"c224606\" data-element_type=\"column\" data-e-type=\"column\">\n\t\t\t<div class=\"elementor-widget-wrap elementor-element-populated\">\n\t\t\t\t\t\t<div class=\"elementor-element elementor-element-4ff9b39 elementor-widget elementor-widget-heading\" data-id=\"4ff9b39\" data-element_type=\"widget\" data-e-type=\"widget\" data-widget_type=\"heading.default\">\n\t\t\t\t<div class=\"elementor-widget-container\">\n\t\t\t\t\t<h3 class=\"elementor-heading-title elementor-size-default\"><font color=\"#000000\"><span style=\"text-transform: none\">COLLABORATIONS WITH COMPANIES AND OTHER RESEARCH INSTITUTIONS<\/span><\/font><\/h3>\t\t\t\t<\/div>\n\t\t\t\t<\/div>\n\t\t\t\t<div class=\"elementor-element elementor-element-ce5d276 elementor-widget elementor-widget-eael-adv-accordion\" data-id=\"ce5d276\" data-element_type=\"widget\" data-e-type=\"widget\" data-widget_type=\"eael-adv-accordion.default\">\n\t\t\t\t<div class=\"elementor-widget-container\">\n\t\t\t\t\t            <div class=\"eael-adv-accordion\" id=\"eael-adv-accordion-ce5d276\" data-scroll-on-click=\"no\" data-scroll-speed=\"300\" data-accordion-id=\"ce5d276\" data-accordion-type=\"toggle\" data-toogle-speed=\"300\">\n            <div class=\"eael-accordion-list\">\n\t\t\t\t\t<div id=\"international\" class=\"elementor-tab-title eael-accordion-header\" tabindex=\"0\" data-tab=\"1\" aria-controls=\"elementor-tab-content-2161\"><i aria-hidden=\"true\" class=\"fa-toggle fas fa-angle-right\"><\/i><span class=\"eael-accordion-tab-title\">International<\/span><span class=\"eael-advanced-accordion-icon-closed\"><i aria-hidden=\"true\" class=\"fa-accordion-icon fas fa-plus\"><\/i><\/span><span class=\"eael-advanced-accordion-icon-opened\"><i aria-hidden=\"true\" class=\"fa-accordion-icon fas fa-minus\"><\/i><\/span><\/div><div id=\"elementor-tab-content-2161\" class=\"eael-accordion-content clearfix\" data-tab=\"1\" aria-labelledby=\"international\"><ul><li>Institut de Planetologie et d&#8217;Astrophysique de Grenoble, Francia<\/li><li>Institut de Recherche sur les Composants Logiciels et Mat\u00e9riels pour l\u2019Information et la Communication, Francia<\/li><li>Insavalor Mateis-Villeurbanne, Francia<\/li><li>Montanuniversit\u00e4t Leoben, Austria<\/li><li>MicoS Engineering GmbH, Suiza<\/li><li>DOCERAM GmbH, Alemania<\/li><li>Sphere Ultrafast Photonics SA, Portugal<\/li><li>KU Leuven, B\u00e9lgica<\/li><li>University of Colorado at Boulder, Estados Unidos<\/li><li>\u00a0<\/li><\/ul><\/div>\n\t\t\t\t\t<\/div><div class=\"eael-accordion-list\">\n\t\t\t\t\t<div id=\"national\" class=\"elementor-tab-title eael-accordion-header\" tabindex=\"0\" data-tab=\"2\" aria-controls=\"elementor-tab-content-2162\"><i aria-hidden=\"true\" class=\"fa-toggle fas fa-angle-right\"><\/i><span class=\"eael-accordion-tab-title\">National<\/span><span class=\"eael-advanced-accordion-icon-closed\"><i aria-hidden=\"true\" class=\"fa-accordion-icon fas fa-plus\"><\/i><\/span><span class=\"eael-advanced-accordion-icon-opened\"><i aria-hidden=\"true\" class=\"fa-accordion-icon fas fa-minus\"><\/i><\/span><\/div><div id=\"elementor-tab-content-2162\" class=\"eael-accordion-content clearfix\" data-tab=\"2\" aria-labelledby=\"national\"><ul><li>Dpto. Ingenier\u00eda Mec\u00e1nica y Construcci\u00f3n, U. Jaume I, Castell\u00f3<\/li><li>Dpto. Ciencia e Ingenier\u00eda de Materiales, U. Rey Juan Carlos<\/li><li>Departamento de Tecnolog\u00eda Mec\u00e1nica (ESCyT-Universidad Rey Juan Carlos I)<\/li><li>Dpto. Ciencia de Materiales, U. Polit\u00e8cnica de Catalunya<\/li><li>Dpto. Ciencia de Materiales, U. Polit\u00e9cnica de Madrid<\/li><li>Dpto. Ciencia de los Materiales e Ingenier\u00eda Metal\u00fargica, U. Oviedo<\/li><li>Departamento de Dermatolog\u00eda, Estomatolog\u00eda, Radiolog\u00eda y Medicina F\u00edsica, Universidad de Murcia<\/li><li>Facultad de Medicina y Odontolog\u00eda, U. Murcia<\/li><li>Grupo de Integridad Estructural, U. Burgos<\/li><li>Grup d&#8217;Aplicacions Biom\u00e8diques (GAB)<\/li><li>Grupo de Transductores Qu\u00edmicos (GTQ)<\/li><li>Centro de Ciencias Medioambientales-CSIC<\/li><li>Centre Catal\u00e0 del Pl\u00e0stic<\/li><li>Centro de L\u00e1seres Pulsados (CLPU)<\/li><li>Centre Nacional de Microelectr\u00f2nica (CNM-CSIC)<\/li><li>Instituto Nacional de T\u00e9cnica Aerospacial (INTA)<\/li><li>A&amp;R WIRECUT S.L.<\/li><li>Ingeniatrics Tecnolog\u00edas<\/li><li>Universitat Polit\u00e9cnica de Valencia<\/li><li>Indra Sistemas S.A.<\/li><\/ul><\/div>\n\t\t\t\t\t<\/div><\/div>\t\t\t\t<\/div>\n\t\t\t\t<\/div>\n\t\t\t\t\t<\/div>\n\t\t<\/div>\n\t\t\t\t\t<\/div>\n\t\t<\/section>\n\t\t\t\t<\/div>\n\t\t\n<div class=\"twitter-share\"><a href=\"https:\/\/twitter.com\/intent\/tweet?via=OpticaExtrema\" class=\"twitter-share-button\">Twittear<\/a><\/div>\n","protected":false},"excerpt":{"rendered":"<p>SCIENTIFIC COLLABORATIONS International School of Physics and Microelectronics, Shandong University, China \u00a0State Key Laboratory for Crystal Materials, Shandong, China \u00a0Institute de Planetologie et d\u2019Astrophysique de Grenoble, Grenoble, Francia \u00a0Departamento de \u00d3ptica, Centro de Investigaci\u00f3n Cient\u00edfica y de Educaci\u00f3n Superior de Ensenada (CICESE), M\u00e9xico Centro de Investigaciones \u00d3pticas (CIOp), La Plata, Argentina. JILA (University of Colorado,<\/p>\n","protected":false},"author":1,"featured_media":0,"parent":2149,"menu_order":4,"comment_status":"closed","ping_status":"closed","template":"","meta":{"footnotes":""},"class_list":["post-2269","page","type-page","status-publish","hentry"],"_links":{"self":[{"href":"https:\/\/laser.usal.es\/alf\/wp-json\/wp\/v2\/pages\/2269","targetHints":{"allow":["GET"]}}],"collection":[{"href":"https:\/\/laser.usal.es\/alf\/wp-json\/wp\/v2\/pages"}],"about":[{"href":"https:\/\/laser.usal.es\/alf\/wp-json\/wp\/v2\/types\/page"}],"author":[{"embeddable":true,"href":"https:\/\/laser.usal.es\/alf\/wp-json\/wp\/v2\/users\/1"}],"replies":[{"embeddable":true,"href":"https:\/\/laser.usal.es\/alf\/wp-json\/wp\/v2\/comments?post=2269"}],"version-history":[{"count":19,"href":"https:\/\/laser.usal.es\/alf\/wp-json\/wp\/v2\/pages\/2269\/revisions"}],"predecessor-version":[{"id":10682,"href":"https:\/\/laser.usal.es\/alf\/wp-json\/wp\/v2\/pages\/2269\/revisions\/10682"}],"up":[{"embeddable":true,"href":"https:\/\/laser.usal.es\/alf\/wp-json\/wp\/v2\/pages\/2149"}],"wp:attachment":[{"href":"https:\/\/laser.usal.es\/alf\/wp-json\/wp\/v2\/media?parent=2269"}],"curies":[{"name":"wp","href":"https:\/\/api.w.org\/{rel}","templated":true}]}}