{"id":2453,"date":"2015-07-23T10:38:04","date_gmt":"2015-07-23T09:38:04","guid":{"rendered":"http:\/\/laser.usal.es\/alf\/home\/"},"modified":"2024-03-19T13:41:58","modified_gmt":"2024-03-19T12:41:58","slug":"home","status":"publish","type":"page","link":"https:\/\/laser.usal.es\/alf\/en\/home\/","title":{"rendered":"Home"},"content":{"rendered":"\t\t<div data-elementor-type=\"wp-page\" data-elementor-id=\"2453\" class=\"elementor elementor-2453\">\n\t\t\t\t\t\t<section class=\"elementor-section elementor-top-section elementor-element elementor-element-312a591 elementor-section-full_width elementor-section-height-min-height elementor-section-height-default elementor-section-items-middle\" data-id=\"312a591\" data-element_type=\"section\" data-e-type=\"section\" data-settings=\"{&quot;background_background&quot;:&quot;classic&quot;}\">\n\t\t\t\t\t\t<div class=\"elementor-container elementor-column-gap-default\">\n\t\t\t\t\t<div class=\"elementor-column elementor-col-100 elementor-top-column elementor-element elementor-element-357eee1\" data-id=\"357eee1\" data-element_type=\"column\" data-e-type=\"column\">\n\t\t\t<div class=\"elementor-widget-wrap elementor-element-populated\">\n\t\t\t\t\t\t<div class=\"elementor-element elementor-element-79f348f elementor-widget elementor-widget-text-editor\" data-id=\"79f348f\" data-element_type=\"widget\" data-e-type=\"widget\" data-widget_type=\"text-editor.default\">\n\t\t\t\t<div class=\"elementor-widget-container\">\n\t\t\t\t\t\t\t\t\t<h1 style=\"text-align: center;\"><span style=\"color: #ffffff;\">ALF USAL<\/span><\/h1><h1 style=\"text-align: center;\"><span style=\"color: #ffffff;\">Laser Aplications and Photonics<\/span><\/h1>\t\t\t\t\t\t\t\t<\/div>\n\t\t\t\t<\/div>\n\t\t\t\t\t<\/div>\n\t\t<\/div>\n\t\t\t\t\t<\/div>\n\t\t<\/section>\n\t\t\t\t<section class=\"elementor-section elementor-top-section elementor-element elementor-element-cdd428c elementor-section-boxed elementor-section-height-default elementor-section-height-default\" data-id=\"cdd428c\" data-element_type=\"section\" data-e-type=\"section\">\n\t\t\t\t\t\t<div class=\"elementor-container elementor-column-gap-default\">\n\t\t\t\t\t<div class=\"elementor-column elementor-col-100 elementor-top-column elementor-element elementor-element-978a621\" data-id=\"978a621\" data-element_type=\"column\" data-e-type=\"column\">\n\t\t\t<div class=\"elementor-widget-wrap elementor-element-populated\">\n\t\t\t\t\t\t<div class=\"elementor-element elementor-element-35fe92a elementor-widget elementor-widget-text-editor\" data-id=\"35fe92a\" data-element_type=\"widget\" data-e-type=\"widget\" data-widget_type=\"text-editor.default\">\n\t\t\t\t<div class=\"elementor-widget-container\">\n\t\t\t\t\t\t\t\t\t<h1 class=\"text-center element-top-20 element-bottom-20 text-normal os-animation normal default animated fadeInRight\" style=\"animation-fill-mode: both; animation-delay: 0.15s;\" data-os-animation=\"fadeInRight\" data-os-animation-delay=\"0.15s\">ABOUT US<\/h1>\t\t\t\t\t\t\t\t<\/div>\n\t\t\t\t<\/div>\n\t\t\t\t\t<\/div>\n\t\t<\/div>\n\t\t\t\t\t<\/div>\n\t\t<\/section>\n\t\t\t\t<section class=\"elementor-section elementor-top-section elementor-element elementor-element-aace442 elementor-section-boxed elementor-section-height-default elementor-section-height-default\" data-id=\"aace442\" data-element_type=\"section\" data-e-type=\"section\">\n\t\t\t\t\t\t<div class=\"elementor-container elementor-column-gap-default\">\n\t\t\t\t\t<div class=\"elementor-column elementor-col-100 elementor-top-column elementor-element elementor-element-aecb9ec\" data-id=\"aecb9ec\" data-element_type=\"column\" data-e-type=\"column\">\n\t\t\t<div class=\"elementor-widget-wrap elementor-element-populated\">\n\t\t\t\t\t\t<div class=\"elementor-element elementor-element-70cabbc elementor-widget-divider--view-line elementor-widget elementor-widget-divider\" data-id=\"70cabbc\" data-element_type=\"widget\" data-e-type=\"widget\" data-widget_type=\"divider.default\">\n\t\t\t\t<div class=\"elementor-widget-container\">\n\t\t\t\t\t\t\t<div class=\"elementor-divider\">\n\t\t\t<span class=\"elementor-divider-separator\">\n\t\t\t\t\t\t<\/span>\n\t\t<\/div>\n\t\t\t\t\t\t<\/div>\n\t\t\t\t<\/div>\n\t\t\t\t\t<\/div>\n\t\t<\/div>\n\t\t\t\t\t<\/div>\n\t\t<\/section>\n\t\t\t\t<section class=\"elementor-section elementor-top-section elementor-element elementor-element-32e869b elementor-section-boxed elementor-section-height-default elementor-section-height-default\" data-id=\"32e869b\" data-element_type=\"section\" data-e-type=\"section\">\n\t\t\t\t\t\t<div class=\"elementor-container elementor-column-gap-default\">\n\t\t\t\t\t<div class=\"elementor-column elementor-col-50 elementor-top-column elementor-element elementor-element-faef799\" data-id=\"faef799\" data-element_type=\"column\" data-e-type=\"column\">\n\t\t\t<div class=\"elementor-widget-wrap elementor-element-populated\">\n\t\t\t\t\t\t<div class=\"elementor-element elementor-element-e987776 elementor-invisible elementor-widget elementor-widget-image\" data-id=\"e987776\" data-element_type=\"widget\" data-e-type=\"widget\" data-settings=\"{&quot;_animation&quot;:&quot;fadeInLeft&quot;}\" data-widget_type=\"image.default\">\n\t\t\t\t<div class=\"elementor-widget-container\">\n\t\t\t\t\t\t\t\t\t\t\t\t\t\t\t<img fetchpriority=\"high\" decoding=\"async\" width=\"642\" height=\"1024\" src=\"https:\/\/laser.usal.es\/alf\/wp-content\/uploads\/2017\/03\/IMG_10272-642x1024.jpg\" class=\"attachment-large size-large wp-image-2326\" alt=\"\" srcset=\"https:\/\/laser.usal.es\/alf\/wp-content\/uploads\/2017\/03\/IMG_10272-642x1024.jpg 642w, https:\/\/laser.usal.es\/alf\/wp-content\/uploads\/2017\/03\/IMG_10272-188x300.jpg 188w, https:\/\/laser.usal.es\/alf\/wp-content\/uploads\/2017\/03\/IMG_10272-768x1226.jpg 768w, https:\/\/laser.usal.es\/alf\/wp-content\/uploads\/2017\/03\/IMG_10272.jpg 1283w\" sizes=\"(max-width: 642px) 100vw, 642px\" \/>\t\t\t\t\t\t\t\t\t\t\t\t\t\t\t<\/div>\n\t\t\t\t<\/div>\n\t\t\t\t\t<\/div>\n\t\t<\/div>\n\t\t\t\t<div class=\"elementor-column elementor-col-50 elementor-top-column elementor-element elementor-element-8010e5c\" data-id=\"8010e5c\" data-element_type=\"column\" data-e-type=\"column\">\n\t\t\t<div class=\"elementor-widget-wrap elementor-element-populated\">\n\t\t\t\t\t\t<div class=\"elementor-element elementor-element-4b69a90 elementor-widget elementor-widget-text-editor\" data-id=\"4b69a90\" data-element_type=\"widget\" data-e-type=\"widget\" data-widget_type=\"text-editor.default\">\n\t\t\t\t<div class=\"elementor-widget-container\">\n\t\t\t\t\t\t\t\t\t<blockquote class=\" text-center text-normal element-top-20 element-bottom-20\" data-os-animation=\"none\" data-os-animation-delay=\"0s\"><p style=\"text-align: justify;\">There is a crack in everything, that\u2019s how the light gets in<\/p><footer>Leonard Cohen <cite title=\"Anthem\">Anthem<\/cite><\/footer><\/blockquote><p>The research group in Laser Applications and Photonics (ALF) is a recognised research group (GIR) of the University of Salamanca, and Consolidated research unit (UIC016). It was created in 2015 as a tool for promoting and managing our research lines, however the members of the group are carrying out research in high-intensity lasers from 1992.<\/p><p>The aim of our research is the study of matter interaction with intense ultrashort laser pulses. In the group are involved researchers from different fields (Applied physics and mechanical engineering), that introduces a interdisciplinary character in our work. We develop our work both in the theoretical and experimental fields.<\/p><p>In addition to our activity, we have a compromise to disclosure the outcome our work to the public. We are aware of the key role that the society and public institutions have to the development of science, and therefore we understand that our duty is to give back that help to communicate science. We believe that our effort is not only to push our country to the avant-garde research, but also that the rest of the society has quality access to our activities, in a ludic and understandable way. For that reason, you will find that this webpage is dedicated to non-specialised readers. The experienced visitor can also find specific information about our group (research lines, publications, projects, &#8230;)<\/p><p>We encourage you to explore this webpage, follow us in one of our social networks, and contact with us if you have any suggestions and comments.<\/p><p>Little by little we will build and completing the webpage with info and outreach activities for everyone!<\/p>\t\t\t\t\t\t\t\t<\/div>\n\t\t\t\t<\/div>\n\t\t\t\t\t<\/div>\n\t\t<\/div>\n\t\t\t\t\t<\/div>\n\t\t<\/section>\n\t\t\t\t<section class=\"elementor-section elementor-top-section elementor-element elementor-element-59dc2db elementor-section-boxed elementor-section-height-default elementor-section-height-default\" data-id=\"59dc2db\" data-element_type=\"section\" data-e-type=\"section\">\n\t\t\t\t\t\t<div class=\"elementor-container elementor-column-gap-default\">\n\t\t\t\t\t<div class=\"elementor-column elementor-col-100 elementor-top-column elementor-element elementor-element-6f744b5\" data-id=\"6f744b5\" data-element_type=\"column\" data-e-type=\"column\">\n\t\t\t<div class=\"elementor-widget-wrap elementor-element-populated\">\n\t\t\t\t\t\t<div class=\"elementor-element elementor-element-f9b8a7b elementor-widget elementor-widget-text-editor\" data-id=\"f9b8a7b\" data-element_type=\"widget\" data-e-type=\"widget\" data-widget_type=\"text-editor.default\">\n\t\t\t\t<div class=\"elementor-widget-container\">\n\t\t\t\t\t\t\t\t\t<h1>Last NEWS and Publications<\/h1>\t\t\t\t\t\t\t\t<\/div>\n\t\t\t\t<\/div>\n\t\t\t\t\t<\/div>\n\t\t<\/div>\n\t\t\t\t\t<\/div>\n\t\t<\/section>\n\t\t\t\t<section class=\"elementor-section elementor-top-section elementor-element elementor-element-17b3863 elementor-section-boxed elementor-section-height-default elementor-section-height-default\" data-id=\"17b3863\" data-element_type=\"section\" data-e-type=\"section\">\n\t\t\t\t\t\t<div class=\"elementor-container elementor-column-gap-default\">\n\t\t\t\t\t<div class=\"elementor-column elementor-col-100 elementor-top-column elementor-element elementor-element-bd70a10\" data-id=\"bd70a10\" data-element_type=\"column\" data-e-type=\"column\">\n\t\t\t<div class=\"elementor-widget-wrap elementor-element-populated\">\n\t\t\t\t\t\t<div class=\"elementor-element elementor-element-27d16c9 elementor-widget-divider--view-line elementor-widget elementor-widget-divider\" data-id=\"27d16c9\" data-element_type=\"widget\" data-e-type=\"widget\" data-widget_type=\"divider.default\">\n\t\t\t\t<div class=\"elementor-widget-container\">\n\t\t\t\t\t\t\t<div class=\"elementor-divider\">\n\t\t\t<span class=\"elementor-divider-separator\">\n\t\t\t\t\t\t<\/span>\n\t\t<\/div>\n\t\t\t\t\t\t<\/div>\n\t\t\t\t<\/div>\n\t\t\t\t<div class=\"elementor-element elementor-element-2ee3a0d elementor-widget elementor-widget-shortcode\" data-id=\"2ee3a0d\" data-element_type=\"widget\" data-e-type=\"widget\" data-widget_type=\"shortcode.default\">\n\t\t\t\t<div class=\"elementor-widget-container\">\n\t\t\t\t\t\t\t<div class=\"elementor-shortcode\"><div class=\"pt-cv-wrapper\"><div class=\"pt-cv-view pt-cv-blockgrid iscvblock iscvhybrid grid1 layout1\" id=\"pt-cv-view-aa72c8f4xy\"><div data-id=\"pt-cv-page-1\" class=\"pt-cv-page\" data-cvc=\"3\"><div class=\" pt-cv-content-item pt-cv-1-col\" ><div class=\"pt-cv-thumb-wrapper  \"><a href=\"https:\/\/laser.usal.es\/alf\/en\/2025\/02\/14\/op-session-colliding-pulses-a-route-to-generating-ultrashort-pulses-in-the-ultraviolet\/\" class=\"_self pt-cv-href-thumbnail pt-cv-thumb-default\" target=\"_self\" ><img decoding=\"async\" width=\"768\" height=\"432\" data-src=\"https:\/\/laser.usal.es\/alf\/wp-content\/uploads\/2025\/02\/OpSesionMarina-768x432.jpeg\" class=\"pt-cv-thumbnail lazyload\" alt=\"\" src=\"data:image\/svg+xml;base64,PHN2ZyB3aWR0aD0iMSIgaGVpZ2h0PSIxIiB4bWxucz0iaHR0cDovL3d3dy53My5vcmcvMjAwMC9zdmciPjwvc3ZnPg==\" style=\"--smush-placeholder-width: 768px; --smush-placeholder-aspect-ratio: 768\/432;\" \/><\/a><\/div>\n<div class=\"pt-cv-taxoterm above_title\"><a href='https:\/\/laser.usal.es\/alf\/en\/category\/post_eng\/wop-sesionalas\/' title='OP Session' class='pt-cv-tax-wop-sesionalas'>OP Session<\/a><\/div>\n<h4 class=\"pt-cv-title\"><a href=\"https:\/\/laser.usal.es\/alf\/en\/2025\/02\/14\/op-session-colliding-pulses-a-route-to-generating-ultrashort-pulses-in-the-ultraviolet\/\" class=\"_self\" target=\"_self\" >OP Session: Colliding pulses: a route to generating ultrashort pulses in the ultraviolet<\/a><\/h4>\n<div class=\"pt-cv-content\">Marina Fern\u00e1ndez Gal\u00e1n from the Laser and Photonics Applications Group and the LUMES Excellence Unit at the University of Salamanca ...<br \/><div class=\"pt-cv-rmwrap\"><a href=\"https:\/\/laser.usal.es\/alf\/en\/2025\/02\/14\/op-session-colliding-pulses-a-route-to-generating-ultrashort-pulses-in-the-ultraviolet\/\" class=\"_self pt-cv-readmore btn btn-success\" target=\"_self\">Leer M\u00e1s<\/a><\/div><\/div><\/div>\n<div class=\" pt-cv-content-item pt-cv-1-col\" ><div class=\"pt-cv-thumb-wrapper  \"><a href=\"https:\/\/laser.usal.es\/alf\/en\/2025\/02\/10\/op-session-understanding-the-space-spectral-homogeneity-in-multipass-cells\/\" class=\"_self pt-cv-href-thumbnail pt-cv-thumb-default\" target=\"_self\" ><img decoding=\"async\" width=\"768\" height=\"432\" data-src=\"https:\/\/laser.usal.es\/alf\/wp-content\/uploads\/2025\/02\/OpSesion_Victor-1-768x432.jpeg\" class=\"pt-cv-thumbnail lazyload\" alt=\"\" src=\"data:image\/svg+xml;base64,PHN2ZyB3aWR0aD0iMSIgaGVpZ2h0PSIxIiB4bWxucz0iaHR0cDovL3d3dy53My5vcmcvMjAwMC9zdmciPjwvc3ZnPg==\" style=\"--smush-placeholder-width: 768px; --smush-placeholder-aspect-ratio: 768\/432;\" \/><\/a><\/div>\n<div class=\"pt-cv-taxoterm above_title\"><a href='https:\/\/laser.usal.es\/alf\/en\/category\/post_eng\/wop-sesionalas\/' title='OP Session' class='pt-cv-tax-wop-sesionalas'>OP Session<\/a><\/div>\n<h4 class=\"pt-cv-title\"><a href=\"https:\/\/laser.usal.es\/alf\/en\/2025\/02\/10\/op-session-understanding-the-space-spectral-homogeneity-in-multipass-cells\/\" class=\"_self\" target=\"_self\" >OP Session \u2013 Understanding the space-spectral homogeneity in multipass cells\u00a0<\/a><\/h4>\n<div class=\"pt-cv-content\">V\u00edctor W. Segundo Staels from the Laser and Photonics Applications Group and the LUMES Excellence Unit at the University of ...<br \/><div class=\"pt-cv-rmwrap\"><a href=\"https:\/\/laser.usal.es\/alf\/en\/2025\/02\/10\/op-session-understanding-the-space-spectral-homogeneity-in-multipass-cells\/\" class=\"_self pt-cv-readmore btn btn-success\" target=\"_self\">Leer M\u00e1s<\/a><\/div><\/div><\/div>\n<div class=\" pt-cv-content-item pt-cv-1-col\" ><div class=\"pt-cv-thumb-wrapper  \"><a href=\"https:\/\/laser.usal.es\/alf\/en\/2025\/01\/28\/op-session-dinamica-cuantica-de-estados-excitados-en-sistemas-simplificados-de-grafeno\/\" class=\"_self pt-cv-href-thumbnail pt-cv-thumb-default\" target=\"_self\" ><img decoding=\"async\" width=\"768\" height=\"432\" data-src=\"https:\/\/laser.usal.es\/alf\/wp-content\/uploads\/2025\/01\/SandraGomez-768x432.jpeg\" class=\"pt-cv-thumbnail lazyload\" alt=\"\" src=\"data:image\/svg+xml;base64,PHN2ZyB3aWR0aD0iMSIgaGVpZ2h0PSIxIiB4bWxucz0iaHR0cDovL3d3dy53My5vcmcvMjAwMC9zdmciPjwvc3ZnPg==\" style=\"--smush-placeholder-width: 768px; --smush-placeholder-aspect-ratio: 768\/432;\" \/><\/a><\/div>\n<div class=\"pt-cv-taxoterm above_title\"><a href='https:\/\/laser.usal.es\/alf\/en\/category\/post_eng\/wop-sesionalas\/' title='OP Session' class='pt-cv-tax-wop-sesionalas'>OP Session<\/a><\/div>\n<h4 class=\"pt-cv-title\"><a href=\"https:\/\/laser.usal.es\/alf\/en\/2025\/01\/28\/op-session-dinamica-cuantica-de-estados-excitados-en-sistemas-simplificados-de-grafeno\/\" class=\"_self\" target=\"_self\" >OP Session &#8211; Din\u00e1mica cu\u00e1ntica de estados excitados en sistemas simplificados de grafeno<\/a><\/h4>\n<div class=\"pt-cv-content\">Sandra G\u00f3mez, from the Department of Chemistry at the Autonomous University of Madrid, will deliver the seminar titled \"Quantum dynamics ...<br \/><div class=\"pt-cv-rmwrap\"><a href=\"https:\/\/laser.usal.es\/alf\/en\/2025\/01\/28\/op-session-dinamica-cuantica-de-estados-excitados-en-sistemas-simplificados-de-grafeno\/\" class=\"_self pt-cv-readmore btn btn-success\" target=\"_self\">Leer M\u00e1s<\/a><\/div><\/div><\/div>\n<div class=\" pt-cv-content-item pt-cv-1-col\" ><div class=\"pt-cv-thumb-wrapper  \"><a href=\"https:\/\/laser.usal.es\/alf\/en\/2024\/11\/28\/op-session-efecto-zenon-y-dinamica-zenon-cuanticas-aplicacion-a-la-teleportacion-de-una-particula-y-su-implementacion-optica\/\" class=\"_self pt-cv-href-thumbnail pt-cv-thumb-default\" target=\"_self\" ><img decoding=\"async\" width=\"768\" height=\"432\" data-src=\"https:\/\/laser.usal.es\/alf\/wp-content\/uploads\/2024\/11\/MiguelPorras.001-768x432.jpeg\" class=\"pt-cv-thumbnail lazyload\" alt=\"\" src=\"data:image\/svg+xml;base64,PHN2ZyB3aWR0aD0iMSIgaGVpZ2h0PSIxIiB4bWxucz0iaHR0cDovL3d3dy53My5vcmcvMjAwMC9zdmciPjwvc3ZnPg==\" style=\"--smush-placeholder-width: 768px; --smush-placeholder-aspect-ratio: 768\/432;\" \/><\/a><\/div>\n<div class=\"pt-cv-taxoterm above_title\"><a href='https:\/\/laser.usal.es\/alf\/en\/category\/post_eng\/wop-sesionalas\/' title='OP Session' class='pt-cv-tax-wop-sesionalas'>OP Session<\/a><\/div>\n<h4 class=\"pt-cv-title\"><a href=\"https:\/\/laser.usal.es\/alf\/en\/2024\/11\/28\/op-session-efecto-zenon-y-dinamica-zenon-cuanticas-aplicacion-a-la-teleportacion-de-una-particula-y-su-implementacion-optica\/\" class=\"_self\" target=\"_self\" >OP Session &#8211; Efecto Zen\u00f3n y din\u00e1mica Zen\u00f3n cu\u00e1nticas, aplicaci\u00f3n a la teleportaci\u00f3n de una part\u00edcula y su implementaci\u00f3n \u00f3ptica<\/a><\/h4>\n<div class=\"pt-cv-content\">Marcos Garc\u00eda Barriopedro, from the Complex Systems group at the Polytechnic University of Madrid, will deliver the seminar titled \"Quantum ...<br \/><div class=\"pt-cv-rmwrap\"><a href=\"https:\/\/laser.usal.es\/alf\/en\/2024\/11\/28\/op-session-efecto-zenon-y-dinamica-zenon-cuanticas-aplicacion-a-la-teleportacion-de-una-particula-y-su-implementacion-optica\/\" class=\"_self pt-cv-readmore btn btn-success\" target=\"_self\">Leer M\u00e1s<\/a><\/div><\/div><\/div>\n<div class=\" pt-cv-content-item pt-cv-1-col\" ><div class=\"pt-cv-thumb-wrapper  \"><a href=\"https:\/\/laser.usal.es\/alf\/en\/2024\/11\/22\/op-session-thz-dynamics-of-quantum-materials-also-under-pressure\/\" class=\"_self pt-cv-href-thumbnail pt-cv-thumb-default\" target=\"_self\" ><img decoding=\"async\" width=\"768\" height=\"432\" data-src=\"https:\/\/laser.usal.es\/alf\/wp-content\/uploads\/2024\/11\/Elsa.001-768x432.jpeg\" class=\"pt-cv-thumbnail lazyload\" alt=\"\" src=\"data:image\/svg+xml;base64,PHN2ZyB3aWR0aD0iMSIgaGVpZ2h0PSIxIiB4bWxucz0iaHR0cDovL3d3dy53My5vcmcvMjAwMC9zdmciPjwvc3ZnPg==\" style=\"--smush-placeholder-width: 768px; --smush-placeholder-aspect-ratio: 768\/432;\" \/><\/a><\/div>\n<div class=\"pt-cv-taxoterm above_title\"><a href='https:\/\/laser.usal.es\/alf\/en\/category\/post_eng\/wop-sesionalas\/' title='OP Session' class='pt-cv-tax-wop-sesionalas'>OP Session<\/a><\/div>\n<h4 class=\"pt-cv-title\"><a href=\"https:\/\/laser.usal.es\/alf\/en\/2024\/11\/22\/op-session-thz-dynamics-of-quantum-materials-also-under-pressure\/\" class=\"_self\" target=\"_self\" >OP Session &#8211; THz dynamics of quantum materials, also under pressure<\/a><\/h4>\n<div class=\"pt-cv-content\">Elsa Abreu, from the Quantum Material Dynamics Institute for Quantum Electronics at ETH Zurich, will deliver the seminar titled \"THz ...<br \/><div class=\"pt-cv-rmwrap\"><a href=\"https:\/\/laser.usal.es\/alf\/en\/2024\/11\/22\/op-session-thz-dynamics-of-quantum-materials-also-under-pressure\/\" class=\"_self pt-cv-readmore btn btn-success\" target=\"_self\">Leer M\u00e1s<\/a><\/div><\/div><\/div>\n<div class=\" pt-cv-content-item pt-cv-1-col\" ><div class=\"pt-cv-thumb-wrapper  \"><a href=\"https:\/\/laser.usal.es\/alf\/en\/2024\/11\/21\/op-session-laser-structuring-of-devices-for-biological-applications\/\" class=\"_self pt-cv-href-thumbnail pt-cv-thumb-default\" target=\"_self\" ><img decoding=\"async\" width=\"768\" height=\"432\" data-src=\"https:\/\/laser.usal.es\/alf\/wp-content\/uploads\/2024\/11\/Yago-768x432.jpeg\" class=\"pt-cv-thumbnail lazyload\" alt=\"\" src=\"data:image\/svg+xml;base64,PHN2ZyB3aWR0aD0iMSIgaGVpZ2h0PSIxIiB4bWxucz0iaHR0cDovL3d3dy53My5vcmcvMjAwMC9zdmciPjwvc3ZnPg==\" style=\"--smush-placeholder-width: 768px; --smush-placeholder-aspect-ratio: 768\/432;\" \/><\/a><\/div>\n<div class=\"pt-cv-taxoterm above_title\"><a href='https:\/\/laser.usal.es\/alf\/en\/category\/post_eng\/wop-sesionalas\/' title='OP Session' class='pt-cv-tax-wop-sesionalas'>OP Session<\/a><\/div>\n<h4 class=\"pt-cv-title\"><a href=\"https:\/\/laser.usal.es\/alf\/en\/2024\/11\/21\/op-session-laser-structuring-of-devices-for-biological-applications\/\" class=\"_self\" target=\"_self\" >OP Session &#8211; Laser structuring of devices for biological applications<\/a><\/h4>\n<div class=\"pt-cv-content\">Yago Radziunas Salinas, from the Photonics4Life group of the Department of Applied Physics at the University of Santiago de Compostela, ...<br \/><div class=\"pt-cv-rmwrap\"><a href=\"https:\/\/laser.usal.es\/alf\/en\/2024\/11\/21\/op-session-laser-structuring-of-devices-for-biological-applications\/\" class=\"_self pt-cv-readmore btn btn-success\" target=\"_self\">Leer M\u00e1s<\/a><\/div><\/div><\/div><\/div><\/div>\n<div class=\" pt-cv-pagination-wrapper\"><ul class=\"pt-cv-pagination pt-cv-ajax pagination\" data-totalpages=\"23\" data-currentpage=\"1\" data-sid=\"aa72c8f4xy\" data-unid=\"\" data-isblock=\"\" data-postid=\"\"><li class=\"active\"><a href=\"#\">1<\/a><\/li>\n\t<li ><a class=\"\" href=\"https:\/\/laser.usal.es\/alf\/wp-json\/wp\/v2\/pages\/2453\/?_page=2\">2<\/a><\/li>\n\t<li ><a class=\"\" href=\"https:\/\/laser.usal.es\/alf\/wp-json\/wp\/v2\/pages\/2453\/?_page=3\">3<\/a><\/li>\n\t<li ><a href=\"#\">&hellip;<\/a><\/li>\n\t<li ><a class=\"\" href=\"https:\/\/laser.usal.es\/alf\/wp-json\/wp\/v2\/pages\/2453\/?_page=23\">23<\/a><\/li>\n\t<li ><a class=\" \" href=\"https:\/\/laser.usal.es\/alf\/wp-json\/wp\/v2\/pages\/2453\/?_page=2\">&rsaquo;<\/a><\/li>\n\t<\/ul><img loading=\"lazy\" decoding=\"async\" width=\"15\" height=\"15\" class=\"pt-cv-spinner\" alt=\"Cargando...\" src=\"data:image\/gif;base64,R0lGODlhDwAPALMPAMrKygwMDJOTkz09PZWVla+vr3p6euTk5M7OzuXl5TMzMwAAAJmZmWZmZszMzP\/\/\/yH\/C05FVFNDQVBFMi4wAwEAAAAh+QQFCgAPACwAAAAADwAPAAAEQvDJaZaZOIcV8iQK8VRX4iTYoAwZ4iCYoAjZ4RxejhVNoT+mRGP4cyF4Pp0N98sBGIBMEMOotl6YZ3S61Bmbkm4mAgAh+QQFCgAPACwAAAAADQANAAAENPDJSRSZeA418itN8QiK8BiLITVsFiyBBIoYqnoewAD4xPw9iY4XLGYSjkQR4UAUD45DLwIAIfkEBQoADwAsAAAAAA8ACQAABC\/wyVlamTi3nSdgwFNdhEJgTJoNyoB9ISYoQmdjiZPcj7EYCAeCF1gEDo4Dz2eIAAAh+QQFCgAPACwCAAAADQANAAAEM\/DJBxiYeLKdX3IJZT1FU0iIg2RNKx3OkZVnZ98ToRD4MyiDnkAh6BkNC0MvsAj0kMpHBAAh+QQFCgAPACwGAAAACQAPAAAEMDC59KpFDll73HkAA2wVY5KgiK5b0RRoI6MuzG6EQqCDMlSGheEhUAgqgUUAFRySIgAh+QQFCgAPACwCAAIADQANAAAEM\/DJKZNLND\/kkKaHc3xk+QAMYDKsiaqmZCxGVjSFFCxB1vwy2oOgIDxuucxAMTAJFAJNBAAh+QQFCgAPACwAAAYADwAJAAAEMNAs86q1yaWwwv2Ig0jUZx3OYa4XoRAfwADXoAwfo1+CIjyFRuEho60aSNYlOPxEAAAh+QQFCgAPACwAAAIADQANAAAENPA9s4y8+IUVcqaWJ4qEQozSoAzoIyhCK2NFU2SJk0hNnyEOhKR2AzAAj4Pj4GE4W0bkJQIAOw==\" \/><div class=\"clear pt-cv-clear-pagination\"><\/div><\/div><\/div>\t\t\t<style type=\"text\/css\" id=\"pt-cv-inline-style-c455f8d0v3\">\n#pt-cv-view-aa72c8f4xy .pt-cv-thumb-wrapper:not(.miniwrap) {  }#pt-cv-view-aa72c8f4xy .pt-cv-thumbnail:not(.pt-cv-thumbnailsm) { height: 250px; }#pt-cv-view-aa72c8f4xy > .pt-cv-page {grid-template-columns: repeat(3, 1fr);grid-gap: 20px;}\n@media all and (max-width: 1024px) { \n#pt-cv-view-aa72c8f4xy > .pt-cv-page {grid-template-columns: repeat(1, 1fr);}\n} \n@media all and (max-width: 767px) { \n#pt-cv-view-aa72c8f4xy > .pt-cv-page {grid-template-columns: repeat(1, 1fr);}\n} <\/style>\r\n\t\t\t<\/div>\n\t\t\t\t\t\t<\/div>\n\t\t\t\t<\/div>\n\t\t\t\t\t<\/div>\n\t\t<\/div>\n\t\t\t\t\t<\/div>\n\t\t<\/section>\n\t\t\t\t<\/div>\n\t\t\n<div class=\"twitter-share\"><a href=\"https:\/\/twitter.com\/intent\/tweet?via=OpticaExtrema\" class=\"twitter-share-button\">Twittear<\/a><\/div>\n","protected":false},"excerpt":{"rendered":"<p>ALF USAL Laser Aplications and Photonics ABOUT US There is a crack in everything, that\u2019s how the light gets in Leonard Cohen Anthem The research group in Laser Applications and Photonics (ALF) is a recognised research group (GIR) of the University of Salamanca, and Consolidated research unit (UIC016). It was created in 2015 as a<\/p>\n","protected":false},"author":1,"featured_media":0,"parent":0,"menu_order":0,"comment_status":"open","ping_status":"closed","template":"","meta":{"footnotes":""},"class_list":["post-2453","page","type-page","status-publish","hentry"],"_links":{"self":[{"href":"https:\/\/laser.usal.es\/alf\/wp-json\/wp\/v2\/pages\/2453","targetHints":{"allow":["GET"]}}],"collection":[{"href":"https:\/\/laser.usal.es\/alf\/wp-json\/wp\/v2\/pages"}],"about":[{"href":"https:\/\/laser.usal.es\/alf\/wp-json\/wp\/v2\/types\/page"}],"author":[{"embeddable":true,"href":"https:\/\/laser.usal.es\/alf\/wp-json\/wp\/v2\/users\/1"}],"replies":[{"embeddable":true,"href":"https:\/\/laser.usal.es\/alf\/wp-json\/wp\/v2\/comments?post=2453"}],"version-history":[{"count":28,"href":"https:\/\/laser.usal.es\/alf\/wp-json\/wp\/v2\/pages\/2453\/revisions"}],"predecessor-version":[{"id":9569,"href":"https:\/\/laser.usal.es\/alf\/wp-json\/wp\/v2\/pages\/2453\/revisions\/9569"}],"wp:attachment":[{"href":"https:\/\/laser.usal.es\/alf\/wp-json\/wp\/v2\/media?parent=2453"}],"curies":[{"name":"wp","href":"https:\/\/api.w.org\/{rel}","templated":true}]}}