{"id":2511,"date":"2017-03-20T18:35:33","date_gmt":"2017-03-20T17:35:33","guid":{"rendered":"http:\/\/laser.usal.es\/alf\/?page_id=2511"},"modified":"2024-03-19T13:39:55","modified_gmt":"2024-03-19T12:39:55","slug":"inicio","status":"publish","type":"page","link":"https:\/\/laser.usal.es\/alf\/es\/inicio\/","title":{"rendered":"Inicio"},"content":{"rendered":"\t\t<div data-elementor-type=\"wp-page\" data-elementor-id=\"2511\" class=\"elementor elementor-2511\">\n\t\t\t\t\t\t<section class=\"elementor-section elementor-top-section elementor-element elementor-element-340f5a1 elementor-section-full_width elementor-section-height-min-height elementor-section-height-default elementor-section-items-middle\" data-id=\"340f5a1\" data-element_type=\"section\" data-e-type=\"section\" data-settings=\"{&quot;background_background&quot;:&quot;classic&quot;}\">\n\t\t\t\t\t\t<div class=\"elementor-container elementor-column-gap-default\">\n\t\t\t\t\t<div class=\"elementor-column elementor-col-100 elementor-top-column elementor-element elementor-element-9109af5\" data-id=\"9109af5\" data-element_type=\"column\" data-e-type=\"column\">\n\t\t\t<div class=\"elementor-widget-wrap elementor-element-populated\">\n\t\t\t\t\t\t<div class=\"elementor-element elementor-element-c21b63e elementor-widget elementor-widget-text-editor\" data-id=\"c21b63e\" data-element_type=\"widget\" data-e-type=\"widget\" data-widget_type=\"text-editor.default\">\n\t\t\t\t<div class=\"elementor-widget-container\">\n\t\t\t\t\t\t\t\t\t<h1 style=\"text-align: center;\"><span style=\"color: #ffffff;\">ALF USAL<\/span><\/h1><h1 style=\"text-align: center;\"><span style=\"color: #ffffff;\">Aplicaciones del L\u00e1ser y Fot\u00f3nica<\/span><\/h1>\t\t\t\t\t\t\t\t<\/div>\n\t\t\t\t<\/div>\n\t\t\t\t\t<\/div>\n\t\t<\/div>\n\t\t\t\t\t<\/div>\n\t\t<\/section>\n\t\t\t\t<section class=\"elementor-section elementor-top-section elementor-element elementor-element-17304c5 elementor-section-boxed elementor-section-height-default elementor-section-height-default\" data-id=\"17304c5\" data-element_type=\"section\" data-e-type=\"section\">\n\t\t\t\t\t\t<div class=\"elementor-container elementor-column-gap-default\">\n\t\t\t\t\t<div class=\"elementor-column elementor-col-100 elementor-top-column elementor-element elementor-element-5d9f6b8\" data-id=\"5d9f6b8\" data-element_type=\"column\" data-e-type=\"column\">\n\t\t\t<div class=\"elementor-widget-wrap elementor-element-populated\">\n\t\t\t\t\t\t<div class=\"elementor-element elementor-element-86fe43d elementor-widget elementor-widget-text-editor\" data-id=\"86fe43d\" data-element_type=\"widget\" data-e-type=\"widget\" data-widget_type=\"text-editor.default\">\n\t\t\t\t<div class=\"elementor-widget-container\">\n\t\t\t\t\t\t\t\t\t<h1 class=\"text-center element-top-20 element-bottom-20 text-normal os-animation normal default animated fadeInRight\" style=\"animation-fill-mode: both; animation-delay: 0.15s;\" data-os-animation=\"fadeInRight\" data-os-animation-delay=\"0.15s\">ACERCA DE NOSOTROS<\/h1>\t\t\t\t\t\t\t\t<\/div>\n\t\t\t\t<\/div>\n\t\t\t\t\t<\/div>\n\t\t<\/div>\n\t\t\t\t\t<\/div>\n\t\t<\/section>\n\t\t\t\t<section class=\"elementor-section elementor-top-section elementor-element elementor-element-4e0caa5 elementor-section-boxed elementor-section-height-default elementor-section-height-default\" data-id=\"4e0caa5\" data-element_type=\"section\" data-e-type=\"section\">\n\t\t\t\t\t\t<div class=\"elementor-container elementor-column-gap-default\">\n\t\t\t\t\t<div class=\"elementor-column elementor-col-100 elementor-top-column elementor-element elementor-element-2febe23\" data-id=\"2febe23\" data-element_type=\"column\" data-e-type=\"column\">\n\t\t\t<div class=\"elementor-widget-wrap elementor-element-populated\">\n\t\t\t\t\t\t<div class=\"elementor-element elementor-element-e7cbe53 elementor-widget-divider--view-line elementor-widget elementor-widget-divider\" data-id=\"e7cbe53\" data-element_type=\"widget\" data-e-type=\"widget\" data-widget_type=\"divider.default\">\n\t\t\t\t<div class=\"elementor-widget-container\">\n\t\t\t\t\t\t\t<div class=\"elementor-divider\">\n\t\t\t<span class=\"elementor-divider-separator\">\n\t\t\t\t\t\t<\/span>\n\t\t<\/div>\n\t\t\t\t\t\t<\/div>\n\t\t\t\t<\/div>\n\t\t\t\t\t<\/div>\n\t\t<\/div>\n\t\t\t\t\t<\/div>\n\t\t<\/section>\n\t\t\t\t<section class=\"elementor-section elementor-top-section elementor-element elementor-element-9c2edb1 elementor-section-boxed elementor-section-height-default elementor-section-height-default\" data-id=\"9c2edb1\" data-element_type=\"section\" data-e-type=\"section\">\n\t\t\t\t\t\t<div class=\"elementor-container elementor-column-gap-default\">\n\t\t\t\t\t<div class=\"elementor-column elementor-col-50 elementor-top-column elementor-element elementor-element-a4a78a7\" data-id=\"a4a78a7\" data-element_type=\"column\" data-e-type=\"column\">\n\t\t\t<div class=\"elementor-widget-wrap elementor-element-populated\">\n\t\t\t\t\t\t<div class=\"elementor-element elementor-element-1fc1b0f elementor-invisible elementor-widget elementor-widget-image\" data-id=\"1fc1b0f\" data-element_type=\"widget\" data-e-type=\"widget\" data-settings=\"{&quot;_animation&quot;:&quot;fadeInLeft&quot;}\" data-widget_type=\"image.default\">\n\t\t\t\t<div class=\"elementor-widget-container\">\n\t\t\t\t\t\t\t\t\t\t\t\t\t\t\t<img fetchpriority=\"high\" decoding=\"async\" width=\"642\" height=\"1024\" src=\"https:\/\/laser.usal.es\/alf\/wp-content\/uploads\/2017\/03\/IMG_10272-642x1024.jpg\" class=\"attachment-large size-large wp-image-2326\" alt=\"\" srcset=\"https:\/\/laser.usal.es\/alf\/wp-content\/uploads\/2017\/03\/IMG_10272-642x1024.jpg 642w, https:\/\/laser.usal.es\/alf\/wp-content\/uploads\/2017\/03\/IMG_10272-188x300.jpg 188w, https:\/\/laser.usal.es\/alf\/wp-content\/uploads\/2017\/03\/IMG_10272-768x1226.jpg 768w, https:\/\/laser.usal.es\/alf\/wp-content\/uploads\/2017\/03\/IMG_10272.jpg 1283w\" sizes=\"(max-width: 642px) 100vw, 642px\" \/>\t\t\t\t\t\t\t\t\t\t\t\t\t\t\t<\/div>\n\t\t\t\t<\/div>\n\t\t\t\t\t<\/div>\n\t\t<\/div>\n\t\t\t\t<div class=\"elementor-column elementor-col-50 elementor-top-column elementor-element elementor-element-fbcd138\" data-id=\"fbcd138\" data-element_type=\"column\" data-e-type=\"column\">\n\t\t\t<div class=\"elementor-widget-wrap elementor-element-populated\">\n\t\t\t\t\t\t<div class=\"elementor-element elementor-element-7a1e1fb elementor-widget elementor-widget-text-editor\" data-id=\"7a1e1fb\" data-element_type=\"widget\" data-e-type=\"widget\" data-widget_type=\"text-editor.default\">\n\t\t\t\t<div class=\"elementor-widget-container\">\n\t\t\t\t\t\t\t\t\t<blockquote class=\" text-center text-normal element-top-20 element-bottom-20\" data-os-animation=\"none\" data-os-animation-delay=\"0s\"><p style=\"text-align: justify;\">Hay una grieta en todo: as\u00ed es c\u00f3mo entra la luz<\/p><footer>Leonard Cohen <cite title=\"Anthem\">Anthem<\/cite><\/footer><\/blockquote><p style=\"text-align: justify;\">El Grupo de Investigaci\u00f3n en Aplicaciones de los l\u00e1seres y Fot\u00f3nica (ALF) es un Grupo de Investigaci\u00f3n Reconocida (GIR) de la Universidad de Salamanca, y una Unidad de Investigaci\u00f3n Consolidada (UIC016). Los miembros del grupo llevan desarrollando investigaci\u00f3n en l\u00e1seres intensos desde 1992, aunque no es hasta el a\u00f1o 2015 que nace el grupo como herramienta que permite identificar, organizar y promocionar nuestra investigaci\u00f3n.<\/p><p style=\"text-align: justify;\">El eje de nuestra investigaci\u00f3n es el estudio de la interacci\u00f3n de los l\u00e1seres ultracortos y ultraintensos con la materia. El hecho de que en el grupo participen investigadores de diversos \u00e1mbitos (f\u00edsica aplicada e ingenier\u00eda mec\u00e1nica) introduce un car\u00e1cter interdisciplinario a nuestras investigaciones. Desarrollamos actividad tanto en la vertiente experimental como te\u00f3rica.<\/p><p style=\"text-align: justify;\">Adem\u00e1s de nuestra actividad especializada, nos preocupa saber y poder trasladar a la sociedad los resultados de nuestro trabajo. Somos conscientes de la importancia que tiene el apoyo p\u00fablico al desarrollo de la ciencia, y entendemos que debemos que hacer un esfuerzo especial de retorno. Creemos que es justo que esta compensaci\u00f3n no sea \u00fanicamente colocar a nuestro pa\u00eds en la vanguardia de la investigaci\u00f3n, sino tambi\u00e9n que el resto de la sociedad tenga un acceso de calidad a nuestras actividades, de forma l\u00fadica y entendible. Por ello, encontrar\u00e1s que esta p\u00e1gina web est\u00e1 dedicada especialmente al p\u00fablico no especializado, que podr\u00e1 encontrar informaci\u00f3n suficiente y a nivel divulgativo desde su primera conexi\u00f3n. El visitante experto, podr\u00e1 tambi\u00e9n encontrar la informaci\u00f3n necesaria sobre nuestro grupo (l\u00edneas de investigaci\u00f3n, publicaciones, proyectos, etc.).<\/p><p style=\"text-align: justify;\">Te animo a explorar nuestra p\u00e1gina y a contactar con nosotros si quieres cualquier aclaraci\u00f3n sobre el tema, o si tienes sugerencias que hacernos.<\/p><p style=\"text-align: justify;\">\u00a1Poco a poco iremos completando nuestra p\u00e1gina con informaciones y actividades destinadas a todo el mundo!<\/p>\t\t\t\t\t\t\t\t<\/div>\n\t\t\t\t<\/div>\n\t\t\t\t\t<\/div>\n\t\t<\/div>\n\t\t\t\t\t<\/div>\n\t\t<\/section>\n\t\t\t\t<section class=\"elementor-section elementor-top-section elementor-element elementor-element-3d8e599 elementor-section-boxed elementor-section-height-default elementor-section-height-default\" data-id=\"3d8e599\" data-element_type=\"section\" data-e-type=\"section\">\n\t\t\t\t\t\t<div class=\"elementor-container elementor-column-gap-default\">\n\t\t\t\t\t<div class=\"elementor-column elementor-col-100 elementor-top-column elementor-element elementor-element-7e6d716\" data-id=\"7e6d716\" data-element_type=\"column\" data-e-type=\"column\">\n\t\t\t<div class=\"elementor-widget-wrap elementor-element-populated\">\n\t\t\t\t\t\t<div class=\"elementor-element elementor-element-7605b2d elementor-widget elementor-widget-text-editor\" data-id=\"7605b2d\" data-element_type=\"widget\" data-e-type=\"widget\" data-widget_type=\"text-editor.default\">\n\t\t\t\t<div class=\"elementor-widget-container\">\n\t\t\t\t\t\t\t\t\t<h1>\u00daltimas noticias y publicaciones<\/h1>\t\t\t\t\t\t\t\t<\/div>\n\t\t\t\t<\/div>\n\t\t\t\t\t<\/div>\n\t\t<\/div>\n\t\t\t\t\t<\/div>\n\t\t<\/section>\n\t\t\t\t<section class=\"elementor-section elementor-top-section elementor-element elementor-element-e4c1d7b elementor-section-boxed elementor-section-height-default elementor-section-height-default\" data-id=\"e4c1d7b\" data-element_type=\"section\" data-e-type=\"section\">\n\t\t\t\t\t\t<div class=\"elementor-container elementor-column-gap-default\">\n\t\t\t\t\t<div class=\"elementor-column elementor-col-100 elementor-top-column elementor-element elementor-element-bb8c8af\" data-id=\"bb8c8af\" data-element_type=\"column\" data-e-type=\"column\">\n\t\t\t<div class=\"elementor-widget-wrap elementor-element-populated\">\n\t\t\t\t\t\t<div class=\"elementor-element elementor-element-0f87f2c elementor-widget-divider--view-line elementor-widget elementor-widget-divider\" data-id=\"0f87f2c\" data-element_type=\"widget\" data-e-type=\"widget\" data-widget_type=\"divider.default\">\n\t\t\t\t<div class=\"elementor-widget-container\">\n\t\t\t\t\t\t\t<div class=\"elementor-divider\">\n\t\t\t<span class=\"elementor-divider-separator\">\n\t\t\t\t\t\t<\/span>\n\t\t<\/div>\n\t\t\t\t\t\t<\/div>\n\t\t\t\t<\/div>\n\t\t\t\t<div class=\"elementor-element elementor-element-a5ce5ba elementor-widget elementor-widget-shortcode\" data-id=\"a5ce5ba\" data-element_type=\"widget\" data-e-type=\"widget\" data-widget_type=\"shortcode.default\">\n\t\t\t\t<div class=\"elementor-widget-container\">\n\t\t\t\t\t\t\t<div class=\"elementor-shortcode\"><div class=\"pt-cv-wrapper\"><div class=\"pt-cv-view pt-cv-blockgrid iscvblock iscvhybrid grid1 layout1\" id=\"pt-cv-view-aa72c8f4xy\"><div data-id=\"pt-cv-page-1\" class=\"pt-cv-page\" data-cvc=\"3\"><div class=\" pt-cv-content-item pt-cv-1-col\" ><div class=\"pt-cv-thumb-wrapper  \"><a href=\"https:\/\/laser.usal.es\/alf\/en\/2025\/02\/14\/op-session-colliding-pulses-a-route-to-generating-ultrashort-pulses-in-the-ultraviolet\/\" class=\"_self pt-cv-href-thumbnail pt-cv-thumb-default\" target=\"_self\" ><img decoding=\"async\" width=\"768\" height=\"432\" data-src=\"https:\/\/laser.usal.es\/alf\/wp-content\/uploads\/2025\/02\/OpSesionMarina-768x432.jpeg\" class=\"pt-cv-thumbnail lazyload\" alt=\"\" src=\"data:image\/svg+xml;base64,PHN2ZyB3aWR0aD0iMSIgaGVpZ2h0PSIxIiB4bWxucz0iaHR0cDovL3d3dy53My5vcmcvMjAwMC9zdmciPjwvc3ZnPg==\" style=\"--smush-placeholder-width: 768px; --smush-placeholder-aspect-ratio: 768\/432;\" \/><\/a><\/div>\n<div class=\"pt-cv-taxoterm above_title\"><a href='https:\/\/laser.usal.es\/alf\/en\/category\/post_eng\/wop-sesionalas\/' title='OP Session' class='pt-cv-tax-wop-sesionalas'>OP Session<\/a><\/div>\n<h4 class=\"pt-cv-title\"><a href=\"https:\/\/laser.usal.es\/alf\/en\/2025\/02\/14\/op-session-colliding-pulses-a-route-to-generating-ultrashort-pulses-in-the-ultraviolet\/\" class=\"_self\" target=\"_self\" >OP Session: Colliding pulses: a route to generating ultrashort pulses in the ultraviolet<\/a><\/h4>\n<div class=\"pt-cv-content\">Marina Fern\u00e1ndez Gal\u00e1n from the Laser and Photonics Applications Group and the LUMES Excellence Unit at the University of Salamanca ...<br \/><div class=\"pt-cv-rmwrap\"><a href=\"https:\/\/laser.usal.es\/alf\/en\/2025\/02\/14\/op-session-colliding-pulses-a-route-to-generating-ultrashort-pulses-in-the-ultraviolet\/\" class=\"_self pt-cv-readmore btn btn-success\" target=\"_self\">Leer M\u00e1s<\/a><\/div><\/div><\/div>\n<div class=\" pt-cv-content-item pt-cv-1-col\" ><div class=\"pt-cv-thumb-wrapper  \"><a href=\"https:\/\/laser.usal.es\/alf\/en\/2025\/02\/10\/op-session-understanding-the-space-spectral-homogeneity-in-multipass-cells\/\" class=\"_self pt-cv-href-thumbnail pt-cv-thumb-default\" target=\"_self\" ><img decoding=\"async\" width=\"768\" height=\"432\" data-src=\"https:\/\/laser.usal.es\/alf\/wp-content\/uploads\/2025\/02\/OpSesion_Victor-1-768x432.jpeg\" class=\"pt-cv-thumbnail lazyload\" alt=\"\" src=\"data:image\/svg+xml;base64,PHN2ZyB3aWR0aD0iMSIgaGVpZ2h0PSIxIiB4bWxucz0iaHR0cDovL3d3dy53My5vcmcvMjAwMC9zdmciPjwvc3ZnPg==\" style=\"--smush-placeholder-width: 768px; --smush-placeholder-aspect-ratio: 768\/432;\" \/><\/a><\/div>\n<div class=\"pt-cv-taxoterm above_title\"><a href='https:\/\/laser.usal.es\/alf\/en\/category\/post_eng\/wop-sesionalas\/' title='OP Session' class='pt-cv-tax-wop-sesionalas'>OP Session<\/a><\/div>\n<h4 class=\"pt-cv-title\"><a href=\"https:\/\/laser.usal.es\/alf\/en\/2025\/02\/10\/op-session-understanding-the-space-spectral-homogeneity-in-multipass-cells\/\" class=\"_self\" target=\"_self\" >OP Session \u2013 Understanding the space-spectral homogeneity in multipass cells\u00a0<\/a><\/h4>\n<div class=\"pt-cv-content\">V\u00edctor W. Segundo Staels from the Laser and Photonics Applications Group and the LUMES Excellence Unit at the University of ...<br \/><div class=\"pt-cv-rmwrap\"><a href=\"https:\/\/laser.usal.es\/alf\/en\/2025\/02\/10\/op-session-understanding-the-space-spectral-homogeneity-in-multipass-cells\/\" class=\"_self pt-cv-readmore btn btn-success\" target=\"_self\">Leer M\u00e1s<\/a><\/div><\/div><\/div>\n<div class=\" pt-cv-content-item pt-cv-1-col\" ><div class=\"pt-cv-thumb-wrapper  \"><a href=\"https:\/\/laser.usal.es\/alf\/en\/2025\/01\/28\/op-session-dinamica-cuantica-de-estados-excitados-en-sistemas-simplificados-de-grafeno\/\" class=\"_self pt-cv-href-thumbnail pt-cv-thumb-default\" target=\"_self\" ><img decoding=\"async\" width=\"768\" height=\"432\" data-src=\"https:\/\/laser.usal.es\/alf\/wp-content\/uploads\/2025\/01\/SandraGomez-768x432.jpeg\" class=\"pt-cv-thumbnail lazyload\" alt=\"\" src=\"data:image\/svg+xml;base64,PHN2ZyB3aWR0aD0iMSIgaGVpZ2h0PSIxIiB4bWxucz0iaHR0cDovL3d3dy53My5vcmcvMjAwMC9zdmciPjwvc3ZnPg==\" style=\"--smush-placeholder-width: 768px; --smush-placeholder-aspect-ratio: 768\/432;\" \/><\/a><\/div>\n<div class=\"pt-cv-taxoterm above_title\"><a href='https:\/\/laser.usal.es\/alf\/en\/category\/post_eng\/wop-sesionalas\/' title='OP Session' class='pt-cv-tax-wop-sesionalas'>OP Session<\/a><\/div>\n<h4 class=\"pt-cv-title\"><a href=\"https:\/\/laser.usal.es\/alf\/en\/2025\/01\/28\/op-session-dinamica-cuantica-de-estados-excitados-en-sistemas-simplificados-de-grafeno\/\" class=\"_self\" target=\"_self\" >OP Session &#8211; Din\u00e1mica cu\u00e1ntica de estados excitados en sistemas simplificados de grafeno<\/a><\/h4>\n<div class=\"pt-cv-content\">Sandra G\u00f3mez, from the Department of Chemistry at the Autonomous University of Madrid, will deliver the seminar titled \"Quantum dynamics ...<br \/><div class=\"pt-cv-rmwrap\"><a href=\"https:\/\/laser.usal.es\/alf\/en\/2025\/01\/28\/op-session-dinamica-cuantica-de-estados-excitados-en-sistemas-simplificados-de-grafeno\/\" class=\"_self pt-cv-readmore btn btn-success\" target=\"_self\">Leer M\u00e1s<\/a><\/div><\/div><\/div>\n<div class=\" pt-cv-content-item pt-cv-1-col\" ><div class=\"pt-cv-thumb-wrapper  \"><a href=\"https:\/\/laser.usal.es\/alf\/en\/2024\/11\/28\/op-session-efecto-zenon-y-dinamica-zenon-cuanticas-aplicacion-a-la-teleportacion-de-una-particula-y-su-implementacion-optica\/\" class=\"_self pt-cv-href-thumbnail pt-cv-thumb-default\" target=\"_self\" ><img decoding=\"async\" width=\"768\" height=\"432\" data-src=\"https:\/\/laser.usal.es\/alf\/wp-content\/uploads\/2024\/11\/MiguelPorras.001-768x432.jpeg\" class=\"pt-cv-thumbnail lazyload\" alt=\"\" src=\"data:image\/svg+xml;base64,PHN2ZyB3aWR0aD0iMSIgaGVpZ2h0PSIxIiB4bWxucz0iaHR0cDovL3d3dy53My5vcmcvMjAwMC9zdmciPjwvc3ZnPg==\" style=\"--smush-placeholder-width: 768px; --smush-placeholder-aspect-ratio: 768\/432;\" \/><\/a><\/div>\n<div class=\"pt-cv-taxoterm above_title\"><a href='https:\/\/laser.usal.es\/alf\/en\/category\/post_eng\/wop-sesionalas\/' title='OP Session' class='pt-cv-tax-wop-sesionalas'>OP Session<\/a><\/div>\n<h4 class=\"pt-cv-title\"><a href=\"https:\/\/laser.usal.es\/alf\/en\/2024\/11\/28\/op-session-efecto-zenon-y-dinamica-zenon-cuanticas-aplicacion-a-la-teleportacion-de-una-particula-y-su-implementacion-optica\/\" class=\"_self\" target=\"_self\" >OP Session &#8211; Efecto Zen\u00f3n y din\u00e1mica Zen\u00f3n cu\u00e1nticas, aplicaci\u00f3n a la teleportaci\u00f3n de una part\u00edcula y su implementaci\u00f3n \u00f3ptica<\/a><\/h4>\n<div class=\"pt-cv-content\">Marcos Garc\u00eda Barriopedro, from the Complex Systems group at the Polytechnic University of Madrid, will deliver the seminar titled \"Quantum ...<br \/><div class=\"pt-cv-rmwrap\"><a href=\"https:\/\/laser.usal.es\/alf\/en\/2024\/11\/28\/op-session-efecto-zenon-y-dinamica-zenon-cuanticas-aplicacion-a-la-teleportacion-de-una-particula-y-su-implementacion-optica\/\" class=\"_self pt-cv-readmore btn btn-success\" target=\"_self\">Leer M\u00e1s<\/a><\/div><\/div><\/div>\n<div class=\" pt-cv-content-item pt-cv-1-col\" ><div class=\"pt-cv-thumb-wrapper  \"><a href=\"https:\/\/laser.usal.es\/alf\/en\/2024\/11\/22\/op-session-thz-dynamics-of-quantum-materials-also-under-pressure\/\" class=\"_self pt-cv-href-thumbnail pt-cv-thumb-default\" target=\"_self\" ><img decoding=\"async\" width=\"768\" height=\"432\" data-src=\"https:\/\/laser.usal.es\/alf\/wp-content\/uploads\/2024\/11\/Elsa.001-768x432.jpeg\" class=\"pt-cv-thumbnail lazyload\" alt=\"\" src=\"data:image\/svg+xml;base64,PHN2ZyB3aWR0aD0iMSIgaGVpZ2h0PSIxIiB4bWxucz0iaHR0cDovL3d3dy53My5vcmcvMjAwMC9zdmciPjwvc3ZnPg==\" style=\"--smush-placeholder-width: 768px; --smush-placeholder-aspect-ratio: 768\/432;\" \/><\/a><\/div>\n<div class=\"pt-cv-taxoterm above_title\"><a href='https:\/\/laser.usal.es\/alf\/en\/category\/post_eng\/wop-sesionalas\/' title='OP Session' class='pt-cv-tax-wop-sesionalas'>OP Session<\/a><\/div>\n<h4 class=\"pt-cv-title\"><a href=\"https:\/\/laser.usal.es\/alf\/en\/2024\/11\/22\/op-session-thz-dynamics-of-quantum-materials-also-under-pressure\/\" class=\"_self\" target=\"_self\" >OP Session &#8211; THz dynamics of quantum materials, also under pressure<\/a><\/h4>\n<div class=\"pt-cv-content\">Elsa Abreu, from the Quantum Material Dynamics Institute for Quantum Electronics at ETH Zurich, will deliver the seminar titled \"THz ...<br \/><div class=\"pt-cv-rmwrap\"><a href=\"https:\/\/laser.usal.es\/alf\/en\/2024\/11\/22\/op-session-thz-dynamics-of-quantum-materials-also-under-pressure\/\" class=\"_self pt-cv-readmore btn btn-success\" target=\"_self\">Leer M\u00e1s<\/a><\/div><\/div><\/div>\n<div class=\" pt-cv-content-item pt-cv-1-col\" ><div class=\"pt-cv-thumb-wrapper  \"><a href=\"https:\/\/laser.usal.es\/alf\/en\/2024\/11\/21\/op-session-laser-structuring-of-devices-for-biological-applications\/\" class=\"_self pt-cv-href-thumbnail pt-cv-thumb-default\" target=\"_self\" ><img decoding=\"async\" width=\"768\" height=\"432\" data-src=\"https:\/\/laser.usal.es\/alf\/wp-content\/uploads\/2024\/11\/Yago-768x432.jpeg\" class=\"pt-cv-thumbnail lazyload\" alt=\"\" src=\"data:image\/svg+xml;base64,PHN2ZyB3aWR0aD0iMSIgaGVpZ2h0PSIxIiB4bWxucz0iaHR0cDovL3d3dy53My5vcmcvMjAwMC9zdmciPjwvc3ZnPg==\" style=\"--smush-placeholder-width: 768px; --smush-placeholder-aspect-ratio: 768\/432;\" \/><\/a><\/div>\n<div class=\"pt-cv-taxoterm above_title\"><a href='https:\/\/laser.usal.es\/alf\/en\/category\/post_eng\/wop-sesionalas\/' title='OP Session' class='pt-cv-tax-wop-sesionalas'>OP Session<\/a><\/div>\n<h4 class=\"pt-cv-title\"><a href=\"https:\/\/laser.usal.es\/alf\/en\/2024\/11\/21\/op-session-laser-structuring-of-devices-for-biological-applications\/\" class=\"_self\" target=\"_self\" >OP Session &#8211; Laser structuring of devices for biological applications<\/a><\/h4>\n<div class=\"pt-cv-content\">Yago Radziunas Salinas, from the Photonics4Life group of the Department of Applied Physics at the University of Santiago de Compostela, ...<br \/><div class=\"pt-cv-rmwrap\"><a href=\"https:\/\/laser.usal.es\/alf\/en\/2024\/11\/21\/op-session-laser-structuring-of-devices-for-biological-applications\/\" class=\"_self pt-cv-readmore btn btn-success\" target=\"_self\">Leer M\u00e1s<\/a><\/div><\/div><\/div><\/div><\/div>\n<div class=\" pt-cv-pagination-wrapper\"><ul class=\"pt-cv-pagination pt-cv-ajax pagination\" data-totalpages=\"23\" data-currentpage=\"1\" data-sid=\"aa72c8f4xy\" data-unid=\"\" data-isblock=\"\" data-postid=\"\"><li class=\"active\"><a href=\"#\">1<\/a><\/li>\n\t<li ><a class=\"\" href=\"https:\/\/laser.usal.es\/alf\/wp-json\/wp\/v2\/pages\/2511\/?_page=2\">2<\/a><\/li>\n\t<li ><a class=\"\" href=\"https:\/\/laser.usal.es\/alf\/wp-json\/wp\/v2\/pages\/2511\/?_page=3\">3<\/a><\/li>\n\t<li ><a href=\"#\">&hellip;<\/a><\/li>\n\t<li ><a class=\"\" href=\"https:\/\/laser.usal.es\/alf\/wp-json\/wp\/v2\/pages\/2511\/?_page=23\">23<\/a><\/li>\n\t<li ><a class=\" \" href=\"https:\/\/laser.usal.es\/alf\/wp-json\/wp\/v2\/pages\/2511\/?_page=2\">&rsaquo;<\/a><\/li>\n\t<\/ul><img loading=\"lazy\" decoding=\"async\" width=\"15\" height=\"15\" class=\"pt-cv-spinner\" alt=\"Cargando...\" src=\"data:image\/gif;base64,R0lGODlhDwAPALMPAMrKygwMDJOTkz09PZWVla+vr3p6euTk5M7OzuXl5TMzMwAAAJmZmWZmZszMzP\/\/\/yH\/C05FVFNDQVBFMi4wAwEAAAAh+QQFCgAPACwAAAAADwAPAAAEQvDJaZaZOIcV8iQK8VRX4iTYoAwZ4iCYoAjZ4RxejhVNoT+mRGP4cyF4Pp0N98sBGIBMEMOotl6YZ3S61Bmbkm4mAgAh+QQFCgAPACwAAAAADQANAAAENPDJSRSZeA418itN8QiK8BiLITVsFiyBBIoYqnoewAD4xPw9iY4XLGYSjkQR4UAUD45DLwIAIfkEBQoADwAsAAAAAA8ACQAABC\/wyVlamTi3nSdgwFNdhEJgTJoNyoB9ISYoQmdjiZPcj7EYCAeCF1gEDo4Dz2eIAAAh+QQFCgAPACwCAAAADQANAAAEM\/DJBxiYeLKdX3IJZT1FU0iIg2RNKx3OkZVnZ98ToRD4MyiDnkAh6BkNC0MvsAj0kMpHBAAh+QQFCgAPACwGAAAACQAPAAAEMDC59KpFDll73HkAA2wVY5KgiK5b0RRoI6MuzG6EQqCDMlSGheEhUAgqgUUAFRySIgAh+QQFCgAPACwCAAIADQANAAAEM\/DJKZNLND\/kkKaHc3xk+QAMYDKsiaqmZCxGVjSFFCxB1vwy2oOgIDxuucxAMTAJFAJNBAAh+QQFCgAPACwAAAYADwAJAAAEMNAs86q1yaWwwv2Ig0jUZx3OYa4XoRAfwADXoAwfo1+CIjyFRuEho60aSNYlOPxEAAAh+QQFCgAPACwAAAIADQANAAAENPA9s4y8+IUVcqaWJ4qEQozSoAzoIyhCK2NFU2SJk0hNnyEOhKR2AzAAj4Pj4GE4W0bkJQIAOw==\" \/><div class=\"clear pt-cv-clear-pagination\"><\/div><\/div><\/div>\t\t\t<style type=\"text\/css\" id=\"pt-cv-inline-style-48df04azqv\">\n#pt-cv-view-aa72c8f4xy .pt-cv-thumb-wrapper:not(.miniwrap) {  }#pt-cv-view-aa72c8f4xy .pt-cv-thumbnail:not(.pt-cv-thumbnailsm) { height: 250px; }#pt-cv-view-aa72c8f4xy > .pt-cv-page {grid-template-columns: repeat(3, 1fr);grid-gap: 20px;}\n@media all and (max-width: 1024px) { \n#pt-cv-view-aa72c8f4xy > .pt-cv-page {grid-template-columns: repeat(1, 1fr);}\n} \n@media all and (max-width: 767px) { \n#pt-cv-view-aa72c8f4xy > .pt-cv-page {grid-template-columns: repeat(1, 1fr);}\n} <\/style>\r\n\t\t\t<\/div>\n\t\t\t\t\t\t<\/div>\n\t\t\t\t<\/div>\n\t\t\t\t\t<\/div>\n\t\t<\/div>\n\t\t\t\t\t<\/div>\n\t\t<\/section>\n\t\t\t\t<\/div>\n\t\t\n<div class=\"twitter-share\"><a href=\"https:\/\/twitter.com\/intent\/tweet?via=OpticaExtrema\" class=\"twitter-share-button\">Twittear<\/a><\/div>\n","protected":false},"excerpt":{"rendered":"<p>ALF USAL Aplicaciones del L\u00e1ser y Fot\u00f3nica ACERCA DE NOSOTROS Hay una grieta en todo: as\u00ed es c\u00f3mo entra la luz Leonard Cohen Anthem El Grupo de Investigaci\u00f3n en Aplicaciones de los l\u00e1seres y Fot\u00f3nica (ALF) es un Grupo de Investigaci\u00f3n Reconocida (GIR) de la Universidad de Salamanca, y una Unidad de Investigaci\u00f3n Consolidada (UIC016).<\/p>\n","protected":false},"author":1,"featured_media":0,"parent":0,"menu_order":0,"comment_status":"open","ping_status":"closed","template":"","meta":{"footnotes":""},"class_list":["post-2511","page","type-page","status-publish","hentry"],"_links":{"self":[{"href":"https:\/\/laser.usal.es\/alf\/wp-json\/wp\/v2\/pages\/2511","targetHints":{"allow":["GET"]}}],"collection":[{"href":"https:\/\/laser.usal.es\/alf\/wp-json\/wp\/v2\/pages"}],"about":[{"href":"https:\/\/laser.usal.es\/alf\/wp-json\/wp\/v2\/types\/page"}],"author":[{"embeddable":true,"href":"https:\/\/laser.usal.es\/alf\/wp-json\/wp\/v2\/users\/1"}],"replies":[{"embeddable":true,"href":"https:\/\/laser.usal.es\/alf\/wp-json\/wp\/v2\/comments?post=2511"}],"version-history":[{"count":98,"href":"https:\/\/laser.usal.es\/alf\/wp-json\/wp\/v2\/pages\/2511\/revisions"}],"predecessor-version":[{"id":9565,"href":"https:\/\/laser.usal.es\/alf\/wp-json\/wp\/v2\/pages\/2511\/revisions\/9565"}],"wp:attachment":[{"href":"https:\/\/laser.usal.es\/alf\/wp-json\/wp\/v2\/media?parent=2511"}],"curies":[{"name":"wp","href":"https:\/\/api.w.org\/{rel}","templated":true}]}}