{"id":2874,"date":"2017-05-25T22:55:06","date_gmt":"2017-05-25T21:55:06","guid":{"rendered":"http:\/\/laser.usal.es\/alf\/?page_id=2874"},"modified":"2024-03-19T14:30:31","modified_gmt":"2024-03-19T13:30:31","slug":"sala-de-prensa","status":"publish","type":"page","link":"https:\/\/laser.usal.es\/alf\/es\/sala-de-prensa\/","title":{"rendered":"Sala de prensa"},"content":{"rendered":"\t\t<div data-elementor-type=\"wp-page\" data-elementor-id=\"2874\" class=\"elementor elementor-2874\">\n\t\t\t\t\t\t<section class=\"elementor-section elementor-top-section elementor-element elementor-element-3b3afe0 elementor-section-boxed elementor-section-height-default elementor-section-height-default\" data-id=\"3b3afe0\" data-element_type=\"section\" data-e-type=\"section\">\n\t\t\t\t\t\t<div class=\"elementor-container elementor-column-gap-default\">\n\t\t\t\t\t<div class=\"elementor-column elementor-col-100 elementor-top-column elementor-element elementor-element-3addb1bf\" data-id=\"3addb1bf\" data-element_type=\"column\" data-e-type=\"column\">\n\t\t\t<div class=\"elementor-widget-wrap elementor-element-populated\">\n\t\t\t\t\t\t<div class=\"elementor-element elementor-element-7bdf7967 elementor-widget elementor-widget-shortcode\" data-id=\"7bdf7967\" data-element_type=\"widget\" data-e-type=\"widget\" data-widget_type=\"shortcode.default\">\n\t\t\t\t<div class=\"elementor-widget-container\">\n\t\t\t\t\t\t\t<div class=\"elementor-shortcode\"><div class=\"pt-cv-wrapper\"><div class=\"pt-cv-view pt-cv-blockgrid iscvblock iscvhybrid grid1 layout1\" id=\"pt-cv-view-cc83986dh9\"><div data-id=\"pt-cv-page-1\" class=\"pt-cv-page\" data-cvc=\"3\"><div class=\" pt-cv-content-item pt-cv-1-col\" ><div class=\"pt-cv-thumb-wrapper  \"><a href=\"https:\/\/laser.usal.es\/alf\/es\/2024\/09\/23\/xl-semanal-se-hace-eco-de-la-trayectoria-de-carlos-hernandez-garcia\/\" class=\"_self pt-cv-href-thumbnail pt-cv-thumb-default\" target=\"_self\" ><img decoding=\"async\" width=\"300\" height=\"58\" data-src=\"https:\/\/laser.usal.es\/alf\/wp-content\/uploads\/2024\/09\/XLSemanal-300x58.jpeg\" class=\"pt-cv-thumbnail lazyload\" alt=\"\" src=\"data:image\/svg+xml;base64,PHN2ZyB3aWR0aD0iMSIgaGVpZ2h0PSIxIiB4bWxucz0iaHR0cDovL3d3dy53My5vcmcvMjAwMC9zdmciPjwvc3ZnPg==\" style=\"--smush-placeholder-width: 300px; --smush-placeholder-aspect-ratio: 300\/58;\" \/><\/a><\/div>\n<div class=\"pt-cv-taxoterm above_title\"><a href='https:\/\/laser.usal.es\/alf\/es\/category\/post_spn\/attostructura\/' title='Attostructura' class='pt-cv-tax-attostructura'>Attostructura<\/a><a href='https:\/\/laser.usal.es\/alf\/es\/category\/post_spn\/noticias\/' title='Noticias' class='pt-cv-tax-noticias'>Noticias<\/a><a href='https:\/\/laser.usal.es\/alf\/es\/category\/post_spn\/divulgacion\/resultados-alf\/' title='Resultados ALF' class='pt-cv-tax-resultados-alf'>Resultados ALF<\/a><a href='https:\/\/laser.usal.es\/alf\/es\/category\/post_spn\/sala-de-prensa\/' title='Sala de prensa' class='pt-cv-tax-sala-de-prensa'>Sala de prensa<\/a><\/div>\n<h4 class=\"pt-cv-title\"><a href=\"https:\/\/laser.usal.es\/alf\/es\/2024\/09\/23\/xl-semanal-se-hace-eco-de-la-trayectoria-de-carlos-hernandez-garcia\/\" class=\"_self\" target=\"_self\" >XL Semanal se hace eco de la trayectoria de Carlos Hern\u00e1ndez Garc\u00eda<\/a><\/h4>\n<div class=\"pt-cv-content\">La revista XL Semanal se hace eco del trabajo y la destacada trayectoria investigadora de Carlos Hern\u00e1ndez Garc\u00eda, miembro de ...<br \/><div class=\"pt-cv-rmwrap\"><a href=\"https:\/\/laser.usal.es\/alf\/es\/2024\/09\/23\/xl-semanal-se-hace-eco-de-la-trayectoria-de-carlos-hernandez-garcia\/\" class=\"_self pt-cv-readmore btn btn-success\" target=\"_self\">Leer M\u00e1s<\/a><\/div><\/div><\/div>\n<div class=\" pt-cv-content-item pt-cv-1-col\" ><div class=\"pt-cv-thumb-wrapper  \"><a href=\"https:\/\/laser.usal.es\/alf\/es\/2024\/03\/20\/el-presidente-de-la-junta-de-castilla-y-leon-se-reune-con-investigadores-del-programa-del-consejo-europeo-de-investigacion\/\" class=\"_self pt-cv-href-thumbnail pt-cv-thumb-default\" target=\"_self\" ><img fetchpriority=\"high\" decoding=\"async\" width=\"300\" height=\"194\" src=\"https:\/\/laser.usal.es\/alf\/wp-content\/uploads\/2024\/03\/JuntaCyLyERC-300x194.jpeg\" class=\"pt-cv-thumbnail\" alt=\"\" \/><\/a><\/div>\n<div class=\"pt-cv-taxoterm above_title\"><a href='https:\/\/laser.usal.es\/alf\/es\/category\/post_spn\/attostructura\/' title='Attostructura' class='pt-cv-tax-attostructura'>Attostructura<\/a><a href='https:\/\/laser.usal.es\/alf\/es\/category\/post_spn\/sala-de-prensa\/' title='Sala de prensa' class='pt-cv-tax-sala-de-prensa'>Sala de prensa<\/a><\/div>\n<h4 class=\"pt-cv-title\"><a href=\"https:\/\/laser.usal.es\/alf\/es\/2024\/03\/20\/el-presidente-de-la-junta-de-castilla-y-leon-se-reune-con-investigadores-del-programa-del-consejo-europeo-de-investigacion\/\" class=\"_self\" target=\"_self\" >El presidente de la Junta de Castilla y Le\u00f3n se re\u00fane con investigadores del programa del Consejo Europeo de Investigaci\u00f3n<\/a><\/h4>\n<div class=\"pt-cv-content\">El lunes 18 de marzo, el presidente de la Junta de Castilla y Le\u00f3n, Alfonso Fern\u00e1ndez Ma\u00f1ueco, sostuvo una reuni\u00f3n ...<br \/><div class=\"pt-cv-rmwrap\"><a href=\"https:\/\/laser.usal.es\/alf\/es\/2024\/03\/20\/el-presidente-de-la-junta-de-castilla-y-leon-se-reune-con-investigadores-del-programa-del-consejo-europeo-de-investigacion\/\" class=\"_self pt-cv-readmore btn btn-success\" target=\"_self\">Leer M\u00e1s<\/a><\/div><\/div><\/div>\n<div class=\" pt-cv-content-item pt-cv-1-col\" ><div class=\"pt-cv-thumb-wrapper  \"><a href=\"https:\/\/laser.usal.es\/alf\/es\/2024\/01\/22\/celebracion-de-la-reunion-inaugural-de-la-red-faslight\/\" class=\"_self pt-cv-href-thumbnail pt-cv-thumb-default\" target=\"_self\" ><img decoding=\"async\" width=\"300\" height=\"200\" data-src=\"https:\/\/laser.usal.es\/alf\/wp-content\/uploads\/2024\/01\/IMG_5920-300x200.jpeg\" class=\"pt-cv-thumbnail lazyload\" alt=\"\" src=\"data:image\/svg+xml;base64,PHN2ZyB3aWR0aD0iMSIgaGVpZ2h0PSIxIiB4bWxucz0iaHR0cDovL3d3dy53My5vcmcvMjAwMC9zdmciPjwvc3ZnPg==\" style=\"--smush-placeholder-width: 300px; --smush-placeholder-aspect-ratio: 300\/200;\" \/><\/a><\/div>\n<div class=\"pt-cv-taxoterm above_title\"><a href='https:\/\/laser.usal.es\/alf\/es\/category\/faslight-es\/' title='FASLIGHT' class='pt-cv-tax-faslight-es'>FASLIGHT<\/a><a href='https:\/\/laser.usal.es\/alf\/es\/category\/post_spn\/noticias\/' title='Noticias' class='pt-cv-tax-noticias'>Noticias<\/a><a href='https:\/\/laser.usal.es\/alf\/es\/category\/post_spn\/sala-de-prensa\/' title='Sala de prensa' class='pt-cv-tax-sala-de-prensa'>Sala de prensa<\/a><\/div>\n<h4 class=\"pt-cv-title\"><a href=\"https:\/\/laser.usal.es\/alf\/es\/2024\/01\/22\/celebracion-de-la-reunion-inaugural-de-la-red-faslight\/\" class=\"_self\" target=\"_self\" >Celebraci\u00f3n de la reuni\u00f3n inaugural de la red FASLIGHT<\/a><\/h4>\n<div class=\"pt-cv-content\">Aunque en funcionamiento desde junio de 2023, la red FASLIGHT (RED2022-134391-T) ha comenzado oficialmente su trayectoria con la celebraci\u00f3n de ...<br \/><div class=\"pt-cv-rmwrap\"><a href=\"https:\/\/laser.usal.es\/alf\/es\/2024\/01\/22\/celebracion-de-la-reunion-inaugural-de-la-red-faslight\/\" class=\"_self pt-cv-readmore btn btn-success\" target=\"_self\">Leer M\u00e1s<\/a><\/div><\/div><\/div>\n<div class=\" pt-cv-content-item pt-cv-1-col\" ><div class=\"pt-cv-thumb-wrapper  \"><a href=\"https:\/\/laser.usal.es\/alf\/es\/2023\/10\/25\/maria-fernandez-galan-2o-premio-del-xx-certamen-universitario-arquimedes-de-introduccion-a-la-investigacion-cientifica\/\" class=\"_self pt-cv-href-thumbnail pt-cv-thumb-default\" target=\"_self\" ><img decoding=\"async\" width=\"300\" height=\"225\" data-src=\"https:\/\/laser.usal.es\/alf\/wp-content\/uploads\/2023\/10\/Arquimedes_original_1-300x225.jpg\" class=\"pt-cv-thumbnail lazyload\" alt=\"\" src=\"data:image\/svg+xml;base64,PHN2ZyB3aWR0aD0iMSIgaGVpZ2h0PSIxIiB4bWxucz0iaHR0cDovL3d3dy53My5vcmcvMjAwMC9zdmciPjwvc3ZnPg==\" style=\"--smush-placeholder-width: 300px; --smush-placeholder-aspect-ratio: 300\/225;\" \/><\/a><\/div>\n<div class=\"pt-cv-taxoterm above_title\"><a href='https:\/\/laser.usal.es\/alf\/es\/category\/post_spn\/noticias\/' title='Noticias' class='pt-cv-tax-noticias'>Noticias<\/a><a href='https:\/\/laser.usal.es\/alf\/es\/category\/post_spn\/premios-y-reconocimientos\/' title='Premios y reconocimientos' class='pt-cv-tax-premios-y-reconocimientos'>Premios y reconocimientos<\/a><a href='https:\/\/laser.usal.es\/alf\/es\/category\/post_spn\/sala-de-prensa\/' title='Sala de prensa' class='pt-cv-tax-sala-de-prensa'>Sala de prensa<\/a><\/div>\n<h4 class=\"pt-cv-title\"><a href=\"https:\/\/laser.usal.es\/alf\/es\/2023\/10\/25\/maria-fernandez-galan-2o-premio-del-xx-certamen-universitario-arquimedes-de-introduccion-a-la-investigacion-cientifica\/\" class=\"_self\" target=\"_self\" >Marina Fern\u00e1ndez Gal\u00e1n 2\u00ba Premio del XX Certamen Universitario &#8216;Arqu\u00edmedes&#8217; de Introducci\u00f3n a la Investigaci\u00f3n Cient\u00edfica<\/a><\/h4>\n<div class=\"pt-cv-content\">El pasado 20 de octubre en el Ministerio de Universidades en Madrid, Marina Fern\u00e1ndez Gal\u00e1n estudiante fue galardonada con el ...<br \/><div class=\"pt-cv-rmwrap\"><a href=\"https:\/\/laser.usal.es\/alf\/es\/2023\/10\/25\/maria-fernandez-galan-2o-premio-del-xx-certamen-universitario-arquimedes-de-introduccion-a-la-investigacion-cientifica\/\" class=\"_self pt-cv-readmore btn btn-success\" target=\"_self\">Leer M\u00e1s<\/a><\/div><\/div><\/div>\n<div class=\" pt-cv-content-item pt-cv-1-col\" ><div class=\"pt-cv-thumb-wrapper  \"><a href=\"https:\/\/laser.usal.es\/alf\/es\/2023\/06\/28\/maria-sanchez-estudiante-del-master-en-fisica-y-tecnologia-de-los-laseres-obtiene-una-de-las-20-prestigiosas-becas-internacionales-optica-woman-scholar\/\" class=\"_self pt-cv-href-thumbnail pt-cv-thumb-default\" target=\"_self\" ><img decoding=\"async\" width=\"300\" height=\"170\" data-src=\"https:\/\/laser.usal.es\/alf\/wp-content\/uploads\/2023\/06\/NORMAL_376-300x170.jpg\" class=\"pt-cv-thumbnail lazyload\" alt=\"\" src=\"data:image\/svg+xml;base64,PHN2ZyB3aWR0aD0iMSIgaGVpZ2h0PSIxIiB4bWxucz0iaHR0cDovL3d3dy53My5vcmcvMjAwMC9zdmciPjwvc3ZnPg==\" style=\"--smush-placeholder-width: 300px; --smush-placeholder-aspect-ratio: 300\/170;\" \/><\/a><\/div>\n<div class=\"pt-cv-taxoterm above_title\"><a href='https:\/\/laser.usal.es\/alf\/es\/category\/post_spn\/noticias\/' title='Noticias' class='pt-cv-tax-noticias'>Noticias<\/a><a href='https:\/\/laser.usal.es\/alf\/es\/category\/post_spn\/premios-y-reconocimientos\/' title='Premios y reconocimientos' class='pt-cv-tax-premios-y-reconocimientos'>Premios y reconocimientos<\/a><a href='https:\/\/laser.usal.es\/alf\/es\/category\/post_spn\/sala-de-prensa\/' title='Sala de prensa' class='pt-cv-tax-sala-de-prensa'>Sala de prensa<\/a><\/div>\n<h4 class=\"pt-cv-title\"><a href=\"https:\/\/laser.usal.es\/alf\/es\/2023\/06\/28\/maria-sanchez-estudiante-del-master-en-fisica-y-tecnologia-de-los-laseres-obtiene-una-de-las-20-prestigiosas-becas-internacionales-optica-woman-scholar\/\" class=\"_self\" target=\"_self\" >Mar\u00eda S\u00e1nchez, estudiante del m\u00e1ster en F\u00edsica y Tecnolog\u00eda de los L\u00e1seres, obtiene una de las 20 prestigiosas becas internacionales \u2018Optica Woman Scholar\u2019<\/a><\/h4>\n<div class=\"pt-cv-content\">Mar\u00eda S\u00e1nchez Hern\u00e1ndez, estudiante del m\u00e1ster en F\u00edsica y Tecnolog\u00eda de los L\u00e1seres de la Universidad de Salamanca, ha conseguido ...<br \/><div class=\"pt-cv-rmwrap\"><a href=\"https:\/\/laser.usal.es\/alf\/es\/2023\/06\/28\/maria-sanchez-estudiante-del-master-en-fisica-y-tecnologia-de-los-laseres-obtiene-una-de-las-20-prestigiosas-becas-internacionales-optica-woman-scholar\/\" class=\"_self pt-cv-readmore btn btn-success\" target=\"_self\">Leer M\u00e1s<\/a><\/div><\/div><\/div>\n<div class=\" pt-cv-content-item pt-cv-1-col\" ><div class=\"pt-cv-thumb-wrapper  \"><a href=\"https:\/\/laser.usal.es\/alf\/es\/2023\/06\/22\/elementor-8096\/\" class=\"_self pt-cv-href-thumbnail pt-cv-thumb-default\" target=\"_self\" ><img decoding=\"async\" width=\"300\" height=\"170\" data-src=\"https:\/\/laser.usal.es\/alf\/wp-content\/uploads\/2023\/06\/NORMAL_356-300x170.jpg\" class=\"pt-cv-thumbnail lazyload\" alt=\"\" src=\"data:image\/svg+xml;base64,PHN2ZyB3aWR0aD0iMSIgaGVpZ2h0PSIxIiB4bWxucz0iaHR0cDovL3d3dy53My5vcmcvMjAwMC9zdmciPjwvc3ZnPg==\" style=\"--smush-placeholder-width: 300px; --smush-placeholder-aspect-ratio: 300\/170;\" \/><\/a><\/div>\n<div class=\"pt-cv-taxoterm above_title\"><a href='https:\/\/laser.usal.es\/alf\/es\/category\/post_spn\/noticias\/' title='Noticias' class='pt-cv-tax-noticias'>Noticias<\/a><a href='https:\/\/laser.usal.es\/alf\/es\/category\/post_spn\/sala-de-prensa\/' title='Sala de prensa' class='pt-cv-tax-sala-de-prensa'>Sala de prensa<\/a><\/div>\n<h4 class=\"pt-cv-title\"><a href=\"https:\/\/laser.usal.es\/alf\/es\/2023\/06\/22\/elementor-8096\/\" class=\"_self\" target=\"_self\" >Margaret Murnane y Antonio Colinas nuevos Doctores Honoris Causa por la USAL<\/a><\/h4>\n<div class=\"pt-cv-content\">La f\u00edsica irlandesa Margaret Murnane y el poeta leon\u00e9s Antonio Colinas fueron investidos como doctores honoris de la Universidad de ...<br \/><div class=\"pt-cv-rmwrap\"><a href=\"https:\/\/laser.usal.es\/alf\/es\/2023\/06\/22\/elementor-8096\/\" class=\"_self pt-cv-readmore btn btn-success\" target=\"_self\">Leer M\u00e1s<\/a><\/div><\/div><\/div><\/div><\/div>\n<div class=\" pt-cv-pagination-wrapper\"><ul class=\"pt-cv-pagination pt-cv-ajax pagination\" data-totalpages=\"10\" data-currentpage=\"1\" data-sid=\"cc83986dh9\" data-unid=\"\" data-isblock=\"\" data-postid=\"\"><li class=\"active\"><a href=\"#\">1<\/a><\/li>\n\t<li ><a class=\"\" href=\"https:\/\/laser.usal.es\/alf\/wp-json\/wp\/v2\/pages\/2874\/?_page=2\">2<\/a><\/li>\n\t<li ><a class=\"\" href=\"https:\/\/laser.usal.es\/alf\/wp-json\/wp\/v2\/pages\/2874\/?_page=3\">3<\/a><\/li>\n\t<li ><a href=\"#\">&hellip;<\/a><\/li>\n\t<li ><a class=\"\" href=\"https:\/\/laser.usal.es\/alf\/wp-json\/wp\/v2\/pages\/2874\/?_page=10\">10<\/a><\/li>\n\t<li ><a class=\" \" href=\"https:\/\/laser.usal.es\/alf\/wp-json\/wp\/v2\/pages\/2874\/?_page=2\">&rsaquo;<\/a><\/li>\n\t<\/ul><img loading=\"lazy\" decoding=\"async\" width=\"15\" height=\"15\" class=\"pt-cv-spinner\" alt=\"Cargando...\" src=\"data:image\/gif;base64,R0lGODlhDwAPALMPAMrKygwMDJOTkz09PZWVla+vr3p6euTk5M7OzuXl5TMzMwAAAJmZmWZmZszMzP\/\/\/yH\/C05FVFNDQVBFMi4wAwEAAAAh+QQFCgAPACwAAAAADwAPAAAEQvDJaZaZOIcV8iQK8VRX4iTYoAwZ4iCYoAjZ4RxejhVNoT+mRGP4cyF4Pp0N98sBGIBMEMOotl6YZ3S61Bmbkm4mAgAh+QQFCgAPACwAAAAADQANAAAENPDJSRSZeA418itN8QiK8BiLITVsFiyBBIoYqnoewAD4xPw9iY4XLGYSjkQR4UAUD45DLwIAIfkEBQoADwAsAAAAAA8ACQAABC\/wyVlamTi3nSdgwFNdhEJgTJoNyoB9ISYoQmdjiZPcj7EYCAeCF1gEDo4Dz2eIAAAh+QQFCgAPACwCAAAADQANAAAEM\/DJBxiYeLKdX3IJZT1FU0iIg2RNKx3OkZVnZ98ToRD4MyiDnkAh6BkNC0MvsAj0kMpHBAAh+QQFCgAPACwGAAAACQAPAAAEMDC59KpFDll73HkAA2wVY5KgiK5b0RRoI6MuzG6EQqCDMlSGheEhUAgqgUUAFRySIgAh+QQFCgAPACwCAAIADQANAAAEM\/DJKZNLND\/kkKaHc3xk+QAMYDKsiaqmZCxGVjSFFCxB1vwy2oOgIDxuucxAMTAJFAJNBAAh+QQFCgAPACwAAAYADwAJAAAEMNAs86q1yaWwwv2Ig0jUZx3OYa4XoRAfwADXoAwfo1+CIjyFRuEho60aSNYlOPxEAAAh+QQFCgAPACwAAAIADQANAAAENPA9s4y8+IUVcqaWJ4qEQozSoAzoIyhCK2NFU2SJk0hNnyEOhKR2AzAAj4Pj4GE4W0bkJQIAOw==\" \/><div class=\"clear pt-cv-clear-pagination\"><\/div><\/div><\/div>\t\t\t<style type=\"text\/css\" id=\"pt-cv-inline-style-bd7458ca18\">\n#pt-cv-view-cc83986dh9 .pt-cv-thumb-wrapper:not(.miniwrap) {  }#pt-cv-view-cc83986dh9 .pt-cv-thumbnail:not(.pt-cv-thumbnailsm) { height: 250px; }#pt-cv-view-cc83986dh9 > .pt-cv-page {grid-template-columns: repeat(3, 1fr);grid-gap: 20px;}\n@media all and (max-width: 1024px) { \n#pt-cv-view-cc83986dh9 > .pt-cv-page {grid-template-columns: repeat(1, 1fr);}\n} \n@media all and (max-width: 767px) { \n#pt-cv-view-cc83986dh9 > .pt-cv-page {grid-template-columns: repeat(1, 1fr);}\n} <\/style>\r\n\t\t\t<\/div>\n\t\t\t\t\t\t<\/div>\n\t\t\t\t<\/div>\n\t\t\t\t\t<\/div>\n\t\t<\/div>\n\t\t\t\t\t<\/div>\n\t\t<\/section>\n\t\t\t\t<\/div>\n\t\t\n<div class=\"twitter-share\"><a href=\"https:\/\/twitter.com\/intent\/tweet?via=OpticaExtrema\" class=\"twitter-share-button\">Twittear<\/a><\/div>\n","protected":false},"excerpt":{"rendered":"AttostructuraNoticiasResultados ALFSala de prensa XL Semanal se hace eco de la trayectoria de Carlos Hern\u00e1ndez Garc\u00eda La revista XL Semanal se hace eco del trabajo y la destacada trayectoria investigadora de Carlos Hern\u00e1ndez Garc\u00eda, miembro de ...Leer M\u00e1s AttostructuraSala de prensa El presidente de la Junta de Castilla y Le\u00f3n se re\u00fane con investigadores del","protected":false},"author":1,"featured_media":0,"parent":0,"menu_order":0,"comment_status":"closed","ping_status":"closed","template":"","meta":{"footnotes":""},"class_list":["post-2874","page","type-page","status-publish","hentry"],"_links":{"self":[{"href":"https:\/\/laser.usal.es\/alf\/wp-json\/wp\/v2\/pages\/2874","targetHints":{"allow":["GET"]}}],"collection":[{"href":"https:\/\/laser.usal.es\/alf\/wp-json\/wp\/v2\/pages"}],"about":[{"href":"https:\/\/laser.usal.es\/alf\/wp-json\/wp\/v2\/types\/page"}],"author":[{"embeddable":true,"href":"https:\/\/laser.usal.es\/alf\/wp-json\/wp\/v2\/users\/1"}],"replies":[{"embeddable":true,"href":"https:\/\/laser.usal.es\/alf\/wp-json\/wp\/v2\/comments?post=2874"}],"version-history":[{"count":13,"href":"https:\/\/laser.usal.es\/alf\/wp-json\/wp\/v2\/pages\/2874\/revisions"}],"predecessor-version":[{"id":9585,"href":"https:\/\/laser.usal.es\/alf\/wp-json\/wp\/v2\/pages\/2874\/revisions\/9585"}],"wp:attachment":[{"href":"https:\/\/laser.usal.es\/alf\/wp-json\/wp\/v2\/media?parent=2874"}],"curies":[{"name":"wp","href":"https:\/\/api.w.org\/{rel}","templated":true}]}}