{"id":2877,"date":"2017-05-25T22:56:00","date_gmt":"2017-05-25T21:56:00","guid":{"rendered":"http:\/\/laser.usal.es\/alf\/?page_id=2877"},"modified":"2024-03-19T14:33:11","modified_gmt":"2024-03-19T13:33:11","slug":"press-room","status":"publish","type":"page","link":"https:\/\/laser.usal.es\/alf\/en\/press-room\/","title":{"rendered":"Press room"},"content":{"rendered":"\t\t<div data-elementor-type=\"wp-page\" data-elementor-id=\"2877\" class=\"elementor elementor-2877\">\n\t\t\t\t\t\t<section class=\"elementor-section elementor-top-section elementor-element elementor-element-66a085f3 elementor-section-boxed elementor-section-height-default elementor-section-height-default\" data-id=\"66a085f3\" data-element_type=\"section\" data-e-type=\"section\">\n\t\t\t\t\t\t<div class=\"elementor-container elementor-column-gap-default\">\n\t\t\t\t\t<div class=\"elementor-column elementor-col-100 elementor-top-column elementor-element elementor-element-3d8bf9b3\" data-id=\"3d8bf9b3\" data-element_type=\"column\" data-e-type=\"column\">\n\t\t\t<div class=\"elementor-widget-wrap elementor-element-populated\">\n\t\t\t\t\t\t<div class=\"elementor-element elementor-element-2e79d801 elementor-widget elementor-widget-shortcode\" data-id=\"2e79d801\" data-element_type=\"widget\" data-e-type=\"widget\" data-widget_type=\"shortcode.default\">\n\t\t\t\t<div class=\"elementor-widget-container\">\n\t\t\t\t\t\t\t<div class=\"elementor-shortcode\"><div class=\"pt-cv-wrapper\"><div class=\"pt-cv-view pt-cv-blockgrid iscvblock iscvhybrid grid1 layout1\" id=\"pt-cv-view-f047d5ayv8\"><div data-id=\"pt-cv-page-1\" class=\"pt-cv-page\" data-cvc=\"3\"><div class=\" pt-cv-content-item pt-cv-1-col\" ><div class=\"pt-cv-thumb-wrapper  \"><a href=\"https:\/\/laser.usal.es\/alf\/en\/2024\/09\/23\/xl-semanal-highlights-the-career-of-carlos-hernandez-garcia\/\" class=\"_self pt-cv-href-thumbnail pt-cv-thumb-default\" target=\"_self\" ><img decoding=\"async\" width=\"313\" height=\"60\" data-src=\"https:\/\/laser.usal.es\/alf\/wp-content\/uploads\/2024\/09\/XLSemanal-e1727953359672.jpeg\" class=\"pt-cv-thumbnail lazyload\" alt=\"\" src=\"data:image\/svg+xml;base64,PHN2ZyB3aWR0aD0iMSIgaGVpZ2h0PSIxIiB4bWxucz0iaHR0cDovL3d3dy53My5vcmcvMjAwMC9zdmciPjwvc3ZnPg==\" style=\"--smush-placeholder-width: 313px; --smush-placeholder-aspect-ratio: 313\/60;\" \/><\/a><\/div>\n<div class=\"pt-cv-taxoterm above_title\"><a href='https:\/\/laser.usal.es\/alf\/en\/category\/post_eng\/scientific-outreach\/alf-results\/' title='ALF results' class='pt-cv-tax-alf-results'>ALF results<\/a><a href='https:\/\/laser.usal.es\/alf\/en\/category\/post_eng\/attostructura-en\/' title='Attostructura_En' class='pt-cv-tax-attostructura-en'>Attostructura_En<\/a><a href='https:\/\/laser.usal.es\/alf\/en\/category\/post_eng\/news\/' title='News' class='pt-cv-tax-news'>News<\/a><a href='https:\/\/laser.usal.es\/alf\/en\/category\/post_eng\/press-release\/' title='Press release' class='pt-cv-tax-press-release'>Press release<\/a><\/div>\n<h4 class=\"pt-cv-title\"><a href=\"https:\/\/laser.usal.es\/alf\/en\/2024\/09\/23\/xl-semanal-highlights-the-career-of-carlos-hernandez-garcia\/\" class=\"_self\" target=\"_self\" >XL Semanal highlights the career of Carlos Hern\u00e1ndez Garc\u00eda<\/a><\/h4>\n<div class=\"pt-cv-content\">The magazine XL Semanal highlights the work and outstanding research career of Carlos Hern\u00e1ndez Garc\u00eda, a member of our research ...<br \/><div class=\"pt-cv-rmwrap\"><a href=\"https:\/\/laser.usal.es\/alf\/en\/2024\/09\/23\/xl-semanal-highlights-the-career-of-carlos-hernandez-garcia\/\" class=\"_self pt-cv-readmore btn btn-success\" target=\"_self\">Leer M\u00e1s<\/a><\/div><\/div><\/div>\n<div class=\" pt-cv-content-item pt-cv-1-col\" ><div class=\"pt-cv-thumb-wrapper  \"><a href=\"https:\/\/laser.usal.es\/alf\/en\/2024\/03\/20\/the-president-of-the-junta-of-castilla-y-leon-meets-with-researchers-from-the-european-research-council-program\/\" class=\"_self pt-cv-href-thumbnail pt-cv-thumb-default\" target=\"_self\" ><img fetchpriority=\"high\" decoding=\"async\" width=\"768\" height=\"496\" src=\"https:\/\/laser.usal.es\/alf\/wp-content\/uploads\/2024\/03\/JuntaCyLyERC-768x496.jpeg\" class=\"pt-cv-thumbnail\" alt=\"\" \/><\/a><\/div>\n<div class=\"pt-cv-taxoterm above_title\"><a href='https:\/\/laser.usal.es\/alf\/en\/category\/post_eng\/attostructura-en\/' title='Attostructura_En' class='pt-cv-tax-attostructura-en'>Attostructura_En<\/a><a href='https:\/\/laser.usal.es\/alf\/en\/category\/post_eng\/press-release\/' title='Press release' class='pt-cv-tax-press-release'>Press release<\/a><\/div>\n<h4 class=\"pt-cv-title\"><a href=\"https:\/\/laser.usal.es\/alf\/en\/2024\/03\/20\/the-president-of-the-junta-of-castilla-y-leon-meets-with-researchers-from-the-european-research-council-program\/\" class=\"_self\" target=\"_self\" >The President of the Junta of Castilla y Le\u00f3n meets with researchers from the European Research Council program.<\/a><\/h4>\n<div class=\"pt-cv-content\">On Monday, March 18th, the President of the Junta of Castilla y Le\u00f3n, Alfonso Fern\u00e1ndez Ma\u00f1ueco, held a meeting with ...<br \/><div class=\"pt-cv-rmwrap\"><a href=\"https:\/\/laser.usal.es\/alf\/en\/2024\/03\/20\/the-president-of-the-junta-of-castilla-y-leon-meets-with-researchers-from-the-european-research-council-program\/\" class=\"_self pt-cv-readmore btn btn-success\" target=\"_self\">Leer M\u00e1s<\/a><\/div><\/div><\/div>\n<div class=\" pt-cv-content-item pt-cv-1-col\" ><div class=\"pt-cv-thumb-wrapper  \"><a href=\"https:\/\/laser.usal.es\/alf\/en\/2024\/01\/22\/celebration-of-the-inaugural-meeting-of-the-faslight-network\/\" class=\"_self pt-cv-href-thumbnail pt-cv-thumb-default\" target=\"_self\" ><img decoding=\"async\" width=\"768\" height=\"512\" data-src=\"https:\/\/laser.usal.es\/alf\/wp-content\/uploads\/2024\/01\/IMG_5920-768x512.jpeg\" class=\"pt-cv-thumbnail lazyload\" alt=\"\" src=\"data:image\/svg+xml;base64,PHN2ZyB3aWR0aD0iMSIgaGVpZ2h0PSIxIiB4bWxucz0iaHR0cDovL3d3dy53My5vcmcvMjAwMC9zdmciPjwvc3ZnPg==\" style=\"--smush-placeholder-width: 768px; --smush-placeholder-aspect-ratio: 768\/512;\" \/><\/a><\/div>\n<div class=\"pt-cv-taxoterm above_title\"><a href='https:\/\/laser.usal.es\/alf\/en\/category\/faslight\/' title='FASLIGHT_en' class='pt-cv-tax-faslight'>FASLIGHT_en<\/a><a href='https:\/\/laser.usal.es\/alf\/en\/category\/post_eng\/news\/' title='News' class='pt-cv-tax-news'>News<\/a><a href='https:\/\/laser.usal.es\/alf\/en\/category\/post_eng\/press-release\/' title='Press release' class='pt-cv-tax-press-release'>Press release<\/a><\/div>\n<h4 class=\"pt-cv-title\"><a href=\"https:\/\/laser.usal.es\/alf\/en\/2024\/01\/22\/celebration-of-the-inaugural-meeting-of-the-faslight-network\/\" class=\"_self\" target=\"_self\" >Celebration of the inaugural meeting of the FASLIGHT network<\/a><\/h4>\n<div class=\"pt-cv-content\">Although in operation since June 2023, the FASLIGHT (RED2022-134391-T) network has officially begun its journey with the celebration of its ...<br \/><div class=\"pt-cv-rmwrap\"><a href=\"https:\/\/laser.usal.es\/alf\/en\/2024\/01\/22\/celebration-of-the-inaugural-meeting-of-the-faslight-network\/\" class=\"_self pt-cv-readmore btn btn-success\" target=\"_self\">Leer M\u00e1s<\/a><\/div><\/div><\/div>\n<div class=\" pt-cv-content-item pt-cv-1-col\" ><div class=\"pt-cv-thumb-wrapper  \"><a href=\"https:\/\/laser.usal.es\/alf\/en\/2023\/10\/25\/marina-fernandez-galan-2nd-prize-of-the-xx-arquimedes-university-contest-for-introduction-to-scientific-research\/\" class=\"_self pt-cv-href-thumbnail pt-cv-thumb-default\" target=\"_self\" ><img decoding=\"async\" width=\"768\" height=\"576\" data-src=\"https:\/\/laser.usal.es\/alf\/wp-content\/uploads\/2023\/10\/Arquimedes_original_1-768x576.jpg\" class=\"pt-cv-thumbnail lazyload\" alt=\"\" src=\"data:image\/svg+xml;base64,PHN2ZyB3aWR0aD0iMSIgaGVpZ2h0PSIxIiB4bWxucz0iaHR0cDovL3d3dy53My5vcmcvMjAwMC9zdmciPjwvc3ZnPg==\" style=\"--smush-placeholder-width: 768px; --smush-placeholder-aspect-ratio: 768\/576;\" \/><\/a><\/div>\n<div class=\"pt-cv-taxoterm above_title\"><a href='https:\/\/laser.usal.es\/alf\/en\/category\/post_eng\/awards-and-honours\/' title='Awards and honours' class='pt-cv-tax-awards-and-honours'>Awards and honours<\/a><a href='https:\/\/laser.usal.es\/alf\/en\/category\/post_eng\/news\/' title='News' class='pt-cv-tax-news'>News<\/a><a href='https:\/\/laser.usal.es\/alf\/en\/category\/post_eng\/press-release\/' title='Press release' class='pt-cv-tax-press-release'>Press release<\/a><\/div>\n<h4 class=\"pt-cv-title\"><a href=\"https:\/\/laser.usal.es\/alf\/en\/2023\/10\/25\/marina-fernandez-galan-2nd-prize-of-the-xx-arquimedes-university-contest-for-introduction-to-scientific-research\/\" class=\"_self\" target=\"_self\" >Marina Fern\u00e1ndez Gal\u00e1n 2nd Prize of the XX &#8216;Arqu\u00edmedes&#8217; University Contest for Introduction to Scientific Research<\/a><\/h4>\n<div class=\"pt-cv-content\">On October 20 at the Ministry of Universities in Madrid, student Marina Fern\u00e1ndez Gal\u00e1n was awarded the 2nd Prize of ...<br \/><div class=\"pt-cv-rmwrap\"><a href=\"https:\/\/laser.usal.es\/alf\/en\/2023\/10\/25\/marina-fernandez-galan-2nd-prize-of-the-xx-arquimedes-university-contest-for-introduction-to-scientific-research\/\" class=\"_self pt-cv-readmore btn btn-success\" target=\"_self\">Leer M\u00e1s<\/a><\/div><\/div><\/div>\n<div class=\" pt-cv-content-item pt-cv-1-col\" ><div class=\"pt-cv-thumb-wrapper  \"><a href=\"https:\/\/laser.usal.es\/alf\/en\/2023\/06\/28\/maria-sanchez-student-of-the-masters-degree-in-physics-and-technology-of-lasers-obtains-one-of-the-20-prestigious-international-scholarships-optica-woman-scholar\/\" class=\"_self pt-cv-href-thumbnail pt-cv-thumb-default\" target=\"_self\" ><img decoding=\"async\" width=\"647\" height=\"367\" data-src=\"https:\/\/laser.usal.es\/alf\/wp-content\/uploads\/2023\/06\/NORMAL_376.jpg\" class=\"pt-cv-thumbnail lazyload\" alt=\"\" src=\"data:image\/svg+xml;base64,PHN2ZyB3aWR0aD0iMSIgaGVpZ2h0PSIxIiB4bWxucz0iaHR0cDovL3d3dy53My5vcmcvMjAwMC9zdmciPjwvc3ZnPg==\" style=\"--smush-placeholder-width: 647px; --smush-placeholder-aspect-ratio: 647\/367;\" \/><\/a><\/div>\n<div class=\"pt-cv-taxoterm above_title\"><a href='https:\/\/laser.usal.es\/alf\/en\/category\/post_eng\/awards-and-honours\/' title='Awards and honours' class='pt-cv-tax-awards-and-honours'>Awards and honours<\/a><a href='https:\/\/laser.usal.es\/alf\/en\/category\/post_eng\/news\/' title='News' class='pt-cv-tax-news'>News<\/a><a href='https:\/\/laser.usal.es\/alf\/en\/category\/post_eng\/press-release\/' title='Press release' class='pt-cv-tax-press-release'>Press release<\/a><\/div>\n<h4 class=\"pt-cv-title\"><a href=\"https:\/\/laser.usal.es\/alf\/en\/2023\/06\/28\/maria-sanchez-student-of-the-masters-degree-in-physics-and-technology-of-lasers-obtains-one-of-the-20-prestigious-international-scholarships-optica-woman-scholar\/\" class=\"_self\" target=\"_self\" >Mar\u00eda S\u00e1nchez, student of the master&#8217;s degree in Physics and Technology of Lasers, obtains one of the 20 prestigious international scholarships &#8216;Optica Woman Scholar&#8217;<\/a><\/h4>\n<div class=\"pt-cv-content\">On October 20 at the Ministry of Universities in Madrid, student Marina Fern\u00e1ndez Gal\u00e1n was awarded the 2nd Prize of ...<br \/><div class=\"pt-cv-rmwrap\"><a href=\"https:\/\/laser.usal.es\/alf\/en\/2023\/06\/28\/maria-sanchez-student-of-the-masters-degree-in-physics-and-technology-of-lasers-obtains-one-of-the-20-prestigious-international-scholarships-optica-woman-scholar\/\" class=\"_self pt-cv-readmore btn btn-success\" target=\"_self\">Leer M\u00e1s<\/a><\/div><\/div><\/div>\n<div class=\" pt-cv-content-item pt-cv-1-col\" ><div class=\"pt-cv-thumb-wrapper  \"><a href=\"https:\/\/laser.usal.es\/alf\/en\/2023\/06\/22\/margaret-murnane-and-antonio-colinas-new-doctors-honoris-causa-from-usal\/\" class=\"_self pt-cv-href-thumbnail pt-cv-thumb-default\" target=\"_self\" ><img decoding=\"async\" width=\"647\" height=\"367\" data-src=\"https:\/\/laser.usal.es\/alf\/wp-content\/uploads\/2023\/06\/NORMAL_356.jpg\" class=\"pt-cv-thumbnail lazyload\" alt=\"\" src=\"data:image\/svg+xml;base64,PHN2ZyB3aWR0aD0iMSIgaGVpZ2h0PSIxIiB4bWxucz0iaHR0cDovL3d3dy53My5vcmcvMjAwMC9zdmciPjwvc3ZnPg==\" style=\"--smush-placeholder-width: 647px; --smush-placeholder-aspect-ratio: 647\/367;\" \/><\/a><\/div>\n<div class=\"pt-cv-taxoterm above_title\"><a href='https:\/\/laser.usal.es\/alf\/en\/category\/post_eng\/news\/' title='News' class='pt-cv-tax-news'>News<\/a><a href='https:\/\/laser.usal.es\/alf\/en\/category\/post_eng\/press-release\/' title='Press release' class='pt-cv-tax-press-release'>Press release<\/a><\/div>\n<h4 class=\"pt-cv-title\"><a href=\"https:\/\/laser.usal.es\/alf\/en\/2023\/06\/22\/margaret-murnane-and-antonio-colinas-new-doctors-honoris-causa-from-usal\/\" class=\"_self\" target=\"_self\" >Margaret Murnane and Antonio Colinas new Doctors Honoris Causa from USAL<\/a><\/h4>\n<div class=\"pt-cv-content\">The Irish physicist Margaret Murnane and the Leonese poet Antonio Colinas were invested as honorary doctors from the University of ...<br \/><div class=\"pt-cv-rmwrap\"><a href=\"https:\/\/laser.usal.es\/alf\/en\/2023\/06\/22\/margaret-murnane-and-antonio-colinas-new-doctors-honoris-causa-from-usal\/\" class=\"_self pt-cv-readmore btn btn-success\" target=\"_self\">Leer M\u00e1s<\/a><\/div><\/div><\/div><\/div><\/div>\n<div class=\" pt-cv-pagination-wrapper\"><ul class=\"pt-cv-pagination pt-cv-ajax pagination\" data-totalpages=\"2\" data-currentpage=\"1\" data-sid=\"f047d5ayv8\" data-unid=\"\" data-isblock=\"\" data-postid=\"\"><li class=\"active\"><a href=\"#\">1<\/a><\/li>\n\t<li ><a class=\"\" href=\"https:\/\/laser.usal.es\/alf\/wp-json\/wp\/v2\/pages\/2877\/?_page=2\">2<\/a><\/li>\n\t<li ><a class=\" \" href=\"https:\/\/laser.usal.es\/alf\/wp-json\/wp\/v2\/pages\/2877\/?_page=2\">&rsaquo;<\/a><\/li>\n\t<\/ul><img loading=\"lazy\" decoding=\"async\" width=\"15\" height=\"15\" class=\"pt-cv-spinner\" alt=\"Cargando...\" src=\"data:image\/gif;base64,R0lGODlhDwAPALMPAMrKygwMDJOTkz09PZWVla+vr3p6euTk5M7OzuXl5TMzMwAAAJmZmWZmZszMzP\/\/\/yH\/C05FVFNDQVBFMi4wAwEAAAAh+QQFCgAPACwAAAAADwAPAAAEQvDJaZaZOIcV8iQK8VRX4iTYoAwZ4iCYoAjZ4RxejhVNoT+mRGP4cyF4Pp0N98sBGIBMEMOotl6YZ3S61Bmbkm4mAgAh+QQFCgAPACwAAAAADQANAAAENPDJSRSZeA418itN8QiK8BiLITVsFiyBBIoYqnoewAD4xPw9iY4XLGYSjkQR4UAUD45DLwIAIfkEBQoADwAsAAAAAA8ACQAABC\/wyVlamTi3nSdgwFNdhEJgTJoNyoB9ISYoQmdjiZPcj7EYCAeCF1gEDo4Dz2eIAAAh+QQFCgAPACwCAAAADQANAAAEM\/DJBxiYeLKdX3IJZT1FU0iIg2RNKx3OkZVnZ98ToRD4MyiDnkAh6BkNC0MvsAj0kMpHBAAh+QQFCgAPACwGAAAACQAPAAAEMDC59KpFDll73HkAA2wVY5KgiK5b0RRoI6MuzG6EQqCDMlSGheEhUAgqgUUAFRySIgAh+QQFCgAPACwCAAIADQANAAAEM\/DJKZNLND\/kkKaHc3xk+QAMYDKsiaqmZCxGVjSFFCxB1vwy2oOgIDxuucxAMTAJFAJNBAAh+QQFCgAPACwAAAYADwAJAAAEMNAs86q1yaWwwv2Ig0jUZx3OYa4XoRAfwADXoAwfo1+CIjyFRuEho60aSNYlOPxEAAAh+QQFCgAPACwAAAIADQANAAAENPA9s4y8+IUVcqaWJ4qEQozSoAzoIyhCK2NFU2SJk0hNnyEOhKR2AzAAj4Pj4GE4W0bkJQIAOw==\" \/><div class=\"clear pt-cv-clear-pagination\"><\/div><\/div><\/div>\t\t\t<style type=\"text\/css\" id=\"pt-cv-inline-style-4778495uw6\">\n#pt-cv-view-f047d5ayv8 .pt-cv-thumb-wrapper:not(.miniwrap) {  }#pt-cv-view-f047d5ayv8 .pt-cv-thumbnail:not(.pt-cv-thumbnailsm) { height: 250px; }#pt-cv-view-f047d5ayv8 > .pt-cv-page {grid-template-columns: repeat(3, 1fr);grid-gap: 20px;}\n@media all and (max-width: 1024px) { \n#pt-cv-view-f047d5ayv8 > .pt-cv-page {grid-template-columns: repeat(1, 1fr);}\n} \n@media all and (max-width: 767px) { \n#pt-cv-view-f047d5ayv8 > .pt-cv-page {grid-template-columns: repeat(1, 1fr);}\n} <\/style>\r\n\t\t\t<\/div>\n\t\t\t\t\t\t<\/div>\n\t\t\t\t<\/div>\n\t\t\t\t\t<\/div>\n\t\t<\/div>\n\t\t\t\t\t<\/div>\n\t\t<\/section>\n\t\t\t\t<\/div>\n\t\t\n<div class=\"twitter-share\"><a href=\"https:\/\/twitter.com\/intent\/tweet?via=OpticaExtrema\" class=\"twitter-share-button\">Twittear<\/a><\/div>\n","protected":false},"excerpt":{"rendered":"ALF resultsAttostructura_EnNewsPress release XL Semanal highlights the career of Carlos Hern\u00e1ndez Garc\u00eda The magazine XL Semanal highlights the work and outstanding research career of Carlos Hern\u00e1ndez Garc\u00eda, a member of our research ...Leer M\u00e1s Attostructura_EnPress release The President of the Junta of Castilla y Le\u00f3n meets with researchers from the European Research Council program. On","protected":false},"author":1,"featured_media":0,"parent":0,"menu_order":0,"comment_status":"closed","ping_status":"closed","template":"","meta":{"footnotes":""},"class_list":["post-2877","page","type-page","status-publish","hentry"],"_links":{"self":[{"href":"https:\/\/laser.usal.es\/alf\/wp-json\/wp\/v2\/pages\/2877","targetHints":{"allow":["GET"]}}],"collection":[{"href":"https:\/\/laser.usal.es\/alf\/wp-json\/wp\/v2\/pages"}],"about":[{"href":"https:\/\/laser.usal.es\/alf\/wp-json\/wp\/v2\/types\/page"}],"author":[{"embeddable":true,"href":"https:\/\/laser.usal.es\/alf\/wp-json\/wp\/v2\/users\/1"}],"replies":[{"embeddable":true,"href":"https:\/\/laser.usal.es\/alf\/wp-json\/wp\/v2\/comments?post=2877"}],"version-history":[{"count":15,"href":"https:\/\/laser.usal.es\/alf\/wp-json\/wp\/v2\/pages\/2877\/revisions"}],"predecessor-version":[{"id":9589,"href":"https:\/\/laser.usal.es\/alf\/wp-json\/wp\/v2\/pages\/2877\/revisions\/9589"}],"wp:attachment":[{"href":"https:\/\/laser.usal.es\/alf\/wp-json\/wp\/v2\/media?parent=2877"}],"curies":[{"name":"wp","href":"https:\/\/api.w.org\/{rel}","templated":true}]}}