{"id":4112,"date":"2021-06-10T15:46:18","date_gmt":"2021-06-10T14:46:18","guid":{"rendered":"https:\/\/laser.usal.es\/alf\/?page_id=4112"},"modified":"2024-05-20T12:59:55","modified_gmt":"2024-05-20T11:59:55","slug":"colaboraciones-2","status":"publish","type":"page","link":"https:\/\/laser.usal.es\/alf\/es\/investigacion\/colaboraciones-2\/","title":{"rendered":"Colaboraciones"},"content":{"rendered":"\t\t<div data-elementor-type=\"wp-page\" data-elementor-id=\"4112\" class=\"elementor elementor-4112\">\n\t\t\t\t\t\t<section class=\"elementor-section elementor-top-section elementor-element elementor-element-3c4ca605 elementor-section-boxed elementor-section-height-default elementor-section-height-default\" data-id=\"3c4ca605\" data-element_type=\"section\" data-e-type=\"section\">\n\t\t\t\t\t\t<div class=\"elementor-container elementor-column-gap-default\">\n\t\t\t\t\t<div class=\"elementor-column elementor-col-100 elementor-top-column elementor-element elementor-element-4d2e96ca\" data-id=\"4d2e96ca\" data-element_type=\"column\" data-e-type=\"column\">\n\t\t\t<div class=\"elementor-widget-wrap elementor-element-populated\">\n\t\t\t\t\t\t<div class=\"elementor-element elementor-element-41d54bfc elementor-widget elementor-widget-text-editor\" data-id=\"41d54bfc\" data-element_type=\"widget\" data-e-type=\"widget\" data-widget_type=\"text-editor.default\">\n\t\t\t\t<div class=\"elementor-widget-container\">\n\t\t\t\t\t\t\t\t\t<p style=\"text-align: justify;\">El grupo ALF de la Universidad de Salamanca ha establecido una amplia red de colaboraciones con grupos de investigaci\u00f3n, universidades y empresas tanto a nivel nacional como internacional. Estas colaboraciones enriquecen significativamente la investigaci\u00f3n llevada a cabo por el grupo ALF y promueve el intercambio de conocimientos y experiencias en un contexto global.<\/p>\t\t\t\t\t\t\t\t<\/div>\n\t\t\t\t<\/div>\n\t\t\t\t\t<\/div>\n\t\t<\/div>\n\t\t\t\t\t<\/div>\n\t\t<\/section>\n\t\t\t\t<section class=\"elementor-section elementor-top-section elementor-element elementor-element-351c98e elementor-section-boxed elementor-section-height-default elementor-section-height-default\" data-id=\"351c98e\" data-element_type=\"section\" data-e-type=\"section\">\n\t\t\t\t\t\t<div class=\"elementor-container elementor-column-gap-default\">\n\t\t\t\t\t<div class=\"elementor-column elementor-col-100 elementor-top-column elementor-element elementor-element-497892c\" data-id=\"497892c\" data-element_type=\"column\" data-e-type=\"column\">\n\t\t\t<div class=\"elementor-widget-wrap elementor-element-populated\">\n\t\t\t\t\t\t<div class=\"elementor-element elementor-element-e721913 elementor-widget elementor-widget-heading\" data-id=\"e721913\" data-element_type=\"widget\" data-e-type=\"widget\" data-widget_type=\"heading.default\">\n\t\t\t\t<div class=\"elementor-widget-container\">\n\t\t\t\t\t<h3 class=\"elementor-heading-title elementor-size-default\">Colaboraciones Cient\u00edficas<\/h3>\t\t\t\t<\/div>\n\t\t\t\t<\/div>\n\t\t\t\t<div class=\"elementor-element elementor-element-3eb65dd elementor-widget elementor-widget-heading\" data-id=\"3eb65dd\" data-element_type=\"widget\" data-e-type=\"widget\" data-widget_type=\"heading.default\">\n\t\t\t\t<div class=\"elementor-widget-container\">\n\t\t\t\t\t<div class=\"elementor-heading-title elementor-size-default\">(Con producci\u00f3n de art\u00edculos conjunta)<\/div>\t\t\t\t<\/div>\n\t\t\t\t<\/div>\n\t\t\t\t\t<\/div>\n\t\t<\/div>\n\t\t\t\t\t<\/div>\n\t\t<\/section>\n\t\t\t\t<section class=\"elementor-section elementor-top-section elementor-element elementor-element-97a2173 elementor-section-boxed elementor-section-height-default elementor-section-height-default\" data-id=\"97a2173\" data-element_type=\"section\" data-e-type=\"section\">\n\t\t\t\t\t\t<div class=\"elementor-container elementor-column-gap-default\">\n\t\t\t\t\t<div class=\"elementor-column elementor-col-100 elementor-top-column elementor-element elementor-element-499deb0\" data-id=\"499deb0\" data-element_type=\"column\" data-e-type=\"column\">\n\t\t\t<div class=\"elementor-widget-wrap elementor-element-populated\">\n\t\t\t\t\t\t<div class=\"elementor-element elementor-element-1471db6 elementor-widget elementor-widget-shortcode\" data-id=\"1471db6\" data-element_type=\"widget\" data-e-type=\"widget\" data-widget_type=\"shortcode.default\">\n\t\t\t\t<div class=\"elementor-widget-container\">\n\t\t\t\t\t\t\t<div class=\"elementor-shortcode\"><div class=\"infogram-embed\" data-id=\"db9ceb57-5de1-43f1-9717-db69d3d5a4a8\" data-type=\"interactive\"><\/div><script>!function(e,t,s,i){var n=\"InfogramEmbeds\",o=e.getElementsByTagName(\"script\"),d=o[0],r=\/^http:\/.test(e.location)?\"http:\":\"https:\";if(\/^\\\/{2}\/.test(i)&&(i=r+i),window[n]&&window[n].initialized)window[n].process&&window[n].process();else if(!e.getElementById(s)){var a=e.createElement(\"script\");a.async=1,a.id=s,a.src=i,d.parentNode.insertBefore(a,d)}}(document,0,\"infogram-async\",\"\/\/e.infogram.com\/js\/dist\/embed-loader-min.js\");<\/script><\/div>\n\t\t\t\t\t\t<\/div>\n\t\t\t\t<\/div>\n\t\t\t\t\t<\/div>\n\t\t<\/div>\n\t\t\t\t\t<\/div>\n\t\t<\/section>\n\t\t\t\t<section class=\"elementor-section elementor-top-section elementor-element elementor-element-0a51575 elementor-section-boxed elementor-section-height-default elementor-section-height-default\" data-id=\"0a51575\" data-element_type=\"section\" data-e-type=\"section\">\n\t\t\t\t\t\t<div class=\"elementor-container elementor-column-gap-default\">\n\t\t\t\t\t<div class=\"elementor-column elementor-col-100 elementor-top-column elementor-element elementor-element-cc005f6\" data-id=\"cc005f6\" data-element_type=\"column\" data-e-type=\"column\">\n\t\t\t<div class=\"elementor-widget-wrap elementor-element-populated\">\n\t\t\t\t\t\t<div class=\"elementor-element elementor-element-07269f5 elementor-widget elementor-widget-eael-adv-accordion\" data-id=\"07269f5\" data-element_type=\"widget\" data-e-type=\"widget\" data-widget_type=\"eael-adv-accordion.default\">\n\t\t\t\t<div class=\"elementor-widget-container\">\n\t\t\t\t\t            <div class=\"eael-adv-accordion\" id=\"eael-adv-accordion-07269f5\" data-scroll-on-click=\"no\" data-scroll-speed=\"300\" data-accordion-id=\"07269f5\" data-accordion-type=\"toggle\" data-toogle-speed=\"300\">\n            <div class=\"eael-accordion-list\">\n\t\t\t\t\t<div id=\"internacionales\" class=\"elementor-tab-title eael-accordion-header\" tabindex=\"0\" data-tab=\"1\" aria-controls=\"elementor-tab-content-7491\"><span class=\"eael-accordion-tab-title\">Internacionales<\/span><\/div><div id=\"elementor-tab-content-7491\" class=\"eael-accordion-content clearfix\" data-tab=\"1\" aria-labelledby=\"internacionales\"><ul><li>Helmholtz-Zentrum Dresden-Rossendorf &#8211; Alemania\u00a0<\/li><li>Ultrafast Innovations GmbH &#8211; Alemania<\/li><li>German Electron Synchrotron &#8211; Alemania<\/li><li>Interuniversitair Micro-Elektronica Centrum &#8211; B\u00e9lgica<\/li><li>CAS &#8211; Shanghai Institute of Optics and Fine Mechanics &#8211; China<\/li><li>Fudan University &#8211; China<\/li><li>Nankai University &#8211; China<\/li><li>University of Shanghai for Science and Technology &#8211; China<\/li><li>Wuhan University &#8211; China<\/li><li>China Academy of Engineering Physics &#8211; China<\/li><li>Ajou University &#8211; Corea del Sur<\/li><li>University of Colorado Boulder &#8211; Estados Unidos<\/li><li>Colorado School of Mines &#8211; Estados Unidos<\/li><li>Argonne National Laboratory &#8211; Estados Unidos<\/li><li>United States Department of Energy &#8211; Estados Unidos<\/li><li>Cornell University &#8211; Estados Unidos<\/li><li>Harvard University &#8211; Estados Unidos<\/li><li>Texas A&amp;M University &#8211; Estados Unidos<\/li><li>University of California at San Diego &#8211; Estados Unidos<\/li><li>University of Maryland, College Park &#8211; Estados Unidos<\/li><li>University of Rochester &#8211; Estados Unidos<\/li><li>Yale University &#8211; Estados Unidos<\/li><li>Boston University &#8211; Estados Unidos<\/li><li>Nokia &#8211; Finlandia<\/li><li>\u00c9cole nationale sup\u00e9rieure d&#8217;ing\u00e9nieurs de Caen &#8211; Francia<\/li><li>Normandie Universit\u00e9 &#8211; Francia<\/li><li>Universit\u00e9 de Caen &#8211; Francia<\/li><li>Universit\u00e9 Paris-Saclay &#8211; Francia<\/li><li>Universite Claude Bernard Lyon 1 &#8211; Francia<\/li><li>Universit\u00e9 de Lyon &#8211; Francia<\/li><li>Aix-Marseille Universit\u00e9 &#8211; Francia<\/li><li>\u00c9cole centrale de Marseille &#8211; Francia<\/li><li>Institut national des sciences appliqu\u00e9es Lyon &#8211; Francia<\/li><li>ENSTA Paris &#8211; Francia<\/li><li>National Research Council of Italy &#8211; Italia<\/li><li>Sincrotrone Trieste &#8211; Italia<\/li><li>Polytechnic University of Milan &#8211; Italia<\/li><li>RIKEN &#8211; Jap\u00f3n<\/li><li>High Energy Accelerator Research Organization, Tsukuba &#8211; Jap\u00f3n<\/li><li>University of Porto &#8211; Portugal<\/li><li>University of Lisbon &#8211; Portugal<\/li><li>Instituto de Telecomunica\u00e7\u00f5es &#8211; Portugal<\/li><li>Heriot-Watt University &#8211; Reino Unido<\/li><li>Imperial College London &#8211; Reino Unido<\/li><li>King&#8217;s College London &#8211; Reino Unido<\/li><li>Cockcroft Institute &#8211; Reino Unido<\/li><li>National University of Singapore &#8211; Singapur<\/li><li>Nanyang Technological University &#8211; Singapur<\/li><li>Swiss Federal Institute of Technology Lausanne &#8211; Suiza<\/li><li>Paul Scherrer Institute &#8211; Suiza<\/li><li>Academia Sinica Taiwan &#8211; Taiwan<\/li><\/ul><\/div>\n\t\t\t\t\t<\/div><div class=\"eael-accordion-list\">\n\t\t\t\t\t<div id=\"nacionales\" class=\"elementor-tab-title eael-accordion-header\" tabindex=\"0\" data-tab=\"2\" aria-controls=\"elementor-tab-content-7492\"><span class=\"eael-accordion-tab-title\">Nacionales<\/span><\/div><div id=\"elementor-tab-content-7492\" class=\"eael-accordion-content clearfix\" data-tab=\"2\" aria-labelledby=\"nacionales\"><ul><li>Grup de Recerca d\u2019Optica (GROC), Universitat Jaume I, Castell\u00f3<\/li><li>Fluorescence Imaging Group, Universidad Aut\u00f3noma de Madrid, Madrid<\/li><li>Lasers, nanostructures and materials processing (LANAMAP), Instituto de Qu\u00edmica F\u00edsica Rocasolano (CSIC), Madrid<\/li><li>F\u00edsica i Cristal\u00b7lografia de materials i nanomaterials (FiCMA-FiCNA), Universitat Rovira i Virgili, Tarragona<\/li><li>Centro de Investigacion en Optica y Nanofisica (CiOyN), U Murcia<\/li><li>Institut de Ci\u00e8ncies Fot\u00f2niques (ICFO)<\/li><li>Universitat Aut\u00f2noma de Barcelona<\/li><li>Universitat Polit\u00e8cnica de Catalunya<\/li><li>Universidade de Santiago de Compostela<\/li><li>Universidad de Zaragoza<\/li><li>Universidad de Vigo<\/li><li>Universidad de Valladolid<\/li><li>Universitat Polit\u00e8cnica de Catalunya<\/li><li>Universidad de Valencia<\/li><li>Cl\u00ednica Odontol\u00f3gica de la Universidad de Salamanca<\/li><li>Dpto. Qu\u00edmica F\u00edsica, U Pa\u00eds Vasco<\/li><li>Dpto. Ingenier\u00eda Electr\u00f3nica, U Sevilla<\/li><li>Dpto. Ciencia de Materiales, U Polit\u00e9cnica de Madrid<\/li><li>Facultad de Medicina y Odontolog\u00eda, U Murcia<\/li><li>Dpto. Ingenier\u00eda de los Recursos Naturales y Medioambiente, U Vigo<\/li><li>Centro de Investigaciones Tecnol\u00f3gicas, U A Coru\u00f1a<\/li><li>Instituto de Recursos Naturales y Agrobiolog\u00eda (IRNASA-CSIC)<\/li><li>Centro de Conservaci\u00f3n y Restauraci\u00f3n de Bienes Culturales de Castilla y Le\u00f3n<\/li><\/ul><\/div>\n\t\t\t\t\t<\/div><\/div>\t\t\t\t<\/div>\n\t\t\t\t<\/div>\n\t\t\t\t\t<\/div>\n\t\t<\/div>\n\t\t\t\t\t<\/div>\n\t\t<\/section>\n\t\t\t\t<section class=\"elementor-section elementor-top-section elementor-element elementor-element-c32ba21 elementor-section-boxed elementor-section-height-default elementor-section-height-default\" data-id=\"c32ba21\" data-element_type=\"section\" data-e-type=\"section\">\n\t\t\t\t\t\t<div class=\"elementor-container elementor-column-gap-default\">\n\t\t\t\t\t<div class=\"elementor-column elementor-col-100 elementor-top-column elementor-element elementor-element-922cc98\" data-id=\"922cc98\" data-element_type=\"column\" data-e-type=\"column\">\n\t\t\t<div class=\"elementor-widget-wrap elementor-element-populated\">\n\t\t\t\t\t\t<div class=\"elementor-element elementor-element-f8f4abb elementor-widget elementor-widget-heading\" data-id=\"f8f4abb\" data-element_type=\"widget\" data-e-type=\"widget\" data-widget_type=\"heading.default\">\n\t\t\t\t<div class=\"elementor-widget-container\">\n\t\t\t\t\t<h3 class=\"elementor-heading-title elementor-size-default\">Colaboraciones con empresas y organismos bajo contrato<\/h3>\t\t\t\t<\/div>\n\t\t\t\t<\/div>\n\t\t\t\t<div class=\"elementor-element elementor-element-b150e8e elementor-widget elementor-widget-eael-adv-accordion\" data-id=\"b150e8e\" data-element_type=\"widget\" data-e-type=\"widget\" data-widget_type=\"eael-adv-accordion.default\">\n\t\t\t\t<div class=\"elementor-widget-container\">\n\t\t\t\t\t            <div class=\"eael-adv-accordion\" id=\"eael-adv-accordion-b150e8e\" data-scroll-on-click=\"no\" data-scroll-speed=\"300\" data-accordion-id=\"b150e8e\" data-accordion-type=\"toggle\" data-toogle-speed=\"300\">\n            <div class=\"eael-accordion-list\">\n\t\t\t\t\t<div id=\"internacionales\" class=\"elementor-tab-title eael-accordion-header\" tabindex=\"0\" data-tab=\"1\" aria-controls=\"elementor-tab-content-1851\"><span class=\"eael-accordion-tab-title\">Internacionales<\/span><\/div><div id=\"elementor-tab-content-1851\" class=\"eael-accordion-content clearfix\" data-tab=\"1\" aria-labelledby=\"internacionales\"><ul><li>Institut de Planetologie et d&#8217;Astrophysique de Grenoble, Francia<\/li><li>Institut de Recherche sur les Composants Logiciels et Mat\u00e9riels pour l\u2019Information et la Communication, Francia<\/li><li>Insavalor Mateis-Villeurbanne, Francia<\/li><li>Montanuniversit\u00e4t Leoben, Austria<\/li><li>MicoS Engineering GmbH, Suiza<\/li><li>DOCERAM GmbH, Alemania<\/li><li>Sphere Ultrafast Photonics SA, Portugal<\/li><li>KU Leuven, B\u00e9lgica<\/li><li>University of Colorado at Boulder, Estados Unidos<\/li><\/ul><\/div>\n\t\t\t\t\t<\/div><div class=\"eael-accordion-list\">\n\t\t\t\t\t<div id=\"nacionales\" class=\"elementor-tab-title eael-accordion-header\" tabindex=\"0\" data-tab=\"2\" aria-controls=\"elementor-tab-content-1852\"><span class=\"eael-accordion-tab-title\">Nacionales<\/span><\/div><div id=\"elementor-tab-content-1852\" class=\"eael-accordion-content clearfix\" data-tab=\"2\" aria-labelledby=\"nacionales\"><ul><li>Dpto. Ingenier\u00eda Mec\u00e1nica y Construcci\u00f3n, U. Jaume I, Castell\u00f3<\/li><li>Dpto. Ciencia e Ingenier\u00eda de Materiales, U. Rey Juan Carlos<\/li><li>Departamento de Tecnolog\u00eda Mec\u00e1nica (ESCyT-Universidad Rey Juan Carlos I)<\/li><li>Dpto. Ciencia de Materiales, U. Polit\u00e8cnica de Catalunya<\/li><li>Dpto. Ciencia de Materiales, U. Polit\u00e9cnica de Madrid<\/li><li>Dpto. Ciencia de los Materiales e Ingenier\u00eda Metal\u00fargica, U. Oviedo<\/li><li>Departamento de Dermatolog\u00eda, Estomatolog\u00eda, Radiolog\u00eda y Medicina F\u00edsica, Universidad de Murcia<\/li><li>Facultad de Medicina y Odontolog\u00eda, U. Murcia<\/li><li>Grupo de Integridad Estructural, U. Burgos<\/li><li>Grup d&#8217;Aplicacions Biom\u00e8diques (GAB)<\/li><li>Grupo de Transductores Qu\u00edmicos (GTQ)<\/li><li>Centro de Ciencias Medioambientales-CSIC<\/li><li>Centre Catal\u00e0 del Pl\u00e0stic<\/li><li>Centro de L\u00e1seres Pulsados (CLPU)<\/li><li>Centre Nacional de Microelectr\u00f2nica (CNM-CSIC)<\/li><li>Instituto Nacional de T\u00e9cnica Aerospacial (INTA)<\/li><li>A&amp;R WIRECUT S.L.<\/li><li>Ingeniatrics Tecnolog\u00edas<\/li><li>Universitat Polit\u00e9cnica de Valencia<\/li><li>Indra Sistemas S.A.<\/li><\/ul><\/div>\n\t\t\t\t\t<\/div><\/div>\t\t\t\t<\/div>\n\t\t\t\t<\/div>\n\t\t\t\t\t<\/div>\n\t\t<\/div>\n\t\t\t\t\t<\/div>\n\t\t<\/section>\n\t\t\t\t<\/div>\n\t\t\n<div class=\"twitter-share\"><a href=\"https:\/\/twitter.com\/intent\/tweet?via=OpticaExtrema\" class=\"twitter-share-button\">Twittear<\/a><\/div>\n","protected":false},"excerpt":{"rendered":"<p>El grupo ALF de la Universidad de Salamanca ha establecido una amplia red de colaboraciones con grupos de investigaci\u00f3n, universidades y empresas tanto a nivel nacional como internacional. Estas colaboraciones enriquecen significativamente la investigaci\u00f3n llevada a cabo por el grupo ALF y promueve el intercambio de conocimientos y experiencias en un contexto global. Colaboraciones Cient\u00edficas<\/p>\n","protected":false},"author":1,"featured_media":0,"parent":2146,"menu_order":3,"comment_status":"closed","ping_status":"closed","template":"","meta":{"footnotes":""},"class_list":["post-4112","page","type-page","status-publish","hentry"],"_links":{"self":[{"href":"https:\/\/laser.usal.es\/alf\/wp-json\/wp\/v2\/pages\/4112","targetHints":{"allow":["GET"]}}],"collection":[{"href":"https:\/\/laser.usal.es\/alf\/wp-json\/wp\/v2\/pages"}],"about":[{"href":"https:\/\/laser.usal.es\/alf\/wp-json\/wp\/v2\/types\/page"}],"author":[{"embeddable":true,"href":"https:\/\/laser.usal.es\/alf\/wp-json\/wp\/v2\/users\/1"}],"replies":[{"embeddable":true,"href":"https:\/\/laser.usal.es\/alf\/wp-json\/wp\/v2\/comments?post=4112"}],"version-history":[{"count":48,"href":"https:\/\/laser.usal.es\/alf\/wp-json\/wp\/v2\/pages\/4112\/revisions"}],"predecessor-version":[{"id":10676,"href":"https:\/\/laser.usal.es\/alf\/wp-json\/wp\/v2\/pages\/4112\/revisions\/10676"}],"up":[{"embeddable":true,"href":"https:\/\/laser.usal.es\/alf\/wp-json\/wp\/v2\/pages\/2146"}],"wp:attachment":[{"href":"https:\/\/laser.usal.es\/alf\/wp-json\/wp\/v2\/media?parent=4112"}],"curies":[{"name":"wp","href":"https:\/\/api.w.org\/{rel}","templated":true}]}}