{"id":4310,"date":"2021-06-16T12:36:02","date_gmt":"2021-06-16T11:36:02","guid":{"rendered":"https:\/\/laser.usal.es\/alf\/?page_id=4310"},"modified":"2024-05-20T10:45:32","modified_gmt":"2024-05-20T09:45:32","slug":"patentes","status":"publish","type":"page","link":"https:\/\/laser.usal.es\/alf\/es\/patentes\/","title":{"rendered":"Patentes"},"content":{"rendered":"\t\t<div data-elementor-type=\"wp-page\" data-elementor-id=\"4310\" class=\"elementor elementor-4310\">\n\t\t\t\t\t\t<section class=\"elementor-section elementor-top-section elementor-element elementor-element-8f8cf6c elementor-section-boxed elementor-section-height-default elementor-section-height-default\" data-id=\"8f8cf6c\" data-element_type=\"section\" data-e-type=\"section\">\n\t\t\t\t\t\t<div class=\"elementor-container elementor-column-gap-default\">\n\t\t\t\t\t<div class=\"elementor-column elementor-col-100 elementor-top-column elementor-element elementor-element-0e5bb0c\" data-id=\"0e5bb0c\" data-element_type=\"column\" data-e-type=\"column\">\n\t\t\t<div class=\"elementor-widget-wrap elementor-element-populated\">\n\t\t\t\t\t\t<div class=\"elementor-element elementor-element-ee193ed elementor-widget elementor-widget-text-editor\" data-id=\"ee193ed\" data-element_type=\"widget\" data-e-type=\"widget\" data-widget_type=\"text-editor.default\">\n\t\t\t\t<div class=\"elementor-widget-container\">\n\t\t\t\t\t\t\t\t\t<h2 style=\"text-align: center;\">Como resultado de la actividad de investigaci\u00f3n realizada por el grupo se han obtenido las siguientes patentes<\/h2>\t\t\t\t\t\t\t\t<\/div>\n\t\t\t\t<\/div>\n\t\t\t\t\t<\/div>\n\t\t<\/div>\n\t\t\t\t\t<\/div>\n\t\t<\/section>\n\t\t\t\t<section class=\"elementor-section elementor-top-section elementor-element elementor-element-212816f elementor-section-boxed elementor-section-height-default elementor-section-height-default\" data-id=\"212816f\" data-element_type=\"section\" data-e-type=\"section\">\n\t\t\t\t\t\t<div class=\"elementor-container elementor-column-gap-default\">\n\t\t\t\t\t<div class=\"elementor-column elementor-col-100 elementor-top-column elementor-element elementor-element-5b25ec4\" data-id=\"5b25ec4\" data-element_type=\"column\" data-e-type=\"column\">\n\t\t\t<div class=\"elementor-widget-wrap elementor-element-populated\">\n\t\t\t\t\t\t<div class=\"elementor-element elementor-element-4fe45f8 elementor-widget elementor-widget-text-editor\" data-id=\"4fe45f8\" data-element_type=\"widget\" data-e-type=\"widget\" data-widget_type=\"text-editor.default\">\n\t\t\t\t<div class=\"elementor-widget-container\">\n\t\t\t\t\t\t\t\t\t<p><a href=\"https:\/\/worldwide.espacenet.com\/publicationDetails\/biblio?CC=EP&amp;NR=3062075A1&amp;KC=A1&amp;FT=D\"><strong>Optical system and method for ultrashort laser pulse characterization<\/strong><\/a><\/p>\t\t\t\t\t\t\t\t<\/div>\n\t\t\t\t<\/div>\n\t\t\t\t\t<\/div>\n\t\t<\/div>\n\t\t\t\t\t<\/div>\n\t\t<\/section>\n\t\t\t\t<section class=\"elementor-section elementor-top-section elementor-element elementor-element-a2f998e elementor-section-boxed elementor-section-height-default elementor-section-height-default\" data-id=\"a2f998e\" data-element_type=\"section\" data-e-type=\"section\">\n\t\t\t\t\t\t<div class=\"elementor-container elementor-column-gap-default\">\n\t\t\t\t\t<div class=\"elementor-column elementor-col-50 elementor-top-column elementor-element elementor-element-9994ebb\" data-id=\"9994ebb\" data-element_type=\"column\" data-e-type=\"column\">\n\t\t\t<div class=\"elementor-widget-wrap elementor-element-populated\">\n\t\t\t\t\t\t<div class=\"elementor-element elementor-element-d813efc elementor-widget elementor-widget-text-editor\" data-id=\"d813efc\" data-element_type=\"widget\" data-e-type=\"widget\" data-widget_type=\"text-editor.default\">\n\t\t\t\t<div class=\"elementor-widget-container\">\n\t\t\t\t\t\t\t\t\t<p><strong>Numero de solicitud: <\/strong>EP20150000347 20150206<\/p><p><strong>Fecha de solicitud:<\/strong> 6 de febrero de 2015<\/p><p><strong>Numero de publicaci\u00f3n:\u00a0<\/strong>EP3062075 (A1)<\/p><p><strong>Fecha de publicaci\u00f3n: <\/strong>31 de agosto de 2016<\/p><p><strong>Autores:<\/strong> Jos\u00e9 Francisco Trull Silvestre, Crina Maria Cojocaru, I\u00f1igo Juan Sola Larra\u00f1aga, Helder Manuel Paiva Rebelo Cerejo Crespo, Rosa Maria Romero Mu\u00f1iz, Francisco Jos\u00e9 Maia Da Silva<\/p><p><strong>Instituciones\/compa\u00f1\u00edas:<\/strong> Universitat Politecnica de Catalunya, Universidad de Salamanca, Sphere Ultrafast Photonics<\/p><p><strong>Tipo:<\/strong> Patente europea.<\/p><p><strong>Nota:<\/strong> La empresa Sphere Ultrafast Photonics explota comercialmente la patente.\u00a0<\/p>\t\t\t\t\t\t\t\t<\/div>\n\t\t\t\t<\/div>\n\t\t\t\t\t<\/div>\n\t\t<\/div>\n\t\t\t\t<div class=\"elementor-column elementor-col-50 elementor-top-column elementor-element elementor-element-5176562\" data-id=\"5176562\" data-element_type=\"column\" data-e-type=\"column\">\n\t\t\t<div class=\"elementor-widget-wrap elementor-element-populated\">\n\t\t\t\t\t\t<div class=\"elementor-element elementor-element-6cd3c6f elementor-widget__width-initial elementor-widget elementor-widget-image\" data-id=\"6cd3c6f\" data-element_type=\"widget\" data-e-type=\"widget\" data-widget_type=\"image.default\">\n\t\t\t\t<div class=\"elementor-widget-container\">\n\t\t\t\t\t\t\t\t\t\t\t\t\t\t\t\t<a href=\"https:\/\/laser.usal.es\/alf\/wp-content\/uploads\/2024\/05\/EP3062075A1.pdf\" target=\"_blank\">\n\t\t\t\t\t\t\t<img fetchpriority=\"high\" decoding=\"async\" width=\"425\" height=\"596\" src=\"https:\/\/laser.usal.es\/alf\/wp-content\/uploads\/2024\/05\/EP3062075A1.png\" class=\"attachment-medium_large size-medium_large wp-image-10131\" alt=\"\" srcset=\"https:\/\/laser.usal.es\/alf\/wp-content\/uploads\/2024\/05\/EP3062075A1.png 425w, https:\/\/laser.usal.es\/alf\/wp-content\/uploads\/2024\/05\/EP3062075A1-214x300.png 214w\" sizes=\"(max-width: 425px) 100vw, 425px\" \/>\t\t\t\t\t\t\t\t<\/a>\n\t\t\t\t\t\t\t\t\t\t\t\t\t\t\t<\/div>\n\t\t\t\t<\/div>\n\t\t\t\t\t<\/div>\n\t\t<\/div>\n\t\t\t\t\t<\/div>\n\t\t<\/section>\n\t\t\t\t<section class=\"elementor-section elementor-top-section elementor-element elementor-element-b9e6e60 elementor-section-boxed elementor-section-height-default elementor-section-height-default\" data-id=\"b9e6e60\" data-element_type=\"section\" data-e-type=\"section\">\n\t\t\t\t\t\t<div class=\"elementor-container elementor-column-gap-default\">\n\t\t\t\t\t<div class=\"elementor-column elementor-col-100 elementor-top-column elementor-element elementor-element-8ff2661\" data-id=\"8ff2661\" data-element_type=\"column\" data-e-type=\"column\">\n\t\t\t<div class=\"elementor-widget-wrap elementor-element-populated\">\n\t\t\t\t\t\t<div class=\"elementor-element elementor-element-62f48e3 elementor-widget-divider--view-line elementor-widget elementor-widget-divider\" data-id=\"62f48e3\" data-element_type=\"widget\" data-e-type=\"widget\" data-widget_type=\"divider.default\">\n\t\t\t\t<div class=\"elementor-widget-container\">\n\t\t\t\t\t\t\t<div class=\"elementor-divider\">\n\t\t\t<span class=\"elementor-divider-separator\">\n\t\t\t\t\t\t<\/span>\n\t\t<\/div>\n\t\t\t\t\t\t<\/div>\n\t\t\t\t<\/div>\n\t\t\t\t\t<\/div>\n\t\t<\/div>\n\t\t\t\t\t<\/div>\n\t\t<\/section>\n\t\t\t\t<section class=\"elementor-section elementor-top-section elementor-element elementor-element-98d136e elementor-section-boxed elementor-section-height-default elementor-section-height-default\" data-id=\"98d136e\" data-element_type=\"section\" data-e-type=\"section\">\n\t\t\t\t\t\t<div class=\"elementor-container elementor-column-gap-default\">\n\t\t\t\t\t<div class=\"elementor-column elementor-col-100 elementor-top-column elementor-element elementor-element-52f6c08\" data-id=\"52f6c08\" data-element_type=\"column\" data-e-type=\"column\">\n\t\t\t<div class=\"elementor-widget-wrap elementor-element-populated\">\n\t\t\t\t\t\t<div class=\"elementor-element elementor-element-4fb1e10 elementor-widget elementor-widget-text-editor\" data-id=\"4fb1e10\" data-element_type=\"widget\" data-e-type=\"widget\" data-widget_type=\"text-editor.default\">\n\t\t\t\t<div class=\"elementor-widget-container\">\n\t\t\t\t\t\t\t\t\t<p><a href=\"http:\/\/invenes.oepm.es\/InvenesWeb\/detalle?referencia=P201730215\"><strong>Aparato y m\u00e9todo de medici\u00f3n en l\u00ednea de pulsos l\u00e1ser con polarizaci\u00f3n dependiente del tiempo<\/strong><\/a><\/p>\t\t\t\t\t\t\t\t<\/div>\n\t\t\t\t<\/div>\n\t\t\t\t\t<\/div>\n\t\t<\/div>\n\t\t\t\t\t<\/div>\n\t\t<\/section>\n\t\t\t\t<section class=\"elementor-section elementor-top-section elementor-element elementor-element-34db9ea elementor-section-boxed elementor-section-height-default elementor-section-height-default\" data-id=\"34db9ea\" data-element_type=\"section\" data-e-type=\"section\">\n\t\t\t\t\t\t<div class=\"elementor-container elementor-column-gap-default\">\n\t\t\t\t\t<div class=\"elementor-column elementor-col-50 elementor-top-column elementor-element elementor-element-193480b\" data-id=\"193480b\" data-element_type=\"column\" data-e-type=\"column\">\n\t\t\t<div class=\"elementor-widget-wrap elementor-element-populated\">\n\t\t\t\t\t\t<div class=\"elementor-element elementor-element-c68039d elementor-widget elementor-widget-text-editor\" data-id=\"c68039d\" data-element_type=\"widget\" data-e-type=\"widget\" data-widget_type=\"text-editor.default\">\n\t\t\t\t<div class=\"elementor-widget-container\">\n\t\t\t\t\t\t\t\t\t<p><strong>Numero de solicitud:<\/strong> 201730215 y PCT\/ES2018\/070116<\/p><p><strong>Fecha de solicitud<\/strong>: 20 de febrero de 2017<\/p><p><strong>N\u00famero de publicaci\u00f3n:<\/strong> ES2680045 (A1) y WO2018150071 (A1)<\/p><p><strong>Fecha de publicaci\u00f3n:<\/strong> 03 de septiembre de 2018<\/p><p><strong>Autores:<\/strong> Benjam\u00edn Alonso, \u00cd\u00f1igo Sola<\/p><p><strong>Instituciones\/compa\u00f1\u00edas:<\/strong> Universidad de Salamanca<\/p><p><strong>Tipo:<\/strong> Patente internacional.<\/p>\t\t\t\t\t\t\t\t<\/div>\n\t\t\t\t<\/div>\n\t\t\t\t\t<\/div>\n\t\t<\/div>\n\t\t\t\t<div class=\"elementor-column elementor-col-50 elementor-top-column elementor-element elementor-element-78ab7f4\" data-id=\"78ab7f4\" data-element_type=\"column\" data-e-type=\"column\">\n\t\t\t<div class=\"elementor-widget-wrap elementor-element-populated\">\n\t\t\t\t\t\t<div class=\"elementor-element elementor-element-cd192fc elementor-widget elementor-widget-image\" data-id=\"cd192fc\" data-element_type=\"widget\" data-e-type=\"widget\" data-widget_type=\"image.default\">\n\t\t\t\t<div class=\"elementor-widget-container\">\n\t\t\t\t\t\t\t\t\t\t\t\t\t\t\t\t<a href=\"https:\/\/laser.usal.es\/alf\/wp-content\/uploads\/2024\/05\/WO2018150071A1.pdf\" target=\"_blank\">\n\t\t\t\t\t\t\t<img decoding=\"async\" width=\"425\" height=\"596\" data-src=\"https:\/\/laser.usal.es\/alf\/wp-content\/uploads\/2024\/05\/EP3062075A1.png\" class=\"attachment-large size-large wp-image-10131 lazyload\" alt=\"\" data-srcset=\"https:\/\/laser.usal.es\/alf\/wp-content\/uploads\/2024\/05\/EP3062075A1.png 425w, https:\/\/laser.usal.es\/alf\/wp-content\/uploads\/2024\/05\/EP3062075A1-214x300.png 214w\" data-sizes=\"(max-width: 425px) 100vw, 425px\" src=\"data:image\/svg+xml;base64,PHN2ZyB3aWR0aD0iMSIgaGVpZ2h0PSIxIiB4bWxucz0iaHR0cDovL3d3dy53My5vcmcvMjAwMC9zdmciPjwvc3ZnPg==\" style=\"--smush-placeholder-width: 425px; --smush-placeholder-aspect-ratio: 425\/596;\" \/>\t\t\t\t\t\t\t\t<\/a>\n\t\t\t\t\t\t\t\t\t\t\t\t\t\t\t<\/div>\n\t\t\t\t<\/div>\n\t\t\t\t\t<\/div>\n\t\t<\/div>\n\t\t\t\t\t<\/div>\n\t\t<\/section>\n\t\t\t\t<section class=\"elementor-section elementor-top-section elementor-element elementor-element-425aa2c elementor-section-boxed elementor-section-height-default elementor-section-height-default\" data-id=\"425aa2c\" data-element_type=\"section\" data-e-type=\"section\">\n\t\t\t\t\t\t<div class=\"elementor-container elementor-column-gap-default\">\n\t\t\t\t\t<div class=\"elementor-column elementor-col-100 elementor-top-column elementor-element elementor-element-e483b0e\" data-id=\"e483b0e\" data-element_type=\"column\" data-e-type=\"column\">\n\t\t\t<div class=\"elementor-widget-wrap elementor-element-populated\">\n\t\t\t\t\t\t<div class=\"elementor-element elementor-element-0cd3a95 elementor-widget-divider--view-line elementor-widget elementor-widget-divider\" data-id=\"0cd3a95\" data-element_type=\"widget\" data-e-type=\"widget\" data-widget_type=\"divider.default\">\n\t\t\t\t<div class=\"elementor-widget-container\">\n\t\t\t\t\t\t\t<div class=\"elementor-divider\">\n\t\t\t<span class=\"elementor-divider-separator\">\n\t\t\t\t\t\t<\/span>\n\t\t<\/div>\n\t\t\t\t\t\t<\/div>\n\t\t\t\t<\/div>\n\t\t\t\t\t<\/div>\n\t\t<\/div>\n\t\t\t\t\t<\/div>\n\t\t<\/section>\n\t\t\t\t<section class=\"elementor-section elementor-top-section elementor-element elementor-element-dd93148 elementor-section-boxed elementor-section-height-default elementor-section-height-default\" data-id=\"dd93148\" data-element_type=\"section\" data-e-type=\"section\">\n\t\t\t\t\t\t<div class=\"elementor-container elementor-column-gap-default\">\n\t\t\t\t\t<div class=\"elementor-column elementor-col-100 elementor-top-column elementor-element elementor-element-f0dff27\" data-id=\"f0dff27\" data-element_type=\"column\" data-e-type=\"column\">\n\t\t\t<div class=\"elementor-widget-wrap elementor-element-populated\">\n\t\t\t\t\t\t<div class=\"elementor-element elementor-element-623a669 elementor-widget elementor-widget-text-editor\" data-id=\"623a669\" data-element_type=\"widget\" data-e-type=\"widget\" data-widget_type=\"text-editor.default\">\n\t\t\t\t<div class=\"elementor-widget-container\">\n\t\t\t\t\t\t\t\t\t<p><strong><a href=\"https:\/\/worldwide.espacenet.com\/publicationDetails\/biblio?II=1&amp;ND=3&amp;adjacent=true&amp;locale=en_EP&amp;FT=D&amp;date=20200604&amp;CC=US&amp;NR=2020173860A1&amp;KC=A1\">Method for the characterisation and compression of ultrashort pulses<\/a><\/strong><\/p>\t\t\t\t\t\t\t\t<\/div>\n\t\t\t\t<\/div>\n\t\t\t\t\t<\/div>\n\t\t<\/div>\n\t\t\t\t\t<\/div>\n\t\t<\/section>\n\t\t\t\t<section class=\"elementor-section elementor-top-section elementor-element elementor-element-bc80003 elementor-section-boxed elementor-section-height-default elementor-section-height-default\" data-id=\"bc80003\" data-element_type=\"section\" data-e-type=\"section\">\n\t\t\t\t\t\t<div class=\"elementor-container elementor-column-gap-default\">\n\t\t\t\t\t<div class=\"elementor-column elementor-col-50 elementor-top-column elementor-element elementor-element-445d9bd\" data-id=\"445d9bd\" data-element_type=\"column\" data-e-type=\"column\">\n\t\t\t<div class=\"elementor-widget-wrap elementor-element-populated\">\n\t\t\t\t\t\t<div class=\"elementor-element elementor-element-ea432be elementor-widget elementor-widget-text-editor\" data-id=\"ea432be\" data-element_type=\"widget\" data-e-type=\"widget\" data-widget_type=\"text-editor.default\">\n\t\t\t\t<div class=\"elementor-widget-container\">\n\t\t\t\t\t\t\t\t\t<p><strong>Numero de solicitud:\u00a0<\/strong>US201816615179 20180626<\/p><p><strong>Numero de publicaci\u00f3n<\/strong>: PT20170110166 20170626 ; WO2019003102\u00a0(A1) \u00a0<\/p><p><strong>Autores:<\/strong> Benjam\u00edn Alonso, \u00cd\u00f1igo Sola, Helder Crespo.<\/p><p><strong>Instituciones\/compa\u00f1\u00edas:<\/strong> Sphere Ultrafast Photonics, Universidad de Salamanca<\/p><p><strong>Fecha de aplicaci\u00f3n:<\/strong> Solicitud nacional 26 de junio de 2017, internacional 2018.<\/p><p><strong>Tipo:<\/strong> Patente nacional (Portugal) y PCT internacional.<\/p><p><strong>Nota:<\/strong> La empresa Sphere Ultrafast Photonics explota comercialmente la patente.<\/p>\t\t\t\t\t\t\t\t<\/div>\n\t\t\t\t<\/div>\n\t\t\t\t\t<\/div>\n\t\t<\/div>\n\t\t\t\t<div class=\"elementor-column elementor-col-50 elementor-top-column elementor-element elementor-element-b348e1e\" data-id=\"b348e1e\" data-element_type=\"column\" data-e-type=\"column\">\n\t\t\t<div class=\"elementor-widget-wrap elementor-element-populated\">\n\t\t\t\t\t\t<div class=\"elementor-element elementor-element-cbea861 elementor-widget elementor-widget-image\" data-id=\"cbea861\" data-element_type=\"widget\" data-e-type=\"widget\" data-widget_type=\"image.default\">\n\t\t\t\t<div class=\"elementor-widget-container\">\n\t\t\t\t\t\t\t\t\t\t\t\t\t\t\t\t<a href=\"https:\/\/laser.usal.es\/alf\/wp-content\/uploads\/2024\/05\/WO2019003102A1.pdf\">\n\t\t\t\t\t\t\t<img decoding=\"async\" width=\"425\" height=\"561\" data-src=\"https:\/\/laser.usal.es\/alf\/wp-content\/uploads\/2024\/05\/Imagen-1.png\" class=\"attachment-large size-large wp-image-10141 lazyload\" alt=\"\" data-srcset=\"https:\/\/laser.usal.es\/alf\/wp-content\/uploads\/2024\/05\/Imagen-1.png 425w, https:\/\/laser.usal.es\/alf\/wp-content\/uploads\/2024\/05\/Imagen-1-227x300.png 227w\" data-sizes=\"(max-width: 425px) 100vw, 425px\" src=\"data:image\/svg+xml;base64,PHN2ZyB3aWR0aD0iMSIgaGVpZ2h0PSIxIiB4bWxucz0iaHR0cDovL3d3dy53My5vcmcvMjAwMC9zdmciPjwvc3ZnPg==\" style=\"--smush-placeholder-width: 425px; --smush-placeholder-aspect-ratio: 425\/561;\" \/>\t\t\t\t\t\t\t\t<\/a>\n\t\t\t\t\t\t\t\t\t\t\t\t\t\t\t<\/div>\n\t\t\t\t<\/div>\n\t\t\t\t\t<\/div>\n\t\t<\/div>\n\t\t\t\t\t<\/div>\n\t\t<\/section>\n\t\t\t\t<section class=\"elementor-section elementor-top-section elementor-element elementor-element-f52e3ec elementor-section-boxed elementor-section-height-default elementor-section-height-default\" data-id=\"f52e3ec\" data-element_type=\"section\" data-e-type=\"section\">\n\t\t\t\t\t\t<div class=\"elementor-container elementor-column-gap-default\">\n\t\t\t\t\t<div class=\"elementor-column elementor-col-100 elementor-top-column elementor-element elementor-element-f41bad7\" data-id=\"f41bad7\" data-element_type=\"column\" data-e-type=\"column\">\n\t\t\t<div class=\"elementor-widget-wrap elementor-element-populated\">\n\t\t\t\t\t\t<div class=\"elementor-element elementor-element-5ae05ab elementor-widget-divider--view-line elementor-widget elementor-widget-divider\" data-id=\"5ae05ab\" data-element_type=\"widget\" data-e-type=\"widget\" data-widget_type=\"divider.default\">\n\t\t\t\t<div class=\"elementor-widget-container\">\n\t\t\t\t\t\t\t<div class=\"elementor-divider\">\n\t\t\t<span class=\"elementor-divider-separator\">\n\t\t\t\t\t\t<\/span>\n\t\t<\/div>\n\t\t\t\t\t\t<\/div>\n\t\t\t\t<\/div>\n\t\t\t\t\t<\/div>\n\t\t<\/div>\n\t\t\t\t\t<\/div>\n\t\t<\/section>\n\t\t\t\t<section class=\"elementor-section elementor-top-section elementor-element elementor-element-84ffcb3 elementor-section-boxed elementor-section-height-default elementor-section-height-default\" data-id=\"84ffcb3\" data-element_type=\"section\" data-e-type=\"section\">\n\t\t\t\t\t\t<div class=\"elementor-container elementor-column-gap-default\">\n\t\t\t\t\t<div class=\"elementor-column elementor-col-100 elementor-top-column elementor-element elementor-element-fec5047\" data-id=\"fec5047\" data-element_type=\"column\" data-e-type=\"column\">\n\t\t\t<div class=\"elementor-widget-wrap elementor-element-populated\">\n\t\t\t\t\t\t<div class=\"elementor-element elementor-element-0c1a74e elementor-widget elementor-widget-text-editor\" data-id=\"0c1a74e\" data-element_type=\"widget\" data-e-type=\"widget\" data-widget_type=\"text-editor.default\">\n\t\t\t\t<div class=\"elementor-widget-container\">\n\t\t\t\t\t\t\t\t\t<p><a href=\"https:\/\/patentscope.wipo.int\/search\/es\/detail.jsf?docId=WO2021123481\" target=\"_blank\" rel=\"noopener\"><strong>M\u00e9todo y sistema para la caracterizaci\u00f3n temporal y espectral de la amplitud y fase de pulsos l\u00e1ser ultracortos<\/strong><\/a><\/p>\t\t\t\t\t\t\t\t<\/div>\n\t\t\t\t<\/div>\n\t\t\t\t\t<\/div>\n\t\t<\/div>\n\t\t\t\t\t<\/div>\n\t\t<\/section>\n\t\t\t\t<section class=\"elementor-section elementor-top-section elementor-element elementor-element-4fffa72 elementor-section-boxed elementor-section-height-default elementor-section-height-default\" data-id=\"4fffa72\" data-element_type=\"section\" data-e-type=\"section\">\n\t\t\t\t\t\t<div class=\"elementor-container elementor-column-gap-default\">\n\t\t\t\t\t<div class=\"elementor-column elementor-col-50 elementor-top-column elementor-element elementor-element-e1078af\" data-id=\"e1078af\" data-element_type=\"column\" data-e-type=\"column\">\n\t\t\t<div class=\"elementor-widget-wrap elementor-element-populated\">\n\t\t\t\t\t\t<div class=\"elementor-element elementor-element-7e6b97a elementor-widget elementor-widget-text-editor\" data-id=\"7e6b97a\" data-element_type=\"widget\" data-e-type=\"widget\" data-widget_type=\"text-editor.default\">\n\t\t\t\t<div class=\"elementor-widget-container\">\n\t\t\t\t\t\t\t\t\t<p><strong>Referencia:<\/strong> 201931137 &#8211; PCT\/ES2020\/070798<\/p><p><strong>Autores:<\/strong> \u00cd\u00f1igo Sola, Benjam\u00edn Alonso.<\/p><p><strong>Instituciones\/compa\u00f1\u00edas:<\/strong> Universidad de Salamanca<\/p><p><strong>Fecha de aplicaci\u00f3n:<\/strong> 19 de diciembre de 2019.<\/p><p><strong>Tipo:<\/strong> Patente nacional (Espa\u00f1a). Se ha solicitado la extensi\u00f3n a patente internacional y se negociar\u00e1 su explotaci\u00f3n con empresas del sector.<\/p>\t\t\t\t\t\t\t\t<\/div>\n\t\t\t\t<\/div>\n\t\t\t\t\t<\/div>\n\t\t<\/div>\n\t\t\t\t<div class=\"elementor-column elementor-col-50 elementor-top-column elementor-element elementor-element-5fb5ff8\" data-id=\"5fb5ff8\" data-element_type=\"column\" data-e-type=\"column\">\n\t\t\t<div class=\"elementor-widget-wrap elementor-element-populated\">\n\t\t\t\t\t\t<div class=\"elementor-element elementor-element-06a520a elementor-widget elementor-widget-image\" data-id=\"06a520a\" data-element_type=\"widget\" data-e-type=\"widget\" data-widget_type=\"image.default\">\n\t\t\t\t<div class=\"elementor-widget-container\">\n\t\t\t\t\t\t\t\t\t\t\t\t\t\t\t\t<a href=\"https:\/\/laser.usal.es\/alf\/wp-content\/uploads\/2024\/05\/WO2021123481A1.pdf\" target=\"_blank\">\n\t\t\t\t\t\t\t<img decoding=\"async\" width=\"425\" height=\"446\" data-src=\"https:\/\/laser.usal.es\/alf\/wp-content\/uploads\/2024\/05\/WO2021123481A1.png\" class=\"attachment-large size-large wp-image-10153 lazyload\" alt=\"\" data-srcset=\"https:\/\/laser.usal.es\/alf\/wp-content\/uploads\/2024\/05\/WO2021123481A1.png 425w, https:\/\/laser.usal.es\/alf\/wp-content\/uploads\/2024\/05\/WO2021123481A1-286x300.png 286w\" data-sizes=\"(max-width: 425px) 100vw, 425px\" src=\"data:image\/svg+xml;base64,PHN2ZyB3aWR0aD0iMSIgaGVpZ2h0PSIxIiB4bWxucz0iaHR0cDovL3d3dy53My5vcmcvMjAwMC9zdmciPjwvc3ZnPg==\" style=\"--smush-placeholder-width: 425px; --smush-placeholder-aspect-ratio: 425\/446;\" \/>\t\t\t\t\t\t\t\t<\/a>\n\t\t\t\t\t\t\t\t\t\t\t\t\t\t\t<\/div>\n\t\t\t\t<\/div>\n\t\t\t\t\t<\/div>\n\t\t<\/div>\n\t\t\t\t\t<\/div>\n\t\t<\/section>\n\t\t\t\t<\/div>\n\t\t\n<div class=\"twitter-share\"><a href=\"https:\/\/twitter.com\/intent\/tweet?via=OpticaExtrema\" class=\"twitter-share-button\">Twittear<\/a><\/div>\n","protected":false},"excerpt":{"rendered":"<p>Como resultado de la actividad de investigaci\u00f3n realizada por el grupo se han obtenido las siguientes patentes Optical system and method for ultrashort laser pulse characterization Numero de solicitud: EP20150000347 20150206 Fecha de solicitud: 6 de febrero de 2015 Numero de publicaci\u00f3n:\u00a0EP3062075 (A1) Fecha de publicaci\u00f3n: 31 de agosto de 2016 Autores: Jos\u00e9 Francisco Trull<\/p>\n","protected":false},"author":1,"featured_media":0,"parent":0,"menu_order":0,"comment_status":"closed","ping_status":"closed","template":"","meta":{"footnotes":""},"class_list":["post-4310","page","type-page","status-publish","hentry"],"_links":{"self":[{"href":"https:\/\/laser.usal.es\/alf\/wp-json\/wp\/v2\/pages\/4310","targetHints":{"allow":["GET"]}}],"collection":[{"href":"https:\/\/laser.usal.es\/alf\/wp-json\/wp\/v2\/pages"}],"about":[{"href":"https:\/\/laser.usal.es\/alf\/wp-json\/wp\/v2\/types\/page"}],"author":[{"embeddable":true,"href":"https:\/\/laser.usal.es\/alf\/wp-json\/wp\/v2\/users\/1"}],"replies":[{"embeddable":true,"href":"https:\/\/laser.usal.es\/alf\/wp-json\/wp\/v2\/comments?post=4310"}],"version-history":[{"count":53,"href":"https:\/\/laser.usal.es\/alf\/wp-json\/wp\/v2\/pages\/4310\/revisions"}],"predecessor-version":[{"id":10568,"href":"https:\/\/laser.usal.es\/alf\/wp-json\/wp\/v2\/pages\/4310\/revisions\/10568"}],"wp:attachment":[{"href":"https:\/\/laser.usal.es\/alf\/wp-json\/wp\/v2\/media?parent=4310"}],"curies":[{"name":"wp","href":"https:\/\/api.w.org\/{rel}","templated":true}]}}