{"id":4329,"date":"2021-06-16T14:08:02","date_gmt":"2021-06-16T13:08:02","guid":{"rendered":"https:\/\/laser.usal.es\/alf\/?page_id=4329"},"modified":"2024-05-20T10:45:54","modified_gmt":"2024-05-20T09:45:54","slug":"patents","status":"publish","type":"page","link":"https:\/\/laser.usal.es\/alf\/en\/patents\/","title":{"rendered":"Patents"},"content":{"rendered":"\t\t<div data-elementor-type=\"wp-page\" data-elementor-id=\"4329\" class=\"elementor elementor-4329\">\n\t\t\t\t\t\t<section class=\"elementor-section elementor-top-section elementor-element elementor-element-9a6e09f elementor-section-boxed elementor-section-height-default elementor-section-height-default\" data-id=\"9a6e09f\" data-element_type=\"section\" data-e-type=\"section\">\n\t\t\t\t\t\t<div class=\"elementor-container elementor-column-gap-default\">\n\t\t\t\t\t<div class=\"elementor-column elementor-col-100 elementor-top-column elementor-element elementor-element-92d31cc\" data-id=\"92d31cc\" data-element_type=\"column\" data-e-type=\"column\">\n\t\t\t<div class=\"elementor-widget-wrap elementor-element-populated\">\n\t\t\t\t\t\t<div class=\"elementor-element elementor-element-c6707d9 elementor-widget elementor-widget-text-editor\" data-id=\"c6707d9\" data-element_type=\"widget\" data-e-type=\"widget\" data-widget_type=\"text-editor.default\">\n\t\t\t\t<div class=\"elementor-widget-container\">\n\t\t\t\t\t\t\t\t\t<h2 style=\"text-align: center;\">As result of the researching activities carried out by the group, several patents have been obtained:<\/h2>\t\t\t\t\t\t\t\t<\/div>\n\t\t\t\t<\/div>\n\t\t\t\t\t<\/div>\n\t\t<\/div>\n\t\t\t\t\t<\/div>\n\t\t<\/section>\n\t\t\t\t<section class=\"elementor-section elementor-top-section elementor-element elementor-element-1b75ce3 elementor-section-boxed elementor-section-height-default elementor-section-height-default\" data-id=\"1b75ce3\" data-element_type=\"section\" data-e-type=\"section\">\n\t\t\t\t\t\t<div class=\"elementor-container elementor-column-gap-default\">\n\t\t\t\t\t<div class=\"elementor-column elementor-col-100 elementor-top-column elementor-element elementor-element-d4277fc\" data-id=\"d4277fc\" data-element_type=\"column\" data-e-type=\"column\">\n\t\t\t<div class=\"elementor-widget-wrap elementor-element-populated\">\n\t\t\t\t\t\t<div class=\"elementor-element elementor-element-efbae84 elementor-widget elementor-widget-text-editor\" data-id=\"efbae84\" data-element_type=\"widget\" data-e-type=\"widget\" data-widget_type=\"text-editor.default\">\n\t\t\t\t<div class=\"elementor-widget-container\">\n\t\t\t\t\t\t\t\t\t<p><a href=\"https:\/\/worldwide.espacenet.com\/publicationDetails\/biblio?CC=EP&amp;NR=3062075A1&amp;KC=A1&amp;FT=D\"><strong>Optical system and method for ultrashort laser pulse characterization<\/strong><\/a><\/p>\t\t\t\t\t\t\t\t<\/div>\n\t\t\t\t<\/div>\n\t\t\t\t\t<\/div>\n\t\t<\/div>\n\t\t\t\t\t<\/div>\n\t\t<\/section>\n\t\t\t\t<section class=\"elementor-section elementor-top-section elementor-element elementor-element-85f8ca9 elementor-section-boxed elementor-section-height-default elementor-section-height-default\" data-id=\"85f8ca9\" data-element_type=\"section\" data-e-type=\"section\">\n\t\t\t\t\t\t<div class=\"elementor-container elementor-column-gap-default\">\n\t\t\t\t\t<div class=\"elementor-column elementor-col-50 elementor-top-column elementor-element elementor-element-0dfe0f5\" data-id=\"0dfe0f5\" data-element_type=\"column\" data-e-type=\"column\">\n\t\t\t<div class=\"elementor-widget-wrap elementor-element-populated\">\n\t\t\t\t\t\t<div class=\"elementor-element elementor-element-00f4a31 elementor-widget elementor-widget-text-editor\" data-id=\"00f4a31\" data-element_type=\"widget\" data-e-type=\"widget\" data-widget_type=\"text-editor.default\">\n\t\t\t\t<div class=\"elementor-widget-container\">\n\t\t\t\t\t\t\t\t\t<p><strong>Application number: <\/strong>EP20150000347 20150206<\/p><p><strong>Application date:<\/strong> February 6, 2015<\/p><p><strong>Publication number: <\/strong>EP3062075 (A1)<\/p><p><strong>Publication date: <\/strong>August 31, 2016<\/p><p><strong>Authors:<\/strong> Jos\u00e9 Francisco Trull Silvestre, Crina Maria Cojocaru, I\u00f1igo Juan Sola Larra\u00f1aga, Helder Manuel Paiva Rebelo Cerejo Crespo, Rosa Maria Romero Mu\u00f1iz, Francisco Jos\u00e9 Maia Da Silva<\/p><p><strong>Instituciones\/compa\u00f1\u00edas:<\/strong> Universitat Politecnica de Catalunya, Universidad de Salamanca, Sphere Ultrafast Photonics<\/p><p><strong>Tipo:<\/strong> European patent.<\/p><p><strong>Note:<\/strong> The company Sphere Ultrafast Photonics commercially exploits the patent.<\/p>\t\t\t\t\t\t\t\t<\/div>\n\t\t\t\t<\/div>\n\t\t\t\t\t<\/div>\n\t\t<\/div>\n\t\t\t\t<div class=\"elementor-column elementor-col-50 elementor-top-column elementor-element elementor-element-3399d07\" data-id=\"3399d07\" data-element_type=\"column\" data-e-type=\"column\">\n\t\t\t<div class=\"elementor-widget-wrap elementor-element-populated\">\n\t\t\t\t\t\t<div class=\"elementor-element elementor-element-be1dfd1 elementor-widget__width-initial elementor-widget elementor-widget-image\" data-id=\"be1dfd1\" data-element_type=\"widget\" data-e-type=\"widget\" data-widget_type=\"image.default\">\n\t\t\t\t<div class=\"elementor-widget-container\">\n\t\t\t\t\t\t\t\t\t\t\t\t\t\t\t\t<a href=\"https:\/\/laser.usal.es\/alf\/wp-content\/uploads\/2024\/05\/EP3062075A1.pdf\" target=\"_blank\">\n\t\t\t\t\t\t\t<img fetchpriority=\"high\" decoding=\"async\" width=\"425\" height=\"596\" src=\"https:\/\/laser.usal.es\/alf\/wp-content\/uploads\/2024\/05\/EP3062075A1.png\" class=\"attachment-medium_large size-medium_large wp-image-10131\" alt=\"\" srcset=\"https:\/\/laser.usal.es\/alf\/wp-content\/uploads\/2024\/05\/EP3062075A1.png 425w, https:\/\/laser.usal.es\/alf\/wp-content\/uploads\/2024\/05\/EP3062075A1-214x300.png 214w\" sizes=\"(max-width: 425px) 100vw, 425px\" \/>\t\t\t\t\t\t\t\t<\/a>\n\t\t\t\t\t\t\t\t\t\t\t\t\t\t\t<\/div>\n\t\t\t\t<\/div>\n\t\t\t\t\t<\/div>\n\t\t<\/div>\n\t\t\t\t\t<\/div>\n\t\t<\/section>\n\t\t\t\t<section class=\"elementor-section elementor-top-section elementor-element elementor-element-cc3cc63 elementor-section-boxed elementor-section-height-default elementor-section-height-default\" data-id=\"cc3cc63\" data-element_type=\"section\" data-e-type=\"section\">\n\t\t\t\t\t\t<div class=\"elementor-container elementor-column-gap-default\">\n\t\t\t\t\t<div class=\"elementor-column elementor-col-100 elementor-top-column elementor-element elementor-element-9623866\" data-id=\"9623866\" data-element_type=\"column\" data-e-type=\"column\">\n\t\t\t<div class=\"elementor-widget-wrap elementor-element-populated\">\n\t\t\t\t\t\t<div class=\"elementor-element elementor-element-ea7c416 elementor-widget-divider--view-line elementor-widget elementor-widget-divider\" data-id=\"ea7c416\" data-element_type=\"widget\" data-e-type=\"widget\" data-widget_type=\"divider.default\">\n\t\t\t\t<div class=\"elementor-widget-container\">\n\t\t\t\t\t\t\t<div class=\"elementor-divider\">\n\t\t\t<span class=\"elementor-divider-separator\">\n\t\t\t\t\t\t<\/span>\n\t\t<\/div>\n\t\t\t\t\t\t<\/div>\n\t\t\t\t<\/div>\n\t\t\t\t\t<\/div>\n\t\t<\/div>\n\t\t\t\t\t<\/div>\n\t\t<\/section>\n\t\t\t\t<section class=\"elementor-section elementor-top-section elementor-element elementor-element-38de3da elementor-section-boxed elementor-section-height-default elementor-section-height-default\" data-id=\"38de3da\" data-element_type=\"section\" data-e-type=\"section\">\n\t\t\t\t\t\t<div class=\"elementor-container elementor-column-gap-default\">\n\t\t\t\t\t<div class=\"elementor-column elementor-col-100 elementor-top-column elementor-element elementor-element-2f1bc4d\" data-id=\"2f1bc4d\" data-element_type=\"column\" data-e-type=\"column\">\n\t\t\t<div class=\"elementor-widget-wrap elementor-element-populated\">\n\t\t\t\t\t\t<div class=\"elementor-element elementor-element-08aeab6 elementor-widget elementor-widget-text-editor\" data-id=\"08aeab6\" data-element_type=\"widget\" data-e-type=\"widget\" data-widget_type=\"text-editor.default\">\n\t\t\t\t<div class=\"elementor-widget-container\">\n\t\t\t\t\t\t\t\t\t<p><a href=\"http:\/\/invenes.oepm.es\/InvenesWeb\/detalle?referencia=P201730215\"><strong>Aparato y m\u00e9todo de medici\u00f3n en l\u00ednea de pulsos l\u00e1ser con polarizaci\u00f3n dependiente del tiempo<\/strong><\/a><\/p>\t\t\t\t\t\t\t\t<\/div>\n\t\t\t\t<\/div>\n\t\t\t\t\t<\/div>\n\t\t<\/div>\n\t\t\t\t\t<\/div>\n\t\t<\/section>\n\t\t\t\t<section class=\"elementor-section elementor-top-section elementor-element elementor-element-b869fd4 elementor-section-boxed elementor-section-height-default elementor-section-height-default\" data-id=\"b869fd4\" data-element_type=\"section\" data-e-type=\"section\">\n\t\t\t\t\t\t<div class=\"elementor-container elementor-column-gap-default\">\n\t\t\t\t\t<div class=\"elementor-column elementor-col-50 elementor-top-column elementor-element elementor-element-2f345f0\" data-id=\"2f345f0\" data-element_type=\"column\" data-e-type=\"column\">\n\t\t\t<div class=\"elementor-widget-wrap elementor-element-populated\">\n\t\t\t\t\t\t<div class=\"elementor-element elementor-element-c7ccb4a elementor-widget elementor-widget-text-editor\" data-id=\"c7ccb4a\" data-element_type=\"widget\" data-e-type=\"widget\" data-widget_type=\"text-editor.default\">\n\t\t\t\t<div class=\"elementor-widget-container\">\n\t\t\t\t\t\t\t\t\t<p><strong>Application number:<\/strong> 201730215 y PCT\/ES2018\/070116<\/p><p><strong>Application date<\/strong>: February 20, 2017<\/p><p><strong>Publication number:<\/strong> ES2680045 (A1) y WO2018150071 (A1)<\/p><p><strong>Publication date:<\/strong> September 3, 2018<\/p><p><strong>Authors<\/strong>: Benjam\u00edn Alonso, \u00cd\u00f1igo Sola<\/p><p><strong>Institutions\/companies:<\/strong> Universidad de Salamanca<\/p><p><strong>Type:<\/strong> International patent.<\/p>\t\t\t\t\t\t\t\t<\/div>\n\t\t\t\t<\/div>\n\t\t\t\t\t<\/div>\n\t\t<\/div>\n\t\t\t\t<div class=\"elementor-column elementor-col-50 elementor-top-column elementor-element elementor-element-af96388\" data-id=\"af96388\" data-element_type=\"column\" data-e-type=\"column\">\n\t\t\t<div class=\"elementor-widget-wrap elementor-element-populated\">\n\t\t\t\t\t\t<div class=\"elementor-element elementor-element-cb36cf4 elementor-widget elementor-widget-image\" data-id=\"cb36cf4\" data-element_type=\"widget\" data-e-type=\"widget\" data-widget_type=\"image.default\">\n\t\t\t\t<div class=\"elementor-widget-container\">\n\t\t\t\t\t\t\t\t\t\t\t\t\t\t\t\t<a href=\"https:\/\/laser.usal.es\/alf\/wp-content\/uploads\/2024\/05\/WO2018150071A1.pdf\" target=\"_blank\">\n\t\t\t\t\t\t\t<img decoding=\"async\" width=\"425\" height=\"596\" data-src=\"https:\/\/laser.usal.es\/alf\/wp-content\/uploads\/2024\/05\/EP3062075A1.png\" class=\"attachment-large size-large wp-image-10131 lazyload\" alt=\"\" data-srcset=\"https:\/\/laser.usal.es\/alf\/wp-content\/uploads\/2024\/05\/EP3062075A1.png 425w, https:\/\/laser.usal.es\/alf\/wp-content\/uploads\/2024\/05\/EP3062075A1-214x300.png 214w\" data-sizes=\"(max-width: 425px) 100vw, 425px\" src=\"data:image\/svg+xml;base64,PHN2ZyB3aWR0aD0iMSIgaGVpZ2h0PSIxIiB4bWxucz0iaHR0cDovL3d3dy53My5vcmcvMjAwMC9zdmciPjwvc3ZnPg==\" style=\"--smush-placeholder-width: 425px; --smush-placeholder-aspect-ratio: 425\/596;\" \/>\t\t\t\t\t\t\t\t<\/a>\n\t\t\t\t\t\t\t\t\t\t\t\t\t\t\t<\/div>\n\t\t\t\t<\/div>\n\t\t\t\t\t<\/div>\n\t\t<\/div>\n\t\t\t\t\t<\/div>\n\t\t<\/section>\n\t\t\t\t<section class=\"elementor-section elementor-top-section elementor-element elementor-element-f2708e5 elementor-section-boxed elementor-section-height-default elementor-section-height-default\" data-id=\"f2708e5\" data-element_type=\"section\" data-e-type=\"section\">\n\t\t\t\t\t\t<div class=\"elementor-container elementor-column-gap-default\">\n\t\t\t\t\t<div class=\"elementor-column elementor-col-100 elementor-top-column elementor-element elementor-element-d396606\" data-id=\"d396606\" data-element_type=\"column\" data-e-type=\"column\">\n\t\t\t<div class=\"elementor-widget-wrap elementor-element-populated\">\n\t\t\t\t\t\t<div class=\"elementor-element elementor-element-5de33cf elementor-widget-divider--view-line elementor-widget elementor-widget-divider\" data-id=\"5de33cf\" data-element_type=\"widget\" data-e-type=\"widget\" data-widget_type=\"divider.default\">\n\t\t\t\t<div class=\"elementor-widget-container\">\n\t\t\t\t\t\t\t<div class=\"elementor-divider\">\n\t\t\t<span class=\"elementor-divider-separator\">\n\t\t\t\t\t\t<\/span>\n\t\t<\/div>\n\t\t\t\t\t\t<\/div>\n\t\t\t\t<\/div>\n\t\t\t\t\t<\/div>\n\t\t<\/div>\n\t\t\t\t\t<\/div>\n\t\t<\/section>\n\t\t\t\t<section class=\"elementor-section elementor-top-section elementor-element elementor-element-8a66a0c elementor-section-boxed elementor-section-height-default elementor-section-height-default\" data-id=\"8a66a0c\" data-element_type=\"section\" data-e-type=\"section\">\n\t\t\t\t\t\t<div class=\"elementor-container elementor-column-gap-default\">\n\t\t\t\t\t<div class=\"elementor-column elementor-col-100 elementor-top-column elementor-element elementor-element-02e62a7\" data-id=\"02e62a7\" data-element_type=\"column\" data-e-type=\"column\">\n\t\t\t<div class=\"elementor-widget-wrap elementor-element-populated\">\n\t\t\t\t\t\t<div class=\"elementor-element elementor-element-2d4fc94 elementor-widget elementor-widget-text-editor\" data-id=\"2d4fc94\" data-element_type=\"widget\" data-e-type=\"widget\" data-widget_type=\"text-editor.default\">\n\t\t\t\t<div class=\"elementor-widget-container\">\n\t\t\t\t\t\t\t\t\t<p><strong><a href=\"https:\/\/worldwide.espacenet.com\/publicationDetails\/biblio?II=1&amp;ND=3&amp;adjacent=true&amp;locale=en_EP&amp;FT=D&amp;date=20200604&amp;CC=US&amp;NR=2020173860A1&amp;KC=A1\">Method for the characterisation and compression of ultrashort pulses<\/a><\/strong><\/p>\t\t\t\t\t\t\t\t<\/div>\n\t\t\t\t<\/div>\n\t\t\t\t\t<\/div>\n\t\t<\/div>\n\t\t\t\t\t<\/div>\n\t\t<\/section>\n\t\t\t\t<section class=\"elementor-section elementor-top-section elementor-element elementor-element-da58695 elementor-section-boxed elementor-section-height-default elementor-section-height-default\" data-id=\"da58695\" data-element_type=\"section\" data-e-type=\"section\">\n\t\t\t\t\t\t<div class=\"elementor-container elementor-column-gap-default\">\n\t\t\t\t\t<div class=\"elementor-column elementor-col-50 elementor-top-column elementor-element elementor-element-886ba21\" data-id=\"886ba21\" data-element_type=\"column\" data-e-type=\"column\">\n\t\t\t<div class=\"elementor-widget-wrap elementor-element-populated\">\n\t\t\t\t\t\t<div class=\"elementor-element elementor-element-01f21aa elementor-widget elementor-widget-text-editor\" data-id=\"01f21aa\" data-element_type=\"widget\" data-e-type=\"widget\" data-widget_type=\"text-editor.default\">\n\t\t\t\t<div class=\"elementor-widget-container\">\n\t\t\t\t\t\t\t\t\t<p><strong>Application number: <\/strong>US201816615179 20180626<\/p><p><strong>Publication number<\/strong>: PT20170110166 20170626 ; WO2019003102 (A1) \u00a0<\/p><p><strong>Authors:<\/strong> Benjam\u00edn Alonso, \u00cd\u00f1igo Sola, Helder Crespo.<\/p><p><strong>Institutions\/companies:<\/strong> Sphere Ultrafast Photonics, Universidad de Salamanca<\/p><p><strong>Application date:<\/strong> National application June 26, 2017, international 2018.<\/p><p><strong>Type:<\/strong> National patent (Portugal) and international PCT<\/p><p><strong>Note: <\/strong>The company Sphere Ultrafast Photonics commercially exploits the patent.<\/p>\t\t\t\t\t\t\t\t<\/div>\n\t\t\t\t<\/div>\n\t\t\t\t\t<\/div>\n\t\t<\/div>\n\t\t\t\t<div class=\"elementor-column elementor-col-50 elementor-top-column elementor-element elementor-element-c4451c9\" data-id=\"c4451c9\" data-element_type=\"column\" data-e-type=\"column\">\n\t\t\t<div class=\"elementor-widget-wrap elementor-element-populated\">\n\t\t\t\t\t\t<div class=\"elementor-element elementor-element-a9752ad elementor-widget elementor-widget-image\" data-id=\"a9752ad\" data-element_type=\"widget\" data-e-type=\"widget\" data-widget_type=\"image.default\">\n\t\t\t\t<div class=\"elementor-widget-container\">\n\t\t\t\t\t\t\t\t\t\t\t\t\t\t\t\t<a href=\"https:\/\/laser.usal.es\/alf\/wp-content\/uploads\/2024\/05\/WO2019003102A1.pdf\">\n\t\t\t\t\t\t\t<img decoding=\"async\" width=\"425\" height=\"561\" data-src=\"https:\/\/laser.usal.es\/alf\/wp-content\/uploads\/2024\/05\/Imagen-1.png\" class=\"attachment-large size-large wp-image-10141 lazyload\" alt=\"\" data-srcset=\"https:\/\/laser.usal.es\/alf\/wp-content\/uploads\/2024\/05\/Imagen-1.png 425w, https:\/\/laser.usal.es\/alf\/wp-content\/uploads\/2024\/05\/Imagen-1-227x300.png 227w\" data-sizes=\"(max-width: 425px) 100vw, 425px\" src=\"data:image\/svg+xml;base64,PHN2ZyB3aWR0aD0iMSIgaGVpZ2h0PSIxIiB4bWxucz0iaHR0cDovL3d3dy53My5vcmcvMjAwMC9zdmciPjwvc3ZnPg==\" style=\"--smush-placeholder-width: 425px; --smush-placeholder-aspect-ratio: 425\/561;\" \/>\t\t\t\t\t\t\t\t<\/a>\n\t\t\t\t\t\t\t\t\t\t\t\t\t\t\t<\/div>\n\t\t\t\t<\/div>\n\t\t\t\t\t<\/div>\n\t\t<\/div>\n\t\t\t\t\t<\/div>\n\t\t<\/section>\n\t\t\t\t<section class=\"elementor-section elementor-top-section elementor-element elementor-element-9133c7f elementor-section-boxed elementor-section-height-default elementor-section-height-default\" data-id=\"9133c7f\" data-element_type=\"section\" data-e-type=\"section\">\n\t\t\t\t\t\t<div class=\"elementor-container elementor-column-gap-default\">\n\t\t\t\t\t<div class=\"elementor-column elementor-col-100 elementor-top-column elementor-element elementor-element-bde21fd\" data-id=\"bde21fd\" data-element_type=\"column\" data-e-type=\"column\">\n\t\t\t<div class=\"elementor-widget-wrap elementor-element-populated\">\n\t\t\t\t\t\t<div class=\"elementor-element elementor-element-aebb7f0 elementor-widget-divider--view-line elementor-widget elementor-widget-divider\" data-id=\"aebb7f0\" data-element_type=\"widget\" data-e-type=\"widget\" data-widget_type=\"divider.default\">\n\t\t\t\t<div class=\"elementor-widget-container\">\n\t\t\t\t\t\t\t<div class=\"elementor-divider\">\n\t\t\t<span class=\"elementor-divider-separator\">\n\t\t\t\t\t\t<\/span>\n\t\t<\/div>\n\t\t\t\t\t\t<\/div>\n\t\t\t\t<\/div>\n\t\t\t\t\t<\/div>\n\t\t<\/div>\n\t\t\t\t\t<\/div>\n\t\t<\/section>\n\t\t\t\t<section class=\"elementor-section elementor-top-section elementor-element elementor-element-9da310c elementor-section-boxed elementor-section-height-default elementor-section-height-default\" data-id=\"9da310c\" data-element_type=\"section\" data-e-type=\"section\">\n\t\t\t\t\t\t<div class=\"elementor-container elementor-column-gap-default\">\n\t\t\t\t\t<div class=\"elementor-column elementor-col-100 elementor-top-column elementor-element elementor-element-ff33986\" data-id=\"ff33986\" data-element_type=\"column\" data-e-type=\"column\">\n\t\t\t<div class=\"elementor-widget-wrap elementor-element-populated\">\n\t\t\t\t\t\t<div class=\"elementor-element elementor-element-f01bc12 elementor-widget elementor-widget-text-editor\" data-id=\"f01bc12\" data-element_type=\"widget\" data-e-type=\"widget\" data-widget_type=\"text-editor.default\">\n\t\t\t\t<div class=\"elementor-widget-container\">\n\t\t\t\t\t\t\t\t\t<p><a href=\"https:\/\/patentscope.wipo.int\/search\/es\/detail.jsf?docId=WO2021123481\" target=\"_blank\" rel=\"noopener\"><strong>M\u00e9todo y sistema para la caracterizaci\u00f3n temporal y espectral de la amplitud y fase de pulsos l\u00e1ser ultracortos<\/strong><\/a><\/p>\t\t\t\t\t\t\t\t<\/div>\n\t\t\t\t<\/div>\n\t\t\t\t\t<\/div>\n\t\t<\/div>\n\t\t\t\t\t<\/div>\n\t\t<\/section>\n\t\t\t\t<section class=\"elementor-section elementor-top-section elementor-element elementor-element-d7bb3ab elementor-section-boxed elementor-section-height-default elementor-section-height-default\" data-id=\"d7bb3ab\" data-element_type=\"section\" data-e-type=\"section\">\n\t\t\t\t\t\t<div class=\"elementor-container elementor-column-gap-default\">\n\t\t\t\t\t<div class=\"elementor-column elementor-col-50 elementor-top-column elementor-element elementor-element-4a3e93c\" data-id=\"4a3e93c\" data-element_type=\"column\" data-e-type=\"column\">\n\t\t\t<div class=\"elementor-widget-wrap elementor-element-populated\">\n\t\t\t\t\t\t<div class=\"elementor-element elementor-element-7ce3ddc elementor-widget elementor-widget-text-editor\" data-id=\"7ce3ddc\" data-element_type=\"widget\" data-e-type=\"widget\" data-widget_type=\"text-editor.default\">\n\t\t\t\t<div class=\"elementor-widget-container\">\n\t\t\t\t\t\t\t\t\t<p><strong>Referencia:<\/strong> 201931137 &#8211; PCT\/ES2020\/070798<\/p><p><strong>Authors:<\/strong> \u00cd\u00f1igo Sola, Benjam\u00edn Alonso.<\/p><p><strong>Institutions\/companies:<\/strong> Universidad de Salamanca<\/p><p><strong>Application date:<\/strong> December 19, 2019.<\/p><p><strong>Type:<\/strong> National patent (Spain). An extension to an international patent has been requested and its exploitation will be negotiated with companies in the secto<\/p>\t\t\t\t\t\t\t\t<\/div>\n\t\t\t\t<\/div>\n\t\t\t\t\t<\/div>\n\t\t<\/div>\n\t\t\t\t<div class=\"elementor-column elementor-col-50 elementor-top-column elementor-element elementor-element-563f18c\" data-id=\"563f18c\" data-element_type=\"column\" data-e-type=\"column\">\n\t\t\t<div class=\"elementor-widget-wrap elementor-element-populated\">\n\t\t\t\t\t\t<div class=\"elementor-element elementor-element-6b30da8 elementor-widget elementor-widget-image\" data-id=\"6b30da8\" data-element_type=\"widget\" data-e-type=\"widget\" data-widget_type=\"image.default\">\n\t\t\t\t<div class=\"elementor-widget-container\">\n\t\t\t\t\t\t\t\t\t\t\t\t\t\t\t\t<a href=\"https:\/\/laser.usal.es\/alf\/wp-content\/uploads\/2024\/05\/WO2021123481A1.pdf\" target=\"_blank\">\n\t\t\t\t\t\t\t<img decoding=\"async\" width=\"425\" height=\"446\" data-src=\"https:\/\/laser.usal.es\/alf\/wp-content\/uploads\/2024\/05\/WO2021123481A1.png\" class=\"attachment-large size-large wp-image-10153 lazyload\" alt=\"\" data-srcset=\"https:\/\/laser.usal.es\/alf\/wp-content\/uploads\/2024\/05\/WO2021123481A1.png 425w, https:\/\/laser.usal.es\/alf\/wp-content\/uploads\/2024\/05\/WO2021123481A1-286x300.png 286w\" data-sizes=\"(max-width: 425px) 100vw, 425px\" src=\"data:image\/svg+xml;base64,PHN2ZyB3aWR0aD0iMSIgaGVpZ2h0PSIxIiB4bWxucz0iaHR0cDovL3d3dy53My5vcmcvMjAwMC9zdmciPjwvc3ZnPg==\" style=\"--smush-placeholder-width: 425px; --smush-placeholder-aspect-ratio: 425\/446;\" \/>\t\t\t\t\t\t\t\t<\/a>\n\t\t\t\t\t\t\t\t\t\t\t\t\t\t\t<\/div>\n\t\t\t\t<\/div>\n\t\t\t\t\t<\/div>\n\t\t<\/div>\n\t\t\t\t\t<\/div>\n\t\t<\/section>\n\t\t\t\t<\/div>\n\t\t\n<div class=\"twitter-share\"><a href=\"https:\/\/twitter.com\/intent\/tweet?via=OpticaExtrema\" class=\"twitter-share-button\">Twittear<\/a><\/div>\n","protected":false},"excerpt":{"rendered":"<p>As result of the researching activities carried out by the group, several patents have been obtained: Optical system and method for ultrashort laser pulse characterization Application number: EP20150000347 20150206 Application date: February 6, 2015 Publication number: EP3062075 (A1) Publication date: August 31, 2016 Authors: Jos\u00e9 Francisco Trull Silvestre, Crina Maria Cojocaru, I\u00f1igo Juan Sola Larra\u00f1aga,<\/p>\n","protected":false},"author":1,"featured_media":0,"parent":0,"menu_order":0,"comment_status":"closed","ping_status":"closed","template":"","meta":{"footnotes":""},"class_list":["post-4329","page","type-page","status-publish","hentry"],"_links":{"self":[{"href":"https:\/\/laser.usal.es\/alf\/wp-json\/wp\/v2\/pages\/4329","targetHints":{"allow":["GET"]}}],"collection":[{"href":"https:\/\/laser.usal.es\/alf\/wp-json\/wp\/v2\/pages"}],"about":[{"href":"https:\/\/laser.usal.es\/alf\/wp-json\/wp\/v2\/types\/page"}],"author":[{"embeddable":true,"href":"https:\/\/laser.usal.es\/alf\/wp-json\/wp\/v2\/users\/1"}],"replies":[{"embeddable":true,"href":"https:\/\/laser.usal.es\/alf\/wp-json\/wp\/v2\/comments?post=4329"}],"version-history":[{"count":26,"href":"https:\/\/laser.usal.es\/alf\/wp-json\/wp\/v2\/pages\/4329\/revisions"}],"predecessor-version":[{"id":10571,"href":"https:\/\/laser.usal.es\/alf\/wp-json\/wp\/v2\/pages\/4329\/revisions\/10571"}],"wp:attachment":[{"href":"https:\/\/laser.usal.es\/alf\/wp-json\/wp\/v2\/media?parent=4329"}],"curies":[{"name":"wp","href":"https:\/\/api.w.org\/{rel}","templated":true}]}}