{"id":9479,"date":"2024-03-12T13:17:23","date_gmt":"2024-03-12T12:17:23","guid":{"rendered":"https:\/\/laser.usal.es\/alf\/?page_id=9479"},"modified":"2024-03-12T13:29:55","modified_gmt":"2024-03-12T12:29:55","slug":"equipamiento-2","status":"publish","type":"page","link":"https:\/\/laser.usal.es\/alf\/es\/quienes-somos\/equipamiento-2\/","title":{"rendered":"Equipamiento"},"content":{"rendered":"\t\t<div data-elementor-type=\"wp-page\" data-elementor-id=\"9479\" class=\"elementor elementor-9479\">\n\t\t\t\t\t\t<section class=\"elementor-section elementor-top-section elementor-element elementor-element-fd00508 elementor-section-boxed elementor-section-height-default elementor-section-height-default\" data-id=\"fd00508\" data-element_type=\"section\" data-e-type=\"section\">\n\t\t\t\t\t\t<div class=\"elementor-container elementor-column-gap-default\">\n\t\t\t\t\t<div class=\"elementor-column elementor-col-100 elementor-top-column elementor-element elementor-element-956bd25\" data-id=\"956bd25\" data-element_type=\"column\" data-e-type=\"column\">\n\t\t\t<div class=\"elementor-widget-wrap elementor-element-populated\">\n\t\t\t\t\t\t<div class=\"elementor-element elementor-element-9a06ff8 elementor-widget elementor-widget-text-editor\" data-id=\"9a06ff8\" data-element_type=\"widget\" data-e-type=\"widget\" data-widget_type=\"text-editor.default\">\n\t\t\t\t<div class=\"elementor-widget-container\">\n\t\t\t\t\t\t\t\t\t<p style=\"text-align: justify;\">El Grupo de Investigaci\u00f3n en Aplicaciones de L\u00e1ser y Fot\u00f3nica est\u00e1 profundamente comprometido en la investigaci\u00f3n que abarca tanto l\u00edneas experimentales como te\u00f3ricas. Es por eso que nuestro grupo ha asignado recursos significativos para establecer equipos de vanguardia y robustas infraestructuras de investigaci\u00f3n. Estos recursos est\u00e1n cuidadosamente dise\u00f1ados y optimizados para apoyar de manera integral tanto la investigaci\u00f3n experimental, que implica la ejecuci\u00f3n de experimentos pr\u00e1cticos y la adquisici\u00f3n de datos emp\u00edricos, como la investigaci\u00f3n te\u00f3rica, que se sumerge en la formulaci\u00f3n y desarrollo de modelos conceptuales.<\/p><p style=\"text-align: justify;\">La convergencia de estas l\u00edneas de investigaci\u00f3n complementarias nos permite abordar de manera integral los desaf\u00edos contempor\u00e1neos en el campo de las aplicaciones de l\u00e1ser y fot\u00f3nica.<\/p><ul><li style=\"list-style-type: none;\"><ul><li style=\"list-style-type: none;\"><ul><li style=\"text-align: justify;\"><strong><a href=\"https:\/\/laser.usal.es\/alf\/es\/quienes-somos\/equipamiento-experimental\/\">Equipamiento para investigaci\u00f3n experimental<\/a><\/strong><\/li><li style=\"text-align: justify;\"><strong><a href=\"https:\/\/laser.usal.es\/alf\/es\/quienes-somos\/equipamiento-teorico\/\">Equipamiento para investigaci\u00f3n te\u00f3rica<\/a><\/strong><\/li><\/ul><\/li><\/ul><\/li><\/ul>\t\t\t\t\t\t\t\t<\/div>\n\t\t\t\t<\/div>\n\t\t\t\t\t<\/div>\n\t\t<\/div>\n\t\t\t\t\t<\/div>\n\t\t<\/section>\n\t\t\t\t<\/div>\n\t\t\n<div class=\"twitter-share\"><a href=\"https:\/\/twitter.com\/intent\/tweet?via=OpticaExtrema\" class=\"twitter-share-button\">Twittear<\/a><\/div>\n","protected":false},"excerpt":{"rendered":"<p>El Grupo de Investigaci\u00f3n en Aplicaciones de L\u00e1ser y Fot\u00f3nica est\u00e1 profundamente comprometido en la investigaci\u00f3n que abarca tanto l\u00edneas experimentales como te\u00f3ricas. Es por eso que nuestro grupo ha asignado recursos significativos para establecer equipos de vanguardia y robustas infraestructuras de investigaci\u00f3n. Estos recursos est\u00e1n cuidadosamente dise\u00f1ados y optimizados para apoyar de manera integral<\/p>\n","protected":false},"author":1,"featured_media":0,"parent":114,"menu_order":5,"comment_status":"closed","ping_status":"closed","template":"","meta":{"footnotes":""},"class_list":["post-9479","page","type-page","status-publish","hentry"],"_links":{"self":[{"href":"https:\/\/laser.usal.es\/alf\/wp-json\/wp\/v2\/pages\/9479","targetHints":{"allow":["GET"]}}],"collection":[{"href":"https:\/\/laser.usal.es\/alf\/wp-json\/wp\/v2\/pages"}],"about":[{"href":"https:\/\/laser.usal.es\/alf\/wp-json\/wp\/v2\/types\/page"}],"author":[{"embeddable":true,"href":"https:\/\/laser.usal.es\/alf\/wp-json\/wp\/v2\/users\/1"}],"replies":[{"embeddable":true,"href":"https:\/\/laser.usal.es\/alf\/wp-json\/wp\/v2\/comments?post=9479"}],"version-history":[{"count":7,"href":"https:\/\/laser.usal.es\/alf\/wp-json\/wp\/v2\/pages\/9479\/revisions"}],"predecessor-version":[{"id":9492,"href":"https:\/\/laser.usal.es\/alf\/wp-json\/wp\/v2\/pages\/9479\/revisions\/9492"}],"up":[{"embeddable":true,"href":"https:\/\/laser.usal.es\/alf\/wp-json\/wp\/v2\/pages\/114"}],"wp:attachment":[{"href":"https:\/\/laser.usal.es\/alf\/wp-json\/wp\/v2\/media?parent=9479"}],"curies":[{"name":"wp","href":"https:\/\/api.w.org\/{rel}","templated":true}]}}