{"id":7086,"date":"2023-11-24T12:01:56","date_gmt":"2023-11-24T11:01:56","guid":{"rendered":"https:\/\/laser.usal.es\/faslight\/?page_id=7086"},"modified":"2023-11-24T12:03:16","modified_gmt":"2023-11-24T11:03:16","slug":"scientific-disclosure","status":"publish","type":"page","link":"https:\/\/laser.usal.es\/faslight\/en\/scientific-disclosure\/","title":{"rendered":"Scientific disclosure"},"content":{"rendered":"\t\t<div data-elementor-type=\"wp-page\" data-elementor-id=\"7086\" class=\"elementor elementor-7086\">\n\t\t\t\t\t\t<section class=\"elementor-section elementor-top-section elementor-element elementor-element-fe99389 elementor-section-boxed elementor-section-height-default elementor-section-height-default\" data-id=\"fe99389\" data-element_type=\"section\" data-e-type=\"section\">\n\t\t\t\t\t\t<div class=\"elementor-container elementor-column-gap-default\">\n\t\t\t\t\t<div class=\"elementor-column elementor-col-100 elementor-top-column elementor-element elementor-element-56e32b3\" data-id=\"56e32b3\" data-element_type=\"column\" data-e-type=\"column\">\n\t\t\t<div class=\"elementor-widget-wrap elementor-element-populated\">\n\t\t\t\t\t\t<div class=\"elementor-element elementor-element-77187ab elementor-widget elementor-widget-shortcode\" data-id=\"77187ab\" data-element_type=\"widget\" data-e-type=\"widget\" data-widget_type=\"shortcode.default\">\n\t\t\t\t<div class=\"elementor-widget-container\">\n\t\t\t\t\t\t\t<div class=\"elementor-shortcode\"><div class=\"grid-plus-container grid-69dfde4cbe08e post \"\n     id=\"69dfde4cbe08e\"\n     data-grid-name=\"Post_FASLIGHT\"\n     data-animation=\"none\">\n    <div class=\"grid-stack-container grid-plus-inner\"\n         data-ajax-url=\"https:\/\/laser.usal.es\/faslight\/wp-admin\/admin-ajax.php\"\n         data-grid-id=\"619b91fbf04ce\"\n         data-current-category=\"442,445\"\n         data-section-id=\"69dfde4cbe08e\"\n         data-gutter=\"30\"\n         data-columns=\"3\"\n         data-height-ratio=\"2\"\n         data-width-ratio=\"3\"\n         data-desktop-columns=\"3\"\n         data-tablet-columns=\"2\"\n         data-mobile-columns=\"1\"\n         data-layout-type=\"grid\"\n         data-fix-item-height=\"false\"\n         data-nonce=\"ca03e8b8a7\"\n    >\n        <div class=\"grid-category hidden left\">\n    <a href=\"javascript:;\" class=\"ladda-button active\"\n       data-category=\"442,445\" data-style=\"zoom-in\"\n       data-spinner-color=\"#5d97af\">\n        Todas    <\/a>\n            <a href=\"javascript:;\" class=\"ladda-button\"\n           data-category=\"442\" data-style=\"zoom-in\"\n           data-spinner-color=\"#5d97af\">\n            News        <\/a>\n            <a href=\"javascript:;\" class=\"ladda-button\"\n           data-category=\"445\" data-style=\"zoom-in\"\n           data-spinner-color=\"#5d97af\">\n            Visits        <\/a>\n        <div class=\"grid-cate-expanded hidden\">\n        <span class=\"grid-dropdown-toggle\">+<\/span>\n        <ul class=\"grid-dropdown-menu\"><\/ul>\n    <\/div>\n<\/div>\n\n        <div class=\"grid-stack grid-stack-3\" data-layout=\"grid\"\n             style=\"height: 1650px\">\n        <\/div>\n        <div class=\"grid-items\">\n                            <div class=\"item\" data-gs-x=\"0\"\n                     data-gs-y=\"0\"\n                     data-gs-width=\"1\"\n                     data-gs-height=\"21\"\n                     data-skin=\"thumbnail-icon-title-excerpt\"\n\n                     data-desktop-gs-x=\"0\"\n                     data-desktop-gs-y=\"0\"\n                     data-desktop-gs-width=\"1\"\n                     data-desktop-gs-height=\"21\"\n                     data-desktop-skin=\"thumbnail-icon-title-excerpt\"\n\n                     data-image-width=\"1920\"\n                     data-image-height=\"1080\"\n                >\n                    <div class=\"grid-post-item thumbnail-title\" data-post-info-class=\"post-info\">\n    <div class=\"thumbnail-image\" data-img=\"https:\/\/laser.usal.es\/faslight\/wp-content\/uploads\/2025\/01\/MiguelPorras.001-800x540.jpeg\">\n                    <img decoding=\"async\" data-src=\"https:\/\/laser.usal.es\/faslight\/wp-content\/uploads\/2025\/01\/MiguelPorras.001-800x540.jpeg\" alt=\"Visit of Miguel \u00c1ngel Garc\u00eda Porras and Marcos Garc\u00eda Barriopedro from Grupo de Sistemas Complejos (UPM) to ALF &#8211; USAL node\"  src=\"data:image\/svg+xml;base64,PHN2ZyB3aWR0aD0iMSIgaGVpZ2h0PSIxIiB4bWxucz0iaHR0cDovL3d3dy53My5vcmcvMjAwMC9zdmciPjwvc3ZnPg==\" class=\"lazyload\" style=\"--smush-placeholder-width: 800px; --smush-placeholder-aspect-ratio: 800\/540;\">\n                <div class=\"hover-outer transition-30\">\n                            <a href=\"https:\/\/laser.usal.es\/faslight\/en\/2024\/12\/09\/visit-of-miguel-angel-garcia-porras-and-marcos-garcia-barriopedro-from-grupo-de-sistemas-complejos-upm-to-alf-usal-node\/\" title=\"Visit of Miguel \u00c1ngel Garc\u00eda Porras and Marcos Garc\u00eda Barriopedro from Grupo de Sistemas Complejos (UPM) to ALF &#8211; USAL node\"><\/a>\n                        <div class=\"hover-inner transition-50\">\n                <div class=\"icon-groups\">\n                                            <a href=\"https:\/\/laser.usal.es\/faslight\/en\/2024\/12\/09\/visit-of-miguel-angel-garcia-porras-and-marcos-garcia-barriopedro-from-grupo-de-sistemas-complejos-upm-to-alf-usal-node\/\" class=\"view-detail\" ><i class=\"fa fa-link\"><\/i><\/a>\n                                        <a href=\"javascript:;\" data-src=\"https:\/\/laser.usal.es\/faslight\/wp-content\/uploads\/2025\/01\/MiguelPorras.001.jpeg\" class=\"view-gallery\" data-post-id=\"7994\"\n                       data-ajax-url=\"https:\/\/laser.usal.es\/faslight\/wp-admin\/admin-ajax.php?_wpnonce=7d1963614f\"><i class=\"fa fa-search\"><\/i><\/a>\n                <\/div>\n            <\/div>\n        <\/div>\n    <\/div>\n    <div class=\"post-info\">\n                    <div class=\"title\">\n                                    <a href=\"https:\/\/laser.usal.es\/faslight\/en\/2024\/12\/09\/visit-of-miguel-angel-garcia-porras-and-marcos-garcia-barriopedro-from-grupo-de-sistemas-complejos-upm-to-alf-usal-node\/\" title=\"Visit of Miguel \u00c1ngel Garc\u00eda Porras and Marcos Garc\u00eda Barriopedro from Grupo de Sistemas Complejos (UPM) to ALF &#8211; USAL node\">Visit of Miguel \u00c1ngel Garc\u00eda Porras and Marcos Garc\u00eda Barriopedro from Grupo de Sistemas Complejos (UPM) to ALF &#8211; USAL node<\/a>\n                            <\/div>\n                            <div class=\"excerpt\">Jos\u00e9 Ram\u00f3n Salgueiro, a member of the Engineering physics group at the Universidad de Vigo (UVigo), visited the Estructuras Fot\u00f3nicas no lineales group at Universitat de Val\u00e8ncia (UV) from September 11th to September 14th, 2024. This visit was part of the exchanges within the Research Network on Fundamentals and Applications of Structured Light (FASLIGHT). During<\/div>\n            <\/div>\n<\/div>\n                <\/div>\n                                <div class=\"item\" data-gs-x=\"1\"\n                     data-gs-y=\"0\"\n                     data-gs-width=\"1\"\n                     data-gs-height=\"21\"\n                     data-skin=\"thumbnail-icon-title-excerpt\"\n\n                     data-desktop-gs-x=\"1\"\n                     data-desktop-gs-y=\"0\"\n                     data-desktop-gs-width=\"1\"\n                     data-desktop-gs-height=\"21\"\n                     data-desktop-skin=\"thumbnail-icon-title-excerpt\"\n\n                     data-image-width=\"1164\"\n                     data-image-height=\"872\"\n                >\n                    <div class=\"grid-post-item thumbnail-title\" data-post-info-class=\"post-info\">\n    <div class=\"thumbnail-image\" data-img=\"https:\/\/laser.usal.es\/faslight\/wp-content\/uploads\/2024\/09\/Captura-de-pantalla-2025-01-23-a-las-13.38.00-800x872.png\">\n                    <img decoding=\"async\" data-src=\"https:\/\/laser.usal.es\/faslight\/wp-content\/uploads\/2024\/09\/Captura-de-pantalla-2025-01-23-a-las-13.38.00-800x872.png\" alt=\"Jos\u00e9 Ram\u00f3n Salgueiro (Engineering physics group \u2013 Universidad de Vigo (UVigo)) visits the Estructuras Fot\u00f3nicas no lineales gruop of the Universitat de Val\u00e8ncia (UV)\"  src=\"data:image\/svg+xml;base64,PHN2ZyB3aWR0aD0iMSIgaGVpZ2h0PSIxIiB4bWxucz0iaHR0cDovL3d3dy53My5vcmcvMjAwMC9zdmciPjwvc3ZnPg==\" class=\"lazyload\" style=\"--smush-placeholder-width: 800px; --smush-placeholder-aspect-ratio: 800\/872;\">\n                <div class=\"hover-outer transition-30\">\n                            <a href=\"https:\/\/laser.usal.es\/faslight\/en\/2024\/09\/16\/jose-ramon-salgueiro-engineering-physics-group-universidad-de-vigo-uvigo-visits-the-estructuras-fotonicas-no-lineales-gruop-of-the-universitat-de-valencia-uvcelebration-of-the-inaugura\/\" title=\"Jos\u00e9 Ram\u00f3n Salgueiro (Engineering physics group \u2013 Universidad de Vigo (UVigo)) visits the Estructuras Fot\u00f3nicas no lineales gruop of the Universitat de Val\u00e8ncia (UV)\"><\/a>\n                        <div class=\"hover-inner transition-50\">\n                <div class=\"icon-groups\">\n                                            <a href=\"https:\/\/laser.usal.es\/faslight\/en\/2024\/09\/16\/jose-ramon-salgueiro-engineering-physics-group-universidad-de-vigo-uvigo-visits-the-estructuras-fotonicas-no-lineales-gruop-of-the-universitat-de-valencia-uvcelebration-of-the-inaugura\/\" class=\"view-detail\" ><i class=\"fa fa-link\"><\/i><\/a>\n                                        <a href=\"javascript:;\" data-src=\"https:\/\/laser.usal.es\/faslight\/wp-content\/uploads\/2024\/09\/Captura-de-pantalla-2025-01-23-a-las-13.38.00.png\" class=\"view-gallery\" data-post-id=\"7988\"\n                       data-ajax-url=\"https:\/\/laser.usal.es\/faslight\/wp-admin\/admin-ajax.php?_wpnonce=7d1963614f\"><i class=\"fa fa-search\"><\/i><\/a>\n                <\/div>\n            <\/div>\n        <\/div>\n    <\/div>\n    <div class=\"post-info\">\n                    <div class=\"title\">\n                                    <a href=\"https:\/\/laser.usal.es\/faslight\/en\/2024\/09\/16\/jose-ramon-salgueiro-engineering-physics-group-universidad-de-vigo-uvigo-visits-the-estructuras-fotonicas-no-lineales-gruop-of-the-universitat-de-valencia-uvcelebration-of-the-inaugura\/\" title=\"Jos\u00e9 Ram\u00f3n Salgueiro (Engineering physics group \u2013 Universidad de Vigo (UVigo)) visits the Estructuras Fot\u00f3nicas no lineales gruop of the Universitat de Val\u00e8ncia (UV)\">Jos\u00e9 Ram\u00f3n Salgueiro (Engineering physics group \u2013 Universidad de Vigo (UVigo)) visits the Estructuras Fot\u00f3nicas no lineales gruop of the Universitat de Val\u00e8ncia (UV)<\/a>\n                            <\/div>\n                            <div class=\"excerpt\">Jos\u00e9 Ram\u00f3n Salgueiro, a member of the Engineering physics group at the Universidad de Vigo (UVigo), visited the Estructuras Fot\u00f3nicas no lineales group at Universitat de Val\u00e8ncia (UV) from September 11th to September 14th, 2024. This visit was part of the exchanges within the Research Network on Fundamentals and Applications of Structured Light (FASLIGHT). During<\/div>\n            <\/div>\n<\/div>\n                <\/div>\n                                <div class=\"item\" data-gs-x=\"2\"\n                     data-gs-y=\"0\"\n                     data-gs-width=\"1\"\n                     data-gs-height=\"21\"\n                     data-skin=\"thumbnail-icon-title-excerpt\"\n\n                     data-desktop-gs-x=\"2\"\n                     data-desktop-gs-y=\"0\"\n                     data-desktop-gs-width=\"1\"\n                     data-desktop-gs-height=\"21\"\n                     data-desktop-skin=\"thumbnail-icon-title-excerpt\"\n\n                     data-image-width=\"425\"\n                     data-image-height=\"238\"\n                >\n                    <div class=\"grid-post-item thumbnail-title\" data-post-info-class=\"post-info\">\n    <div class=\"thumbnail-image\" data-img=\"https:\/\/laser.usal.es\/faslight\/wp-content\/uploads\/2024\/06\/Charla-Sergio-Junio2024-425x238.png\">\n                    <img decoding=\"async\" data-src=\"https:\/\/laser.usal.es\/faslight\/wp-content\/uploads\/2024\/06\/Charla-Sergio-Junio2024-425x238.png\" alt=\"Visit of Sergio Mart\u00edn Domene (ALF &#8211; USAL) to the Complex Systems Group at Universidad Polit\u00e9cnica de Madrid\"  src=\"data:image\/svg+xml;base64,PHN2ZyB3aWR0aD0iMSIgaGVpZ2h0PSIxIiB4bWxucz0iaHR0cDovL3d3dy53My5vcmcvMjAwMC9zdmciPjwvc3ZnPg==\" class=\"lazyload\" style=\"--smush-placeholder-width: 425px; --smush-placeholder-aspect-ratio: 425\/238;\">\n                <div class=\"hover-outer transition-30\">\n                            <a href=\"https:\/\/laser.usal.es\/faslight\/en\/2024\/06\/12\/visit-of-sergio-martin-domene-alf-usal-to-the-complex-systems-group-at-universidad-politecnica-de-madrid\/\" title=\"Visit of Sergio Mart\u00edn Domene (ALF &#8211; USAL) to the Complex Systems Group at Universidad Polit\u00e9cnica de Madrid\"><\/a>\n                        <div class=\"hover-inner transition-50\">\n                <div class=\"icon-groups\">\n                                            <a href=\"https:\/\/laser.usal.es\/faslight\/en\/2024\/06\/12\/visit-of-sergio-martin-domene-alf-usal-to-the-complex-systems-group-at-universidad-politecnica-de-madrid\/\" class=\"view-detail\" ><i class=\"fa fa-link\"><\/i><\/a>\n                                        <a href=\"javascript:;\" data-src=\"https:\/\/laser.usal.es\/faslight\/wp-content\/uploads\/2024\/06\/Charla-Sergio-Junio2024.png\" class=\"view-gallery\" data-post-id=\"7887\"\n                       data-ajax-url=\"https:\/\/laser.usal.es\/faslight\/wp-admin\/admin-ajax.php?_wpnonce=7d1963614f\"><i class=\"fa fa-search\"><\/i><\/a>\n                <\/div>\n            <\/div>\n        <\/div>\n    <\/div>\n    <div class=\"post-info\">\n                    <div class=\"title\">\n                                    <a href=\"https:\/\/laser.usal.es\/faslight\/en\/2024\/06\/12\/visit-of-sergio-martin-domene-alf-usal-to-the-complex-systems-group-at-universidad-politecnica-de-madrid\/\" title=\"Visit of Sergio Mart\u00edn Domene (ALF &#8211; USAL) to the Complex Systems Group at Universidad Polit\u00e9cnica de Madrid\">Visit of Sergio Mart\u00edn Domene (ALF &#8211; USAL) to the Complex Systems Group at Universidad Polit\u00e9cnica de Madrid<\/a>\n                            <\/div>\n                            <div class=\"excerpt\">Sergio Mart\u00edn Domene, a member of the Laser Applications and Photonics Research Group (ALF USAL)\u00a0 at the University of Salamanca, visited the Complex Systems Group at the Polytechnic University of Madrid from June 6th to June 11th, 2024. This visit was part of the exchanges within the Research Network on Fundamentals and Applications of Structured<\/div>\n            <\/div>\n<\/div>\n                <\/div>\n                                <div class=\"item\" data-gs-x=\"0\"\n                     data-gs-y=\"21\"\n                     data-gs-width=\"1\"\n                     data-gs-height=\"21\"\n                     data-skin=\"thumbnail-icon-title-excerpt\"\n\n                     data-desktop-gs-x=\"0\"\n                     data-desktop-gs-y=\"21\"\n                     data-desktop-gs-width=\"1\"\n                     data-desktop-gs-height=\"21\"\n                     data-desktop-skin=\"thumbnail-icon-title-excerpt\"\n\n                     data-image-width=\"1365\"\n                     data-image-height=\"350\"\n                >\n                    <div class=\"grid-post-item thumbnail-title\" data-post-info-class=\"post-info\">\n    <div class=\"thumbnail-image\" data-img=\"https:\/\/laser.usal.es\/faslight\/wp-content\/uploads\/2024\/01\/faslight-e1705928154907-800x350.png\">\n                    <img decoding=\"async\" data-src=\"https:\/\/laser.usal.es\/faslight\/wp-content\/uploads\/2024\/01\/faslight-e1705928154907-800x350.png\" alt=\"Visit of Miguel \u00c1ngel Garc\u00eda Porras to Collaborate on High-Frequency Spatiotemporal Vortices with ALF Group at Universidad de Salamanca\"  src=\"data:image\/svg+xml;base64,PHN2ZyB3aWR0aD0iMSIgaGVpZ2h0PSIxIiB4bWxucz0iaHR0cDovL3d3dy53My5vcmcvMjAwMC9zdmciPjwvc3ZnPg==\" class=\"lazyload\" style=\"--smush-placeholder-width: 800px; --smush-placeholder-aspect-ratio: 800\/350;\">\n                <div class=\"hover-outer transition-30\">\n                            <a href=\"https:\/\/laser.usal.es\/faslight\/en\/2024\/05\/06\/visita-miguel-angel\/\" title=\"Visit of Miguel \u00c1ngel Garc\u00eda Porras to Collaborate on High-Frequency Spatiotemporal Vortices with ALF Group at Universidad de Salamanca\"><\/a>\n                        <div class=\"hover-inner transition-50\">\n                <div class=\"icon-groups\">\n                                            <a href=\"https:\/\/laser.usal.es\/faslight\/en\/2024\/05\/06\/visita-miguel-angel\/\" class=\"view-detail\" ><i class=\"fa fa-link\"><\/i><\/a>\n                                        <a href=\"javascript:;\" data-src=\"https:\/\/laser.usal.es\/faslight\/wp-content\/uploads\/2024\/01\/faslight-e1705928154907.png\" class=\"view-gallery\" data-post-id=\"7904\"\n                       data-ajax-url=\"https:\/\/laser.usal.es\/faslight\/wp-admin\/admin-ajax.php?_wpnonce=7d1963614f\"><i class=\"fa fa-search\"><\/i><\/a>\n                <\/div>\n            <\/div>\n        <\/div>\n    <\/div>\n    <div class=\"post-info\">\n                    <div class=\"title\">\n                                    <a href=\"https:\/\/laser.usal.es\/faslight\/en\/2024\/05\/06\/visita-miguel-angel\/\" title=\"Visit of Miguel \u00c1ngel Garc\u00eda Porras to Collaborate on High-Frequency Spatiotemporal Vortices with ALF Group at Universidad de Salamanca\">Visit of Miguel \u00c1ngel Garc\u00eda Porras to Collaborate on High-Frequency Spatiotemporal Vortices with ALF Group at Universidad de Salamanca<\/a>\n                            <\/div>\n                            <div class=\"excerpt\">Miguel \u00c1ngel Garc\u00eda Porras, researcher from the Complex Systems Group at Universidad Polit\u00e9cnica de Madrid, visited the Laser Applications and Photonics Group at Universidad de Salamanca from May 2nd to May 4th, 2024. The main purpose of this visit was to collaborate on a joint project focusing on the study of high-frequency spatiotemporal vortices. During<\/div>\n            <\/div>\n<\/div>\n                <\/div>\n                                <div class=\"item\" data-gs-x=\"1\"\n                     data-gs-y=\"21\"\n                     data-gs-width=\"1\"\n                     data-gs-height=\"21\"\n                     data-skin=\"thumbnail-icon-title-excerpt\"\n\n                     data-desktop-gs-x=\"1\"\n                     data-desktop-gs-y=\"21\"\n                     data-desktop-gs-width=\"1\"\n                     data-desktop-gs-height=\"21\"\n                     data-desktop-skin=\"thumbnail-icon-title-excerpt\"\n\n                     data-image-width=\"2560\"\n                     data-image-height=\"1707\"\n                >\n                    <div class=\"grid-post-item thumbnail-title\" data-post-info-class=\"post-info\">\n    <div class=\"thumbnail-image\" data-img=\"https:\/\/laser.usal.es\/faslight\/wp-content\/uploads\/2024\/02\/IMG_5920-scaled-800x569.jpeg\">\n                    <img decoding=\"async\" data-src=\"https:\/\/laser.usal.es\/faslight\/wp-content\/uploads\/2024\/02\/IMG_5920-scaled-800x569.jpeg\" alt=\"Celebration of the inaugural meeting of the FASLIGHT network\"  src=\"data:image\/svg+xml;base64,PHN2ZyB3aWR0aD0iMSIgaGVpZ2h0PSIxIiB4bWxucz0iaHR0cDovL3d3dy53My5vcmcvMjAwMC9zdmciPjwvc3ZnPg==\" class=\"lazyload\" style=\"--smush-placeholder-width: 800px; --smush-placeholder-aspect-ratio: 800\/569;\">\n                <div class=\"hover-outer transition-30\">\n                            <a href=\"https:\/\/laser.usal.es\/faslight\/en\/2024\/01\/22\/celebration-of-the-inaugural-meeting-of-the-faslight-network\/\" title=\"Celebration of the inaugural meeting of the FASLIGHT network\"><\/a>\n                        <div class=\"hover-inner transition-50\">\n                <div class=\"icon-groups\">\n                                            <a href=\"https:\/\/laser.usal.es\/faslight\/en\/2024\/01\/22\/celebration-of-the-inaugural-meeting-of-the-faslight-network\/\" class=\"view-detail\" ><i class=\"fa fa-link\"><\/i><\/a>\n                                        <a href=\"javascript:;\" data-src=\"https:\/\/laser.usal.es\/faslight\/wp-content\/uploads\/2024\/02\/IMG_5920-scaled.jpeg\" class=\"view-gallery\" data-post-id=\"7598\"\n                       data-ajax-url=\"https:\/\/laser.usal.es\/faslight\/wp-admin\/admin-ajax.php?_wpnonce=7d1963614f\"><i class=\"fa fa-search\"><\/i><\/a>\n                <\/div>\n            <\/div>\n        <\/div>\n    <\/div>\n    <div class=\"post-info\">\n                    <div class=\"title\">\n                                    <a href=\"https:\/\/laser.usal.es\/faslight\/en\/2024\/01\/22\/celebration-of-the-inaugural-meeting-of-the-faslight-network\/\" title=\"Celebration of the inaugural meeting of the FASLIGHT network\">Celebration of the inaugural meeting of the FASLIGHT network<\/a>\n                            <\/div>\n                            <div class=\"excerpt\">Although in operation since June 2023, the FASLIGHT (RED2022-134391-T) network has officially begun its journey with the celebration of its inaugural meeting. The meeting took place on January 18 and 19, 2024 at the School of Physics of the University of Salamanca, bringing together more than 65 researchers from the 15 nodes that make up<\/div>\n            <\/div>\n<\/div>\n                <\/div>\n                                <div class=\"item\" data-gs-x=\"2\"\n                     data-gs-y=\"21\"\n                     data-gs-width=\"1\"\n                     data-gs-height=\"21\"\n                     data-skin=\"thumbnail-icon-title-excerpt\"\n\n                     data-desktop-gs-x=\"2\"\n                     data-desktop-gs-y=\"21\"\n                     data-desktop-gs-width=\"1\"\n                     data-desktop-gs-height=\"21\"\n                     data-desktop-skin=\"thumbnail-icon-title-excerpt\"\n\n                     data-image-width=\"1626\"\n                     data-image-height=\"852\"\n                >\n                    <div class=\"grid-post-item thumbnail-title\" data-post-info-class=\"post-info\">\n    <div class=\"thumbnail-image\" data-img=\"https:\/\/laser.usal.es\/faslight\/wp-content\/uploads\/2023\/11\/Imagen_representativa-800x426.jpg\">\n                    <img decoding=\"async\" data-src=\"https:\/\/laser.usal.es\/faslight\/wp-content\/uploads\/2023\/11\/Imagen_representativa-800x426.jpg\" alt=\"Launch of the FASLIGHT network\"  src=\"data:image\/svg+xml;base64,PHN2ZyB3aWR0aD0iMSIgaGVpZ2h0PSIxIiB4bWxucz0iaHR0cDovL3d3dy53My5vcmcvMjAwMC9zdmciPjwvc3ZnPg==\" class=\"lazyload\" style=\"--smush-placeholder-width: 800px; --smush-placeholder-aspect-ratio: 800\/426;\">\n                <div class=\"hover-outer transition-30\">\n                            <a href=\"https:\/\/laser.usal.es\/faslight\/en\/2023\/06\/01\/launch-of-the-faslight-network\/\" title=\"Launch of the FASLIGHT network\"><\/a>\n                        <div class=\"hover-inner transition-50\">\n                <div class=\"icon-groups\">\n                                            <a href=\"https:\/\/laser.usal.es\/faslight\/en\/2023\/06\/01\/launch-of-the-faslight-network\/\" class=\"view-detail\" ><i class=\"fa fa-link\"><\/i><\/a>\n                                        <a href=\"javascript:;\" data-src=\"https:\/\/laser.usal.es\/faslight\/wp-content\/uploads\/2023\/11\/Imagen_representativa.jpg\" class=\"view-gallery\" data-post-id=\"7063\"\n                       data-ajax-url=\"https:\/\/laser.usal.es\/faslight\/wp-admin\/admin-ajax.php?_wpnonce=7d1963614f\"><i class=\"fa fa-search\"><\/i><\/a>\n                <\/div>\n            <\/div>\n        <\/div>\n    <\/div>\n    <div class=\"post-info\">\n                    <div class=\"title\">\n                                    <a href=\"https:\/\/laser.usal.es\/faslight\/en\/2023\/06\/01\/launch-of-the-faslight-network\/\" title=\"Launch of the FASLIGHT network\">Launch of the FASLIGHT network<\/a>\n                            <\/div>\n                            <div class=\"excerpt\">The Research Network \u00abFundamentals and Applications of Structured Light\u00bb FASLIGHT has already started. This network has emerged within the framework of the \u00abRedes de Investigaci\u00f3n\u00bb call within the framework of the Programa Estatal para Impulsar la Investigaci\u00f3n Cient\u00edfico-T\u00e9cnica y su Transferencia, del Plan Estatal de Investigaci\u00f3n Cient\u00edfica, T\u00e9cnica y de Innovaci\u00f3n 2021-2023. The action will<\/div>\n            <\/div>\n<\/div>\n                <\/div>\n                        <\/div>\n\n            <\/div>\n<\/div>\n <\/div>\n\t\t\t\t\t\t<\/div>\n\t\t\t\t<\/div>\n\t\t\t\t\t<\/div>\n\t\t<\/div>\n\t\t\t\t\t<\/div>\n\t\t<\/section>\n\t\t\t\t<\/div>\n\t\t","protected":false},"excerpt":{"rendered":"The Research Network \"Fundamentals and Applications of Structured Light\" FASLIGHT has already started. This network has emerged within the framework of the \u00abRedes de Investigaci\u00f3n\u00bb call within the framework of the Programa Estatal para Impulsar la Investigaci\u00f3n Cient\u00edfico-T\u00e9cnica y su Transferencia, del Plan Estatal de Investigaci\u00f3n Cient\u00edfica, T\u00e9cnica y de Innovaci\u00f3n 2021-2023. The action will","protected":false},"author":2,"featured_media":0,"parent":0,"menu_order":0,"comment_status":"closed","ping_status":"closed","template":"elementor_theme","meta":{"_monsterinsights_skip_tracking":false,"_monsterinsights_sitenote_active":false,"_monsterinsights_sitenote_note":"","_monsterinsights_sitenote_category":0,"footnotes":""},"class_list":["post-7086","page","type-page","status-publish","hentry"],"_links":{"self":[{"href":"https:\/\/laser.usal.es\/faslight\/wp-json\/wp\/v2\/pages\/7086","targetHints":{"allow":["GET"]}}],"collection":[{"href":"https:\/\/laser.usal.es\/faslight\/wp-json\/wp\/v2\/pages"}],"about":[{"href":"https:\/\/laser.usal.es\/faslight\/wp-json\/wp\/v2\/types\/page"}],"author":[{"embeddable":true,"href":"https:\/\/laser.usal.es\/faslight\/wp-json\/wp\/v2\/users\/2"}],"replies":[{"embeddable":true,"href":"https:\/\/laser.usal.es\/faslight\/wp-json\/wp\/v2\/comments?post=7086"}],"version-history":[{"count":5,"href":"https:\/\/laser.usal.es\/faslight\/wp-json\/wp\/v2\/pages\/7086\/revisions"}],"predecessor-version":[{"id":7092,"href":"https:\/\/laser.usal.es\/faslight\/wp-json\/wp\/v2\/pages\/7086\/revisions\/7092"}],"wp:attachment":[{"href":"https:\/\/laser.usal.es\/faslight\/wp-json\/wp\/v2\/media?parent=7086"}],"curies":[{"name":"wp","href":"https:\/\/api.w.org\/{rel}","templated":true}]}}