{"id":7211,"date":"2023-11-29T16:09:52","date_gmt":"2023-11-29T15:09:52","guid":{"rendered":"https:\/\/laser.usal.es\/faslight\/?page_id=7211"},"modified":"2024-07-25T09:25:06","modified_gmt":"2024-07-25T08:25:06","slug":"contact-us","status":"publish","type":"page","link":"https:\/\/laser.usal.es\/faslight\/en\/contact-us\/","title":{"rendered":"Grupo de Aplicaciones del L\u00e1ser y F\u00f3tonica (USAL)"},"content":{"rendered":"\t\t<div data-elementor-type=\"wp-page\" data-elementor-id=\"7211\" class=\"elementor elementor-7211\">\n\t\t\t\t\t\t<section class=\"elementor-section elementor-top-section elementor-element elementor-element-0d33e87 elementor-section-boxed elementor-section-height-default elementor-section-height-default\" data-id=\"0d33e87\" data-element_type=\"section\" data-e-type=\"section\">\n\t\t\t\t\t\t<div class=\"elementor-container elementor-column-gap-default\">\n\t\t\t\t\t<div class=\"elementor-column elementor-col-100 elementor-top-column elementor-element elementor-element-91fc068\" data-id=\"91fc068\" data-element_type=\"column\" data-e-type=\"column\">\n\t\t\t<div class=\"elementor-widget-wrap elementor-element-populated\">\n\t\t\t\t\t\t<div class=\"elementor-element elementor-element-f49002b elementor-widget elementor-widget-text-editor\" data-id=\"f49002b\" data-element_type=\"widget\" data-e-type=\"widget\" data-widget_type=\"text-editor.default\">\n\t\t\t\t<div class=\"elementor-widget-container\">\n\t\t\t\t\t\t\t\t\t<p>In progress<\/p>\t\t\t\t\t\t\t\t<\/div>\n\t\t\t\t<\/div>\n\t\t\t\t\t<\/div>\n\t\t<\/div>\n\t\t\t\t\t<\/div>\n\t\t<\/section>\n\t\t\t\t<\/div>\n\t\t","protected":false},"excerpt":{"rendered":"<p>del L\u00e1ser y Fot\u00f3nica Grupo de Aplicaciones del L\u00e1ser y Fot\u00f3nica Grupo de Aplicaciones del L\u00e1ser y Fot\u00f3nica In progress<\/p>\n","protected":false},"author":2,"featured_media":0,"parent":0,"menu_order":0,"comment_status":"closed","ping_status":"closed","template":"elementor_theme","meta":{"_monsterinsights_skip_tracking":false,"_monsterinsights_sitenote_active":false,"_monsterinsights_sitenote_note":"","_monsterinsights_sitenote_category":0,"footnotes":""},"class_list":["post-7211","page","type-page","status-publish","hentry"],"_links":{"self":[{"href":"https:\/\/laser.usal.es\/faslight\/wp-json\/wp\/v2\/pages\/7211","targetHints":{"allow":["GET"]}}],"collection":[{"href":"https:\/\/laser.usal.es\/faslight\/wp-json\/wp\/v2\/pages"}],"about":[{"href":"https:\/\/laser.usal.es\/faslight\/wp-json\/wp\/v2\/types\/page"}],"author":[{"embeddable":true,"href":"https:\/\/laser.usal.es\/faslight\/wp-json\/wp\/v2\/users\/2"}],"replies":[{"embeddable":true,"href":"https:\/\/laser.usal.es\/faslight\/wp-json\/wp\/v2\/comments?post=7211"}],"version-history":[{"count":5,"href":"https:\/\/laser.usal.es\/faslight\/wp-json\/wp\/v2\/pages\/7211\/revisions"}],"predecessor-version":[{"id":7878,"href":"https:\/\/laser.usal.es\/faslight\/wp-json\/wp\/v2\/pages\/7211\/revisions\/7878"}],"wp:attachment":[{"href":"https:\/\/laser.usal.es\/faslight\/wp-json\/wp\/v2\/media?parent=7211"}],"curies":[{"name":"wp","href":"https:\/\/api.w.org\/{rel}","templated":true}]}}