{"id":7224,"date":"2023-11-29T16:24:42","date_gmt":"2023-11-29T15:24:42","guid":{"rendered":"https:\/\/laser.usal.es\/faslight\/?page_id=7224"},"modified":"2024-07-25T08:54:15","modified_gmt":"2024-07-25T07:54:15","slug":"attosecond-and-ultrafast-x-ray-optics-uam","status":"publish","type":"page","link":"https:\/\/laser.usal.es\/faslight\/en\/attosecond-and-ultrafast-x-ray-optics-uam\/","title":{"rendered":"Attosecond and ultrafast x-ray optics (UAM)"},"content":{"rendered":"\t\t<div data-elementor-type=\"wp-page\" data-elementor-id=\"7224\" class=\"elementor elementor-7224\">\n\t\t\t\t\t\t<section class=\"elementor-section elementor-top-section elementor-element elementor-element-0392d61 elementor-section-boxed elementor-section-height-default elementor-section-height-default\" data-id=\"0392d61\" data-element_type=\"section\" data-e-type=\"section\">\n\t\t\t\t\t\t<div class=\"elementor-container elementor-column-gap-default\">\n\t\t\t\t\t<div class=\"elementor-column elementor-col-50 elementor-top-column elementor-element elementor-element-58089cb\" data-id=\"58089cb\" data-element_type=\"column\" data-e-type=\"column\">\n\t\t\t<div class=\"elementor-widget-wrap elementor-element-populated\">\n\t\t\t\t\t\t<div class=\"elementor-element elementor-element-5aa0960 elementor-widget elementor-widget-text-editor\" data-id=\"5aa0960\" data-element_type=\"widget\" data-e-type=\"widget\" data-widget_type=\"text-editor.default\">\n\t\t\t\t<div class=\"elementor-widget-container\">\n\t\t\t\t\t\t\t\t\t<p class=\"p1\" style=\"text-align: justify;\">The <strong><a href=\"https:\/\/picongroup.wordpress.com\" target=\"_blank\" rel=\"noopener\">Attosecond and Ultrafast X-ray Optics (AUXO<\/a><\/strong>) group at Universidad Aut\u00f3noma de Madrid\u00a0(UAM) is currently working in the research areas of Attosecond science and X-ray free-electron\u00a0laser physics. Their main expertise resides in the theoretical modelling of ultrafast experiments\u00a0to investigate the optical response of molecular systems and quantum materials. In this network,\u00a0AUXO will provide theoretical support in order to investigate structured light applications in\u00a0modern quantum materials, such as photovoltaic, valleytronics, and topological materials.<\/p>\n<p style=\"text-align: justify;\">The group is composed by Antonio Pic\u00f3n, who is also the representative of the group on the FASLIGHT network, two postdoc researchers, two PhD student, one technician and one student.\u00a0<\/p>\t\t\t\t\t\t\t\t<\/div>\n\t\t\t\t<\/div>\n\t\t\t\t\t<\/div>\n\t\t<\/div>\n\t\t\t\t<div class=\"elementor-column elementor-col-50 elementor-top-column elementor-element elementor-element-655ec8c\" data-id=\"655ec8c\" data-element_type=\"column\" data-e-type=\"column\">\n\t\t\t<div class=\"elementor-widget-wrap elementor-element-populated\">\n\t\t\t\t\t\t<div class=\"elementor-element elementor-element-7c40e08 elementor-widget__width-initial elementor-widget elementor-widget-image\" data-id=\"7c40e08\" data-element_type=\"widget\" data-e-type=\"widget\" data-widget_type=\"image.default\">\n\t\t\t\t<div class=\"elementor-widget-container\">\n\t\t\t\t\t\t\t\t\t\t\t\t<figure class=\"wp-caption\">\n\t\t\t\t\t\t\t\t\t\t<img fetchpriority=\"high\" decoding=\"async\" width=\"240\" height=\"240\" src=\"https:\/\/laser.usal.es\/faslight\/wp-content\/uploads\/2023\/11\/ata_graphene.png.jpeg\" class=\"attachment-large size-large wp-image-7093\" alt=\"\" srcset=\"https:\/\/laser.usal.es\/faslight\/wp-content\/uploads\/2023\/11\/ata_graphene.png.jpeg 240w, https:\/\/laser.usal.es\/faslight\/wp-content\/uploads\/2023\/11\/ata_graphene.png-150x150.jpeg 150w\" sizes=\"(max-width: 240px) 100vw, 240px\" \/>\t\t\t\t\t\t\t\t\t\t\t<figcaption class=\"widget-image-caption wp-caption-text\">IR interaccionando con una capa fina (imagen cedida por Attosecond and Ultrafast X-ray Optics (AUXO)<\/figcaption>\n\t\t\t\t\t\t\t\t\t\t<\/figure>\n\t\t\t\t\t\t\t\t\t<\/div>\n\t\t\t\t<\/div>\n\t\t\t\t\t<\/div>\n\t\t<\/div>\n\t\t\t\t\t<\/div>\n\t\t<\/section>\n\t\t\t\t<section class=\"elementor-section elementor-top-section elementor-element elementor-element-4a24cc2 elementor-section-boxed elementor-section-height-default elementor-section-height-default\" data-id=\"4a24cc2\" data-element_type=\"section\" data-e-type=\"section\">\n\t\t\t\t\t\t<div class=\"elementor-container elementor-column-gap-default\">\n\t\t\t\t\t<div class=\"elementor-column elementor-col-100 elementor-top-column elementor-element elementor-element-488f484\" data-id=\"488f484\" data-element_type=\"column\" data-e-type=\"column\" data-settings=\"{&quot;background_background&quot;:&quot;classic&quot;}\">\n\t\t\t<div class=\"elementor-widget-wrap elementor-element-populated\">\n\t\t\t\t\t\t<div class=\"elementor-element elementor-element-2cf3d45 elementor-widget elementor-widget-text-editor\" data-id=\"2cf3d45\" data-element_type=\"widget\" data-e-type=\"widget\" data-widget_type=\"text-editor.default\">\n\t\t\t\t<div class=\"elementor-widget-container\">\n\t\t\t\t\t\t\t\t\t<h2 style=\"text-align: center;\"><span style=\"color: #000080;\"><span style=\"text-decoration: underline;\">Main publications and results<\/span><\/span><\/h2>\t\t\t\t\t\t\t\t<\/div>\n\t\t\t\t<\/div>\n\t\t\t\t\t<\/div>\n\t\t<\/div>\n\t\t\t\t\t<\/div>\n\t\t<\/section>\n\t\t\t\t<section class=\"elementor-section elementor-top-section elementor-element elementor-element-9d88ba4 elementor-section-boxed elementor-section-height-default elementor-section-height-default\" data-id=\"9d88ba4\" data-element_type=\"section\" data-e-type=\"section\">\n\t\t\t\t\t\t<div class=\"elementor-container elementor-column-gap-default\">\n\t\t\t\t\t<div class=\"elementor-column elementor-col-100 elementor-top-column elementor-element elementor-element-8a50e30\" data-id=\"8a50e30\" data-element_type=\"column\" data-e-type=\"column\">\n\t\t\t<div class=\"elementor-widget-wrap elementor-element-populated\">\n\t\t\t\t\t\t<div class=\"elementor-element elementor-element-edefc1f elementor-widget elementor-widget-text-editor\" data-id=\"edefc1f\" data-element_type=\"widget\" data-e-type=\"widget\" data-widget_type=\"text-editor.default\">\n\t\t\t\t<div class=\"elementor-widget-container\">\n\t\t\t\t\t\t\t\t\t<div>\n<ol>\n<li>Giovanni Cistaro, Mikhail Malakhov, Juan Jos\u00e9 Esteve, Alejandro Jos\u00e9 Ur\u00eda-\u00c1lvarez, Rui E. F. Silva, Fernando Mart\u00edn, Juan Jos\u00e9 Palacios, and Antonio Pic\u00f3n,\u00a0\u201c<span class=\"nowrap\"><a href=\"https:\/\/doi.org\/10.1021\/acs.jctc.2c00674\"><em>A theoretical approach for electron dynamics and ultrafast spectroscopy (EDUS)<\/em><\/a><\/span>\u201d, J. Chem. Theory Comput.\u00a0<strong>19<\/strong>, 333 (2023)<\/li>\n<li>B\u00e1rbara Buades, Antonio Pic\u00f3n, Emma Berger, Iker Le\u00f3n, Nicola Di Palo, Seth L. Cousin, Caterina Cocchi, Eric Pellegrin, Javier Herrero Martin, Samuel Ma\u00f1as-Valero, Eugenio Coronado, Thomas Danz, Claudia Draxl, Mitsuharu Uemoto, Kazuhiro Yabana, Martin Schultze, Simon Wall, Michael Z\u00fcrch, and Jens Biegert, \u201c<em><a href=\"https:\/\/doi.org\/10.1063\/5.0020649\">Attosecond state-resolved carrier motion in quantum materials probed by soft x-ray XANES<\/a><\/em>\u201d, Applied Physics Reviews\u00a0<b>8<\/b>, 011408 (2021) \u00a0 \u00a0\u00a0<a href=\"https:\/\/doi.org\/10.1063\/10.0003826\">Scilight<\/a><\/li>\n<li>Giovanni Cistaro, Luis Plaja, Fernando Mart\u00edn, and Antonio Pic\u00f3n,\u00a0\u201c<span class=\"nowrap\"><a href=\"https:\/\/link.aps.org\/doi\/10.1103\/PhysRevResearch.3.013144\"><em>Attosecond x-ray absorption spectroscopy in graphene<\/em><\/a><\/span>\u201d, Phys. Rev. Research\u00a0<strong>3<\/strong>, 013144 (2021)<\/li>\n<li>Alexis Chac\u00f3n, Dasol Kim, Wei Zhu, Shane P. Kelly, Alexandre Dauphin, Emilio Pisanty, Andrew S. Maxwell, Antonio Pic\u00f3n, Marcelo F. Ciappina, Dong Eon Kim, Christopher Ticknor, Avadh Saxena, and Maciej Lewenstein,\u00a0\u201c<a href=\"https:\/\/arxiv.org\/abs\/1807.01616\"><em>Circular dichroism in higher-order harmonic generation: Heralding topological phases and transitions in Chern insulators<\/em><\/a>\u201d,\u00a0Phys. Rev. B\u00a0<strong>102<\/strong>, 134115 (2020).<\/li>\n<li>Emilio Pisanty, Gerard Jim\u00e9nez, Ver\u00f3nica Vicu\u00f1a-Hern\u00e1ndez, Antonio Pic\u00f3n, Alessio Celi, Juan P. Torres, and\u00a0Maciej Lewenstein, \u201c<a href=\"https:\/\/arxiv.org\/abs\/1808.05193\"><em>Knotting fractional-order knots with the polarization state of light<\/em><\/a>\u201d, Nature Photonics\u00a0<strong>13<\/strong>, 569 (2019).<\/li>\n<\/ol>\n<div>\u00a0<\/div>\n<\/div>\t\t\t\t\t\t\t\t<\/div>\n\t\t\t\t<\/div>\n\t\t\t\t\t<\/div>\n\t\t<\/div>\n\t\t\t\t\t<\/div>\n\t\t<\/section>\n\t\t\t\t<section class=\"elementor-section elementor-top-section elementor-element elementor-element-9997d7f elementor-section-boxed elementor-section-height-default elementor-section-height-default\" data-id=\"9997d7f\" data-element_type=\"section\" data-e-type=\"section\">\n\t\t\t\t\t\t<div class=\"elementor-container elementor-column-gap-default\">\n\t\t\t\t\t<div class=\"elementor-column elementor-col-100 elementor-top-column elementor-element elementor-element-210a1c6\" data-id=\"210a1c6\" data-element_type=\"column\" data-e-type=\"column\" data-settings=\"{&quot;background_background&quot;:&quot;classic&quot;}\">\n\t\t\t<div class=\"elementor-widget-wrap elementor-element-populated\">\n\t\t\t\t\t\t<div class=\"elementor-element elementor-element-ad90842 elementor-widget elementor-widget-text-editor\" data-id=\"ad90842\" data-element_type=\"widget\" data-e-type=\"widget\" data-widget_type=\"text-editor.default\">\n\t\t\t\t<div class=\"elementor-widget-container\">\n\t\t\t\t\t\t\t\t\t<h2 style=\"text-align: center;\"><span style=\"color: #000080;\"><span style=\"text-decoration: underline;\">Contact info<\/span><\/span><\/h2>\t\t\t\t\t\t\t\t<\/div>\n\t\t\t\t<\/div>\n\t\t\t\t\t<\/div>\n\t\t<\/div>\n\t\t\t\t\t<\/div>\n\t\t<\/section>\n\t\t\t\t<section class=\"elementor-section elementor-top-section elementor-element elementor-element-bbd4118 elementor-section-boxed elementor-section-height-default elementor-section-height-default\" data-id=\"bbd4118\" data-element_type=\"section\" data-e-type=\"section\">\n\t\t\t\t\t\t<div class=\"elementor-container elementor-column-gap-default\">\n\t\t\t\t\t<div class=\"elementor-column elementor-col-50 elementor-top-column elementor-element elementor-element-6b1f520\" data-id=\"6b1f520\" data-element_type=\"column\" data-e-type=\"column\">\n\t\t\t<div class=\"elementor-widget-wrap elementor-element-populated\">\n\t\t\t\t\t\t<div class=\"elementor-element elementor-element-cb12203 elementor-widget elementor-widget-text-editor\" data-id=\"cb12203\" data-element_type=\"widget\" data-e-type=\"widget\" data-widget_type=\"text-editor.default\">\n\t\t\t\t<div class=\"elementor-widget-container\">\n\t\t\t\t\t\t\t\t\t<p><strong>Representative of the node in the network:\u00a0<\/strong><\/p>\n<p style=\"padding-left: 40px;\">Antonio Pic\u00f3n (<a href=\"mailto:antonio.picon@uam.es\">antonio.picon@uam.es)<\/a><\/p>\n<p><strong>Node webpage:<\/strong> <a href=\"https:\/\/webs.uab.cat\/qaos\/\">https:\/\/picongroup.wordpress.com<\/a><\/p>\t\t\t\t\t\t\t\t<\/div>\n\t\t\t\t<\/div>\n\t\t\t\t\t<\/div>\n\t\t<\/div>\n\t\t\t\t<div class=\"elementor-column elementor-col-50 elementor-top-column elementor-element elementor-element-76f9ffa\" data-id=\"76f9ffa\" data-element_type=\"column\" data-e-type=\"column\">\n\t\t\t<div class=\"elementor-widget-wrap elementor-element-populated\">\n\t\t\t\t\t\t<div class=\"elementor-element elementor-element-8d76746 elementor-widget elementor-widget-google_maps\" data-id=\"8d76746\" data-element_type=\"widget\" data-e-type=\"widget\" data-widget_type=\"google_maps.default\">\n\t\t\t\t<div class=\"elementor-widget-container\">\n\t\t\t\t\t\t\t<div class=\"elementor-custom-embed\">\n\t\t\t<iframe loading=\"lazy\"\n\t\t\t\t\tsrc=\"https:\/\/maps.google.com\/maps?q=Departamento%20De%20Qu%C3%ADmica%20de%20la%20Universidad%20Aut%C3%B3noma%20De%20Madrid%2C%20Facultad%20de%20Ciencias%20%28Edificio%20Ciencias%29%2C%20Calle%20Francisco%20Tom%C3%A1s%20y%20Valiente%2C%207%2C%20M%C3%B3dulo%2C%2013%2C%2028049%20Madrid&#038;t=m&#038;z=10&#038;output=embed&#038;iwloc=near\"\n\t\t\t\t\ttitle=\"Departamento De Qu\u00edmica de la Universidad Aut\u00f3noma De Madrid, Facultad de Ciencias (Edificio Ciencias), Calle Francisco Tom\u00e1s y Valiente, 7, M\u00f3dulo, 13, 28049 Madrid\"\n\t\t\t\t\taria-label=\"Departamento De Qu\u00edmica de la Universidad Aut\u00f3noma De Madrid, Facultad de Ciencias (Edificio Ciencias), Calle Francisco Tom\u00e1s y Valiente, 7, M\u00f3dulo, 13, 28049 Madrid\"\n\t\t\t><\/iframe>\n\t\t<\/div>\n\t\t\t\t\t\t<\/div>\n\t\t\t\t<\/div>\n\t\t\t\t\t<\/div>\n\t\t<\/div>\n\t\t\t\t\t<\/div>\n\t\t<\/section>\n\t\t\t\t<section class=\"elementor-section elementor-top-section elementor-element elementor-element-5556604 elementor-section-boxed elementor-section-height-default elementor-section-height-default\" data-id=\"5556604\" data-element_type=\"section\" data-e-type=\"section\">\n\t\t\t\t\t\t<div class=\"elementor-container elementor-column-gap-default\">\n\t\t\t\t\t<div class=\"elementor-column elementor-col-33 elementor-top-column elementor-element elementor-element-a059f01\" data-id=\"a059f01\" data-element_type=\"column\" data-e-type=\"column\">\n\t\t\t<div class=\"elementor-widget-wrap\">\n\t\t\t\t\t\t\t<\/div>\n\t\t<\/div>\n\t\t\t\t<div class=\"elementor-column elementor-col-33 elementor-top-column elementor-element elementor-element-2994c72\" data-id=\"2994c72\" data-element_type=\"column\" data-e-type=\"column\">\n\t\t\t<div class=\"elementor-widget-wrap elementor-element-populated\">\n\t\t\t\t\t\t<div class=\"elementor-element elementor-element-4a5a06f elementor-widget__width-initial elementor-widget elementor-widget-image\" data-id=\"4a5a06f\" data-element_type=\"widget\" data-e-type=\"widget\" data-widget_type=\"image.default\">\n\t\t\t\t<div class=\"elementor-widget-container\">\n\t\t\t\t\t\t\t\t\t\t\t\t\t\t\t<img decoding=\"async\" width=\"800\" height=\"800\" data-src=\"https:\/\/laser.usal.es\/faslight\/wp-content\/uploads\/2023\/12\/Logo_UAM.jpg\" class=\"attachment-large size-large wp-image-7403 lazyload\" alt=\"\" data-srcset=\"https:\/\/laser.usal.es\/faslight\/wp-content\/uploads\/2023\/12\/Logo_UAM.jpg 800w, https:\/\/laser.usal.es\/faslight\/wp-content\/uploads\/2023\/12\/Logo_UAM-300x300.jpg 300w, https:\/\/laser.usal.es\/faslight\/wp-content\/uploads\/2023\/12\/Logo_UAM-150x150.jpg 150w, https:\/\/laser.usal.es\/faslight\/wp-content\/uploads\/2023\/12\/Logo_UAM-768x768.jpg 768w, https:\/\/laser.usal.es\/faslight\/wp-content\/uploads\/2023\/12\/Logo_UAM-600x600.jpg 600w\" data-sizes=\"(max-width: 800px) 100vw, 800px\" src=\"data:image\/svg+xml;base64,PHN2ZyB3aWR0aD0iMSIgaGVpZ2h0PSIxIiB4bWxucz0iaHR0cDovL3d3dy53My5vcmcvMjAwMC9zdmciPjwvc3ZnPg==\" style=\"--smush-placeholder-width: 800px; --smush-placeholder-aspect-ratio: 800\/800;\" \/>\t\t\t\t\t\t\t\t\t\t\t\t\t\t\t<\/div>\n\t\t\t\t<\/div>\n\t\t\t\t\t<\/div>\n\t\t<\/div>\n\t\t\t\t<div class=\"elementor-column elementor-col-33 elementor-top-column elementor-element elementor-element-231e4a8\" data-id=\"231e4a8\" data-element_type=\"column\" data-e-type=\"column\">\n\t\t\t<div class=\"elementor-widget-wrap\">\n\t\t\t\t\t\t\t<\/div>\n\t\t<\/div>\n\t\t\t\t\t<\/div>\n\t\t<\/section>\n\t\t\t\t<\/div>\n\t\t","protected":false},"excerpt":{"rendered":"<p>The Attosecond and Ultrafast X-ray Optics (AUXO) group at Universidad Aut\u00f3noma de Madrid\u00a0(UAM) is currently working in the research areas of Attosecond science and X-ray free-electron\u00a0laser physics. Their main expertise resides in the theoretical modelling of ultrafast experiments\u00a0to investigate the optical response of molecular systems and quantum materials. In this network,\u00a0AUXO will provide theoretical support<\/p>\n","protected":false},"author":2,"featured_media":0,"parent":0,"menu_order":0,"comment_status":"closed","ping_status":"closed","template":"elementor_theme","meta":{"_monsterinsights_skip_tracking":false,"_monsterinsights_sitenote_active":false,"_monsterinsights_sitenote_note":"","_monsterinsights_sitenote_category":0,"footnotes":""},"class_list":["post-7224","page","type-page","status-publish","hentry"],"_links":{"self":[{"href":"https:\/\/laser.usal.es\/faslight\/wp-json\/wp\/v2\/pages\/7224","targetHints":{"allow":["GET"]}}],"collection":[{"href":"https:\/\/laser.usal.es\/faslight\/wp-json\/wp\/v2\/pages"}],"about":[{"href":"https:\/\/laser.usal.es\/faslight\/wp-json\/wp\/v2\/types\/page"}],"author":[{"embeddable":true,"href":"https:\/\/laser.usal.es\/faslight\/wp-json\/wp\/v2\/users\/2"}],"replies":[{"embeddable":true,"href":"https:\/\/laser.usal.es\/faslight\/wp-json\/wp\/v2\/comments?post=7224"}],"version-history":[{"count":7,"href":"https:\/\/laser.usal.es\/faslight\/wp-json\/wp\/v2\/pages\/7224\/revisions"}],"predecessor-version":[{"id":7857,"href":"https:\/\/laser.usal.es\/faslight\/wp-json\/wp\/v2\/pages\/7224\/revisions\/7857"}],"wp:attachment":[{"href":"https:\/\/laser.usal.es\/faslight\/wp-json\/wp\/v2\/media?parent=7224"}],"curies":[{"name":"wp","href":"https:\/\/api.w.org\/{rel}","templated":true}]}}