{"id":7242,"date":"2023-11-29T16:29:45","date_gmt":"2023-11-29T15:29:45","guid":{"rendered":"https:\/\/laser.usal.es\/faslight\/?page_id=7242"},"modified":"2024-07-25T09:20:42","modified_gmt":"2024-07-25T08:20:42","slug":"grupo-de-luz-estructurada-ucm","status":"publish","type":"page","link":"https:\/\/laser.usal.es\/faslight\/en\/grupo-de-luz-estructurada-ucm\/","title":{"rendered":"Grupo de luz estructurada (UCM)"},"content":{"rendered":"\t\t<div data-elementor-type=\"wp-page\" data-elementor-id=\"7242\" class=\"elementor elementor-7242\">\n\t\t\t\t\t\t<section class=\"elementor-section elementor-top-section elementor-element elementor-element-55f6249 elementor-section-boxed elementor-section-height-default elementor-section-height-default\" data-id=\"55f6249\" data-element_type=\"section\" data-e-type=\"section\">\n\t\t\t\t\t\t<div class=\"elementor-container elementor-column-gap-default\">\n\t\t\t\t\t<div class=\"elementor-column elementor-col-50 elementor-top-column elementor-element elementor-element-57a64a0\" data-id=\"57a64a0\" data-element_type=\"column\" data-e-type=\"column\">\n\t\t\t<div class=\"elementor-widget-wrap elementor-element-populated\">\n\t\t\t\t\t\t<div class=\"elementor-element elementor-element-c4f31d8 elementor-widget elementor-widget-text-editor\" data-id=\"c4f31d8\" data-element_type=\"widget\" data-e-type=\"widget\" data-widget_type=\"text-editor.default\">\n\t\t\t\t<div class=\"elementor-widget-container\">\n\t\t\t\t\t\t\t\t\t<p style=\"text-align: justify;\">The UCM node, composed of the research groups GICO (Interdisciplinary Group of Computational Optics) and GIHL (Light Beams Engineering Group), specializes in the design and characterization of structured laser beams (continuous wave and ultrashort laser pulses) and their applications in polarimetry, self-focusing, optical encryption, laser free-space optical communications, optical imaging, and optical trapping and manipulation of micro\/nano-particles. This group has been a pioneer in the field of structured light since the 1993 EUREKA EU-2359 European Project. Over the past 10 years, they have published over 100 articles indexed in JCR journals.<\/p><p style=\"text-align: justify;\">Additionally, the GICO-UCM, with researchers Enar Franco, \u00d3scar Mart\u00ednez-Matos, and Jos\u00e9 A. Rodrigo, has developed an innovative technique to program the propagation of ultrashort laser pulses. Their experiments were conducted in the GICO-UCM laboratories and at the Ultrafast Lasers Center (CLUR) of the same university.<\/p>\t\t\t\t\t\t\t\t<\/div>\n\t\t\t\t<\/div>\n\t\t\t\t\t<\/div>\n\t\t<\/div>\n\t\t\t\t<div class=\"elementor-column elementor-col-50 elementor-top-column elementor-element elementor-element-bedb065\" data-id=\"bedb065\" data-element_type=\"column\" data-e-type=\"column\">\n\t\t\t<div class=\"elementor-widget-wrap elementor-element-populated\">\n\t\t\t\t\t\t<div class=\"elementor-element elementor-element-e613973 elementor-widget__width-initial elementor-widget elementor-widget-image\" data-id=\"e613973\" data-element_type=\"widget\" data-e-type=\"widget\" data-widget_type=\"image.default\">\n\t\t\t\t<div class=\"elementor-widget-container\">\n\t\t\t\t\t\t\t\t\t\t\t\t<figure class=\"wp-caption\">\n\t\t\t\t\t\t\t\t\t\t<img fetchpriority=\"high\" decoding=\"async\" width=\"275\" height=\"275\" src=\"https:\/\/laser.usal.es\/faslight\/wp-content\/uploads\/2024\/07\/UCM.jpg\" class=\"attachment-large size-large wp-image-7865\" alt=\"\" srcset=\"https:\/\/laser.usal.es\/faslight\/wp-content\/uploads\/2024\/07\/UCM.jpg 275w, https:\/\/laser.usal.es\/faslight\/wp-content\/uploads\/2024\/07\/UCM-150x150.jpg 150w\" sizes=\"(max-width: 275px) 100vw, 275px\" \/>\t\t\t\t\t\t\t\t\t\t\t<figcaption class=\"widget-image-caption wp-caption-text\"><\/figcaption>\n\t\t\t\t\t\t\t\t\t\t<\/figure>\n\t\t\t\t\t\t\t\t\t<\/div>\n\t\t\t\t<\/div>\n\t\t\t\t\t<\/div>\n\t\t<\/div>\n\t\t\t\t\t<\/div>\n\t\t<\/section>\n\t\t\t\t<section class=\"elementor-section elementor-top-section elementor-element elementor-element-6f9b704 elementor-section-boxed elementor-section-height-default elementor-section-height-default\" data-id=\"6f9b704\" data-element_type=\"section\" data-e-type=\"section\">\n\t\t\t\t\t\t<div class=\"elementor-container elementor-column-gap-default\">\n\t\t\t\t\t<div class=\"elementor-column elementor-col-100 elementor-top-column elementor-element elementor-element-7992db7\" data-id=\"7992db7\" data-element_type=\"column\" data-e-type=\"column\" data-settings=\"{&quot;background_background&quot;:&quot;classic&quot;}\">\n\t\t\t<div class=\"elementor-widget-wrap elementor-element-populated\">\n\t\t\t\t\t\t<div class=\"elementor-element elementor-element-58567a9 elementor-widget elementor-widget-text-editor\" data-id=\"58567a9\" data-element_type=\"widget\" data-e-type=\"widget\" data-widget_type=\"text-editor.default\">\n\t\t\t\t<div class=\"elementor-widget-container\">\n\t\t\t\t\t\t\t\t\t<h2 style=\"text-align: center;\"><span style=\"color: #000080;\"><span style=\"text-decoration: underline;\">Main publications and results<\/span><\/span><\/h2>\t\t\t\t\t\t\t\t<\/div>\n\t\t\t\t<\/div>\n\t\t\t\t\t<\/div>\n\t\t<\/div>\n\t\t\t\t\t<\/div>\n\t\t<\/section>\n\t\t\t\t<section class=\"elementor-section elementor-top-section elementor-element elementor-element-1a16280 elementor-section-boxed elementor-section-height-default elementor-section-height-default\" data-id=\"1a16280\" data-element_type=\"section\" data-e-type=\"section\">\n\t\t\t\t\t\t<div class=\"elementor-container elementor-column-gap-default\">\n\t\t\t\t\t<div class=\"elementor-column elementor-col-100 elementor-top-column elementor-element elementor-element-8c72c9a\" data-id=\"8c72c9a\" data-element_type=\"column\" data-e-type=\"column\">\n\t\t\t<div class=\"elementor-widget-wrap elementor-element-populated\">\n\t\t\t\t\t\t<div class=\"elementor-element elementor-element-75f7cfc elementor-widget elementor-widget-text-editor\" data-id=\"75f7cfc\" data-element_type=\"widget\" data-e-type=\"widget\" data-widget_type=\"text-editor.default\">\n\t\t\t\t<div class=\"elementor-widget-container\">\n\t\t\t\t\t\t\t\t\t<ol><li style=\"text-align: justify;\">Enar Franco, \u00d3scar Mart\u00ednez-Matos, and Jos\u00e9 A. Rodrigo, \u00ab<a href=\"https:\/\/opg.optica.org\/optica\/fulltext.cfm?uri=optica-10-3-379&amp;id=528053\" target=\"_blank\" rel=\"noopener\">Curve-shaped ultrashort laser pulses with programmable spatiotemporal behavior\u00bb<\/a> Optica\u00a0<b>10<\/b>, 379-392 (2023)<\/li><li style=\"text-align: justify;\">Jos\u00e9 A. Rodrigo, Mercedes Angulo, and Tatiana Alieva, <a href=\"https:\/\/opg.optica.org\/prj\/fulltext.cfm?uri=prj-9-1-1&amp;id=444233\" target=\"_blank\" rel=\"noopener\">\u00abAll-optical motion control of metal nanoparticles powered by propulsion forces tailored in 3D trajectories,\u00bb<\/a> Photon. Res.\u00a0<b>9<\/b>, 1-12 (2021)<\/li><li style=\"text-align: justify;\">Rodrigo, J.A., Angulo, M. &amp; Alieva, T. <a href=\"https:\/\/www.nature.com\/articles\/s41377-020-00417-1#citeas\" target=\"_blank\" rel=\"noopener\">Tailored optical propulsion forces for controlled transport of resonant gold nanoparticles and associated thermal convective fluid flows<\/a>.\u00a0<i>Light Sci Appl<\/i>\u00a0<b>9<\/b>, 181 (2020). https:\/\/doi.org\/10.1038\/s41377-020-00417-1<\/li><li style=\"text-align: justify;\">Rosario Mart\u00ednez-Herrero, David Maluenda, Marcos Avi\u00f1o\u00e1, Artur Carnicer, Ignasi Juvells, and \u00c1ngel S. Sanz, <a href=\"https:\/\/opg.optica.org\/prj\/fulltext.cfm?uri=prj-11-7-1326&amp;id=532390\" target=\"_blank\" rel=\"noopener\">\u00abLocal characterization of the polarization state of 3D electromagnetic fields: an alternative approach,\u00bb<\/a> Photon. Res.\u00a0<b>11<\/b>, 1326-1338 (2023)<\/li><li style=\"text-align: justify;\">Mart\u00ednez-Herrero, R., Piquero, G., Santarsiero, M., Gori, F., &amp; Gonz\u00e1lez de Sande, J. C. (2022). A class of vectorial pseudo-Schell model sources with structured coherence and polarization. <i>Optics &amp; Laser Technology<\/i>, <i>152<\/i>, 108079. <a href=\"https:\/\/doi.org\/10.1016\/j.optlastec.2022.108079\">https:\/\/doi.org\/10.1016\/j.optlastec.2022.108079\u00a0<\/a><\/li><li><div class=\"csl-bib-body\"><div class=\"csl-entry\" style=\"text-align: justify;\">Su\u00e1rez-Bermejo, J. C., Gorgas, J., Pascual, S., Santarsiero, M., de Sande, J. C. G., &amp; Piquero, G. (2024). Bayesian inference approach for Full Poincar\u00e9 Mueller polarimetry. <i>Optics &amp; Laser Technology<\/i>, <i>168<\/i>, 109983. <a href=\"https:\/\/doi.org\/10.1016\/j.optlastec.2023.109983\">https:\/\/doi.org\/10.1016\/j.optlastec.2023.109983<\/a><\/div><\/div><\/li><\/ol><div class=\"csl-bib-body\">\u00a0<\/div>\t\t\t\t\t\t\t\t<\/div>\n\t\t\t\t<\/div>\n\t\t\t\t\t<\/div>\n\t\t<\/div>\n\t\t\t\t\t<\/div>\n\t\t<\/section>\n\t\t\t\t<section class=\"elementor-section elementor-top-section elementor-element elementor-element-9444a16 elementor-section-boxed elementor-section-height-default elementor-section-height-default\" data-id=\"9444a16\" data-element_type=\"section\" data-e-type=\"section\">\n\t\t\t\t\t\t<div class=\"elementor-container elementor-column-gap-default\">\n\t\t\t\t\t<div class=\"elementor-column elementor-col-100 elementor-top-column elementor-element elementor-element-af49ded\" data-id=\"af49ded\" data-element_type=\"column\" data-e-type=\"column\" data-settings=\"{&quot;background_background&quot;:&quot;classic&quot;}\">\n\t\t\t<div class=\"elementor-widget-wrap elementor-element-populated\">\n\t\t\t\t\t\t<div class=\"elementor-element elementor-element-236abe3 elementor-widget elementor-widget-text-editor\" data-id=\"236abe3\" data-element_type=\"widget\" data-e-type=\"widget\" data-widget_type=\"text-editor.default\">\n\t\t\t\t<div class=\"elementor-widget-container\">\n\t\t\t\t\t\t\t\t\t<h2 style=\"text-align: center;\"><span style=\"color: #000080;\"><span style=\"text-decoration: underline;\">Contact info<\/span><\/span><\/h2>\t\t\t\t\t\t\t\t<\/div>\n\t\t\t\t<\/div>\n\t\t\t\t\t<\/div>\n\t\t<\/div>\n\t\t\t\t\t<\/div>\n\t\t<\/section>\n\t\t\t\t<section class=\"elementor-section elementor-top-section elementor-element elementor-element-19424b7 elementor-section-boxed elementor-section-height-default elementor-section-height-default\" data-id=\"19424b7\" data-element_type=\"section\" data-e-type=\"section\">\n\t\t\t\t\t\t<div class=\"elementor-container elementor-column-gap-default\">\n\t\t\t\t\t<div class=\"elementor-column elementor-col-50 elementor-top-column elementor-element elementor-element-b282c65\" data-id=\"b282c65\" data-element_type=\"column\" data-e-type=\"column\">\n\t\t\t<div class=\"elementor-widget-wrap elementor-element-populated\">\n\t\t\t\t\t\t<div class=\"elementor-element elementor-element-f7821eb elementor-widget elementor-widget-text-editor\" data-id=\"f7821eb\" data-element_type=\"widget\" data-e-type=\"widget\" data-widget_type=\"text-editor.default\">\n\t\t\t\t<div class=\"elementor-widget-container\">\n\t\t\t\t\t\t\t\t\t<p><strong>Representative of the node in the network:\u00a0<\/strong><\/p>\n<p style=\"padding-left: 40px;\"><a href=\"https:\/\/orcid.org\/0000-0001-7313-7313\">Jose A. Rodrigo<\/a> (<a href=\"mailto:jarmar@ucm.es\">jarmar@ucm.es<\/a><a href=\"mailto:antonio.picon@uam.es\">)<\/a><\/p>\n<p><strong>Node webpage:<\/strong> <a href=\"https:\/\/produccioncientifica.ucm.es\/grupos\/5262\/detalle\" target=\"_blank\" rel=\"noopener\">https:\/\/produccioncientifica.ucm.es\/grupos\/5262\/detalle<\/a><\/p>\t\t\t\t\t\t\t\t<\/div>\n\t\t\t\t<\/div>\n\t\t\t\t\t<\/div>\n\t\t<\/div>\n\t\t\t\t<div class=\"elementor-column elementor-col-50 elementor-top-column elementor-element elementor-element-315ea2e\" data-id=\"315ea2e\" data-element_type=\"column\" data-e-type=\"column\">\n\t\t\t<div class=\"elementor-widget-wrap elementor-element-populated\">\n\t\t\t\t\t\t<div class=\"elementor-element elementor-element-4028590 elementor-widget elementor-widget-google_maps\" data-id=\"4028590\" data-element_type=\"widget\" data-e-type=\"widget\" data-widget_type=\"google_maps.default\">\n\t\t\t\t<div class=\"elementor-widget-container\">\n\t\t\t\t\t\t\t<div class=\"elementor-custom-embed\">\n\t\t\t<iframe loading=\"lazy\"\n\t\t\t\t\tsrc=\"https:\/\/maps.google.com\/maps?q=Universidad%20complutense%20de%20Madrid&#038;t=m&#038;z=10&#038;output=embed&#038;iwloc=near\"\n\t\t\t\t\ttitle=\"Universidad complutense de Madrid\"\n\t\t\t\t\taria-label=\"Universidad complutense de Madrid\"\n\t\t\t><\/iframe>\n\t\t<\/div>\n\t\t\t\t\t\t<\/div>\n\t\t\t\t<\/div>\n\t\t\t\t\t<\/div>\n\t\t<\/div>\n\t\t\t\t\t<\/div>\n\t\t<\/section>\n\t\t\t\t<\/div>\n\t\t","protected":false},"excerpt":{"rendered":"<p>The UCM node, composed of the research groups GICO (Interdisciplinary Group of Computational Optics) and GIHL (Light Beams Engineering Group), specializes in the design and characterization of structured laser beams (continuous wave and ultrashort laser pulses) and their applications in polarimetry, self-focusing, optical encryption, laser free-space optical communications, optical imaging, and optical trapping and manipulation<\/p>\n","protected":false},"author":2,"featured_media":0,"parent":0,"menu_order":0,"comment_status":"closed","ping_status":"closed","template":"elementor_theme","meta":{"_monsterinsights_skip_tracking":false,"_monsterinsights_sitenote_active":false,"_monsterinsights_sitenote_note":"","_monsterinsights_sitenote_category":0,"footnotes":""},"class_list":["post-7242","page","type-page","status-publish","hentry"],"_links":{"self":[{"href":"https:\/\/laser.usal.es\/faslight\/wp-json\/wp\/v2\/pages\/7242","targetHints":{"allow":["GET"]}}],"collection":[{"href":"https:\/\/laser.usal.es\/faslight\/wp-json\/wp\/v2\/pages"}],"about":[{"href":"https:\/\/laser.usal.es\/faslight\/wp-json\/wp\/v2\/types\/page"}],"author":[{"embeddable":true,"href":"https:\/\/laser.usal.es\/faslight\/wp-json\/wp\/v2\/users\/2"}],"replies":[{"embeddable":true,"href":"https:\/\/laser.usal.es\/faslight\/wp-json\/wp\/v2\/comments?post=7242"}],"version-history":[{"count":16,"href":"https:\/\/laser.usal.es\/faslight\/wp-json\/wp\/v2\/pages\/7242\/revisions"}],"predecessor-version":[{"id":7876,"href":"https:\/\/laser.usal.es\/faslight\/wp-json\/wp\/v2\/pages\/7242\/revisions\/7876"}],"wp:attachment":[{"href":"https:\/\/laser.usal.es\/faslight\/wp-json\/wp\/v2\/media?parent=7242"}],"curies":[{"name":"wp","href":"https:\/\/api.w.org\/{rel}","templated":true}]}}