{"id":7254,"date":"2023-11-29T16:32:39","date_gmt":"2023-11-29T15:32:39","guid":{"rendered":"https:\/\/laser.usal.es\/faslight\/?page_id=7254"},"modified":"2024-07-25T09:27:37","modified_gmt":"2024-07-25T08:27:37","slug":"grupo-de-sistemas-complejos-upm","status":"publish","type":"page","link":"https:\/\/laser.usal.es\/faslight\/en\/grupo-de-sistemas-complejos-upm\/","title":{"rendered":"Grupo de Sistemas Complejos (UPM)"},"content":{"rendered":"\t\t<div data-elementor-type=\"wp-page\" data-elementor-id=\"7254\" class=\"elementor elementor-7254\">\n\t\t\t\t\t\t<section class=\"elementor-section elementor-top-section elementor-element elementor-element-0d33e87 elementor-section-boxed elementor-section-height-default elementor-section-height-default\" data-id=\"0d33e87\" data-element_type=\"section\" data-e-type=\"section\">\n\t\t\t\t\t\t<div class=\"elementor-container elementor-column-gap-default\">\n\t\t\t\t\t<div class=\"elementor-column elementor-col-100 elementor-top-column elementor-element elementor-element-91fc068\" data-id=\"91fc068\" data-element_type=\"column\" data-e-type=\"column\">\n\t\t\t<div class=\"elementor-widget-wrap elementor-element-populated\">\n\t\t\t\t\t\t<div class=\"elementor-element elementor-element-f49002b elementor-widget elementor-widget-text-editor\" data-id=\"f49002b\" data-element_type=\"widget\" data-e-type=\"widget\" data-widget_type=\"text-editor.default\">\n\t\t\t\t<div class=\"elementor-widget-container\">\n\t\t\t\t\t\t\t\t\t<p>In progress<\/p>\t\t\t\t\t\t\t\t<\/div>\n\t\t\t\t<\/div>\n\t\t\t\t\t<\/div>\n\t\t<\/div>\n\t\t\t\t\t<\/div>\n\t\t<\/section>\n\t\t\t\t<\/div>\n\t\t","protected":false},"excerpt":{"rendered":"<p>del L\u00e1ser y Fot\u00f3nica Grupo de Aplicaciones del L\u00e1ser y Fot\u00f3nica Grupo de Aplicaciones del L\u00e1ser y Fot\u00f3nica In progress<\/p>\n","protected":false},"author":2,"featured_media":0,"parent":0,"menu_order":0,"comment_status":"closed","ping_status":"closed","template":"elementor_theme","meta":{"_monsterinsights_skip_tracking":false,"_monsterinsights_sitenote_active":false,"_monsterinsights_sitenote_note":"","_monsterinsights_sitenote_category":0,"footnotes":""},"class_list":["post-7254","page","type-page","status-publish","hentry"],"_links":{"self":[{"href":"https:\/\/laser.usal.es\/faslight\/wp-json\/wp\/v2\/pages\/7254","targetHints":{"allow":["GET"]}}],"collection":[{"href":"https:\/\/laser.usal.es\/faslight\/wp-json\/wp\/v2\/pages"}],"about":[{"href":"https:\/\/laser.usal.es\/faslight\/wp-json\/wp\/v2\/types\/page"}],"author":[{"embeddable":true,"href":"https:\/\/laser.usal.es\/faslight\/wp-json\/wp\/v2\/users\/2"}],"replies":[{"embeddable":true,"href":"https:\/\/laser.usal.es\/faslight\/wp-json\/wp\/v2\/comments?post=7254"}],"version-history":[{"count":2,"href":"https:\/\/laser.usal.es\/faslight\/wp-json\/wp\/v2\/pages\/7254\/revisions"}],"predecessor-version":[{"id":7886,"href":"https:\/\/laser.usal.es\/faslight\/wp-json\/wp\/v2\/pages\/7254\/revisions\/7886"}],"wp:attachment":[{"href":"https:\/\/laser.usal.es\/faslight\/wp-json\/wp\/v2\/media?parent=7254"}],"curies":[{"name":"wp","href":"https:\/\/api.w.org\/{rel}","templated":true}]}}