{"id":7943,"date":"2025-01-16T23:22:06","date_gmt":"2025-01-16T22:22:06","guid":{"rendered":"https:\/\/laser.usal.es\/faslight\/?page_id=7943"},"modified":"2025-01-17T16:19:34","modified_gmt":"2025-01-17T15:19:34","slug":"network-update-meeting","status":"publish","type":"page","link":"https:\/\/laser.usal.es\/faslight\/en\/meetings\/network-update-meeting\/","title":{"rendered":"Network update meeting"},"content":{"rendered":"\t\t<div data-elementor-type=\"wp-page\" data-elementor-id=\"7943\" class=\"elementor elementor-7943\">\n\t\t\t\t\t\t<section class=\"elementor-section elementor-top-section elementor-element elementor-element-54dc9a3 elementor-section-boxed elementor-section-height-default elementor-section-height-default\" data-id=\"54dc9a3\" data-element_type=\"section\" data-e-type=\"section\">\n\t\t\t\t\t\t<div class=\"elementor-container elementor-column-gap-default\">\n\t\t\t\t\t<div class=\"elementor-column elementor-col-100 elementor-top-column elementor-element elementor-element-98d4337\" data-id=\"98d4337\" data-element_type=\"column\" data-e-type=\"column\">\n\t\t\t<div class=\"elementor-widget-wrap elementor-element-populated\">\n\t\t\t\t\t\t<div class=\"elementor-element elementor-element-c935f6f elementor-widget elementor-widget-text-editor\" data-id=\"c935f6f\" data-element_type=\"widget\" data-e-type=\"widget\" data-widget_type=\"text-editor.default\">\n\t\t\t\t<div class=\"elementor-widget-container\">\n\t\t\t\t\t\t\t\t\t<p style=\"text-align: justify;\">The <span style=\"color: #000080;\"><strong>FASLIGHT<\/strong><\/span> network update meeting will take place on January 20 and 21, 2025 in Santiago de Compostela (Spain).\u00a0<\/p><p style=\"text-align: justify;\">Below is the preliminary agenda for the meeting.<\/p>\t\t\t\t\t\t\t\t<\/div>\n\t\t\t\t<\/div>\n\t\t\t\t\t<\/div>\n\t\t<\/div>\n\t\t\t\t\t<\/div>\n\t\t<\/section>\n\t\t\t\t<section class=\"elementor-section elementor-top-section elementor-element elementor-element-c049472 elementor-section-boxed elementor-section-height-default elementor-section-height-default\" data-id=\"c049472\" data-element_type=\"section\" data-e-type=\"section\">\n\t\t\t\t\t\t\t<div class=\"elementor-background-overlay\"><\/div>\n\t\t\t\t\t\t\t<div class=\"elementor-container elementor-column-gap-default\">\n\t\t\t\t\t<div class=\"elementor-column elementor-col-100 elementor-top-column elementor-element elementor-element-0630569\" data-id=\"0630569\" data-element_type=\"column\" data-e-type=\"column\" data-settings=\"{&quot;background_background&quot;:&quot;classic&quot;}\">\n\t\t\t<div class=\"elementor-widget-wrap elementor-element-populated\">\n\t\t\t\t\t\t<div class=\"elementor-element elementor-element-a598c40 elementor-widget elementor-widget-text-editor\" data-id=\"a598c40\" data-element_type=\"widget\" data-e-type=\"widget\" data-widget_type=\"text-editor.default\">\n\t\t\t\t<div class=\"elementor-widget-container\">\n\t\t\t\t\t\t\t\t\t<h2 style=\"text-align: center;\"><span style=\"color: #000080;\">Network update meeting &#8211; <\/span><span style=\"color: #000080;\">Fundamentals and Applications of Structured Light<\/span><\/h2>\t\t\t\t\t\t\t\t<\/div>\n\t\t\t\t<\/div>\n\t\t\t\t\t<\/div>\n\t\t<\/div>\n\t\t\t\t\t<\/div>\n\t\t<\/section>\n\t\t\t\t<section class=\"elementor-section elementor-top-section elementor-element elementor-element-0a7db90 elementor-section-boxed elementor-section-height-default elementor-section-height-default\" data-id=\"0a7db90\" data-element_type=\"section\" data-e-type=\"section\">\n\t\t\t\t\t\t<div class=\"elementor-container elementor-column-gap-default\">\n\t\t\t\t\t<div class=\"elementor-column elementor-col-100 elementor-top-column elementor-element elementor-element-a10fc9b\" data-id=\"a10fc9b\" data-element_type=\"column\" data-e-type=\"column\">\n\t\t\t<div class=\"elementor-widget-wrap elementor-element-populated\">\n\t\t\t\t\t\t<div class=\"elementor-element elementor-element-fb1c84c elementor-widget elementor-widget-text-editor\" data-id=\"fb1c84c\" data-element_type=\"widget\" data-e-type=\"widget\" data-widget_type=\"text-editor.default\">\n\t\t\t\t<div class=\"elementor-widget-container\">\n\t\t\t\t\t\t\t\t\t<p style=\"text-align: justify;\"><em>Santiago de Compostela, January 20-21, 2025<\/em><\/p><p style=\"text-align: justify;\"><strong>Idea:<\/strong>\u00a0Each node will have the opportunity to deliver a longer presentation to highlight their upcoming lines of action and strategies. Additionally, participants from each node will be able to give as many short presentations as needed to share their current results and ongoing investigations. Time will also be allocated for discussions among the partners to foster collaboration, exchange ideas, and align efforts within the network.<\/p><p style=\"text-align: justify;\"><strong>Objective:\u00a0<\/strong> to provide an opportunity for network partners to present updates on their recent work and ongoing research, as well as to outline future plans and directions for their activities.<\/p><p style=\"text-align: justify;\"><strong>Location<\/strong>:\u00a0Instituto de Materiales, Avenida do Mestre Mateo, 25, 15782 Santiago de Compostela, A Coru\u00f1a<\/p>\t\t\t\t\t\t\t\t<\/div>\n\t\t\t\t<\/div>\n\t\t\t\t\t<\/div>\n\t\t<\/div>\n\t\t\t\t\t<\/div>\n\t\t<\/section>\n\t\t\t\t<section class=\"elementor-section elementor-top-section elementor-element elementor-element-7f51cd3 elementor-section-boxed elementor-section-height-default elementor-section-height-default\" data-id=\"7f51cd3\" data-element_type=\"section\" data-e-type=\"section\" data-settings=\"{&quot;background_background&quot;:&quot;classic&quot;}\">\n\t\t\t\t\t\t<div class=\"elementor-container elementor-column-gap-default\">\n\t\t\t\t\t<div class=\"elementor-column elementor-col-100 elementor-top-column elementor-element elementor-element-fd66c57\" data-id=\"fd66c57\" data-element_type=\"column\" data-e-type=\"column\" data-settings=\"{&quot;background_background&quot;:&quot;classic&quot;}\">\n\t\t\t<div class=\"elementor-widget-wrap elementor-element-populated\">\n\t\t\t\t\t\t<div class=\"elementor-element elementor-element-3c2ccb7 elementor-widget elementor-widget-text-editor\" data-id=\"3c2ccb7\" data-element_type=\"widget\" data-e-type=\"widget\" data-widget_type=\"text-editor.default\">\n\t\t\t\t<div class=\"elementor-widget-container\">\n\t\t\t\t\t\t\t\t\t<h2 style=\"text-align: center;\"><span style=\"color: #000080;\"><span style=\"text-decoration: underline;\">Monday, January 20 th<\/span><\/span><\/h2>\t\t\t\t\t\t\t\t<\/div>\n\t\t\t\t<\/div>\n\t\t\t\t\t<\/div>\n\t\t<\/div>\n\t\t\t\t\t<\/div>\n\t\t<\/section>\n\t\t\t\t<section class=\"elementor-section elementor-top-section elementor-element elementor-element-e980269 elementor-section-boxed elementor-section-height-default elementor-section-height-default\" data-id=\"e980269\" data-element_type=\"section\" data-e-type=\"section\">\n\t\t\t\t\t\t<div class=\"elementor-container elementor-column-gap-default\">\n\t\t\t\t\t<div class=\"elementor-column elementor-col-100 elementor-top-column elementor-element elementor-element-e68d34e\" data-id=\"e68d34e\" data-element_type=\"column\" data-e-type=\"column\">\n\t\t\t<div class=\"elementor-widget-wrap elementor-element-populated\">\n\t\t\t\t\t\t<div class=\"elementor-element elementor-element-630d357 elementor-widget elementor-widget-text-editor\" data-id=\"630d357\" data-element_type=\"widget\" data-e-type=\"widget\" data-widget_type=\"text-editor.default\">\n\t\t\t\t<div class=\"elementor-widget-container\">\n\t\t\t\t\t\t\t\t\t<ul><li style=\"text-align: justify;\"><strong>09:00 h<\/strong> \/\/ Registration<\/li><li style=\"text-align: justify;\"><strong>09:25 h<\/strong> \/\/ Meeting presentation \u2013 <u>Maria Teresa Flores, Carlos Hern\u00e1ndez Garc\u00eda, I\u00f1igo Sola and Luis Plaja<\/u><\/li><li style=\"text-align: justify;\"><strong>09:40 h <\/strong>\/\/ Node presentation &#8211; <u>Enrique Tajahuerce<\/u>; Grupo de Investigaci\u00f3n de \u00d3ptica GROC (UJI)<\/li><li style=\"text-align: justify;\"><strong>10:05 h <\/strong>\/\/ Nonlinear Optics in Waveguide Arrays: Moir\u00e9 and Quasicrystal Structures &#8211; <u>Sergei Ivanov<\/u>; Estructuras fot\u00f3nicas no lineales (Universitat de Val\u00e8ncia (UV))<\/li><li style=\"text-align: justify;\"><strong>10:20 h <\/strong>\/\/ Node presentation &#8211; <u>M\u00aa del Mar S\u00e1nchez<\/u>; Grupo de Tecnolog\u00eda \u00d3ptica y Optoelectr\u00f3nica &#8211; TecnOpto (Universidad Miguel Hern\u00e1ndez de Elche (UMH))<\/li><li style=\"text-align: justify;\"><strong>10:45 h <\/strong>\/\/ Macroscopic high-order harmonic generation in solid state materials driven by structured light &#8211; <u>Sergio Mart\u00edn<\/u>; Grupo Aplicaciones de L\u00e1ser y Fot\u00f3nica ALF (Universidad de Salamanca (USAL))<\/li><\/ul><p style=\"text-align: center;\">Coffee break (11:00)<\/p><ul style=\"text-align: justify;\"><li><strong>11:45 h <\/strong>\/\/ Node presentation &#8211; <u>David Viedma, Adam Vall\u00e9s<\/u>; Quantum Atom Optics group QAOS (Universitat Aut\u00f2noma de Barcelona (UAB)<\/li><li><strong>12:10 h <\/strong>\/\/ Structured illumination techniques for spatio-temporal characterization of ultrashort light pulses &#8211; <u>Mitzi Ord\u00f3\u00f1ez<\/u>; Grupo de Investigaci\u00f3n de \u00d3ptica GROC (Universitat Jaume I\u00a0(UJI))<\/li><li><strong>12:25 h <\/strong>\/\/ Node presentation &#8211; <u>\u00c1ngel Paredes, Humberto Michinel, Jos\u00e9 Ram\u00f3n Salgueiro<\/u>; Engineering physics groups (Universidad de Vigo (UVIGO))<\/li><li><strong>12:50 h <\/strong>\/\/ The Dark Side of Ultrafast Optics: Exploring High-Harmonic Generation with dark pulses &#8211; <u>Mario Garc\u00eda<\/u>; Grupo Aplicaciones de L\u00e1ser y Fot\u00f3nica ALF (Universidad de Salamanca (USAL))<\/li><li><strong>13:05 h <\/strong>\/\/ Microscop\u00eda de Generaci\u00f3n de Segundo Arm\u00f3nico en cristales microestructurados con l\u00e1ser de femtosegundo &#8211; <u>Nuria Sevilla<\/u>; Grupo Aplicaciones de L\u00e1ser y Fot\u00f3nica ALF (Universidad de Salamanca (USAL))<\/li><\/ul><p style=\"text-align: center;\">Lunch (13:20)<\/p><ul style=\"text-align: justify;\"><li><strong>15:45 h \/\/ <\/strong>Visit to L2A2 Laboratory<\/li><li><strong>17:30 h \/\/ <\/strong>Node presentation &#8211; <u>Julia Mar\u00edn<\/u>; Grupo de investigaci\u00f3n en luz estructurada de la Universidad de Zaragoza (UNIZAR)<\/li><li><strong>17:55 h \/\/ <\/strong>Two-Photon Polymerization: System and Emerging Applications &#8211; <u>Ana Isabel G\u00f3mez<\/u>; Photonics4Life (Universidad de Santiago de Compostela (USC))<\/li><li><strong>18:10 h \/\/ <\/strong>Quantum advantage of high-dimensional spatial state distribution using custom-made optical fibres &#8211; <u>Javier Fern\u00e1ndez Cano<\/u>; Quantum Atom Optics group QAOS (Universitat Aut\u00f2noma de Barcelona (UAB)<\/li><li><strong>18:25 h \/\/ <\/strong>Free discussion session<\/li><\/ul><p style=\"text-align: center;\">Dinner (21:00)<\/p>\t\t\t\t\t\t\t\t<\/div>\n\t\t\t\t<\/div>\n\t\t\t\t\t<\/div>\n\t\t<\/div>\n\t\t\t\t\t<\/div>\n\t\t<\/section>\n\t\t\t\t<section class=\"elementor-section elementor-top-section elementor-element elementor-element-abc68ba elementor-section-boxed elementor-section-height-default elementor-section-height-default\" data-id=\"abc68ba\" data-element_type=\"section\" data-e-type=\"section\" data-settings=\"{&quot;background_background&quot;:&quot;classic&quot;}\">\n\t\t\t\t\t\t<div class=\"elementor-container elementor-column-gap-default\">\n\t\t\t\t\t<div class=\"elementor-column elementor-col-100 elementor-top-column elementor-element elementor-element-6b0cd6d\" data-id=\"6b0cd6d\" data-element_type=\"column\" data-e-type=\"column\" data-settings=\"{&quot;background_background&quot;:&quot;classic&quot;}\">\n\t\t\t<div class=\"elementor-widget-wrap elementor-element-populated\">\n\t\t\t\t\t\t<div class=\"elementor-element elementor-element-95df76a elementor-widget elementor-widget-text-editor\" data-id=\"95df76a\" data-element_type=\"widget\" data-e-type=\"widget\" data-widget_type=\"text-editor.default\">\n\t\t\t\t<div class=\"elementor-widget-container\">\n\t\t\t\t\t\t\t\t\t<h2 style=\"text-align: center;\"><span style=\"color: #000080;\"><span style=\"text-decoration: underline;\">TUESDAY, January 21 st<\/span><\/span><\/h2>\t\t\t\t\t\t\t\t<\/div>\n\t\t\t\t<\/div>\n\t\t\t\t\t<\/div>\n\t\t<\/div>\n\t\t\t\t\t<\/div>\n\t\t<\/section>\n\t\t\t\t<section class=\"elementor-section elementor-top-section elementor-element elementor-element-a85fe28 elementor-section-boxed elementor-section-height-default elementor-section-height-default\" data-id=\"a85fe28\" data-element_type=\"section\" data-e-type=\"section\">\n\t\t\t\t\t\t<div class=\"elementor-container elementor-column-gap-default\">\n\t\t\t\t\t<div class=\"elementor-column elementor-col-100 elementor-top-column elementor-element elementor-element-eeac537\" data-id=\"eeac537\" data-element_type=\"column\" data-e-type=\"column\">\n\t\t\t<div class=\"elementor-widget-wrap elementor-element-populated\">\n\t\t\t\t\t\t<div class=\"elementor-element elementor-element-b42fe7e elementor-widget elementor-widget-text-editor\" data-id=\"b42fe7e\" data-element_type=\"widget\" data-e-type=\"widget\" data-widget_type=\"text-editor.default\">\n\t\t\t\t<div class=\"elementor-widget-container\">\n\t\t\t\t\t\t\t\t\t<ul><li style=\"text-align: justify;\"><strong>09:30 h<\/strong> \/\/ Node presentation \u2013 <u>Pau Arcos<\/u>; Grupo de Fot\u00f3nica Aplicada \/ Applied Photonics Group (Universidad del Pa\u00eds Vasco (EHU))<\/li><li style=\"text-align: justify;\"><strong>09:55 h<\/strong> \/\/ Towards the development of an optical sensor combining microfluidics and structured laser writing with femtosecond technologies \u2013 <u>Yago Radziunas<\/u>; Photonics4Life (Universidad de Santiago de Compostela (USC))<\/li><li style=\"text-align: justify;\"><strong>10:10 h<\/strong> \/\/ Node presentation \u2013 <u>Albert Ferrando<\/u>; Estructuras fot\u00f3nicas no lineales (Universitat de Val\u00e8ncia (UV))<\/li><li style=\"text-align: justify;\"><strong>10:35 h<\/strong> \/\/ Generation of extreme-ultraviolet spatiotemporal vortices through high harmonic generation \u2013 <u>Rodrigo Mart\u00edn Hern\u00e1ndez<\/u>; Grupo Aplicaciones de L\u00e1ser y Fot\u00f3nica ALF (Universidad de Salamanca (USAL))<\/li><\/ul><p style=\"text-align: center;\">Coffee break (10:50)<\/p><ul style=\"text-align: justify;\"><li><strong>11:30 h<\/strong> \/\/ Node presentation \u2013 <u>Miguel \u00c1ngel Porras<\/u>; Grupo de Sistemas Complejos (Universidad Polit\u00e9cnica de Madrid (UPM))<\/li><li><strong>11:55 h<\/strong> \/\/ Structured High Harmonic Generation: AI-driven Computational Aproach \u2013 <u>Jos\u00e9 Miguel Pablos<\/u>; Grupo Aplicaciones de L\u00e1ser y Fot\u00f3nica ALF (Universidad de Salamanca (USAL))<\/li><li><strong>12:10 h <\/strong>\/\/ Node presentation \u2013 <u>Ignacio L\u00f3pez Quint\u00e1s, Carlos Hern\u00e1ndez Garc\u00eda, \u00cd\u00f1igo Sola, Luis Plaja, Javier Rodr\u00edguez V. de Aldana, Julio San Rom\u00e1n<\/u>; Grupo Aplicaciones de L\u00e1ser y Fot\u00f3nica ALF (Universidad de Salamanca (USAL))<\/li><li><strong>12:35 h <\/strong>\/\/ Network update\/discusi\u00f3n (for node representatives only)<\/li><\/ul><p style=\"text-align: center;\">Lunch (13:30)<\/p>\t\t\t\t\t\t\t\t<\/div>\n\t\t\t\t<\/div>\n\t\t\t\t\t<\/div>\n\t\t<\/div>\n\t\t\t\t\t<\/div>\n\t\t<\/section>\n\t\t\t\t<section class=\"elementor-section elementor-top-section elementor-element elementor-element-27ad3fa elementor-section-boxed elementor-section-height-default elementor-section-height-default\" data-id=\"27ad3fa\" data-element_type=\"section\" data-e-type=\"section\">\n\t\t\t\t\t\t<div class=\"elementor-container elementor-column-gap-default\">\n\t\t\t\t\t<div class=\"elementor-column elementor-col-100 elementor-top-column elementor-element elementor-element-46d438f\" data-id=\"46d438f\" data-element_type=\"column\" data-e-type=\"column\">\n\t\t\t<div class=\"elementor-widget-wrap elementor-element-populated\">\n\t\t\t\t\t\t<div class=\"elementor-element elementor-element-3d20b01 elementor-widget elementor-widget-text-editor\" data-id=\"3d20b01\" data-element_type=\"widget\" data-e-type=\"widget\" data-widget_type=\"text-editor.default\">\n\t\t\t\t<div class=\"elementor-widget-container\">\n\t\t\t\t\t\t\t\t\t<p style=\"text-align: justify;\">The ERC project Attostructura (851201) is pleased to collaborate in the organization of the Network Update Meeting of the Faslight Network by contributing to the funding of some of the event&#8217;s expenses. The organization would also like to express its gratitude to the Institute of Materials of the University of Santiago (iMATUS) for kindly providing its facilities for hosting the meeting.<\/p>\t\t\t\t\t\t\t\t<\/div>\n\t\t\t\t<\/div>\n\t\t\t\t\t<\/div>\n\t\t<\/div>\n\t\t\t\t\t<\/div>\n\t\t<\/section>\n\t\t\t\t<section class=\"elementor-section elementor-top-section elementor-element elementor-element-3fba45d elementor-section-boxed elementor-section-height-default elementor-section-height-default\" data-id=\"3fba45d\" data-element_type=\"section\" data-e-type=\"section\">\n\t\t\t\t\t\t<div class=\"elementor-container elementor-column-gap-default\">\n\t\t\t\t\t<div class=\"elementor-column elementor-col-50 elementor-top-column elementor-element elementor-element-33fc007\" data-id=\"33fc007\" data-element_type=\"column\" data-e-type=\"column\">\n\t\t\t<div class=\"elementor-widget-wrap elementor-element-populated\">\n\t\t\t\t\t\t<div class=\"elementor-element elementor-element-219916b elementor-widget__width-initial elementor-widget elementor-widget-image\" data-id=\"219916b\" data-element_type=\"widget\" data-e-type=\"widget\" data-widget_type=\"image.default\">\n\t\t\t\t<div class=\"elementor-widget-container\">\n\t\t\t\t\t\t\t\t\t\t\t\t\t\t\t<img decoding=\"async\" width=\"300\" height=\"99\" data-src=\"https:\/\/laser.usal.es\/faslight\/wp-content\/uploads\/2025\/01\/Logo-Atto-2-300x99.png\" class=\"attachment-medium size-medium wp-image-7967 lazyload\" alt=\"\" data-srcset=\"https:\/\/laser.usal.es\/faslight\/wp-content\/uploads\/2025\/01\/Logo-Atto-2-300x99.png 300w, https:\/\/laser.usal.es\/faslight\/wp-content\/uploads\/2025\/01\/Logo-Atto-2.png 591w\" data-sizes=\"(max-width: 300px) 100vw, 300px\" src=\"data:image\/svg+xml;base64,PHN2ZyB3aWR0aD0iMSIgaGVpZ2h0PSIxIiB4bWxucz0iaHR0cDovL3d3dy53My5vcmcvMjAwMC9zdmciPjwvc3ZnPg==\" style=\"--smush-placeholder-width: 300px; --smush-placeholder-aspect-ratio: 300\/99;\" \/>\t\t\t\t\t\t\t\t\t\t\t\t\t\t\t<\/div>\n\t\t\t\t<\/div>\n\t\t\t\t<div class=\"elementor-element elementor-element-8992eb1 elementor-widget__width-initial elementor-widget elementor-widget-image\" data-id=\"8992eb1\" data-element_type=\"widget\" data-e-type=\"widget\" data-widget_type=\"image.default\">\n\t\t\t\t<div class=\"elementor-widget-container\">\n\t\t\t\t\t\t\t\t\t\t\t\t\t\t\t<img decoding=\"async\" width=\"300\" height=\"128\" data-src=\"https:\/\/laser.usal.es\/faslight\/wp-content\/uploads\/2025\/01\/ERC-300x128.png\" class=\"attachment-medium size-medium wp-image-7962 lazyload\" alt=\"\" data-srcset=\"https:\/\/laser.usal.es\/faslight\/wp-content\/uploads\/2025\/01\/ERC-300x128.png 300w, https:\/\/laser.usal.es\/faslight\/wp-content\/uploads\/2025\/01\/ERC-1024x437.png 1024w, https:\/\/laser.usal.es\/faslight\/wp-content\/uploads\/2025\/01\/ERC-768x328.png 768w, https:\/\/laser.usal.es\/faslight\/wp-content\/uploads\/2025\/01\/ERC.png 1097w\" data-sizes=\"(max-width: 300px) 100vw, 300px\" src=\"data:image\/svg+xml;base64,PHN2ZyB3aWR0aD0iMSIgaGVpZ2h0PSIxIiB4bWxucz0iaHR0cDovL3d3dy53My5vcmcvMjAwMC9zdmciPjwvc3ZnPg==\" style=\"--smush-placeholder-width: 300px; --smush-placeholder-aspect-ratio: 300\/128;\" \/>\t\t\t\t\t\t\t\t\t\t\t\t\t\t\t<\/div>\n\t\t\t\t<\/div>\n\t\t\t\t<div class=\"elementor-element elementor-element-9f89831 elementor-widget elementor-widget-text-editor\" data-id=\"9f89831\" data-element_type=\"widget\" data-e-type=\"widget\" data-widget_type=\"text-editor.default\">\n\t\t\t\t<div class=\"elementor-widget-container\">\n\t\t\t\t\t\t\t\t\t<p style=\"text-align: justify;\">Attostructura has received funding from the European Research Council (ERC) under the European Union\u2019s Horizon 2020 research and innovation programme (G.A No 851201)<\/p>\t\t\t\t\t\t\t\t<\/div>\n\t\t\t\t<\/div>\n\t\t\t\t\t<\/div>\n\t\t<\/div>\n\t\t\t\t<div class=\"elementor-column elementor-col-50 elementor-top-column elementor-element elementor-element-e79afaa\" data-id=\"e79afaa\" data-element_type=\"column\" data-e-type=\"column\">\n\t\t\t<div class=\"elementor-widget-wrap elementor-element-populated\">\n\t\t\t\t\t\t<div class=\"elementor-element elementor-element-e84dc01 elementor-widget elementor-widget-image\" data-id=\"e84dc01\" data-element_type=\"widget\" data-e-type=\"widget\" data-widget_type=\"image.default\">\n\t\t\t\t<div class=\"elementor-widget-container\">\n\t\t\t\t\t\t\t\t\t\t\t\t\t\t\t<img fetchpriority=\"high\" decoding=\"async\" width=\"498\" height=\"156\" src=\"https:\/\/laser.usal.es\/faslight\/wp-content\/uploads\/2025\/01\/logoiMATUS_negro.png\" class=\"attachment-large size-large wp-image-7960\" alt=\"\" srcset=\"https:\/\/laser.usal.es\/faslight\/wp-content\/uploads\/2025\/01\/logoiMATUS_negro.png 498w, https:\/\/laser.usal.es\/faslight\/wp-content\/uploads\/2025\/01\/logoiMATUS_negro-300x94.png 300w\" sizes=\"(max-width: 498px) 100vw, 498px\" \/>\t\t\t\t\t\t\t\t\t\t\t\t\t\t\t<\/div>\n\t\t\t\t<\/div>\n\t\t\t\t\t<\/div>\n\t\t<\/div>\n\t\t\t\t\t<\/div>\n\t\t<\/section>\n\t\t\t\t<\/div>\n\t\t","protected":false},"excerpt":{"rendered":"<p>The FASLIGHT network update meeting will take place on January 20 and 21, 2025 in Santiago de Compostela (Spain).\u00a0 Below is the preliminary agenda for the meeting. Network update meeting &#8211; Fundamentals and Applications of Structured Light Santiago de Compostela, January 20-21, 2025 Idea:\u00a0Each node will have the opportunity to deliver a longer presentation to<\/p>\n","protected":false},"author":2,"featured_media":0,"parent":7265,"menu_order":0,"comment_status":"closed","ping_status":"closed","template":"elementor_theme","meta":{"_monsterinsights_skip_tracking":false,"_monsterinsights_sitenote_active":false,"_monsterinsights_sitenote_note":"","_monsterinsights_sitenote_category":0,"footnotes":""},"class_list":["post-7943","page","type-page","status-publish","hentry"],"_links":{"self":[{"href":"https:\/\/laser.usal.es\/faslight\/wp-json\/wp\/v2\/pages\/7943","targetHints":{"allow":["GET"]}}],"collection":[{"href":"https:\/\/laser.usal.es\/faslight\/wp-json\/wp\/v2\/pages"}],"about":[{"href":"https:\/\/laser.usal.es\/faslight\/wp-json\/wp\/v2\/types\/page"}],"author":[{"embeddable":true,"href":"https:\/\/laser.usal.es\/faslight\/wp-json\/wp\/v2\/users\/2"}],"replies":[{"embeddable":true,"href":"https:\/\/laser.usal.es\/faslight\/wp-json\/wp\/v2\/comments?post=7943"}],"version-history":[{"count":19,"href":"https:\/\/laser.usal.es\/faslight\/wp-json\/wp\/v2\/pages\/7943\/revisions"}],"predecessor-version":[{"id":7973,"href":"https:\/\/laser.usal.es\/faslight\/wp-json\/wp\/v2\/pages\/7943\/revisions\/7973"}],"up":[{"embeddable":true,"href":"https:\/\/laser.usal.es\/faslight\/wp-json\/wp\/v2\/pages\/7265"}],"wp:attachment":[{"href":"https:\/\/laser.usal.es\/faslight\/wp-json\/wp\/v2\/media?parent=7943"}],"curies":[{"name":"wp","href":"https:\/\/api.w.org\/{rel}","templated":true}]}}