{"id":5886,"date":"2022-01-11T14:04:30","date_gmt":"2022-01-11T13:04:30","guid":{"rendered":"https:\/\/laser.usal.es\/osal\/?page_id=5886"},"modified":"2022-05-12T13:30:05","modified_gmt":"2022-05-12T12:30:05","slug":"actividades","status":"publish","type":"page","link":"https:\/\/laser.usal.es\/osal\/es\/actividades\/","title":{"rendered":"Actividades"},"content":{"rendered":"\t\t<div data-elementor-type=\"wp-page\" data-elementor-id=\"5886\" class=\"elementor elementor-5886\">\n\t\t\t\t\t\t<section class=\"elementor-section elementor-top-section elementor-element elementor-element-7f434d3 elementor-section-boxed elementor-section-height-default elementor-section-height-default\" data-id=\"7f434d3\" data-element_type=\"section\" data-e-type=\"section\">\n\t\t\t\t\t\t<div class=\"elementor-container elementor-column-gap-default\">\n\t\t\t\t\t<div class=\"elementor-column elementor-col-50 elementor-top-column elementor-element elementor-element-ce72e40\" data-id=\"ce72e40\" data-element_type=\"column\" data-e-type=\"column\">\n\t\t\t<div class=\"elementor-widget-wrap elementor-element-populated\">\n\t\t\t\t\t\t<div class=\"elementor-element elementor-element-4964fdf elementor-widget elementor-widget-text-editor\" data-id=\"4964fdf\" data-element_type=\"widget\" data-e-type=\"widget\" data-widget_type=\"text-editor.default\">\n\t\t\t\t<div class=\"elementor-widget-container\">\n\t\t\t\t\t\t\t\t\t<p><span style=\"font-weight: 400;\">Contamos con varios proyectos relacionados con la divulgaci\u00f3n y la formaci\u00f3n de socios, en los que podemos enmarcar nuestras actividades.\u00a0<\/span><\/p><h1><b>Proyectos de divulgaci\u00f3n<\/b><\/h1><h2>Visitas guiadas al laboratorio de \u00d3ptica<\/h2><p><span style=\"font-weight: 400;\">Durante todo el a\u00f1o recibimos visitas destinadas al alumnado de colegios e institutos y al p\u00fablico en general. En ellas realizamos experimentos de F\u00edsica muy visuales relacionados con la luz, adaptados en funci\u00f3n de la audiencia. Los experimentos abarcan campos diversos como el color, la reflexi\u00f3n y la refracci\u00f3n, la formaci\u00f3n de imagen, la fluorescencia y fosforescencia, la holograf\u00eda o la polarizaci\u00f3n. En el caso de las visitas de instituto, la actividad suele ir acompa\u00f1ada de una charla introductoria. Ojea nuestras pesta\u00f1as de <a href=\"https:\/\/laser.usal.es\/osal\/es\/primaria\/\">educaci\u00f3n primaria<\/a> o <a href=\"https:\/\/laser.usal.es\/osal\/es\/secundaria\/\">educaci\u00f3n secundaria<\/a> para m\u00e1s informaci\u00f3n relacionada con colegios o institutos.<\/span><\/p><h2>Salidas a centros educativos<\/h2><p><span style=\"font-weight: 400;\">Nos desplazamos hasta los centros educativos para realizar actividades de divulgaci\u00f3n cient\u00edfica de la F\u00edsica, normalmente centradas en la \u00d3ptica y la luz. Ojea nuestras pesta\u00f1as de <a href=\"https:\/\/laser.usal.es\/osal\/es\/primaria\/\">educaci\u00f3n primaria<\/a> o <a href=\"https:\/\/laser.usal.es\/osal\/es\/secundaria\/\">educaci\u00f3n secundaria<\/a> para m\u00e1s informaci\u00f3n relacionada con colegios o institutos.<\/span><\/p><h2>D\u00eda Internacional de la Luz<\/h2><p><span style=\"font-weight: 400;\">Cada 16 de mayo celebramos el D\u00eda Internacional de la Luz, un evento internacional en conmemoraci\u00f3n de la primera emisi\u00f3n de luz l\u00e1ser, el 16 de mayo de 1960. Con esta iniciativa global se pretende destacar el papel que la luz juega en el mundo actual.<\/span><\/p><p><span style=\"font-weight: 400;\">Visita nuestra <a href=\"https:\/\/laser.usal.es\/osal\/es\/dil\/\">p\u00e1gina de actividades en torno al D\u00eda Internacional de la Luz<\/a>.<\/span><\/p><h2>Visibilidad de las mujeres cient\u00edficas y las desigualdades de g\u00e9nero<\/h2><p><i><span style=\"font-weight: 400;\">Exposici\u00f3n \u201cMujeres Cient\u00edficas\u201d. <\/span><\/i><span style=\"font-weight: 400;\">Con motivo del 11 de Febrero, D\u00eda Internacional de la Mujer y la Ni\u00f1a en Ciencia, en 2017 preparamos una exposici\u00f3n sobre el trabajo de diversas cient\u00edficas a lo largo de la historia que se expuso en la Facultad de Ciencias de la USAL.<\/span><\/p><p><span style=\"font-weight: 400;\">Ver la <a href=\"https:\/\/laser.usal.es\/osal\/es\/actividades\/mujeres-en-ciencia\/\" target=\"_blank\" rel=\"noopener\">exposici\u00f3n \u201cMujeres Cient\u00edficas\u201d<\/a> online<\/span><\/p><h2>Pint of Science: \u201cDe los \u00c1tomos a las Galaxias\u201d<\/h2><p><span style=\"font-weight: 400;\">El <\/span><i><span style=\"font-weight: 400;\">Pint of Science<\/span><\/i><span style=\"font-weight: 400;\"> es un evento internacional que trata de conectar la sociedad con la ciencia a trav\u00e9s de charlas de divulgaci\u00f3n cient\u00edfica en los bares. Desde el 2017 organizamos la secci\u00f3n \u201cDe los \u00c1tomos a las Galaxias\u201d en Salamanca.\u00a0<\/span><\/p><h2>Charlas de divulgaci\u00f3n cient\u00edfica<\/h2><p><span style=\"font-weight: 400;\">Puntualmente organizamos charlas de divulgaci\u00f3n cient\u00edfica impartidas por alguno de nuestros socios o por alguna ponencia invitada. En el 2021 organizamos el ciclo de conferencias online \u201c<a href=\"https:\/\/www.youtube.com\/playlist?list=PLOTu8aisJw3SQo-Syv1DRiHRJldY91D9c\" target=\"_blank\" rel=\"noopener\">\u00c9rase un Nobel<\/a>\u201d en colaboraci\u00f3n con otras asociaciones universitarias.<\/span><\/p><h2>Ferias de Bienvenida<\/h2><p><span style=\"font-weight: 400;\">En los meses de septiembre y octubre participamos en algunas ferias de bienvenida para darnos a conocer en la ciudad, y en particular entre la comunidad universitaria.<\/span><\/p><h2>Videos de divulgaci\u00f3n cient\u00edfica<\/h2><p><span style=\"font-weight: 400;\">Desde el origen del <a href=\"https:\/\/www.youtube.com\/OsalStudentChapter\" target=\"_blank\" rel=\"noopener\">canal de Youtube OSAL Student Chapter<\/a> en el a\u00f1o 2016, hemos creado contenido audiovisual sobre diversas caracter\u00edsticas de la luz y fen\u00f3menos relacionados con ella: reflexi\u00f3n y refracci\u00f3n, interferencias, difracci\u00f3n, holograf\u00eda, polarizaci\u00f3n, el espectro electromagn\u00e9tico y sus regiones, la percepci\u00f3n del color o las caracter\u00edsticas de la luz l\u00e1ser. \u00a1Visita nuestro canal de Youtube y la secci\u00f3n de v\u00eddeos de esta web!\u00a0<\/span><\/p><h2>Divulgaci\u00f3n a trav\u00e9s de las redes sociales<\/h2><p><span style=\"font-weight: 400;\">Creamos contenido en redes (<a href=\"https:\/\/twitter.com\/OsalChapter\/\" target=\"_blank\" rel=\"noopener\">Twitter<\/a>, <a href=\"https:\/\/www.instagram.com\/osalstudentchapter\/\" target=\"_blank\" rel=\"noopener\">Instagram<\/a> y <a href=\"https:\/\/www.facebook.com\/OsalStudentChapter\/\" target=\"_blank\" rel=\"noopener\">Facebook<\/a>) utilizando im\u00e1genes llamativas o encuestas para divulgar directamente fen\u00f3menos y conceptos de la \u00f3ptica.\u00a0<\/span><\/p><h2>Libro \u201cEl l\u00e1ser, la luz de nuestro tiempo\u201d<\/h2><p><span style=\"font-weight: 400;\">Este libro de acceso abierto fue publicado en el 2010 para intentar acercar al p\u00fablico general una de las herramientas m\u00e1s fundamentales de nuestra \u00e9poca, con rigor cient\u00edfico y un lenguaje accesible.<\/span><\/p><p><a href=\"https:\/\/laser.usal.es\/alf\/wp-content\/uploads\/2012\/11\/El_laser.pdf\" target=\"_blank\" rel=\"noopener\">Descargar \u201cEl l\u00e1ser, la luz de nuestro tiempo\u201d<\/a><\/p><h2>Eventos de divulgaci\u00f3n en conferencias cient\u00edficas<\/h2><h3><em>Quantum Latino 2021<\/em><\/h3><p><span style=\"font-weight: 400;\">Organizamos una actividad de divulgaci\u00f3n en remoto con colegios de Espa\u00f1a e Iberoam\u00e9rica durante la conferencia\u00a0<\/span><a href=\"https:\/\/quantum-latino.com\/\" target=\"_blank\" rel=\"noopener\">Quantum Latino<\/a><span style=\"font-weight: 400;\">\u00a0sobre Ciencia y Tecnolog\u00eda de la Informaci\u00f3n Cu\u00e1ntica, celebrada del 8-10 de junio de 2021.<\/span><\/p><h1><b>Proyectos de formaci\u00f3n de socios y eventos sociales<\/b><\/h1><h2><em>OpSesiones<span style=\"font-weight: 400;\">\u00a0<\/span><\/em><\/h2><p><span style=\"font-weight: 400;\">Se trata de seminarios sobre alg\u00fan tema de investigaci\u00f3n actual en \u00d3ptica organizados en colaboraci\u00f3n con el grupo de investigaci\u00f3n en Aplicaciones del L\u00e1ser y Fot\u00f3nica (ALF-USAL).<\/span><\/p><h2>Organizaci\u00f3n de eventos cient\u00edficos<\/h2><h3><em>IONS-9 Salamanca<\/em><\/h3><p><span style=\"font-weight: 400;\">\u00a0El encuentro de Chapters internacional\u00a0<\/span><a href=\"https:\/\/www.facebook.com\/IONS-9-Salamanca-110688552328843\/\" target=\"_blank\" rel=\"noopener\">IONS-9 Salamanca<\/a><span style=\"font-weight: 400;\">\u00a0celebrado del 7 al 9 de abril de 2011 fue el IONS (<\/span><a href=\"https:\/\/www.optica.org\/\/en-us\/get_involved\/students\/ions\/ions_es\/\" target=\"_blank\" rel=\"noopener\">International OSA Network of Students<\/a><span style=\"font-weight: 400;\">) de Europa con mayor audiencia hasta entonces.\u00a0<\/span><\/p><h3><em>I Workshop de Student Chapters de \u00d3ptica en Espa\u00f1a<\/em><\/h3><p><span style=\"font-weight: 400;\">En colaboraci\u00f3n con otros chapters espa\u00f1oles, organizamos el 1er Workshop de Student Chapters de \u00d3ptica en Espa\u00f1a, celebrado el 20 de mayo de 2021 en un formato virtual.<\/span><\/p><h2>Participaci\u00f3n en congresos y conferencias cient\u00edficas<\/h2><h3><em>Reuni\u00f3n Nacional de \u00d3ptica 2021<\/em><\/h3><p><span style=\"font-weight: 400;\">Presentamos el p\u00f3ster \u201cDivulgaci\u00f3n de la \u00f3ptica en tiempos de pandemia: actividades online realizadas por la OSAL student chapter\u201d en la Reuni\u00f3n Nacional de \u00d3ptica celebrada del 22 al 24 de noviembre de 2021<\/span><\/p><p><span style=\"font-weight: 400;\"><a href=\"https:\/\/www.researchgate.net\/publication\/358351632_Divulgacion_de_la_optica_en_tiempos_de_pandemia_actividades_online_realizadas_por_la_OSAL_student_chapter\" target=\"_blank\" rel=\"noopener\">Ver P\u00f3ster<\/a>\u00a0 \u00a0|\u00a0\u00a0<\/span><a style=\"font-family: var( --e-global-typography-text-font-family ), Sans-serif; font-weight: var( --e-global-typography-text-font-weight ); background-color: #ffffff;\" href=\"https:\/\/www.researchgate.net\/publication\/358240751_Divulgacion_de_la_optica_en_tiempos_de_pandemia_actividades_online_realizadas_por_la_OSAL_student_chapter\" target=\"_blank\" rel=\"noopener\">Ver Resumen<\/a><\/p><h3><em>I Workshop Mujeres en \u00d3ptica y Fot\u00f3nica 2019<\/em><\/h3><p><span style=\"font-weight: 400;\">Participamos en este evento organizado por el \u00c1rea de la Mujer de la Sociedad Espa\u00f1ola de \u00d3ptica (<\/span><a href=\"https:\/\/areamujersedoptica.wordpress.com\/\" target=\"_blank\" rel=\"noopener\">SEDOPTICA-MOF<\/a><span style=\"font-weight: 400;\">) en septiembre de 2019 como un punto de encuentro de mujeres en la comunidad de \u00d3ptica y Fot\u00f3nica en Espa\u00f1a.<\/span><\/p><h2>Tardes de L\u00e1ser Khet<\/h2><p><span style=\"font-weight: 400;\">El Khet es un juego de estrategia similar al ajedrez en el que se utilizan punteros l\u00e1ser. Algunas tardes organizamos este evento social en el Caf\u00e9-Bar Puccini, y en particular, el Torneo de Khet de San Alberto, con motivo de la festividad de la Facultad de Ciencias, se ha convertido en uno de los acontecimientos tradicionales de nuestra asociaci\u00f3n. Visita nuestra p\u00e1gina sobre <a href=\"https:\/\/laser.usal.es\/osal\/es\/khet\/\">L\u00e1ser Khet<\/a> para m\u00e1s informaci\u00f3n.<\/span><\/p>\t\t\t\t\t\t\t\t<\/div>\n\t\t\t\t<\/div>\n\t\t\t\t\t<\/div>\n\t\t<\/div>\n\t\t\t\t<div class=\"elementor-column elementor-col-50 elementor-top-column elementor-element elementor-element-34ca016\" data-id=\"34ca016\" data-element_type=\"column\" data-e-type=\"column\">\n\t\t\t<div class=\"elementor-widget-wrap elementor-element-populated\">\n\t\t\t\t\t\t<div class=\"elementor-element elementor-element-53c6c65 elementor-widget elementor-widget-spacer\" data-id=\"53c6c65\" data-element_type=\"widget\" data-e-type=\"widget\" data-widget_type=\"spacer.default\">\n\t\t\t\t<div class=\"elementor-widget-container\">\n\t\t\t\t\t\t\t<div class=\"elementor-spacer\">\n\t\t\t<div class=\"elementor-spacer-inner\"><\/div>\n\t\t<\/div>\n\t\t\t\t\t\t<\/div>\n\t\t\t\t<\/div>\n\t\t\t\t<div class=\"elementor-element elementor-element-e0a7990 elementor-widget elementor-widget-image\" data-id=\"e0a7990\" data-element_type=\"widget\" data-e-type=\"widget\" data-widget_type=\"image.default\">\n\t\t\t\t<div class=\"elementor-widget-container\">\n\t\t\t\t\t\t\t\t\t\t\t\t\t\t\t<img fetchpriority=\"high\" decoding=\"async\" width=\"1024\" height=\"683\" src=\"https:\/\/laser.usal.es\/osal\/wp-content\/uploads\/2022\/01\/DSC_5539-1024x683.jpg\" class=\"attachment-large size-large wp-image-6169\" alt=\"\" srcset=\"https:\/\/laser.usal.es\/osal\/wp-content\/uploads\/2022\/01\/DSC_5539-1024x683.jpg 1024w, https:\/\/laser.usal.es\/osal\/wp-content\/uploads\/2022\/01\/DSC_5539-300x200.jpg 300w, https:\/\/laser.usal.es\/osal\/wp-content\/uploads\/2022\/01\/DSC_5539-768x512.jpg 768w, https:\/\/laser.usal.es\/osal\/wp-content\/uploads\/2022\/01\/DSC_5539-1536x1024.jpg 1536w, https:\/\/laser.usal.es\/osal\/wp-content\/uploads\/2022\/01\/DSC_5539-2048x1365.jpg 2048w, https:\/\/laser.usal.es\/osal\/wp-content\/uploads\/2022\/01\/DSC_5539-600x400.jpg 600w\" sizes=\"(max-width: 1024px) 100vw, 1024px\" \/>\t\t\t\t\t\t\t\t\t\t\t\t\t\t\t<\/div>\n\t\t\t\t<\/div>\n\t\t\t\t<div class=\"elementor-element elementor-element-f01b2a8 elementor-widget elementor-widget-image\" data-id=\"f01b2a8\" data-element_type=\"widget\" data-e-type=\"widget\" data-widget_type=\"image.default\">\n\t\t\t\t<div class=\"elementor-widget-container\">\n\t\t\t\t\t\t\t\t\t\t\t\t\t\t\t<img decoding=\"async\" width=\"1024\" height=\"683\" data-src=\"https:\/\/laser.usal.es\/osal\/wp-content\/uploads\/2022\/01\/DSC_0329-1024x683.jpg\" class=\"attachment-large size-large wp-image-6152 lazyload\" alt=\"\" data-srcset=\"https:\/\/laser.usal.es\/osal\/wp-content\/uploads\/2022\/01\/DSC_0329-1024x683.jpg 1024w, https:\/\/laser.usal.es\/osal\/wp-content\/uploads\/2022\/01\/DSC_0329-300x200.jpg 300w, https:\/\/laser.usal.es\/osal\/wp-content\/uploads\/2022\/01\/DSC_0329-768x512.jpg 768w, https:\/\/laser.usal.es\/osal\/wp-content\/uploads\/2022\/01\/DSC_0329-1536x1024.jpg 1536w, https:\/\/laser.usal.es\/osal\/wp-content\/uploads\/2022\/01\/DSC_0329-2048x1365.jpg 2048w, https:\/\/laser.usal.es\/osal\/wp-content\/uploads\/2022\/01\/DSC_0329-600x400.jpg 600w\" data-sizes=\"(max-width: 1024px) 100vw, 1024px\" src=\"data:image\/svg+xml;base64,PHN2ZyB3aWR0aD0iMSIgaGVpZ2h0PSIxIiB4bWxucz0iaHR0cDovL3d3dy53My5vcmcvMjAwMC9zdmciPjwvc3ZnPg==\" style=\"--smush-placeholder-width: 1024px; --smush-placeholder-aspect-ratio: 1024\/683;\" \/>\t\t\t\t\t\t\t\t\t\t\t\t\t\t\t<\/div>\n\t\t\t\t<\/div>\n\t\t\t\t<div class=\"elementor-element elementor-element-cfae65b elementor-widget elementor-widget-image\" data-id=\"cfae65b\" data-element_type=\"widget\" data-e-type=\"widget\" data-widget_type=\"image.default\">\n\t\t\t\t<div class=\"elementor-widget-container\">\n\t\t\t\t\t\t\t\t\t\t\t\t\t\t\t<img decoding=\"async\" width=\"600\" height=\"400\" data-src=\"https:\/\/laser.usal.es\/osal\/wp-content\/uploads\/2022\/02\/Fosforescence-600x400.jpg\" class=\"attachment-related-post-image size-related-post-image wp-image-6527 lazyload\" alt=\"\" src=\"data:image\/svg+xml;base64,PHN2ZyB3aWR0aD0iMSIgaGVpZ2h0PSIxIiB4bWxucz0iaHR0cDovL3d3dy53My5vcmcvMjAwMC9zdmciPjwvc3ZnPg==\" style=\"--smush-placeholder-width: 600px; --smush-placeholder-aspect-ratio: 600\/400;\" \/>\t\t\t\t\t\t\t\t\t\t\t\t\t\t\t<\/div>\n\t\t\t\t<\/div>\n\t\t\t\t\t<\/div>\n\t\t<\/div>\n\t\t\t\t\t<\/div>\n\t\t<\/section>\n\t\t\t\t<\/div>\n\t\t\n<div class=\"twitter-share\"><a href=\"https:\/\/twitter.com\/intent\/tweet?via=OsalChapter\" class=\"twitter-share-button\">Twittear<\/a><\/div>\n","protected":false},"excerpt":{"rendered":"<p>Contamos con varios proyectos relacionados con la divulgaci\u00f3n y la formaci\u00f3n de socios, en los que podemos enmarcar nuestras actividades.\u00a0 Proyectos de divulgaci\u00f3n Visitas guiadas al laboratorio de \u00d3ptica Durante todo el a\u00f1o recibimos visitas destinadas al alumnado de colegios e institutos y al p\u00fablico en general. En ellas realizamos experimentos de F\u00edsica muy visuales<\/p>\n","protected":false},"author":1,"featured_media":0,"parent":0,"menu_order":0,"comment_status":"closed","ping_status":"closed","template":"","meta":{"_monsterinsights_skip_tracking":false,"_monsterinsights_sitenote_active":false,"_monsterinsights_sitenote_note":"","_monsterinsights_sitenote_category":0,"footnotes":""},"class_list":["post-5886","page","type-page","status-publish","hentry"],"_links":{"self":[{"href":"https:\/\/laser.usal.es\/osal\/wp-json\/wp\/v2\/pages\/5886","targetHints":{"allow":["GET"]}}],"collection":[{"href":"https:\/\/laser.usal.es\/osal\/wp-json\/wp\/v2\/pages"}],"about":[{"href":"https:\/\/laser.usal.es\/osal\/wp-json\/wp\/v2\/types\/page"}],"author":[{"embeddable":true,"href":"https:\/\/laser.usal.es\/osal\/wp-json\/wp\/v2\/users\/1"}],"replies":[{"embeddable":true,"href":"https:\/\/laser.usal.es\/osal\/wp-json\/wp\/v2\/comments?post=5886"}],"version-history":[{"count":127,"href":"https:\/\/laser.usal.es\/osal\/wp-json\/wp\/v2\/pages\/5886\/revisions"}],"predecessor-version":[{"id":7165,"href":"https:\/\/laser.usal.es\/osal\/wp-json\/wp\/v2\/pages\/5886\/revisions\/7165"}],"wp:attachment":[{"href":"https:\/\/laser.usal.es\/osal\/wp-json\/wp\/v2\/media?parent=5886"}],"curies":[{"name":"wp","href":"https:\/\/api.w.org\/{rel}","templated":true}]}}