{"id":5983,"date":"2022-01-12T21:22:10","date_gmt":"2022-01-12T20:22:10","guid":{"rendered":"https:\/\/laser.usal.es\/osal\/?page_id=5983"},"modified":"2022-11-19T15:04:22","modified_gmt":"2022-11-19T14:04:22","slug":"primaria","status":"publish","type":"page","link":"https:\/\/laser.usal.es\/osal\/es\/actividades\/primaria\/","title":{"rendered":"Educaci\u00f3n Primaria"},"content":{"rendered":"\t\t<div data-elementor-type=\"wp-page\" data-elementor-id=\"5983\" class=\"elementor elementor-5983\">\n\t\t\t\t\t\t<section class=\"elementor-section elementor-top-section elementor-element elementor-element-961f289 elementor-section-boxed elementor-section-height-default elementor-section-height-default\" data-id=\"961f289\" data-element_type=\"section\" data-e-type=\"section\">\n\t\t\t\t\t\t<div class=\"elementor-container elementor-column-gap-default\">\n\t\t\t\t\t<div class=\"elementor-column elementor-col-100 elementor-top-column elementor-element elementor-element-da8e138\" data-id=\"da8e138\" data-element_type=\"column\" data-e-type=\"column\">\n\t\t\t<div class=\"elementor-widget-wrap elementor-element-populated\">\n\t\t\t\t\t\t<div class=\"elementor-element elementor-element-4f57b11 elementor-widget elementor-widget-eael-image-accordion\" data-id=\"4f57b11\" data-element_type=\"widget\" data-e-type=\"widget\" data-widget_type=\"eael-image-accordion.default\">\n\t\t\t\t<div class=\"elementor-widget-container\">\n\t\t\t\t\t    <div class=\"eael-img-accordion accordion-direction-horizontal eael-img-accordion-horizontal-align-center eael-img-accordion-vertical-align-center\" id=\"eael-img-accordion-4f57b11\" data-img-accordion-id=\"4f57b11\" data-img-accordion-type=\"on-hover\">\n                    \n            <div class=\"eael-image-accordion-hover eael-image-accordion-item lazyload\" style=\"background-image:inherit;\"  tabindex=\"0\" data-bg-image=\"url(https:\/\/laser.usal.es\/osal\/wp-content\/uploads\/2022\/01\/15022018-_DSC0301-scaled.jpg)\">\n                <div class=\"overlay\">\n                                        <div class=\"overlay-inner \">\n                                            <\/div>\n                <\/div>\n            <\/div>\n                    \n            <div class=\"eael-image-accordion-hover eael-image-accordion-item lazyload\" style=\"background-image:inherit;\"  tabindex=\"0\" data-bg-image=\"url(https:\/\/laser.usal.es\/osal\/wp-content\/uploads\/2022\/01\/DSC_5539-scaled.jpg)\">\n                <div class=\"overlay\">\n                                        <div class=\"overlay-inner \">\n                                            <\/div>\n                <\/div>\n            <\/div>\n                    \n            <div class=\"eael-image-accordion-hover eael-image-accordion-item lazyload\" style=\"background-image:inherit;\"  tabindex=\"0\" data-bg-image=\"url(https:\/\/laser.usal.es\/osal\/wp-content\/uploads\/2022\/01\/16052018-DSC_1661-scaled.jpg)\">\n                <div class=\"overlay\">\n                                        <div class=\"overlay-inner \">\n                                            <\/div>\n                <\/div>\n            <\/div>\n                <\/div>\n        <style typr=\"text\/css\">\n                    #eael-img-accordion-4f57b11 .eael-image-accordion-hover:hover {\n                        flex: 3 1 0% !important;\n                    }\n                    #eael-img-accordion-4f57b11 .eael-image-accordion-hover:hover:hover .overlay-inner * {\n                        opacity: 1;\n                        visibility: visible;\n                        transform: none;\n                        transition: all .3s .3s;\n                    }\n                <\/style>\t\t\t\t<\/div>\n\t\t\t\t<\/div>\n\t\t\t\t<div class=\"elementor-element elementor-element-a1faf83 elementor-widget elementor-widget-text-editor\" data-id=\"a1faf83\" data-element_type=\"widget\" data-e-type=\"widget\" data-widget_type=\"text-editor.default\">\n\t\t\t\t<div class=\"elementor-widget-container\">\n\t\t\t\t\t\t\t\t\t<p>Nuestro programa <i>\u201cLuces de futuro\u201d<\/i> est\u00e1 dedicado a<b> alumnado de 5\u00ba y 6\u00ba de educaci\u00f3n primaria<\/b>. Consiste en realizar diversos experimentos sencillos relacionados con la luz y el color. El objetivo es acercar conceptos b\u00e1sicos de la F\u00edsica y en concreto de la \u00d3ptica al alumnado. La actividad consta de experiencias interactivas donde introducimos conceptos como el color y su percepci\u00f3n, fluorescencia y fosforescencia, refracci\u00f3n y lentes, de una manera muy vistosa, adecuada al nivel del alumnado, y buscando sobre todo que disfruten con la experiencia. La actividad es realizada por estudiantes de la Facultad de Ciencias de grado, m\u00e1ster y doctorado, miembros de nuestra asociaci\u00f3n.<\/p><p>La <b>duraci\u00f3n aproximada de la actividad es de una hora u hora y media<\/b> (a concretar). La actividad puede realizarse en el\u00a0 <b>Edificio Triling\u00fce de la Facultad de Ciencias (Modalidad A) o en el centro educativo (Modalidad B)<\/b>. En el caso de realizarse en el centro, necesitaremos un espacio en el que se pueda conseguir oscuridad total. Para una mayor interacci\u00f3n con los experimentos,<b> el n\u00famero m\u00e1ximo de alumnos es de 25<\/b>, que dividimos en grupos reducidos de 4-6 alumnos\/as.\u00a0<\/p><h2><strong>Formulario de solicitud de la actividad de primaria<\/strong><\/h2><p>Rellena el siguiente formulario para solicitar una charla y nosotros nos pondremos en contacto. Cuantas m\u00e1s amplias sean las posibilidades de las fechas propuestas (por ejemplo, horario de ma\u00f1ana y de tarde, distintos d\u00edas de la semana, distintos meses, etc.), habr\u00e1 m\u00e1s opciones de que se pueda llevar a cabo la actividad. Nuestra disponibilidad est\u00e1 condicionada por la disponibilidad de espacios en la facultad (para hacerlo en el edificio Triling\u00fce) o las opciones de transporte (para hacerlo en el Centro), as\u00ed como por la disponibilidad de nuestros socios voluntarios, que tienen que compatibilizarlo con sus estudios en la USAL.<\/p><p>\u00a0<\/p>\t\t\t\t\t\t\t\t<\/div>\n\t\t\t\t<\/div>\n\t\t\t\t<div class=\"elementor-element elementor-element-c0b4628 elementor-widget elementor-widget-heading\" data-id=\"c0b4628\" data-element_type=\"widget\" data-e-type=\"widget\" data-widget_type=\"heading.default\">\n\t\t\t\t<div class=\"elementor-widget-container\">\n\t\t\t\t\t<h2 class=\"elementor-heading-title elementor-size-default\">SOLICITAR ACTIVIDAD<\/h2>\t\t\t\t<\/div>\n\t\t\t\t<\/div>\n\t\t\t\t<div class=\"elementor-element elementor-element-3bc4a58 elementor-widget elementor-widget-shortcode\" data-id=\"3bc4a58\" data-element_type=\"widget\" data-e-type=\"widget\" data-widget_type=\"shortcode.default\">\n\t\t\t\t<div class=\"elementor-widget-container\">\n\t\t\t\t\t\t\t<div class=\"elementor-shortcode\">\n<div class=\"wpcf7 no-js\" id=\"wpcf7-f6308-o1\" lang=\"es-ES\" dir=\"ltr\" data-wpcf7-id=\"6308\">\n<div class=\"screen-reader-response\"><p role=\"status\" aria-live=\"polite\" aria-atomic=\"true\"><\/p> <ul><\/ul><\/div>\n<form action=\"\/osal\/wp-json\/wp\/v2\/pages\/5983#wpcf7-f6308-o1\" method=\"post\" class=\"wpcf7-form init\" aria-label=\"Formulario de contacto\" novalidate=\"novalidate\" data-status=\"init\">\n<fieldset class=\"hidden-fields-container\"><input type=\"hidden\" name=\"_wpcf7\" value=\"6308\" \/><input type=\"hidden\" name=\"_wpcf7_version\" value=\"6.1.5\" \/><input type=\"hidden\" name=\"_wpcf7_locale\" value=\"es_ES\" \/><input type=\"hidden\" name=\"_wpcf7_unit_tag\" value=\"wpcf7-f6308-o1\" \/><input type=\"hidden\" name=\"_wpcf7_container_post\" value=\"0\" \/><input type=\"hidden\" name=\"_wpcf7_posted_data_hash\" value=\"\" \/>\n<\/fieldset>\n<p><label> Tu nombre completo<br \/>\n<span class=\"wpcf7-form-control-wrap\" data-name=\"your-name\"><input size=\"40\" maxlength=\"400\" class=\"wpcf7-form-control wpcf7-text wpcf7-validates-as-required\" aria-required=\"true\" aria-invalid=\"false\" value=\"\" type=\"text\" name=\"your-name\" \/><\/span> <\/label>\n<\/p>\n<p><label> Tu correo electr\u00f3nico<br \/>\n<span class=\"wpcf7-form-control-wrap\" data-name=\"your-email\"><input size=\"40\" maxlength=\"400\" class=\"wpcf7-form-control wpcf7-email wpcf7-validates-as-required wpcf7-text wpcf7-validates-as-email\" aria-required=\"true\" aria-invalid=\"false\" value=\"\" type=\"email\" name=\"your-email\" \/><\/span> <\/label>\n<\/p>\n<p><label> Centro educativo<br \/>\n<span class=\"wpcf7-form-control-wrap\" data-name=\"your-institution\"><input size=\"40\" maxlength=\"400\" class=\"wpcf7-form-control wpcf7-text wpcf7-validates-as-required\" aria-required=\"true\" aria-invalid=\"false\" value=\"\" type=\"text\" name=\"your-institution\" \/><\/span> <\/label>\n<\/p>\n<p><label> Direcci\u00f3n postal del centro<br \/>\n<span class=\"wpcf7-form-control-wrap\" data-name=\"your-address\"><input size=\"40\" maxlength=\"400\" class=\"wpcf7-form-control wpcf7-text wpcf7-validates-as-required\" aria-required=\"true\" aria-invalid=\"false\" value=\"\" type=\"text\" name=\"your-address\" \/><\/span> <\/label>\n<\/p>\n<p><label> Poblaci\u00f3n<br \/>\n<span class=\"wpcf7-form-control-wrap\" data-name=\"your-town\"><input size=\"40\" maxlength=\"400\" class=\"wpcf7-form-control wpcf7-text wpcf7-validates-as-required\" aria-required=\"true\" aria-invalid=\"false\" value=\"\" type=\"text\" name=\"your-town\" \/><\/span> <\/label>\n<\/p>\n<p><label> Tel\u00e9fono del centro<br \/>\n<span class=\"wpcf7-form-control-wrap\" data-name=\"tel-phone\"><input size=\"40\" maxlength=\"400\" class=\"wpcf7-form-control wpcf7-tel wpcf7-validates-as-required wpcf7-text wpcf7-validates-as-tel\" aria-required=\"true\" aria-invalid=\"false\" value=\"\" type=\"tel\" name=\"tel-phone\" \/><\/span> <\/label>\n<\/p>\n<p><label> Modalidad de la actividad <\/label><br \/>\n<span class=\"wpcf7-form-control-wrap\" data-name=\"checkbox-906\"><span class=\"wpcf7-form-control wpcf7-checkbox wpcf7-exclusive-checkbox\"><span class=\"wpcf7-list-item first\"><input type=\"checkbox\" name=\"checkbox-906\" value=\"Modalidad A\" \/><span class=\"wpcf7-list-item-label\">Modalidad A<\/span><\/span><span class=\"wpcf7-list-item last\"><input type=\"checkbox\" name=\"checkbox-906\" value=\"Modalidad B\" \/><span class=\"wpcf7-list-item-label\">Modalidad B<\/span><\/span><\/span><\/span>\n<\/p>\n<p><label> Fechas propuestas<br \/>\n<span class=\"wpcf7-form-control-wrap\" data-name=\"textarea-date\"><textarea cols=\"40\" rows=\"10\" maxlength=\"2000\" class=\"wpcf7-form-control wpcf7-textarea wpcf7-validates-as-required\" aria-required=\"true\" aria-invalid=\"false\" name=\"textarea-date\"><\/textarea><\/span><\/label>\n<\/p>\n<p><label> Nivel educativo<br \/>\n<span class=\"wpcf7-form-control-wrap\" data-name=\"your-level\"><input size=\"40\" maxlength=\"400\" class=\"wpcf7-form-control wpcf7-text wpcf7-validates-as-required\" aria-required=\"true\" aria-invalid=\"false\" value=\"\" type=\"text\" name=\"your-level\" \/><\/span> <\/label>\n<\/p>\n<p><label> N\u00famero de estudiantes<br \/>\n<span class=\"wpcf7-form-control-wrap\" data-name=\"number-students\"><input class=\"wpcf7-form-control wpcf7-number wpcf7-validates-as-required wpcf7-validates-as-number\" min=\"0\" max=\"30\" aria-required=\"true\" aria-invalid=\"false\" value=\"\" type=\"number\" name=\"number-students\" \/><\/span> <\/label>\n<\/p>\n<p><label> Informaci\u00f3n adicional<br \/>\n<span class=\"wpcf7-form-control-wrap\" data-name=\"textarea-info\"><textarea cols=\"40\" rows=\"10\" maxlength=\"2000\" class=\"wpcf7-form-control wpcf7-textarea\" aria-invalid=\"false\" name=\"textarea-info\"><\/textarea><\/span> <\/label>\n<\/p>\n<p><input class=\"wpcf7-form-control wpcf7-submit has-spinner\" type=\"submit\" value=\"Enviar\" \/>\n<\/p><div class=\"wpcf7-response-output\" aria-hidden=\"true\"><\/div>\n<\/form>\n<\/div>\n<\/div>\n\t\t\t\t\t\t<\/div>\n\t\t\t\t<\/div>\n\t\t\t\t\t<\/div>\n\t\t<\/div>\n\t\t\t\t\t<\/div>\n\t\t<\/section>\n\t\t\t\t<\/div>\n\t\t\n<div class=\"twitter-share\"><a href=\"https:\/\/twitter.com\/intent\/tweet?via=OsalChapter\" class=\"twitter-share-button\">Twittear<\/a><\/div>\n","protected":false},"excerpt":{"rendered":"<p>Nuestro programa \u201cLuces de futuro\u201d est\u00e1 dedicado a alumnado de 5\u00ba y 6\u00ba de educaci\u00f3n primaria. Consiste en realizar diversos experimentos sencillos relacionados con la luz y el color. El objetivo es acercar conceptos b\u00e1sicos de la F\u00edsica y en concreto de la \u00d3ptica al alumnado. La actividad consta de experiencias interactivas donde introducimos conceptos<\/p>\n","protected":false},"author":1,"featured_media":0,"parent":5886,"menu_order":0,"comment_status":"closed","ping_status":"closed","template":"","meta":{"_monsterinsights_skip_tracking":false,"_monsterinsights_sitenote_active":false,"_monsterinsights_sitenote_note":"","_monsterinsights_sitenote_category":0,"footnotes":""},"class_list":["post-5983","page","type-page","status-publish","hentry"],"_links":{"self":[{"href":"https:\/\/laser.usal.es\/osal\/wp-json\/wp\/v2\/pages\/5983","targetHints":{"allow":["GET"]}}],"collection":[{"href":"https:\/\/laser.usal.es\/osal\/wp-json\/wp\/v2\/pages"}],"about":[{"href":"https:\/\/laser.usal.es\/osal\/wp-json\/wp\/v2\/types\/page"}],"author":[{"embeddable":true,"href":"https:\/\/laser.usal.es\/osal\/wp-json\/wp\/v2\/users\/1"}],"replies":[{"embeddable":true,"href":"https:\/\/laser.usal.es\/osal\/wp-json\/wp\/v2\/comments?post=5983"}],"version-history":[{"count":19,"href":"https:\/\/laser.usal.es\/osal\/wp-json\/wp\/v2\/pages\/5983\/revisions"}],"predecessor-version":[{"id":7250,"href":"https:\/\/laser.usal.es\/osal\/wp-json\/wp\/v2\/pages\/5983\/revisions\/7250"}],"up":[{"embeddable":true,"href":"https:\/\/laser.usal.es\/osal\/wp-json\/wp\/v2\/pages\/5886"}],"wp:attachment":[{"href":"https:\/\/laser.usal.es\/osal\/wp-json\/wp\/v2\/media?parent=5983"}],"curies":[{"name":"wp","href":"https:\/\/api.w.org\/{rel}","templated":true}]}}