{"id":5989,"date":"2022-01-12T21:23:46","date_gmt":"2022-01-12T20:23:46","guid":{"rendered":"https:\/\/laser.usal.es\/osal\/?page_id=5989"},"modified":"2022-02-08T00:22:47","modified_gmt":"2022-02-07T23:22:47","slug":"khet","status":"publish","type":"page","link":"https:\/\/laser.usal.es\/osal\/es\/actividades\/khet\/","title":{"rendered":"L\u00e1ser Khet"},"content":{"rendered":"\t\t<div data-elementor-type=\"wp-page\" data-elementor-id=\"5989\" class=\"elementor elementor-5989\">\n\t\t\t\t\t\t<section class=\"elementor-section elementor-top-section elementor-element elementor-element-e9ca355 elementor-section-boxed elementor-section-height-default elementor-section-height-default\" data-id=\"e9ca355\" data-element_type=\"section\" data-e-type=\"section\">\n\t\t\t\t\t\t<div class=\"elementor-container elementor-column-gap-default\">\n\t\t\t\t\t<div class=\"elementor-column elementor-col-100 elementor-top-column elementor-element elementor-element-7ca42c6\" data-id=\"7ca42c6\" data-element_type=\"column\" data-e-type=\"column\">\n\t\t\t<div class=\"elementor-widget-wrap elementor-element-populated\">\n\t\t\t\t\t\t<div class=\"elementor-element elementor-element-1968b31 elementor-arrows-position-inside elementor-pagination-position-outside elementor-widget elementor-widget-image-carousel\" data-id=\"1968b31\" data-element_type=\"widget\" data-e-type=\"widget\" data-settings=\"{&quot;slides_to_show&quot;:&quot;1&quot;,&quot;navigation&quot;:&quot;both&quot;,&quot;autoplay&quot;:&quot;yes&quot;,&quot;pause_on_hover&quot;:&quot;yes&quot;,&quot;pause_on_interaction&quot;:&quot;yes&quot;,&quot;autoplay_speed&quot;:5000,&quot;infinite&quot;:&quot;yes&quot;,&quot;effect&quot;:&quot;slide&quot;,&quot;speed&quot;:500}\" data-widget_type=\"image-carousel.default\">\n\t\t\t\t<div class=\"elementor-widget-container\">\n\t\t\t\t\t\t\t<div class=\"elementor-image-carousel-wrapper swiper\" role=\"region\" aria-roledescription=\"carousel\" aria-label=\"Carrusel de im\u00e1genes\" dir=\"ltr\">\n\t\t\t<div class=\"elementor-image-carousel swiper-wrapper\" aria-live=\"off\">\n\t\t\t\t\t\t\t\t<div class=\"swiper-slide\" role=\"group\" aria-roledescription=\"slide\" aria-label=\"1 de 2\"><figure class=\"swiper-slide-inner\"><img decoding=\"async\" class=\"swiper-slide-image lazyload\" data-src=\"https:\/\/laser.usal.es\/osal\/wp-content\/uploads\/2022\/01\/13112017-_DSC9095-600x400.jpg\" alt=\"13112017-_DSC9095\" src=\"data:image\/svg+xml;base64,PHN2ZyB3aWR0aD0iMSIgaGVpZ2h0PSIxIiB4bWxucz0iaHR0cDovL3d3dy53My5vcmcvMjAwMC9zdmciPjwvc3ZnPg==\" style=\"--smush-placeholder-width: 600px; --smush-placeholder-aspect-ratio: 600\/400;\" \/><\/figure><\/div><div class=\"swiper-slide\" role=\"group\" aria-roledescription=\"slide\" aria-label=\"2 de 2\"><figure class=\"swiper-slide-inner\"><img decoding=\"async\" class=\"swiper-slide-image lazyload\" data-src=\"https:\/\/laser.usal.es\/osal\/wp-content\/uploads\/2022\/02\/KhetTournamentPhoto-600x400.jpeg\" alt=\"KhetTournamentPhoto\" src=\"data:image\/svg+xml;base64,PHN2ZyB3aWR0aD0iMSIgaGVpZ2h0PSIxIiB4bWxucz0iaHR0cDovL3d3dy53My5vcmcvMjAwMC9zdmciPjwvc3ZnPg==\" style=\"--smush-placeholder-width: 600px; --smush-placeholder-aspect-ratio: 600\/400;\" \/><\/figure><\/div>\t\t\t<\/div>\n\t\t\t\t\t\t\t\t\t\t\t\t<div class=\"elementor-swiper-button elementor-swiper-button-prev\" role=\"button\" tabindex=\"0\">\n\t\t\t\t\t\t<i aria-hidden=\"true\" class=\"eicon-chevron-left\"><\/i>\t\t\t\t\t<\/div>\n\t\t\t\t\t<div class=\"elementor-swiper-button elementor-swiper-button-next\" role=\"button\" tabindex=\"0\">\n\t\t\t\t\t\t<i aria-hidden=\"true\" class=\"eicon-chevron-right\"><\/i>\t\t\t\t\t<\/div>\n\t\t\t\t\n\t\t\t\t\t\t\t\t\t<div class=\"swiper-pagination\"><\/div>\n\t\t\t\t\t\t\t\t\t<\/div>\n\t\t\t\t\t\t<\/div>\n\t\t\t\t<\/div>\n\t\t\t\t\t<\/div>\n\t\t<\/div>\n\t\t\t\t\t<\/div>\n\t\t<\/section>\n\t\t\t\t<section class=\"elementor-section elementor-top-section elementor-element elementor-element-0771e5e elementor-section-boxed elementor-section-height-default elementor-section-height-default\" data-id=\"0771e5e\" data-element_type=\"section\" data-e-type=\"section\">\n\t\t\t\t\t\t<div class=\"elementor-container elementor-column-gap-default\">\n\t\t\t\t\t<div class=\"elementor-column elementor-col-100 elementor-top-column elementor-element elementor-element-ca4e8b2\" data-id=\"ca4e8b2\" data-element_type=\"column\" data-e-type=\"column\">\n\t\t\t<div class=\"elementor-widget-wrap elementor-element-populated\">\n\t\t\t\t\t\t<div class=\"elementor-element elementor-element-f04cf8c elementor-widget elementor-widget-text-editor\" data-id=\"f04cf8c\" data-element_type=\"widget\" data-e-type=\"widget\" data-widget_type=\"text-editor.default\">\n\t\t\t\t<div class=\"elementor-widget-container\">\n\t\t\t\t\t\t\t\t\t<h2><strong>\u00bfTe gustan la estrateg\u00eda y los l\u00e1seres?\u00a0<\/strong><\/h2><p><span style=\"font-weight: 400;\">El <em><strong>Khet<\/strong><\/em> es un juego de mesa de estrategia que mezcla la tecnolog\u00eda l\u00e1ser con el antiguo Egipto. La forma de jugar es parecida al ajedrez: deber\u00e1s mover piezas espejadas con astucia para conseguir guiar un l\u00e1ser hasta el fara\u00f3n (rey) enemigo.<\/span><\/p><p><a href=\"https:\/\/www.google.com\/url?sa=t&amp;rct=j&amp;q=&amp;esrc=s&amp;source=web&amp;cd=&amp;ved=2ahUKEwjOo7ec0d71AhVS2qQKHcU2AH8QFnoECCQQAQ&amp;url=https%3A%2F%2Fwww.boardspace.net%2Fkhet%2Frules_english.pdf&amp;usg=AOvVaw1-pB2O7FOYGXzvTHlod4xn\" target=\"_blank\" rel=\"noopener\"><span style=\"font-weight: 400;\">Consulta las instrucciones del juego\u00a0<\/span><\/a><\/p><p><span style=\"font-weight: 400;\">Algunas tardes organizamos este evento social en el Caf\u00e9-Bar Puccini, y en particular, uno de los acontecimientos m\u00e1s tradicionales en la OSAL es el <strong><em>Torneo de Khet de San Alberto<\/em><\/strong>. Ambas actividades est\u00e1n abiertas a todas las personas que quieran participar. <\/span><\/p><p><span style=\"font-weight: 400;\">\u00a1S\u00edguenos en las redes para no perderte la oportunidad!<\/span><\/p>\t\t\t\t\t\t\t\t<\/div>\n\t\t\t\t<\/div>\n\t\t\t\t\t<\/div>\n\t\t<\/div>\n\t\t\t\t\t<\/div>\n\t\t<\/section>\n\t\t\t\t<\/div>\n\t\t\n<div class=\"twitter-share\"><a href=\"https:\/\/twitter.com\/intent\/tweet?via=OsalChapter\" class=\"twitter-share-button\">Twittear<\/a><\/div>\n","protected":false},"excerpt":{"rendered":"<p>Anterior Siguiente \u00bfTe gustan la estrateg\u00eda y los l\u00e1seres?\u00a0 El Khet es un juego de mesa de estrategia que mezcla la tecnolog\u00eda l\u00e1ser con el antiguo Egipto. La forma de jugar es parecida al ajedrez: deber\u00e1s mover piezas espejadas con astucia para conseguir guiar un l\u00e1ser hasta el fara\u00f3n (rey) enemigo. Consulta las instrucciones del<\/p>\n","protected":false},"author":1,"featured_media":0,"parent":5886,"menu_order":0,"comment_status":"closed","ping_status":"closed","template":"","meta":{"_monsterinsights_skip_tracking":false,"_monsterinsights_sitenote_active":false,"_monsterinsights_sitenote_note":"","_monsterinsights_sitenote_category":0,"footnotes":""},"class_list":["post-5989","page","type-page","status-publish","hentry"],"_links":{"self":[{"href":"https:\/\/laser.usal.es\/osal\/wp-json\/wp\/v2\/pages\/5989","targetHints":{"allow":["GET"]}}],"collection":[{"href":"https:\/\/laser.usal.es\/osal\/wp-json\/wp\/v2\/pages"}],"about":[{"href":"https:\/\/laser.usal.es\/osal\/wp-json\/wp\/v2\/types\/page"}],"author":[{"embeddable":true,"href":"https:\/\/laser.usal.es\/osal\/wp-json\/wp\/v2\/users\/1"}],"replies":[{"embeddable":true,"href":"https:\/\/laser.usal.es\/osal\/wp-json\/wp\/v2\/comments?post=5989"}],"version-history":[{"count":20,"href":"https:\/\/laser.usal.es\/osal\/wp-json\/wp\/v2\/pages\/5989\/revisions"}],"predecessor-version":[{"id":6878,"href":"https:\/\/laser.usal.es\/osal\/wp-json\/wp\/v2\/pages\/5989\/revisions\/6878"}],"up":[{"embeddable":true,"href":"https:\/\/laser.usal.es\/osal\/wp-json\/wp\/v2\/pages\/5886"}],"wp:attachment":[{"href":"https:\/\/laser.usal.es\/osal\/wp-json\/wp\/v2\/media?parent=5989"}],"curies":[{"name":"wp","href":"https:\/\/api.w.org\/{rel}","templated":true}]}}