{"id":5992,"date":"2022-01-12T21:22:37","date_gmt":"2022-01-12T20:22:37","guid":{"rendered":"https:\/\/laser.usal.es\/osal\/?page_id=5992"},"modified":"2022-02-07T11:01:53","modified_gmt":"2022-02-07T10:01:53","slug":"dil","status":"publish","type":"page","link":"https:\/\/laser.usal.es\/osal\/es\/actividades\/dil\/","title":{"rendered":"D\u00eda Internacional de la Luz"},"content":{"rendered":"\t\t<div data-elementor-type=\"wp-page\" data-elementor-id=\"5992\" class=\"elementor elementor-5992\">\n\t\t\t\t\t\t<section class=\"elementor-section elementor-top-section elementor-element elementor-element-a130e50 elementor-section-boxed elementor-section-height-default elementor-section-height-default\" data-id=\"a130e50\" data-element_type=\"section\" data-e-type=\"section\">\n\t\t\t\t\t\t<div class=\"elementor-container elementor-column-gap-default\">\n\t\t\t\t\t<div class=\"elementor-column elementor-col-100 elementor-top-column elementor-element elementor-element-e46e94a\" data-id=\"e46e94a\" data-element_type=\"column\" data-e-type=\"column\">\n\t\t\t<div class=\"elementor-widget-wrap elementor-element-populated\">\n\t\t\t\t\t\t<div class=\"elementor-element elementor-element-d4ea6ed elementor-widget elementor-widget-eael-image-accordion\" data-id=\"d4ea6ed\" data-element_type=\"widget\" data-e-type=\"widget\" data-widget_type=\"eael-image-accordion.default\">\n\t\t\t\t<div class=\"elementor-widget-container\">\n\t\t\t\t\t    <div class=\"eael-img-accordion accordion-direction-horizontal eael-img-accordion-horizontal-align-center eael-img-accordion-vertical-align-center\" id=\"eael-img-accordion-d4ea6ed\" data-img-accordion-id=\"d4ea6ed\" data-img-accordion-type=\"on-hover\">\n                    \n            <div class=\"eael-image-accordion-hover eael-image-accordion-item lazyload\" style=\"background-image:inherit;\"  tabindex=\"0\" data-bg-image=\"url(https:\/\/laser.usal.es\/osal\/wp-content\/uploads\/2022\/01\/16052018-DSC_1583-scaled.jpg)\">\n                <div class=\"overlay\">\n                                        <div class=\"overlay-inner \">\n                        <h2 class=\"img-accordion-title\">DIL 2018: Experimentos en la calle<\/h2>                    <\/div>\n                <\/div>\n            <\/div>\n                    \n            <div class=\"eael-image-accordion-hover eael-image-accordion-item lazyload\" style=\"background-image:inherit;\"  tabindex=\"0\" data-bg-image=\"url(https:\/\/laser.usal.es\/osal\/wp-content\/uploads\/2022\/01\/16052018-DSC_1607-scaled.jpg)\">\n                <div class=\"overlay\">\n                                        <div class=\"overlay-inner \">\n                                            <\/div>\n                <\/div>\n            <\/div>\n                    \n            <div class=\"eael-image-accordion-hover eael-image-accordion-item lazyload\" style=\"background-image:inherit;\"  tabindex=\"0\" data-bg-image=\"url(https:\/\/laser.usal.es\/osal\/wp-content\/uploads\/2022\/01\/16052018-DSC_1661-scaled.jpg)\">\n                <div class=\"overlay\">\n                                        <div class=\"overlay-inner \">\n                                            <\/div>\n                <\/div>\n            <\/div>\n                    \n            <div class=\"eael-image-accordion-hover eael-image-accordion-item lazyload\" style=\"background-image:inherit;\"  tabindex=\"0\" data-bg-image=\"url(https:\/\/laser.usal.es\/osal\/wp-content\/uploads\/2022\/01\/16052018-DSC_1670-scaled.jpg)\">\n                <div class=\"overlay\">\n                                        <div class=\"overlay-inner \">\n                                            <\/div>\n                <\/div>\n            <\/div>\n                <\/div>\n        <style typr=\"text\/css\">\n                    #eael-img-accordion-d4ea6ed .eael-image-accordion-hover:hover {\n                        flex: 3 1 0% !important;\n                    }\n                    #eael-img-accordion-d4ea6ed .eael-image-accordion-hover:hover:hover .overlay-inner * {\n                        opacity: 1;\n                        visibility: visible;\n                        transform: none;\n                        transition: all .3s .3s;\n                    }\n                <\/style>\t\t\t\t<\/div>\n\t\t\t\t<\/div>\n\t\t\t\t\t<\/div>\n\t\t<\/div>\n\t\t\t\t\t<\/div>\n\t\t<\/section>\n\t\t\t\t<section class=\"elementor-section elementor-top-section elementor-element elementor-element-57ab491 elementor-section-boxed elementor-section-height-default elementor-section-height-default\" data-id=\"57ab491\" data-element_type=\"section\" data-e-type=\"section\">\n\t\t\t\t\t\t<div class=\"elementor-container elementor-column-gap-default\">\n\t\t\t\t\t<div class=\"elementor-column elementor-col-100 elementor-top-column elementor-element elementor-element-853b3ab\" data-id=\"853b3ab\" data-element_type=\"column\" data-e-type=\"column\">\n\t\t\t<div class=\"elementor-widget-wrap elementor-element-populated\">\n\t\t\t\t\t\t<div class=\"elementor-element elementor-element-f2a5a4b elementor-widget elementor-widget-text-editor\" data-id=\"f2a5a4b\" data-element_type=\"widget\" data-e-type=\"widget\" data-widget_type=\"text-editor.default\">\n\t\t\t\t<div class=\"elementor-widget-container\">\n\t\t\t\t\t\t\t\t\t<p><span style=\"font-weight: 400;\">Cada 16 de mayo celebramos el <a href=\"https:\/\/www.diadelaluz.es\/\" target=\"_blank\" rel=\"noopener\">D\u00eda Internacional de la Luz<\/a>, un evento internacional en conmemoraci\u00f3n de la primera emisi\u00f3n de luz l\u00e1ser el 16 de mayo de 1960. Con esta iniciativa global se pretende destacar el papel que la luz juega en el mundo actual.<\/span><\/p><p><span style=\"font-weight: 400;\">Desde la OSAL Student Chapter solemos organizar alguna actividad enmarcada dentro del D\u00eda Internacional de la Luz. En particular hemos organizado experimentos en la calle (2015 y 2018), un concurso de fotograf\u00eda cient\u00edfica (2019), charlas divulgativas (2018), una iniciativa de preguntas y respuestas sobre fen\u00f3menos cotidianos relacionados con la luz a trav\u00e9s de las redes sociales (2021) y el 1er Workshop de Student Chapters de Optica en Espa\u00f1a (2021). <\/span><\/p>\t\t\t\t\t\t\t\t<\/div>\n\t\t\t\t<\/div>\n\t\t\t\t\t<\/div>\n\t\t<\/div>\n\t\t\t\t\t<\/div>\n\t\t<\/section>\n\t\t\t\t<\/div>\n\t\t\n<div class=\"twitter-share\"><a href=\"https:\/\/twitter.com\/intent\/tweet?via=OsalChapter\" class=\"twitter-share-button\">Twittear<\/a><\/div>\n","protected":false},"excerpt":{"rendered":"<p>DIL 2018: Experimentos en la calle Cada 16 de mayo celebramos el D\u00eda Internacional de la Luz, un evento internacional en conmemoraci\u00f3n de la primera emisi\u00f3n de luz l\u00e1ser el 16 de mayo de 1960. Con esta iniciativa global se pretende destacar el papel que la luz juega en el mundo actual. Desde la OSAL<\/p>\n","protected":false},"author":1,"featured_media":0,"parent":5886,"menu_order":0,"comment_status":"closed","ping_status":"closed","template":"","meta":{"_monsterinsights_skip_tracking":false,"_monsterinsights_sitenote_active":false,"_monsterinsights_sitenote_note":"","_monsterinsights_sitenote_category":0,"footnotes":""},"class_list":["post-5992","page","type-page","status-publish","hentry"],"_links":{"self":[{"href":"https:\/\/laser.usal.es\/osal\/wp-json\/wp\/v2\/pages\/5992","targetHints":{"allow":["GET"]}}],"collection":[{"href":"https:\/\/laser.usal.es\/osal\/wp-json\/wp\/v2\/pages"}],"about":[{"href":"https:\/\/laser.usal.es\/osal\/wp-json\/wp\/v2\/types\/page"}],"author":[{"embeddable":true,"href":"https:\/\/laser.usal.es\/osal\/wp-json\/wp\/v2\/users\/1"}],"replies":[{"embeddable":true,"href":"https:\/\/laser.usal.es\/osal\/wp-json\/wp\/v2\/comments?post=5992"}],"version-history":[{"count":22,"href":"https:\/\/laser.usal.es\/osal\/wp-json\/wp\/v2\/pages\/5992\/revisions"}],"predecessor-version":[{"id":6381,"href":"https:\/\/laser.usal.es\/osal\/wp-json\/wp\/v2\/pages\/5992\/revisions\/6381"}],"up":[{"embeddable":true,"href":"https:\/\/laser.usal.es\/osal\/wp-json\/wp\/v2\/pages\/5886"}],"wp:attachment":[{"href":"https:\/\/laser.usal.es\/osal\/wp-json\/wp\/v2\/media?parent=5992"}],"curies":[{"name":"wp","href":"https:\/\/api.w.org\/{rel}","templated":true}]}}