{"id":6536,"date":"2017-03-20T18:35:33","date_gmt":"2017-03-20T17:35:33","guid":{"rendered":"http:\/\/laser.usal.es\/alf\/?page_id=2511"},"modified":"2022-11-19T16:40:07","modified_gmt":"2022-11-19T15:40:07","slug":"inicio","status":"publish","type":"page","link":"https:\/\/laser.usal.es\/osal\/es\/inicio\/","title":{"rendered":"Inicio"},"content":{"rendered":"\t\t<div data-elementor-type=\"wp-page\" data-elementor-id=\"6536\" class=\"elementor elementor-6536\">\n\t\t\t\t\t\t<section class=\"elementor-section elementor-top-section elementor-element elementor-element-340f5a1 elementor-section-full_width elementor-section-height-min-height elementor-section-height-default elementor-section-items-middle\" data-id=\"340f5a1\" data-element_type=\"section\" data-e-type=\"section\" data-settings=\"{&quot;background_background&quot;:&quot;classic&quot;}\">\n\t\t\t\t\t\t<div class=\"elementor-container elementor-column-gap-default\">\n\t\t\t\t\t<div class=\"elementor-column elementor-col-100 elementor-top-column elementor-element elementor-element-9109af5\" data-id=\"9109af5\" data-element_type=\"column\" data-e-type=\"column\">\n\t\t\t<div class=\"elementor-widget-wrap elementor-element-populated\">\n\t\t\t\t\t\t<div class=\"elementor-element elementor-element-c21b63e elementor-widget elementor-widget-text-editor\" data-id=\"c21b63e\" data-element_type=\"widget\" data-e-type=\"widget\" data-widget_type=\"text-editor.default\">\n\t\t\t\t<div class=\"elementor-widget-container\">\n\t\t\t\t\t\t\t\t\t<h1 style=\"text-align: center;\"><span style=\"color: #ffffff;\">OSAL STUDENT CHAPTER<\/span><\/h1>\t\t\t\t\t\t\t\t<\/div>\n\t\t\t\t<\/div>\n\t\t\t\t\t<\/div>\n\t\t<\/div>\n\t\t\t\t\t<\/div>\n\t\t<\/section>\n\t\t\t\t<section class=\"elementor-section elementor-top-section elementor-element elementor-element-72e1e78 elementor-section-boxed elementor-section-height-default elementor-section-height-default\" data-id=\"72e1e78\" data-element_type=\"section\" data-e-type=\"section\">\n\t\t\t\t\t\t<div class=\"elementor-container elementor-column-gap-default\">\n\t\t\t\t\t<div class=\"elementor-column elementor-col-100 elementor-top-column elementor-element elementor-element-7ebb903\" data-id=\"7ebb903\" data-element_type=\"column\" data-e-type=\"column\">\n\t\t\t<div class=\"elementor-widget-wrap elementor-element-populated\">\n\t\t\t\t\t\t<div class=\"elementor-element elementor-element-25e63c5 elementor-widget elementor-widget-text-editor\" data-id=\"25e63c5\" data-element_type=\"widget\" data-e-type=\"widget\" data-widget_type=\"text-editor.default\">\n\t\t\t\t<div class=\"elementor-widget-container\">\n\t\t\t\t\t\t\t\t\t<h1 class=\"text-center element-top-20 element-bottom-20 text-normal os-animation normal default animated fadeInRight\" style=\"animation-fill-mode: both; animation-delay: 0.15s;\" data-os-animation=\"fadeInRight\" data-os-animation-delay=\"0.15s\">ACERCA DE LA ASOCIACI\u00d3N<\/h1>\t\t\t\t\t\t\t\t<\/div>\n\t\t\t\t<\/div>\n\t\t\t\t\t<\/div>\n\t\t<\/div>\n\t\t\t\t\t<\/div>\n\t\t<\/section>\n\t\t\t\t<section class=\"elementor-section elementor-top-section elementor-element elementor-element-4e0caa5 elementor-section-boxed elementor-section-height-default elementor-section-height-default\" data-id=\"4e0caa5\" data-element_type=\"section\" data-e-type=\"section\">\n\t\t\t\t\t\t<div class=\"elementor-container elementor-column-gap-default\">\n\t\t\t\t\t<div class=\"elementor-column elementor-col-100 elementor-top-column elementor-element elementor-element-2febe23\" data-id=\"2febe23\" data-element_type=\"column\" data-e-type=\"column\">\n\t\t\t<div class=\"elementor-widget-wrap elementor-element-populated\">\n\t\t\t\t\t\t<div class=\"elementor-element elementor-element-e7cbe53 elementor-widget-divider--view-line elementor-widget elementor-widget-divider\" data-id=\"e7cbe53\" data-element_type=\"widget\" data-e-type=\"widget\" data-widget_type=\"divider.default\">\n\t\t\t\t<div class=\"elementor-widget-container\">\n\t\t\t\t\t\t\t<div class=\"elementor-divider\">\n\t\t\t<span class=\"elementor-divider-separator\">\n\t\t\t\t\t\t<\/span>\n\t\t<\/div>\n\t\t\t\t\t\t<\/div>\n\t\t\t\t<\/div>\n\t\t\t\t\t<\/div>\n\t\t<\/div>\n\t\t\t\t\t<\/div>\n\t\t<\/section>\n\t\t\t\t<section class=\"elementor-section elementor-top-section elementor-element elementor-element-9c2edb1 elementor-section-boxed elementor-section-height-default elementor-section-height-default\" data-id=\"9c2edb1\" data-element_type=\"section\" data-e-type=\"section\">\n\t\t\t\t\t\t<div class=\"elementor-container elementor-column-gap-default\">\n\t\t\t\t\t<div class=\"elementor-column elementor-col-50 elementor-top-column elementor-element elementor-element-a4a78a7\" data-id=\"a4a78a7\" data-element_type=\"column\" data-e-type=\"column\">\n\t\t\t<div class=\"elementor-widget-wrap elementor-element-populated\">\n\t\t\t\t\t\t<div class=\"elementor-element elementor-element-1fc1b0f elementor-invisible elementor-widget elementor-widget-image\" data-id=\"1fc1b0f\" data-element_type=\"widget\" data-e-type=\"widget\" data-settings=\"{&quot;_animation&quot;:&quot;fadeInLeft&quot;}\" data-widget_type=\"image.default\">\n\t\t\t\t<div class=\"elementor-widget-container\">\n\t\t\t\t\t\t\t\t\t\t\t\t\t\t\t<img fetchpriority=\"high\" decoding=\"async\" width=\"803\" height=\"1024\" src=\"https:\/\/laser.usal.es\/osal\/wp-content\/uploads\/2022\/02\/15022018-_DSC0301-copia-803x1024.png\" class=\"attachment-large size-large wp-image-6938\" alt=\"\" srcset=\"https:\/\/laser.usal.es\/osal\/wp-content\/uploads\/2022\/02\/15022018-_DSC0301-copia-803x1024.png 803w, https:\/\/laser.usal.es\/osal\/wp-content\/uploads\/2022\/02\/15022018-_DSC0301-copia-235x300.png 235w, https:\/\/laser.usal.es\/osal\/wp-content\/uploads\/2022\/02\/15022018-_DSC0301-copia-768x980.png 768w, https:\/\/laser.usal.es\/osal\/wp-content\/uploads\/2022\/02\/15022018-_DSC0301-copia-1204x1536.png 1204w, https:\/\/laser.usal.es\/osal\/wp-content\/uploads\/2022\/02\/15022018-_DSC0301-copia-1606x2048.png 1606w\" sizes=\"(max-width: 803px) 100vw, 803px\" \/>\t\t\t\t\t\t\t\t\t\t\t\t\t\t\t<\/div>\n\t\t\t\t<\/div>\n\t\t\t\t\t<\/div>\n\t\t<\/div>\n\t\t\t\t<div class=\"elementor-column elementor-col-50 elementor-top-column elementor-element elementor-element-fbcd138\" data-id=\"fbcd138\" data-element_type=\"column\" data-e-type=\"column\">\n\t\t\t<div class=\"elementor-widget-wrap elementor-element-populated\">\n\t\t\t\t\t\t<div class=\"elementor-element elementor-element-7a1e1fb elementor-widget elementor-widget-text-editor\" data-id=\"7a1e1fb\" data-element_type=\"widget\" data-e-type=\"widget\" data-widget_type=\"text-editor.default\">\n\t\t\t\t<div class=\"elementor-widget-container\">\n\t\t\t\t\t\t\t\t\t<blockquote><p style=\"text-align: justify;\"><span style=\"color: #807e7e;\">Comprendiendo la luz a nuestro alrededor<\/span><\/p><\/blockquote><p><span style=\"font-size: 11pt; font-family: Arial; background-color: transparent; font-variant-numeric: normal; font-variant-east-asian: normal; vertical-align: baseline; white-space: pre-wrap;\">OSAL Student Chapter es una asociaci\u00f3n de divulgaci\u00f3n de la \u00d3ptica formada por estudiantes de la Universidad de Salamanca desde su fundaci\u00f3n en 2009. Nuestro objetivo es despertar la curiosidad por la luz entre todos los p\u00fablicos y promover el desarrollo de una cultura cient\u00edfica en la sociedad. Por ello nuestras actividades y nuestros v\u00eddeos de divulgaci\u00f3n cient\u00edfica est\u00e1n encaminados a acercar la naturaleza de la luz, sus propiedades y los fen\u00f3menos \u00f3pticos a cualquier persona interesada, independientemente de su edad o sus conocimientos. La estrecha colaboraci\u00f3n con el \u00c1rea de \u00d3ptica nos permite ofrecer visitas al Laboratorio de \u00d3ptica de la Universidad de Salamanca en grupos organizados, como por ejemplo clases de educaci\u00f3n primaria o secundaria. En otras ocasiones somos nosotros quienes nos desplazamos hasta los centros educativos, o realizamos experimentos cient\u00edficos en la calle. Por otra parte, nuestros miembros tienen la oportunidad de formarse en el \u00e1mbito de la \u00d3ptica y la Fot\u00f3nica, y tambi\u00e9n de construir redes entre estudiantes en distintos niveles (grado, m\u00e1ster y doctorado). Adem\u00e1s, formar parte de la sociedad <\/span><span style=\"font-size: 11pt; font-family: Arial; background-color: transparent; font-style: italic; font-variant-numeric: normal; font-variant-east-asian: normal; vertical-align: baseline; white-space: pre-wrap;\">OPTICA <\/span><span style=\"font-size: 11pt; font-family: Arial; background-color: transparent; font-variant-numeric: normal; font-variant-east-asian: normal; vertical-align: baseline; white-space: pre-wrap;\">nos facilita el contacto con otras agrupaciones estudiantiles y, en\u00a0 general, con la comunidad internacional en \u00d3ptica y Fot\u00f3nica.<\/span><\/p><p><span style=\"font-size: 11pt; font-family: Arial; background-color: transparent; font-variant-numeric: normal; font-variant-east-asian: normal; vertical-align: baseline; white-space: pre-wrap;\">\u00a0<\/span><\/p><p><span style=\"font-size: 11pt; font-family: Arial; background-color: transparent; font-variant-numeric: normal; font-variant-east-asian: normal; vertical-align: baseline; white-space: pre-wrap;\">Nuestra sede est\u00e1 ubicada en el centro de Salamanca (Espa\u00f1a), en el Edificio Triling\u00fce de la Facultad de Ciencias (Pl. La Merced, s\/<\/span><span style=\"font-size: 11pt; font-family: Arial; background-color: transparent; font-variant-numeric: normal; font-variant-east-asian: normal; vertical-align: baseline; white-space: pre-wrap;\">n). Mayoritariamente somos estudiantes de F\u00edsica, que compartimos un inter\u00e9s especial por la \u00d3ptica y que creemos en el aprendizaje de una manera divertida. Hacemos divulgaci\u00f3n \u201cpor amor al arte\u201d, ya que somos una asociaci\u00f3n sin \u00e1nimo de lucro. Tambi\u00e9n nos gustar\u00eda contribuir a construir una comunidad cient\u00edfica m\u00e1s diversa, involucrando gente de diferentes ambientes culturales, integrando personas del colectivo LGTBIQ+, y con una representaci\u00f3n paritaria de mujeres. Esperamos que con esta p\u00e1gina web pod\u00e1is conocernos mejor y descubrir nuestras <a href=\"https:\/\/laser.usal.es\/osal\/es\/actividades\/\">actividades<\/a> y <a href=\"https:\/\/laser.usal.es\/osal\/es\/videos\/\">v\u00eddeos<\/a> de divulgaci\u00f3n cient\u00edfica. <\/span><\/p><p><span style=\"font-size: 11pt; font-family: Arial; background-color: transparent; font-variant-numeric: normal; font-variant-east-asian: normal; vertical-align: baseline; white-space: pre-wrap;\">\u00a1Contacta con nosotr@s en <a href=\"mailto:osal@usal.es\">osal@usal.es<\/a><\/span><span style=\"font-size: 11pt; font-family: Arial; background-color: transparent; font-variant-numeric: normal; font-variant-east-asian: normal; vertical-align: baseline; white-space: pre-wrap;\">, en la p\u00e1gina de <a href=\"https:\/\/laser.usal.es\/osal\/es\/contacto\/\">contacto<\/a> o en nuestras redes sociales!<\/span><\/p>\t\t\t\t\t\t\t\t<\/div>\n\t\t\t\t<\/div>\n\t\t\t\t\t<\/div>\n\t\t<\/div>\n\t\t\t\t\t<\/div>\n\t\t<\/section>\n\t\t\t\t<section class=\"elementor-section elementor-top-section elementor-element elementor-element-96f4c74 elementor-section-boxed elementor-section-height-default elementor-section-height-default\" data-id=\"96f4c74\" data-element_type=\"section\" data-e-type=\"section\">\n\t\t\t\t\t\t<div class=\"elementor-container elementor-column-gap-default\">\n\t\t\t\t\t<div class=\"elementor-column elementor-col-100 elementor-top-column elementor-element elementor-element-43029bf\" data-id=\"43029bf\" data-element_type=\"column\" data-e-type=\"column\">\n\t\t\t<div class=\"elementor-widget-wrap elementor-element-populated\">\n\t\t\t\t\t\t<div class=\"elementor-element elementor-element-13f5c7e elementor-widget elementor-widget-heading\" data-id=\"13f5c7e\" data-element_type=\"widget\" data-e-type=\"widget\" data-widget_type=\"heading.default\">\n\t\t\t\t<div class=\"elementor-widget-container\">\n\t\t\t\t\t<h2 class=\"elementor-heading-title elementor-size-default\"><div role=\"main\"><article><div data-elementor-type=\"wp-page\" data-elementor-id=\"6536\" data-elementor-title=\"P\u00e1gina\"><div><section data-id=\"72e1e78\" data-element_type=\"section\" data-model-cid=\"c39\"><div><div data-id=\"7ebb903\" data-element_type=\"column\" data-col=\"100\" data-model-cid=\"c40\"><div><div data-id=\"25e63c5\" data-element_type=\"widget\" data-model-cid=\"c41\" data-widget_type=\"text-editor.default\"><div><div data-elementor-setting-key=\"editor\" data-elementor-inline-editing-toolbar=\"advanced\" data-pen-placeholder=\"Teclea aqu\u00ed...\"><h1 data-os-animation=\"fadeInRight\" data-os-animation-delay=\"0.15s\"><\/h1><h1 data-os-animation=\"fadeInRight\" data-os-animation-delay=\"0.15s\">\u00daltimas entradas<\/h1><\/div><\/div><\/div><\/div><\/div><\/div><\/section><\/div><\/div><\/article><\/div><\/h2>\t\t\t\t<\/div>\n\t\t\t\t<\/div>\n\t\t\t\t<div class=\"elementor-element elementor-element-5582394 elementor-widget elementor-widget-shortcode\" data-id=\"5582394\" data-element_type=\"widget\" data-e-type=\"widget\" data-widget_type=\"shortcode.default\">\n\t\t\t\t<div class=\"elementor-widget-container\">\n\t\t\t\t\t\t\t<div class=\"elementor-shortcode\">\t\t<div class=\"wppsac-wrap wppsac-slick-slider-wrp wppsac-clearfix \" data-conf=\"{&quot;dots&quot;:&quot;true&quot;,&quot;arrows&quot;:&quot;true&quot;,&quot;autoplay&quot;:&quot;true&quot;,&quot;autoplay_interval&quot;:3000,&quot;speed&quot;:500,&quot;rtl&quot;:&quot;false&quot;,&quot;lazyload&quot;:&quot;&quot;}\">\r\n\t\t\t<div id=\"wppsac-post-slider-1\" class=\"wppsac-post-slider-init wppsac-post-slider design-4\">\r\n\t\t\t\t<div class=\"wppsac-post-slides\">\r\n\t<div class=\"wppsac-post-list\">\r\n\t\t<div class=\"wppsac-post-list-content\">\r\n\t\t\t\t\t\t<div class=\"wp-medium-5 wpcolumns\">\r\n\t\t\t\t<div class=\"wppsac-post-image-bg\">\r\n\t\t\t\t\t<a href=\"https:\/\/laser.usal.es\/osal\/es\/2022\/05\/25\/i-nw-myro-en-santiago-de-compostela\/\">\r\n\t\t\t\t\t\t<img decoding=\"async\" class=\"wppsac-post-image lazyload\"  data-src=\"https:\/\/laser.usal.es\/osal\/wp-content\/uploads\/2022\/11\/logo_horizontal_final.png\" alt=\"I NW MYRO en Santiago de Compostela\" src=\"data:image\/svg+xml;base64,PHN2ZyB3aWR0aD0iMSIgaGVpZ2h0PSIxIiB4bWxucz0iaHR0cDovL3d3dy53My5vcmcvMjAwMC9zdmciPjwvc3ZnPg==\" style=\"--smush-placeholder-width: 2186px; --smush-placeholder-aspect-ratio: 2186\/1153;\" \/>\r\n\t\t\t\t\t<\/a>\r\n\t\t\t\t<\/div>\r\n\t\t\t<\/div>\r\n\t\t\t\r\n\t\t\t<div class=\" wp-medium-7  wpcolumns\">\r\n\t\t\t\t\t\t\t\t<div class=\"wppsac-post-categories\"><ul class=\"wppsac-post-categories-list\"><li><a href=\"https:\/\/laser.usal.es\/osal\/es\/category\/actividades\/\">Actividades<\/a><\/li><\/ul><\/div>\r\n\t\t\t\t\r\n\t\t\t\t<h2 class=\"wppsac-post-title\">\r\n\t\t\t\t\t<a href=\"https:\/\/laser.usal.es\/osal\/es\/2022\/05\/25\/i-nw-myro-en-santiago-de-compostela\/\">I NW MYRO en Santiago de Compostela<\/a>\r\n\t\t\t\t<\/h2>\r\n\r\n\t\t\t\t\t\t\t\t<div class=\"wppsac-post-date\">\r\n\t\t\t\t\t \r\n\t\t\t\t\t\t<span>By admin<\/span>\r\n\t\t\t\t\t \/ 25 mayo, 2022\t\t\t\t<\/div>\r\n\t\t\t\t\t\t\t\t<div class=\"wppsac-post-content\">\r\n\t\t\t\t\t<div class=\"wppsac-sub-content\">Nuestro evento se llev\u00f3 a cabo en Santiago de Compostela, Espa\u00f1a, del 5 al 7 de mayo. Se centr\u00f3 en...<\/div>\r\n\r\n\t\t\t\t\t\t\t\t\t\t<a class=\"wppsac-readmorebtn\" href=\"https:\/\/laser.usal.es\/osal\/es\/2022\/05\/25\/i-nw-myro-en-santiago-de-compostela\/\">Read More<\/a>\r\n\t\t\t\t\t\t\t\t\t<\/div>\r\n\t\t\t\t\t\t\t<\/div>\r\n\t\t<\/div>\r\n\t<\/div>\r\n<\/div>\t\t\t<\/div>\r\n\t\t<\/div>\r\n\t\n<\/div>\n\t\t\t\t\t\t<\/div>\n\t\t\t\t<\/div>\n\t\t\t\t\t<\/div>\n\t\t<\/div>\n\t\t\t\t\t<\/div>\n\t\t<\/section>\n\t\t\t\t<\/div>\n\t\t\n<div class=\"twitter-share\"><a href=\"https:\/\/twitter.com\/intent\/tweet?via=OsalChapter\" class=\"twitter-share-button\">Twittear<\/a><\/div>\n","protected":false},"excerpt":{"rendered":"<p>OSAL STUDENT CHAPTER ACERCA DE LA ASOCIACI\u00d3N Comprendiendo la luz a nuestro alrededor OSAL Student Chapter es una asociaci\u00f3n de divulgaci\u00f3n de la \u00d3ptica formada por estudiantes de la Universidad de Salamanca desde su fundaci\u00f3n en 2009. Nuestro objetivo es despertar la curiosidad por la luz entre todos los p\u00fablicos y promover el desarrollo de<\/p>\n","protected":false},"author":1,"featured_media":0,"parent":0,"menu_order":0,"comment_status":"open","ping_status":"closed","template":"","meta":{"_monsterinsights_skip_tracking":false,"_monsterinsights_sitenote_active":false,"_monsterinsights_sitenote_note":"","_monsterinsights_sitenote_category":0,"footnotes":""},"class_list":["post-6536","page","type-page","status-publish","hentry"],"_links":{"self":[{"href":"https:\/\/laser.usal.es\/osal\/wp-json\/wp\/v2\/pages\/6536","targetHints":{"allow":["GET"]}}],"collection":[{"href":"https:\/\/laser.usal.es\/osal\/wp-json\/wp\/v2\/pages"}],"about":[{"href":"https:\/\/laser.usal.es\/osal\/wp-json\/wp\/v2\/types\/page"}],"author":[{"embeddable":true,"href":"https:\/\/laser.usal.es\/osal\/wp-json\/wp\/v2\/users\/1"}],"replies":[{"embeddable":true,"href":"https:\/\/laser.usal.es\/osal\/wp-json\/wp\/v2\/comments?post=6536"}],"version-history":[{"count":116,"href":"https:\/\/laser.usal.es\/osal\/wp-json\/wp\/v2\/pages\/6536\/revisions"}],"predecessor-version":[{"id":7322,"href":"https:\/\/laser.usal.es\/osal\/wp-json\/wp\/v2\/pages\/6536\/revisions\/7322"}],"wp:attachment":[{"href":"https:\/\/laser.usal.es\/osal\/wp-json\/wp\/v2\/media?parent=6536"}],"curies":[{"name":"wp","href":"https:\/\/api.w.org\/{rel}","templated":true}]}}