{"id":1206,"date":"2017-07-05T11:23:45","date_gmt":"2017-07-05T11:23:45","guid":{"rendered":"http:\/\/laser.usal.es\/posgrado\/?page_id=1206"},"modified":"2018-01-31T13:30:28","modified_gmt":"2018-01-31T13:30:28","slug":"otros-cursos-y-masteres","status":"publish","type":"page","link":"https:\/\/laser.usal.es\/posgrado\/becas\/otros-cursos-y-masteres\/","title":{"rendered":"Otros Cursos y M\u00e1steres"},"content":{"rendered":"<section class=\"section  text-normal section-text-no-shadow section-inner-no-shadow section-normal section-opaque\"  >\n    \n    <div class=\"background-overlay grid-overlay-0 \" style=\"background-color: rgba(0,0,0,0);\"><\/div>\n\n    <div class=\"container container-vertical-default\">\n        <div class=\"row vertical-default\">\n            <div class=\"col-md-12     text-default small-screen-default\"  > <div class=\" element-top-20 element-bottom-20 recent-simple-os-container list-container row\">\n    \n        <div class=\"col-md-4\" data-os-animation=\"none\" data-os-animation-delay=\"0s\">\n\n        <article id=\"post-372\" class=\"post-grid element-bottom-20 text-left\">\n        <div class=\"post-grid-content\">\n        <h3 class=\"post-grid-content-title\">\n            <a href=\"https:\/\/laser.usal.es\/posgrado\/2013\/04\/16\/photonicpyme\/\">\n                How to Create a Photonic SME            <\/a>\n        <\/h3>\n        <p>Workshop acerca de c\u00f3mo crear una PYME relacionada con la fot\u00f3nica. \u00a0 Cartagena,23 de Junio de 2013.<\/p>\n        <div class=\"post-grid-content-footer\">\n                            admin,\n                        16 abril, 2013        <\/div>\n    <\/div>\n<\/article>\n\n        <\/div>\n        \n        <div class=\"col-md-4\" data-os-animation=\"none\" data-os-animation-delay=\"0s\">\n\n        <article id=\"post-156\" class=\"post-grid element-bottom-20 text-left\">\n        <div class=\"post-grid-content\">\n        <h3 class=\"post-grid-content-title\">\n            <a href=\"https:\/\/laser.usal.es\/posgrado\/2012\/12\/24\/europhotonics\/\">\n                Master y Doctorado Erasmus Mundus Europhotonics            <\/a>\n        <\/h3>\n        <p>M\u00e1ster y doctorado Europhotonics, dentro del programa Erasmus Mundus de la Uni\u00f3n Europea. \u00a0 Solicitudes de plazas y becas para el curso 2013-2014 abiertas hasta enereo-febrero.<\/p>\n        <div class=\"post-grid-content-footer\">\n                            admin,\n                        24 diciembre, 2012        <\/div>\n    <\/div>\n<\/article>\n\n        <\/div>\n        \n        <div class=\"col-md-4\" data-os-animation=\"none\" data-os-animation-delay=\"0s\">\n\n        <article id=\"post-351\" class=\"post-grid element-bottom-20 text-left\">\n        <div class=\"post-grid-content\">\n        <h3 class=\"post-grid-content-title\">\n            <a href=\"https:\/\/laser.usal.es\/posgrado\/2012\/12\/12\/mastercolor\/\">\n                M\u00e1ster Erasmus Mundus sobre Ciencia y Tecnolog\u00eda del Color            <\/a>\n        <\/h3>\n        <p>Esta abierto el plazo de solicitud de becas para el M\u00e1ster Erasmus Mundus en Ciencia y Tecnolog\u00eda del Color en el que participa la Universidad de Granada. \u00a0 Fecha l\u00edmite: 31 de marzo de 2013 (no europeos) o 30 de abril de 2013 (europeos).<\/p>\n        <div class=\"post-grid-content-footer\">\n                            admin,\n                        12 diciembre, 2012        <\/div>\n    <\/div>\n<\/article>\n\n        <\/div>\n        \n        <div class=\"col-md-4\" data-os-animation=\"none\" data-os-animation-delay=\"0s\">\n\n        <article id=\"post-306\" class=\"post-grid element-bottom-20 text-left\">\n        <div class=\"post-grid-content\">\n        <h3 class=\"post-grid-content-title\">\n            <a href=\"https:\/\/laser.usal.es\/posgrado\/2012\/06\/13\/fronterasfotonica\/\">\n                Fronteras en Fot\u00f3nica y Tecnolog\u00edas L\u00e1ser            <\/a>\n        <\/h3>\n        <p>La Universidade de Santiago de Compostela se organiza el curso Fronteras en Fot\u00f3nica y tecnolog\u00edas l\u00e1ser que se celebrar\u00e1 en Santiago de Compostela del 16 al 20 de Julio de 2012. \u00a0 El plazo de matr\u00edcula est\u00e1 abierto hasta el 6 de julio.<\/p>\n        <div class=\"post-grid-content-footer\">\n                            admin,\n                        13 junio, 2012        <\/div>\n    <\/div>\n<\/article>\n\n        <\/div>\n        \n        <div class=\"col-md-4\" data-os-animation=\"none\" data-os-animation-delay=\"0s\">\n\n        <article id=\"post-302\" class=\"post-grid element-bottom-20 text-left\">\n        <div class=\"post-grid-content\">\n        <h3 class=\"post-grid-content-title\">\n            <a href=\"https:\/\/laser.usal.es\/posgrado\/2012\/05\/14\/fibraoptica\/\">\n                Fuentes de Luz de Fibra \u00d3ptica            <\/a>\n        <\/h3>\n        <p>La Universidad de Valencia y el Comit\u00e9 de Optoelectr\u00f3nioca de la Sociedad Espa\u00f1ola de \u00f6ptica organizan un workshop sobre Fuentes de Luz de Fibra \u00d3ptica. \u00a0 Fechas: del 2 al 4 de julio de 2012.<\/p>\n        <div class=\"post-grid-content-footer\">\n                            admin,\n                        14 mayo, 2012        <\/div>\n    <\/div>\n<\/article>\n\n        <\/div>\n        \n        <div class=\"col-md-4\" data-os-animation=\"none\" data-os-animation-delay=\"0s\">\n\n        <article id=\"post-301\" class=\"post-grid element-bottom-20 text-left\">\n        <div class=\"post-grid-content\">\n        <h3 class=\"post-grid-content-title\">\n            <a href=\"https:\/\/laser.usal.es\/posgrado\/2012\/05\/14\/biofotonica\/\">\n                Curso de Introducci\u00f3n a la biofot\u00f3nica            <\/a>\n        <\/h3>\n        <p>La Universidad de Zaragoza organiza un curso de verano de Introducci\u00f3n a la biofot\u00f3nica. \u00a0 Fechas: del 11 al 13 de julio de 2012.<\/p>\n        <div class=\"post-grid-content-footer\">\n                            admin,\n                        14 mayo, 2012        <\/div>\n    <\/div>\n<\/article>\n\n        <\/div>\n        \n        <div class=\"col-md-4\" data-os-animation=\"none\" data-os-animation-delay=\"0s\">\n\n        <article id=\"post-275\" class=\"post-grid element-bottom-20 text-left\">\n        <div class=\"post-grid-content\">\n        <h3 class=\"post-grid-content-title\">\n            <a href=\"https:\/\/laser.usal.es\/posgrado\/2011\/12\/22\/extatic\/\">\n                Extatic            <\/a>\n        <\/h3>\n        <p>Doctorado Extatic sobre ultravioleta extremo y rayos X, dentro del programa Erasmus Mundus de la Uni\u00f3n Europea. \u00a0 Fecha l\u00edmite de solicitudes para el pr\u00f3ximo curso: 16 de enero de 2012.<\/p>\n        <div class=\"post-grid-content-footer\">\n                            admin,\n                        22 diciembre, 2011        <\/div>\n    <\/div>\n<\/article>\n\n        <\/div>\n        \n        <div class=\"col-md-4\" data-os-animation=\"none\" data-os-animation-delay=\"0s\">\n\n        <article id=\"post-264\" class=\"post-grid element-bottom-20 text-left\">\n        <div class=\"post-grid-content\">\n        <h3 class=\"post-grid-content-title\">\n            <a href=\"https:\/\/laser.usal.es\/posgrado\/2011\/11\/07\/colorinf\/\">\n                Color in Informatics and Media Technology            <\/a>\n        <\/h3>\n        <p>M\u00e1ster Colors in Informatics and Media Technology, dentro del programa Erasmus Mundus de la Uni\u00f3n Europea.<\/p>\n        <div class=\"post-grid-content-footer\">\n                            admin,\n                        7 noviembre, 2011        <\/div>\n    <\/div>\n<\/article>\n\n        <\/div>\n        \n        <div class=\"col-md-4\" data-os-animation=\"none\" data-os-animation-delay=\"0s\">\n\n        <article id=\"post-226\" class=\"post-grid element-bottom-20 text-left\">\n        <div class=\"post-grid-content\">\n        <h3 class=\"post-grid-content-title\">\n            <a href=\"https:\/\/laser.usal.es\/posgrado\/2011\/06\/22\/cursovision\/\">\n                Curso sobre Aspectos actuales de  la visi\u00f3n            <\/a>\n        <\/h3>\n        <p>La Universidad de Murcia organiza un curso de verano sobre Aspectos actuales de la visi\u00f3n. \u00a0 Fechas: del 9 al 13 de septiembre de 2011. \u00a0 Plazo de inscripci\u00f3n: hasta el 2 de septiembre de 2011.<\/p>\n        <div class=\"post-grid-content-footer\">\n                            admin,\n                        22 junio, 2011        <\/div>\n    <\/div>\n<\/article>\n\n        <\/div>\n        \n        <div class=\"col-md-4\" data-os-animation=\"none\" data-os-animation-delay=\"0s\">\n\n        <article id=\"post-214\" class=\"post-grid element-bottom-20 text-left\">\n        <div class=\"post-grid-content\">\n        <h3 class=\"post-grid-content-title\">\n            <a href=\"https:\/\/laser.usal.es\/posgrado\/2011\/05\/25\/cursoraman\/\">\n                Curso sobre espectroscopia Raman            <\/a>\n        <\/h3>\n        <p>La Universidad Complutense de Madrid organiza un curso de verano sobre espectroscopia Raman. Del 11 al 15 de julio en El Escorial.<\/p>\n        <div class=\"post-grid-content-footer\">\n                            admin,\n                        25 mayo, 2011        <\/div>\n    <\/div>\n<\/article>\n\n        <\/div>\n        \n        <div class=\"col-md-4\" data-os-animation=\"none\" data-os-animation-delay=\"0s\">\n\n        <article id=\"post-212\" class=\"post-grid element-bottom-20 text-left\">\n        <div class=\"post-grid-content\">\n        <h3 class=\"post-grid-content-title\">\n            <a href=\"https:\/\/laser.usal.es\/posgrado\/2011\/04\/27\/masterucm\/\">\n                M\u00e1ster en tecnolog\u00edas \u00f3pticas y de la imagen            <\/a>\n        <\/h3>\n        <p>La Escuela Universitaria de \u00d3ptica de la Universidad Complutense de Madrid organiza un m\u00e1ster en tecnolog\u00edas \u00f3pticas y de la imagen.<\/p>\n        <div class=\"post-grid-content-footer\">\n                            admin,\n                        27 abril, 2011        <\/div>\n    <\/div>\n<\/article>\n\n        <\/div>\n        \n        <div class=\"col-md-4\" data-os-animation=\"none\" data-os-animation-delay=\"0s\">\n\n        <article id=\"post-201\" class=\"post-grid element-bottom-20 text-left\">\n        <div class=\"post-grid-content\">\n        <h3 class=\"post-grid-content-title\">\n            <a href=\"https:\/\/laser.usal.es\/posgrado\/2011\/03\/28\/mastervision\/\">\n                M\u00e1ster en visi\u00f3n artificial            <\/a>\n        <\/h3>\n        <p>M\u00e1ster Oficial en Visi\u00f3n Artificial en la Universidad Rey Juan Carlos.<\/p>\n        <div class=\"post-grid-content-footer\">\n                            admin,\n                        28 marzo, 2011        <\/div>\n    <\/div>\n<\/article>\n\n        <\/div>\n        \n        <div class=\"col-md-4\" data-os-animation=\"none\" data-os-animation-delay=\"0s\">\n\n        <article id=\"post-191\" class=\"post-grid element-bottom-20 text-left\">\n        <div class=\"post-grid-content\">\n        <h3 class=\"post-grid-content-title\">\n            <a href=\"https:\/\/laser.usal.es\/posgrado\/2011\/03\/02\/cursocolor\/\">\n                Curso sobre el color            <\/a>\n        <\/h3>\n        <p>Curso en la Universidad de Sevilla: El color: Fundamentos y aplicaciones. Del 11 al 15 de abril de 2011.<\/p>\n        <div class=\"post-grid-content-footer\">\n                            admin,\n                        2 marzo, 2011        <\/div>\n    <\/div>\n<\/article>\n\n        <\/div>\n        \n        <div class=\"col-md-4\" data-os-animation=\"none\" data-os-animation-delay=\"0s\">\n\n        <article id=\"post-163\" class=\"post-grid element-bottom-20 text-left\">\n        <div class=\"post-grid-content\">\n        <h3 class=\"post-grid-content-title\">\n            <a href=\"https:\/\/laser.usal.es\/posgrado\/2011\/01\/18\/laserlab-workshop-4\/\">\n                Laser Plasma Interactions            <\/a>\n        <\/h3>\n        <p>Summer School in Physics. Laser Plasma Interactions and Applications \u00a0 Glasgow, 14 al 27 de agosto de 2011. Pueden solicitarse becas hasta el 28 de febrero.<\/p>\n        <div class=\"post-grid-content-footer\">\n                            admin,\n                        18 enero, 2011        <\/div>\n    <\/div>\n<\/article>\n\n        <\/div>\n        \n        <div class=\"col-md-4\" data-os-animation=\"none\" data-os-animation-delay=\"0s\">\n\n        <article id=\"post-93\" class=\"post-grid element-bottom-20 text-left\">\n        <div class=\"post-grid-content\">\n        <h3 class=\"post-grid-content-title\">\n            <a href=\"https:\/\/laser.usal.es\/posgrado\/2010\/11\/17\/laserlab-workshop-2\/\">\n                USIL Intensive Program            <\/a>\n        <\/h3>\n        <p>Intensive Program. Ultrashort and Intense Laser Technology and Metrology. \u00a0 Burdeos, 29 de noviembre al 10 de diciembre de 2010.<\/p>\n        <div class=\"post-grid-content-footer\">\n                            admin,\n                        17 noviembre, 2010        <\/div>\n    <\/div>\n<\/article>\n\n        <\/div>\n        \n        <div class=\"col-md-4\" data-os-animation=\"none\" data-os-animation-delay=\"0s\">\n\n        <article id=\"post-94\" class=\"post-grid element-bottom-20 text-left\">\n        <div class=\"post-grid-content\">\n        <h3 class=\"post-grid-content-title\">\n            <a href=\"https:\/\/laser.usal.es\/posgrado\/2010\/11\/10\/laserlab-workshop-3\/\">\n                LaserLab user training workshop            <\/a>\n        <\/h3>\n        <p>LaserLab user training workshop. Salamanca, 7 y 8 de noviembre 2010.<\/p>\n        <div class=\"post-grid-content-footer\">\n                            admin,\n                        10 noviembre, 2010        <\/div>\n    <\/div>\n<\/article>\n\n        <\/div>\n        \n        <div class=\"col-md-4\" data-os-animation=\"none\" data-os-animation-delay=\"0s\">\n\n        <article id=\"post-92\" class=\"post-grid element-bottom-20 text-left\">\n        <div class=\"post-grid-content\">\n        <h3 class=\"post-grid-content-title\">\n            <a href=\"https:\/\/laser.usal.es\/posgrado\/2010\/11\/10\/laserlab-workshop\/\">\n                Latin LaserLab            <\/a>\n        <\/h3>\n        <p>Latin LaserLab.\u00a0 Salamanca, 11 de noviembre 2010.<\/p>\n        <div class=\"post-grid-content-footer\">\n                            admin,\n                        10 noviembre, 2010        <\/div>\n    <\/div>\n<\/article>\n\n        <\/div>\n        \n        <div class=\"col-md-4\" data-os-animation=\"none\" data-os-animation-delay=\"0s\">\n\n        <article id=\"post-91\" class=\"post-grid element-bottom-20 text-left\">\n        <div class=\"post-grid-content\">\n        <h3 class=\"post-grid-content-title\">\n            <a href=\"https:\/\/laser.usal.es\/posgrado\/2010\/11\/10\/master-espectroscopia\/\">\n                Master en espectroscopia            <\/a>\n        <\/h3>\n        <p>European Master in Advanced Spectroscopy in Chemistry<\/p>\n        <div class=\"post-grid-content-footer\">\n                            admin,\n                        10 noviembre, 2010        <\/div>\n    <\/div>\n<\/article>\n\n        <\/div>\n        \n        <div class=\"col-md-4\" data-os-animation=\"none\" data-os-animation-delay=\"0s\">\n\n        <article id=\"post-75\" class=\"post-grid element-bottom-20 text-left\">\n        <div class=\"post-grid-content\">\n        <h3 class=\"post-grid-content-title\">\n            <a href=\"https:\/\/laser.usal.es\/posgrado\/2010\/11\/05\/becas-cursos\/\">\n                Cursos            <\/a>\n        <\/h3>\n        <p>En esta secci\u00f3n informaremos sobre cursos y m\u00e1steres que pueden ser interesantes para nuestros alumnos y ex-alumnos.<\/p>\n        <div class=\"post-grid-content-footer\">\n                            admin,\n                        5 noviembre, 2010        <\/div>\n    <\/div>\n<\/article>\n\n        <\/div>\n        <\/div>\n<\/div>        <\/div>\n    <\/div>\n<\/section>\n\n","protected":false},"excerpt":{"rendered":"Workshop acerca de c\u00f3mo crear una PYME relacionada con la fot\u00f3nica. \u00a0 Cartagena,23 de Junio de 2013.","protected":false},"author":1,"featured_media":0,"parent":809,"menu_order":3,"comment_status":"closed","ping_status":"closed","template":"","meta":{"_monsterinsights_skip_tracking":false,"_monsterinsights_sitenote_active":false,"_monsterinsights_sitenote_note":"","_monsterinsights_sitenote_category":0,"footnotes":""},"class_list":["post-1206","page","type-page","status-publish","hentry"],"_links":{"self":[{"href":"https:\/\/laser.usal.es\/posgrado\/wp-json\/wp\/v2\/pages\/1206","targetHints":{"allow":["GET"]}}],"collection":[{"href":"https:\/\/laser.usal.es\/posgrado\/wp-json\/wp\/v2\/pages"}],"about":[{"href":"https:\/\/laser.usal.es\/posgrado\/wp-json\/wp\/v2\/types\/page"}],"author":[{"embeddable":true,"href":"https:\/\/laser.usal.es\/posgrado\/wp-json\/wp\/v2\/users\/1"}],"replies":[{"embeddable":true,"href":"https:\/\/laser.usal.es\/posgrado\/wp-json\/wp\/v2\/comments?post=1206"}],"version-history":[{"count":2,"href":"https:\/\/laser.usal.es\/posgrado\/wp-json\/wp\/v2\/pages\/1206\/revisions"}],"predecessor-version":[{"id":1857,"href":"https:\/\/laser.usal.es\/posgrado\/wp-json\/wp\/v2\/pages\/1206\/revisions\/1857"}],"up":[{"embeddable":true,"href":"https:\/\/laser.usal.es\/posgrado\/wp-json\/wp\/v2\/pages\/809"}],"wp:attachment":[{"href":"https:\/\/laser.usal.es\/posgrado\/wp-json\/wp\/v2\/media?parent=1206"}],"curies":[{"name":"wp","href":"https:\/\/api.w.org\/{rel}","templated":true}]}}