{"id":2144,"date":"2019-03-05T18:18:17","date_gmt":"2019-03-05T18:18:17","guid":{"rendered":"http:\/\/laser.usal.es\/posgrado\/?page_id=2144"},"modified":"2019-03-05T18:28:00","modified_gmt":"2019-03-05T18:28:00","slug":"concurso-2015","status":"publish","type":"page","link":"https:\/\/laser.usal.es\/posgrado\/concurso-fotografia\/concurso-2015\/","title":{"rendered":"Concurso de Fotograf\u00eda 2015"},"content":{"rendered":"<h3 style=\"text-align: center;\"><strong>Concurso de Fotograf\u00eda M\u00e1ster en F\u00edsica y Tecnolog\u00eda de los L\u00e1seres 2015<\/strong><\/h3>\n<p style=\"text-align: center;\">Fotograf\u00eda premiada: Javier Rodr\u00edguez V\u00e1zquez de Aldana<\/p>\n<p><img decoding=\"async\" class=\"wp-image-2145 aligncenter lazyload\" data-src=\"https:\/\/laser.usal.es\/posgrado\/wp-content\/uploads\/2019\/03\/PrimerPremio2015-300x224.png\" alt=\"\" width=\"404\" height=\"302\" data-srcset=\"https:\/\/laser.usal.es\/posgrado\/wp-content\/uploads\/2019\/03\/PrimerPremio2015-300x224.png 300w, https:\/\/laser.usal.es\/posgrado\/wp-content\/uploads\/2019\/03\/PrimerPremio2015-768x574.png 768w, https:\/\/laser.usal.es\/posgrado\/wp-content\/uploads\/2019\/03\/PrimerPremio2015-1024x766.png 1024w, https:\/\/laser.usal.es\/posgrado\/wp-content\/uploads\/2019\/03\/PrimerPremio2015-800x600.png 800w, https:\/\/laser.usal.es\/posgrado\/wp-content\/uploads\/2019\/03\/PrimerPremio2015.png 1640w\" data-sizes=\"(max-width: 404px) 100vw, 404px\" src=\"data:image\/svg+xml;base64,PHN2ZyB3aWR0aD0iMSIgaGVpZ2h0PSIxIiB4bWxucz0iaHR0cDovL3d3dy53My5vcmcvMjAwMC9zdmciPjwvc3ZnPg==\" style=\"--smush-placeholder-width: 404px; --smush-placeholder-aspect-ratio: 404\/302;\" \/><\/p>\n","protected":false},"excerpt":{"rendered":"<p>Concurso de Fotograf\u00eda M\u00e1ster en F\u00edsica y Tecnolog\u00eda de los L\u00e1seres 2015 Fotograf\u00eda premiada: Javier Rodr\u00edguez V\u00e1zquez de Aldana<\/p>\n","protected":false},"author":1,"featured_media":0,"parent":2141,"menu_order":0,"comment_status":"closed","ping_status":"closed","template":"","meta":{"_monsterinsights_skip_tracking":false,"_monsterinsights_sitenote_active":false,"_monsterinsights_sitenote_note":"","_monsterinsights_sitenote_category":0,"footnotes":""},"class_list":["post-2144","page","type-page","status-publish","hentry"],"_links":{"self":[{"href":"https:\/\/laser.usal.es\/posgrado\/wp-json\/wp\/v2\/pages\/2144","targetHints":{"allow":["GET"]}}],"collection":[{"href":"https:\/\/laser.usal.es\/posgrado\/wp-json\/wp\/v2\/pages"}],"about":[{"href":"https:\/\/laser.usal.es\/posgrado\/wp-json\/wp\/v2\/types\/page"}],"author":[{"embeddable":true,"href":"https:\/\/laser.usal.es\/posgrado\/wp-json\/wp\/v2\/users\/1"}],"replies":[{"embeddable":true,"href":"https:\/\/laser.usal.es\/posgrado\/wp-json\/wp\/v2\/comments?post=2144"}],"version-history":[{"count":2,"href":"https:\/\/laser.usal.es\/posgrado\/wp-json\/wp\/v2\/pages\/2144\/revisions"}],"predecessor-version":[{"id":2152,"href":"https:\/\/laser.usal.es\/posgrado\/wp-json\/wp\/v2\/pages\/2144\/revisions\/2152"}],"up":[{"embeddable":true,"href":"https:\/\/laser.usal.es\/posgrado\/wp-json\/wp\/v2\/pages\/2141"}],"wp:attachment":[{"href":"https:\/\/laser.usal.es\/posgrado\/wp-json\/wp\/v2\/media?parent=2144"}],"curies":[{"name":"wp","href":"https:\/\/api.w.org\/{rel}","templated":true}]}}