{"id":2147,"date":"2019-03-05T18:19:23","date_gmt":"2019-03-05T18:19:23","guid":{"rendered":"http:\/\/laser.usal.es\/posgrado\/?page_id=2147"},"modified":"2019-03-05T18:28:28","modified_gmt":"2019-03-05T18:28:28","slug":"concurso-2016","status":"publish","type":"page","link":"https:\/\/laser.usal.es\/posgrado\/concurso-fotografia\/concurso-2016\/","title":{"rendered":"Concurso de Fotograf\u00eda 2016"},"content":{"rendered":"<h3 style=\"text-align: center;\"><strong>Concurso de Fotograf\u00eda M\u00e1ster en F\u00edsica y Tecnolog\u00eda de los L\u00e1seres 2016<\/strong><\/h3>\n<p style=\"text-align: center;\">Fotograf\u00eda premiada: Roberto Herreras Bab\u00f3n<\/p>\n<p><img decoding=\"async\" class=\"wp-image-2148 aligncenter lazyload\" data-src=\"https:\/\/laser.usal.es\/posgrado\/wp-content\/uploads\/2019\/03\/PrimerPremio2016-300x202.png\" alt=\"\" width=\"469\" height=\"316\" data-srcset=\"https:\/\/laser.usal.es\/posgrado\/wp-content\/uploads\/2019\/03\/PrimerPremio2016-300x202.png 300w, https:\/\/laser.usal.es\/posgrado\/wp-content\/uploads\/2019\/03\/PrimerPremio2016-768x517.png 768w, https:\/\/laser.usal.es\/posgrado\/wp-content\/uploads\/2019\/03\/PrimerPremio2016-1024x689.png 1024w, https:\/\/laser.usal.es\/posgrado\/wp-content\/uploads\/2019\/03\/PrimerPremio2016.png 1846w\" data-sizes=\"(max-width: 469px) 100vw, 469px\" src=\"data:image\/svg+xml;base64,PHN2ZyB3aWR0aD0iMSIgaGVpZ2h0PSIxIiB4bWxucz0iaHR0cDovL3d3dy53My5vcmcvMjAwMC9zdmciPjwvc3ZnPg==\" style=\"--smush-placeholder-width: 469px; --smush-placeholder-aspect-ratio: 469\/316;\" \/><\/p>\n","protected":false},"excerpt":{"rendered":"<p>Concurso de Fotograf\u00eda M\u00e1ster en F\u00edsica y Tecnolog\u00eda de los L\u00e1seres 2016 Fotograf\u00eda premiada: Roberto Herreras Bab\u00f3n<\/p>\n","protected":false},"author":1,"featured_media":0,"parent":2141,"menu_order":0,"comment_status":"closed","ping_status":"closed","template":"","meta":{"_monsterinsights_skip_tracking":false,"_monsterinsights_sitenote_active":false,"_monsterinsights_sitenote_note":"","_monsterinsights_sitenote_category":0,"footnotes":""},"class_list":["post-2147","page","type-page","status-publish","hentry"],"_links":{"self":[{"href":"https:\/\/laser.usal.es\/posgrado\/wp-json\/wp\/v2\/pages\/2147","targetHints":{"allow":["GET"]}}],"collection":[{"href":"https:\/\/laser.usal.es\/posgrado\/wp-json\/wp\/v2\/pages"}],"about":[{"href":"https:\/\/laser.usal.es\/posgrado\/wp-json\/wp\/v2\/types\/page"}],"author":[{"embeddable":true,"href":"https:\/\/laser.usal.es\/posgrado\/wp-json\/wp\/v2\/users\/1"}],"replies":[{"embeddable":true,"href":"https:\/\/laser.usal.es\/posgrado\/wp-json\/wp\/v2\/comments?post=2147"}],"version-history":[{"count":2,"href":"https:\/\/laser.usal.es\/posgrado\/wp-json\/wp\/v2\/pages\/2147\/revisions"}],"predecessor-version":[{"id":2153,"href":"https:\/\/laser.usal.es\/posgrado\/wp-json\/wp\/v2\/pages\/2147\/revisions\/2153"}],"up":[{"embeddable":true,"href":"https:\/\/laser.usal.es\/posgrado\/wp-json\/wp\/v2\/pages\/2141"}],"wp:attachment":[{"href":"https:\/\/laser.usal.es\/posgrado\/wp-json\/wp\/v2\/media?parent=2147"}],"curies":[{"name":"wp","href":"https:\/\/api.w.org\/{rel}","templated":true}]}}