{"id":24,"date":"2010-10-15T16:35:24","date_gmt":"2010-10-15T16:35:24","guid":{"rendered":"http:\/\/laser.usal.es\/posgrado\/2010\/10\/15\/inscripcion-y-matricula\/"},"modified":"2022-03-10T11:31:37","modified_gmt":"2022-03-10T11:31:37","slug":"inscripcion-y-matricula","status":"publish","type":"page","link":"https:\/\/laser.usal.es\/posgrado\/estudios-de-master\/inscripcion-y-matricula\/","title":{"rendered":"Admisi\u00f3n y Matr\u00edcula"},"content":{"rendered":"<section class=\"section  text-normal section-text-no-shadow section-inner-no-shadow section-normal section-opaque\"  >\n    \n    <div class=\"background-overlay grid-overlay-0 \" style=\"background-color: rgba(0,0,0,0);\"><\/div>\n\n    <div class=\"container container-vertical-default\">\n        <div class=\"row vertical-default\">\n            <div class=\"col-md-12     text-default small-screen-default\"  ><div class=\"divider-wrapper \" style=\"visibility:hidden;background-color:#FFFFFF\">\n    <div class=\"visible-xs\" style=\"height:24px;\"><\/div>\n    <div class=\"visible-sm\" style=\"height:24px;\"><\/div>\n    <div class=\"visible-md\" style=\"height:24px;\"><\/div>\n    <div class=\"visible-lg\" style=\"height:24px;\"><\/div>\n<\/div><div class=\"col-text-1 text-normal  element-top-20 element-bottom-20\" data-os-animation=\"none\" data-os-animation-delay=\"0s\">\n    <ul>\n<li>\n<h2><strong>Perfil de ingreso recomendado<\/strong><\/h2>\n<\/li>\n<\/ul>\n<p>De acuerdo con los objetivos del t\u00edtulo, y para garantizar que los estudiantes est\u00e1n en condiciones de adquirir las competencias previstas, el <strong>perfil de ingreso recomendado y previsto<\/strong> es el de\u00a0graduados recientes de las titulaciones de F\u00edsica e Ingenier\u00eda F\u00edsica, as\u00ed como graduados en Qu\u00edmica, en Optometr\u00eda y diversas ramas de ingenier\u00eda (de telecomunicaciones, electr\u00f3nica, de materiales) y otras titulaciones afines, con conocimientos previos de \u00f3ptica. A la vista del curriculum de los candidatos, la Comisi\u00f3n Acad\u00e9mica requerir\u00e1 la obligatoriedad de cursar los Complementos de formaci\u00f3n del t\u00edtulo.<\/p>\n<p style=\"text-align: justify;\">Adem\u00e1s, se requerir\u00e1 un conocimiento previo de ingl\u00e9s cient\u00edfico (nivel B1 o similar) y, en el caso de estudiantes procedentes de pa\u00edses no hispanohablantes, de espa\u00f1ol (nivel B1 o similar).<\/p>\n<ul>\n<li>\n<h2><strong>Per\u00edodos de preinscripci\u00f3n y matr\u00edcula<\/strong><\/h2>\n<\/li>\n<\/ul>\n<p style=\"text-align: justify;\">Los per\u00edodos de preinscripci\u00f3n y matr\u00edcula son los que marcan las universidades implicadas. En ambas universidades el proceso de preinscripci\u00f3n y matr\u00edcula se realiza telem\u00e1ticamente.<\/p>\n<p style=\"text-align: justify;\">El calendario de tr\u00e1mites administrativos y toda la informaci\u00f3n relativa a la preinscripci\u00f3n y matr\u00edcula del M\u00e1ster en la <span style=\"color: #993300;\"><strong>Universidad de Salamanca<\/strong><\/span> se puede consultar en <a href=\"http:\/\/www.usal.es\/preinscripcion-masteres\"><strong>este enlace<\/strong><\/a>.<strong> Recomendamos solicitar la preinscripci\u00f3n lo antes posible porque el n\u00famero de plazas en el m\u00e1ster es limitado<\/strong>. Aquellas solicitudes de preinscripci\u00f3n fuera de plazo podr\u00e1n tenerse en cuenta siempre que existan plazas vacantes. Para la preinscripci\u00f3n se entregar\u00e1 toda la documentaci\u00f3n disponible en el momento. La documentaci\u00f3n que no se tenga disponible en el momento de solicitar la preinscripci\u00f3n (como el t\u00edtulo de grado, por ejemplo) deber\u00e1 entregarse una vez se tenga para poder ser definitivamente admitidos en el m\u00e1ster y proceder a la matr\u00edcula en el mismo.<\/p>\n<p style=\"text-align: justify;\">El calendario de tr\u00e1mites administrativos y toda la informaci\u00f3n relativa a la preinscripci\u00f3n y matr\u00edcula del M\u00e1ster en la <span style=\"color: #993300;\"><strong>Universidad de Valladolid<\/strong><\/span> se puede consultar en <a href=\"https:\/\/www.uva.es\/export\/sites\/uva\/2.estudios\/2.04.master\/2.03.02.acceso\/index.html\"><strong>este enlace<\/strong><\/a>. Igualmente, r<strong>ecomendamos solicitar la preinscripci\u00f3n lo antes posible porque el n\u00famero de plazas en el m\u00e1ster es limitado. <\/strong>Aquellas solicitudes de preinscripci\u00f3n fuera de plazo podr\u00e1n tenerse en cuenta siempre que existan plazas vacantes. Con la preinscripci\u00f3n se entregar\u00e1 toda la documentaci\u00f3n disponible en el momento.<\/p>\n<ul>\n<li>\n<h2><strong>Requisitos de acceso<\/strong><\/h2>\n<\/li>\n<\/ul>\n<p style=\"text-align: justify;\">Los requisitos de acceso generales son muy similares para cualquiera de las dos Universidades. Los establecidos por la <span style=\"color: #993300;\"><strong>Universidad de Salamanca<\/strong><\/span> se pueden consultar en <a href=\"http:\/\/www.usal.es\/preinscripcion-masteres\"><strong>este enlace<\/strong><\/a>, mientras que los establecidos por la <span style=\"color: #993300;\"><strong>Universidad de Valladolid<\/strong><\/span> se pueden consultar en <a href=\"http:\/\/www.uva.es\/export\/sites\/uva\/2.docencia\/2.02.mastersoficiales\/2.02.03.accesoypreinscripcion\/2.02.03.02.resto\/index.html\"><strong>este otro enlace<\/strong><\/a>.<\/p>\n<p style=\"text-align: justify;\">En particular, el <strong>tr\u00e1mite de la evaluaci\u00f3n del expediente del t\u00edtulo <\/strong>es obligatorio para todos los alumnos con t\u00edtulos de educaci\u00f3n superior ajenos al Espacio Europeo de Educaci\u00f3n Superior sin homologar. Es independiente de la presentaci\u00f3n de la preinscripci\u00f3n o admisi\u00f3n al M\u00e1ster Universitario y por tanto un alumno puede ser admitido al M\u00e1ster, pero si no ha tramitado su evaluaci\u00f3n ante la Universidad o su homologaci\u00f3n ante el Ministerio de Educaci\u00f3n espa\u00f1ol, no podr\u00e1 formalizar su matr\u00edcula.<\/p>\n<ul>\n<li>\n<h2><strong>Documentaci\u00f3n para el acceso<\/strong><\/h2>\n<\/li>\n<\/ul>\n<p style=\"text-align: justify;\">La documentaci\u00f3n exigida para el acceso y la admisi\u00f3n a las ense\u00f1anzas oficiales del M\u00e1ster es de dos tipos: por un lado, la que anualmente establezca las universidades implicadas (la de la <span style=\"color: #993300;\"><strong>Universidad de Salamanca<\/strong><\/span> se puede consultar en <a href=\"https:\/\/www.usal.es\/master-fisica-y-tecnologia-de-los-laseres\/criteriosadmin\"><strong>este enlace<\/strong><\/a> y la de la <span style=\"color: #993300;\"><strong>Universidad de Valladolid<\/strong><\/span> en <a href=\"https:\/\/www.uva.es\/export\/sites\/uva\/2.estudios\/2.04.master\/2.03.01.oferta\/estudio\/Master-en-Fisica-y-Tecnologia-de-los-Laseres-00002\/\" target=\"_blank\" rel=\"noopener\"><strong>este otro enlace<\/strong><\/a>). Por otro, tambien es necesario presentar la documentaci\u00f3n <span style=\"text-decoration: underline;\">espec\u00edfica requerida por la Comisi\u00f3n Acad\u00e9mica del t\u00edtulo<\/span>, que puede consultarse <strong><a href=\"https:\/\/www.usal.es\/acceso-preinscripcion-y-matricula-en-masteres-universitarios-curso-2022-23\" target=\"_blank\" rel=\"noopener\">en este enlace<\/a><\/strong>.<\/p>\n<p style=\"text-align: justify;\">Adem\u00e1s, los estudiantes que procedan de pa\u00edses con una lengua oficial distinta al espa\u00f1ol deber\u00e1n demostrar un conocimiento suficiente del espa\u00f1ol, ya sea documentalmente, a trav\u00e9s de una entrevista personal o de cualquier otro instrumento que la Comisi\u00f3n Acad\u00e9mica del T\u00edtulo estime pertinente.<\/p>\n<ul>\n<li>\n<h2><strong>Continuaci\u00f3n de estudios<br \/>\n<\/strong><\/h2>\n<\/li>\n<\/ul>\n<p style=\"text-align: justify;\">Una vez concluido el m\u00e1ster cabe la posibilidad de continuar los estudios dentro de un programa de Doctorado. En la Universidad de Salamanca existe un Programa de Doctorado de F\u00edsica Aplicada y Tecnolog\u00eda que es la contuaci\u00f3n l\u00f3gica para un egresado de nuestro m\u00e1ster. Toda la informaci\u00f3n sobre el acceso a este doctorado se puede encontrar en el siguiente<a href=\"https:\/\/doctorado.usal.es\/es\/doctorado\/f%C3%ADsica-aplicada-y-tecnolog%C3%ADa\"><strong> enlace<\/strong><\/a>.<\/p>\n<\/div>\n<\/div>        <\/div>\n    <\/div>\n<\/section>\n\n","protected":false},"excerpt":{"rendered":"Perfil de ingreso recomendado De acuerdo con los objetivos del t\u00edtulo, y para garantizar que los estudiantes est\u00e1n en condiciones de adquirir las competencias previstas, el perfil de ingreso recomendado y previsto es el de\u00a0graduados recientes de las titulaciones de F\u00edsica e Ingenier\u00eda F\u00edsica, as\u00ed como graduados en Qu\u00edmica, en Optometr\u00eda y diversas ramas de","protected":false},"author":1,"featured_media":0,"parent":795,"menu_order":2,"comment_status":"open","ping_status":"closed","template":"","meta":{"_monsterinsights_skip_tracking":false,"_monsterinsights_sitenote_active":false,"_monsterinsights_sitenote_note":"","_monsterinsights_sitenote_category":0,"footnotes":""},"class_list":["post-24","page","type-page","status-publish","hentry"],"_links":{"self":[{"href":"https:\/\/laser.usal.es\/posgrado\/wp-json\/wp\/v2\/pages\/24","targetHints":{"allow":["GET"]}}],"collection":[{"href":"https:\/\/laser.usal.es\/posgrado\/wp-json\/wp\/v2\/pages"}],"about":[{"href":"https:\/\/laser.usal.es\/posgrado\/wp-json\/wp\/v2\/types\/page"}],"author":[{"embeddable":true,"href":"https:\/\/laser.usal.es\/posgrado\/wp-json\/wp\/v2\/users\/1"}],"replies":[{"embeddable":true,"href":"https:\/\/laser.usal.es\/posgrado\/wp-json\/wp\/v2\/comments?post=24"}],"version-history":[{"count":13,"href":"https:\/\/laser.usal.es\/posgrado\/wp-json\/wp\/v2\/pages\/24\/revisions"}],"predecessor-version":[{"id":2486,"href":"https:\/\/laser.usal.es\/posgrado\/wp-json\/wp\/v2\/pages\/24\/revisions\/2486"}],"up":[{"embeddable":true,"href":"https:\/\/laser.usal.es\/posgrado\/wp-json\/wp\/v2\/pages\/795"}],"wp:attachment":[{"href":"https:\/\/laser.usal.es\/posgrado\/wp-json\/wp\/v2\/media?parent=24"}],"curies":[{"name":"wp","href":"https:\/\/api.w.org\/{rel}","templated":true}]}}