{"id":293,"date":"2012-03-12T10:35:41","date_gmt":"2012-03-12T10:35:41","guid":{"rendered":"http:\/\/laser.usal.es\/posgrado\/2012\/03\/12\/luztiempo\/"},"modified":"2018-01-26T12:13:25","modified_gmt":"2018-01-26T12:13:25","slug":"luztiempo","status":"publish","type":"page","link":"https:\/\/laser.usal.es\/posgrado\/descargas\/luztiempo\/","title":{"rendered":"Libro \u00abEl l\u00e1ser, la luz de nuestro tiempo\u00bb"},"content":{"rendered":"<section class=\"section  text-normal section-text-no-shadow section-inner-no-shadow section-normal section-opaque\"  >\n    \n    <div class=\"background-overlay grid-overlay-0 \" style=\"background-color: rgba(0,0,0,0);\"><\/div>\n\n    <div class=\"container container-vertical-default\">\n        <div class=\"row vertical-default\">\n            <div class=\"col-md-4     text-default small-screen-default\"  ><div class=\"figure element-top-20 element-bottom-20   os-animation\" data-os-animation=\"fadeIn\" data-os-animation-delay=\"0.6s\">\n            <a href=\"https:\/\/laser.usal.es\/posgrado\/wp-content\/uploads\/2012\/03\/El_laser.pdf\" class=\"figure-image \" target=\"_self\">\n        <img decoding=\"async\" width=\"878\" height=\"1236\" src=\"https:\/\/laser.usal.es\/posgrado\/wp-content\/uploads\/2012\/03\/libro laser portada.jpg\" class=\"attachment-full size-full\" alt=\"\" srcset=\"https:\/\/laser.usal.es\/posgrado\/wp-content\/uploads\/2012\/03\/libro%20laser%20portada.jpg 878w, https:\/\/laser.usal.es\/posgrado\/wp-content\/uploads\/2012\/03\/libro%20laser%20portada-213x300.jpg 213w, https:\/\/laser.usal.es\/posgrado\/wp-content\/uploads\/2012\/03\/libro%20laser%20portada-768x1081.jpg 768w, https:\/\/laser.usal.es\/posgrado\/wp-content\/uploads\/2012\/03\/libro%20laser%20portada-727x1024.jpg 727w\" sizes=\"(max-width: 878px) 100vw, 878px\" \/>            <\/a>\n    <\/div>\n<\/div><div class=\"col-md-8     text-default small-screen-default\"  ><div class=\"col-text-1 text-normal  element-top-20 element-bottom-20 os-animation\" data-os-animation=\"fadeIn\" data-os-animation-delay=\"0.6s\">\n    <h3><a href=\"https:\/\/laser.usal.es\/posgrado\/wp-content\/uploads\/2012\/03\/El_laser.pdf\"><strong>El l\u00e1ser, la luz de nuestro tiempo<\/strong><\/a>, es un libro divulgativo editado por nuestros estudiantes de doctorado de <a href=\"https:\/\/laser.usal.es\/posgrado\/2010\/10\/15\/osal\/\"><strong>OSAL<\/strong><\/a> en el a\u00f1o 2010, con motivo del cincuentenario del l\u00e1ser.<\/h3>\n<\/div>\n<\/div>        <\/div>\n    <\/div>\n<\/section>\n\n","protected":false},"excerpt":{"rendered":"El l\u00e1ser, la luz de nuestro tiempo, es un libro divulgativo editado por nuestros estudiantes de doctorado de OSAL en el a\u00f1o 2010, con motivo del cincuentenario del l\u00e1ser.","protected":false},"author":1,"featured_media":291,"parent":29,"menu_order":1,"comment_status":"open","ping_status":"open","template":"","meta":{"_monsterinsights_skip_tracking":false,"_monsterinsights_sitenote_active":false,"_monsterinsights_sitenote_note":"","_monsterinsights_sitenote_category":0,"footnotes":""},"class_list":["post-293","page","type-page","status-publish","has-post-thumbnail","hentry"],"_links":{"self":[{"href":"https:\/\/laser.usal.es\/posgrado\/wp-json\/wp\/v2\/pages\/293","targetHints":{"allow":["GET"]}}],"collection":[{"href":"https:\/\/laser.usal.es\/posgrado\/wp-json\/wp\/v2\/pages"}],"about":[{"href":"https:\/\/laser.usal.es\/posgrado\/wp-json\/wp\/v2\/types\/page"}],"author":[{"embeddable":true,"href":"https:\/\/laser.usal.es\/posgrado\/wp-json\/wp\/v2\/users\/1"}],"replies":[{"embeddable":true,"href":"https:\/\/laser.usal.es\/posgrado\/wp-json\/wp\/v2\/comments?post=293"}],"version-history":[{"count":5,"href":"https:\/\/laser.usal.es\/posgrado\/wp-json\/wp\/v2\/pages\/293\/revisions"}],"predecessor-version":[{"id":1546,"href":"https:\/\/laser.usal.es\/posgrado\/wp-json\/wp\/v2\/pages\/293\/revisions\/1546"}],"up":[{"embeddable":true,"href":"https:\/\/laser.usal.es\/posgrado\/wp-json\/wp\/v2\/pages\/29"}],"wp:featuredmedia":[{"embeddable":true,"href":"https:\/\/laser.usal.es\/posgrado\/wp-json\/wp\/v2\/media\/291"}],"wp:attachment":[{"href":"https:\/\/laser.usal.es\/posgrado\/wp-json\/wp\/v2\/media?parent=293"}],"curies":[{"name":"wp","href":"https:\/\/api.w.org\/{rel}","templated":true}]}}