{"id":2989,"date":"2026-04-09T15:55:32","date_gmt":"2026-04-09T15:55:32","guid":{"rendered":"https:\/\/laser.usal.es\/posgrado\/?page_id=2989"},"modified":"2026-04-09T15:55:32","modified_gmt":"2026-04-09T15:55:32","slug":"concurso-de-fotografia-dia-de-la-luz-2026","status":"publish","type":"page","link":"https:\/\/laser.usal.es\/posgrado\/concurso-fotografia\/concurso-de-fotografia-dia-de-la-luz-2026\/","title":{"rendered":"Concurso de Fotograf\u00eda D\u00eda de la Luz 2026"},"content":{"rendered":"<section class=\"section  text-normal section-text-no-shadow section-inner-no-shadow section-normal section-opaque\"  >\n    \n    <div class=\"background-overlay grid-overlay-0 \" style=\"background-color: rgba(0,0,0,0);\"><\/div>\n\n    <div class=\"container container-vertical-default\">\n        <div class=\"row vertical-default\">\n            <div class=\"col-md-12     text-default small-screen-default\"  ><div class=\"col-text-1 text-normal  element-top-20 element-bottom-20\" data-os-animation=\"none\" data-os-animation-delay=\"0s\">\n    <p>&nbsp;<\/p>\n<h1 class=\"wp-block-heading\" style=\"text-align: justify;\">BASES DEL VIII CONCURSO FOTOGR\u00c1FICO \u201cD\u00cdA DE LA LUZ\u201d 2026<\/h1>\n<h5 class=\"wp-block-heading\" style=\"text-align: justify;\">Organiza: M\u00e1ster en F\u00edsica y Tecnolog\u00eda de los L\u00e1seres<\/h5>\n<h4 class=\"wp-block-heading\" style=\"text-align: justify;\">Objeto del Certamen:<\/h4>\n<p style=\"text-align: justify;\">Aprovechando que la Organizaci\u00f3n de las Naciones Unidas (ONU) proclam\u00f3 el d\u00eda 16 de mayo como el \u201c<a href=\"https:\/\/diadelaluz.es\/sobre-el-dil\" target=\"_blank\" rel=\"noopener\">D\u00eda Internacional de la Luz y las Tecnolog\u00edas basadas en Luz<\/a>\u201d, y como parte de las actividades de promoci\u00f3n del M\u00e1ster Universitario en F\u00edsica y Tecnolog\u00eda de los L\u00e1seres, se convoca el VI Concurso Fotogr\u00e1fico \u201cD\u00eda de la Luz\u201d. Colaboran: <a href=\"https:\/\/lumes.usal.es\/en\/home\/\">el Centro de Investigaci\u00f3n en Luz y Materia Estructuradas (LUMES),<\/a> la <a href=\"https:\/\/slsalamancarsef.usal.es\/\">Secci\u00f3n Local de Salamanca de la Real Sociedad Espa\u00f1ola de F\u00edsica,<\/a> <a href=\"https:\/\/www.sedoptica.es\/\" target=\"_blank\" rel=\"noopener\">la Sociedad Espa\u00f1ola de \u00d3ptica (SEDOPTICA)<\/a>, la <a href=\"https:\/\/laser.usal.es\/osal\/es\/inicio\/\">Asociaci\u00f3n Universitaria OSAL Student Chapter,<\/a> la <a href=\"https:\/\/supernova.usal.es\/\">Asociaci\u00f3n Universitaria Supernova<\/a> y\u00a0la <a href=\"https:\/\/physicsleague.wordpress.com\/\">Asociaci\u00f3n Universitaria Physics League.\u00a0<\/a><\/p>\n<p style=\"text-align: justify;\"><strong>Bases:<\/strong><\/p>\n<p style=\"text-align: justify;\"><strong><span style=\"color: #008080;\">Art\u00edculo 1.<\/span><\/strong> Se establecen dos categor\u00edas:<br \/>1\u00aa Categor\u00eda: Tecnolog\u00edas de la Luz y Fen\u00f3menos \u00d3pticos.<br \/>2\u00aa Categor\u00eda: El L\u00e1ser.<\/p>\n<p style=\"text-align: justify;\"><strong><span style=\"color: #008080;\">Art\u00edculo 2.<\/span><\/strong> Podr\u00e1n participar estudiantes de Grado, M\u00e1ster o Doctorado, profesorado y miembros de la comunidad universitaria de la Universidad de Salamanca y de la Universidad de Valladolid, que no formen parte del jurado, as\u00ed como egresados del M\u00e1ster en F\u00edsica y Tecnolog\u00eda de los L\u00e1seres.<\/p>\n<p style=\"text-align: justify;\"><strong><span style=\"color: #008080;\">Art\u00edculo 3.<\/span><\/strong> \u00a0Cada participante podr\u00e1 presentar un <strong>m\u00e1ximo de 2 fotograf\u00edas en cada categor\u00eda<\/strong>, sin poder enviar la misma fotograf\u00eda a las dos categor\u00edas. Las fotograf\u00edas deber\u00e1n ajustarse al tema propuesto.<\/p>\n<p style=\"text-align: justify;\"><strong><span style=\"color: #008080;\">Art\u00edculo 4.<\/span><\/strong> \u00a0Las fotograf\u00edas deber\u00e1n ser in\u00e9ditas y enviarse a la direcci\u00f3n de correo electr\u00f3nico: <strong>master.laser@usal.es<\/strong> en un formato digital est\u00e1ndar (jpg, tiff, png, eps o pdf) <strong>antes del 31 de mayo del 2026<\/strong>. En el correo electr\u00f3nico el autor deber\u00e1 indicar sus datos (nombre y apellidos, email y tel\u00e9fono de contacto, procedencia), t\u00edtulo de la imagen, categor\u00eda en la que se participa, y una breve descripci\u00f3n de la imagen (m\u00e1ximo 50 palabras). Se ruega indicar en el asunto del correo: \u00abConcurso Fotogr\u00e1fico D\u00eda de la Luz: Nombre y Apellidos del participante\u00bb.<\/p>\n<p style=\"text-align: justify;\"><strong><span style=\"color: #008080;\">Art\u00edculo 5.<\/span><\/strong> Se otorgar\u00e1n cuatro premios:<\/p>\n<ul class=\"wp-block-list\" style=\"text-align: justify;\">\n<li>Primer premio en la categor\u00eda Tecnolog\u00edas de la Luz y Fen\u00f3menos \u00d3pticos: <strong>200 euros<\/strong>.<\/li>\n<li>Segundo premio en la categor\u00eda Tecnolog\u00edas de la Luz y Fen\u00f3menos \u00d3pticos: <strong>100 euros.<\/strong><\/li>\n<li>Primer premio en la categor\u00eda El L\u00e1ser: <strong>200 euros.<\/strong><\/li>\n<li>Segundo premio en la categor\u00eda El L\u00e1ser: <strong>100 euros.<\/strong><\/li>\n<\/ul>\n<p>No se podr\u00e1 otorgar m\u00e1s de un premio por persona en una misma categor\u00eda. En caso de que ambas contribuciones de una misma persona resulten seleccionadas por el jurado para el primer y segundo premio de una categor\u00eda, se adjudicar\u00e1 \u00fanicamente el premio de mayor jerarqu\u00eda (es decir, el primer premio).<\/p>\n<p style=\"text-align: justify;\">Adem\u00e1s, todos aquellos premiados que sean estudiantes de Grado, M\u00e1ster o Doctorado recibir\u00e1n un a\u00f1o de suscripci\u00f3n gratuita a la Real Sociedad Espa\u00f1ola de F\u00edsica con acceso on-line a la Revista de F\u00edsica.<\/p>\n<p style=\"text-align: justify;\">Se tendr\u00e1 en cuenta la originalidad, al calidad de la imagen y la adecuaci\u00f3n a los temas propuestos.<\/p>\n<p style=\"text-align: justify;\"><strong><span style=\"color: #008080;\">Art\u00edculo 6.<\/span><\/strong> El fallo del Concurso se har\u00e1 p\u00fablico en la p\u00e1gina web del m\u00e1ster en F\u00edsica y Tecnolog\u00eda de los L\u00e1seres (laser.usal.es\/posgrado) antes del 10 de junio de 2025. El jurado contactar\u00e1 por correo electr\u00f3nico con los ganadores del Concurso. Las fotograf\u00edas del certamen se expondr\u00e1n en la p\u00e1gina web del m\u00e1ster, y en la Facultades de Ciencias de las Universidades de Salamanca y de Valladolid.<\/p>\n<p style=\"text-align: justify;\"><strong><span style=\"color: #008080;\">Art\u00edculo 7.<\/span><\/strong> El Jurado del Concurso estar\u00e1 formado por miembros del M\u00e1ster en F\u00edsica y Tecnolog\u00eda de los L\u00e1seres, del Centro de Investigaci\u00f3n LUMES, de la Secci\u00f3n Local de Salamanca de la Real Sociedad Espa\u00f1ola de F\u00edsica, de la Sociedad Espa\u00f1ola de SEDOPTICA, y de las Asociaciones Universitarias OSAL Student Chapter, Supernova y Physics League.\u00a0<\/p>\n<p style=\"text-align: justify;\"><strong><span style=\"color: #008080;\">Art\u00edculo 8.<\/span><\/strong> La participaci\u00f3n en el Concurso implica:<\/p>\n<p style=\"text-align: justify;\">\u2022 Aceptar que las fotograf\u00edas podr\u00e1n ser publicadas en la web, en carteles o folletos informativos del m\u00e1ster.<br \/>\u2022 Aceptar que las fotograf\u00edas podr\u00e1n ser presentadas en futuras exposiciones u otras actividades del m\u00e1ster en F\u00edsica y Tecnolog\u00eda de los L\u00e1seres, siempre que sea sin fines lucrativos.<br \/>\u2022 La organizaci\u00f3n presupone que el autor tiene la autorizaci\u00f3n pertinente de las personas que pudieran aparecer en las fotograf\u00edas presentadas, recayendo sobre el autor toda responsabilidad relacionada con el derecho a la intimidad.<br \/>\u2022 El jurado queda facultado para resolver cualquier contingencia no prevista en estas Bases.<\/p>\n<p style=\"text-align: justify;\"><em>Salamanca, 09 de Abril de 2026<\/em><\/p>\n<p style=\"text-align: justify;\">\u00a0<\/p>\n<p><!-- \/wp:post-content --><\/p>\n<p style=\"text-align: justify;\">\u00a0<\/p>\n<p style=\"text-align: justify;\">\n<\/div>\n<\/div>        <\/div>\n    <\/div>\n<\/section>\n","protected":false},"excerpt":{"rendered":"&nbsp; BASES DEL VIII CONCURSO FOTOGR\u00c1FICO \u201cD\u00cdA DE LA LUZ\u201d 2026 Organiza: M\u00e1ster en F\u00edsica y Tecnolog\u00eda de los L\u00e1seres Objeto del Certamen: Aprovechando que la Organizaci\u00f3n de las Naciones Unidas (ONU) proclam\u00f3 el d\u00eda 16 de mayo como el \u201cD\u00eda Internacional de la Luz y las Tecnolog\u00edas basadas en Luz\u201d, y como parte de","protected":false},"author":1,"featured_media":0,"parent":2141,"menu_order":0,"comment_status":"closed","ping_status":"closed","template":"","meta":{"_monsterinsights_skip_tracking":false,"_monsterinsights_sitenote_active":false,"_monsterinsights_sitenote_note":"","_monsterinsights_sitenote_category":0,"footnotes":""},"class_list":["post-2989","page","type-page","status-publish","hentry"],"_links":{"self":[{"href":"https:\/\/laser.usal.es\/posgrado\/wp-json\/wp\/v2\/pages\/2989","targetHints":{"allow":["GET"]}}],"collection":[{"href":"https:\/\/laser.usal.es\/posgrado\/wp-json\/wp\/v2\/pages"}],"about":[{"href":"https:\/\/laser.usal.es\/posgrado\/wp-json\/wp\/v2\/types\/page"}],"author":[{"embeddable":true,"href":"https:\/\/laser.usal.es\/posgrado\/wp-json\/wp\/v2\/users\/1"}],"replies":[{"embeddable":true,"href":"https:\/\/laser.usal.es\/posgrado\/wp-json\/wp\/v2\/comments?post=2989"}],"version-history":[{"count":2,"href":"https:\/\/laser.usal.es\/posgrado\/wp-json\/wp\/v2\/pages\/2989\/revisions"}],"predecessor-version":[{"id":2991,"href":"https:\/\/laser.usal.es\/posgrado\/wp-json\/wp\/v2\/pages\/2989\/revisions\/2991"}],"up":[{"embeddable":true,"href":"https:\/\/laser.usal.es\/posgrado\/wp-json\/wp\/v2\/pages\/2141"}],"wp:attachment":[{"href":"https:\/\/laser.usal.es\/posgrado\/wp-json\/wp\/v2\/media?parent=2989"}],"curies":[{"name":"wp","href":"https:\/\/api.w.org\/{rel}","templated":true}]}}