{"id":4,"date":"2010-10-14T16:19:10","date_gmt":"2010-10-14T16:19:10","guid":{"rendered":"http:\/\/laser.usal.es\/posgrado\/2010\/10\/14\/presentacion\/"},"modified":"2024-10-15T06:59:50","modified_gmt":"2024-10-15T06:59:50","slug":"presentacion","status":"publish","type":"page","link":"https:\/\/laser.usal.es\/posgrado\/estudios-de-master\/presentacion\/","title":{"rendered":"Presentaci\u00f3n"},"content":{"rendered":"<section class=\"section  text-normal section-text-no-shadow section-inner-no-shadow section-normal section-opaque\"  >\n    \n    <div class=\"background-overlay grid-overlay-0 \" style=\"background-color: rgba(0,0,0,0);\"><\/div>\n\n    <div class=\"container container-vertical-default\">\n        <div class=\"row vertical-default\">\n            <div class=\"col-md-12     text-default small-screen-default\"  ><div class=\"divider-wrapper \" style=\"visibility:hidden;background-color:#FFFFFF\">\n    <div class=\"visible-xs\" style=\"height:24px;\"><\/div>\n    <div class=\"visible-sm\" style=\"height:24px;\"><\/div>\n    <div class=\"visible-md\" style=\"height:24px;\"><\/div>\n    <div class=\"visible-lg\" style=\"height:24px;\"><\/div>\n<\/div><div class=\"col-text-1 text-normal  element-top-20 element-bottom-20\" data-os-animation=\"none\" data-os-animation-delay=\"0s\">\n    <p>El m\u00e1ster de F\u00edsica y tecnolog\u00eda de los l\u00e1seres es un t\u00edtulo ofertado por las universidades de <a href=\"https:\/\/www.usal.es\/master-fisica-y-tecnologia-de-los-laseres\">Salamanca (USAL)<\/a> y de <a href=\"https:\/\/www.uva.es\/export\/sites\/uva\/2.estudios\/2.04.master\/2.03.01.oferta\/estudio\/Master-en-Fisica-y-Tecnologia-de-los-Laseres-00002\/\">Valladolid (UVa)<\/a>.<\/p>\n<p style=\"text-align: justify;\">El m\u00e1ster est\u00e1 orientado a la formaci\u00f3n de especialistas en l\u00e1seres en general, pero con especial atenci\u00f3n al campo de alta potencia y pulsos ultracortos. Aunque se trata de una formaci\u00f3n con enfoque eminentemente pr\u00e1ctico, incluye tambi\u00e9n una importante componente formativa sobre los fundamentos te\u00f3ricos de la \u00f3ptica aplicada. El alumno especializado en el m\u00e1ster podr\u00e1 optar por una trayectoria cient\u00edfica realizando su Tesis Doctoral en alguno de los grupos de investigaci\u00f3n en los que est\u00e1n integrados los profesores del m\u00e1ster, hacerlo en otros grupos de investigaci\u00f3n, o continuar su trayectoria profesional en centros o empresas relacionados con la \u00f3ptica y los l\u00e1seres.<\/p>\n<p style=\"text-align: justify;\">El m\u00e1ster tiene 60 cr\u00e9ditos ECTS y se imparte a lo largo de un curso acad\u00e9mico, entre septiembre y julio. Consta de un primer bloque de materias de car\u00e1cter introductorio y general y un segundo bloque de materias avanzadas, algunas de ellas optativas. En funci\u00f3n de su formaci\u00f3n previa, algunos estudiantes podr\u00e1n cursar hasta 6 cr\u00e9ditos ECTS adicionales de Complementos de formaci\u00f3n. Para concluir, los alumnos deben realizar y defender un Trabajo de Fin de M\u00e1ster en el que muestren las competencias y conocimientos adquiridos a lo largo del curso.<\/p>\n<p>La distribuci\u00f3n de cr\u00e9ditos entre asignaturas en la USAL y en la Uva puede variar, en funci\u00f3n de las asignaturas optativas elegidas, situ\u00e1ndose en promedio en el 70% (USAL) y 30% (UVa). Debido a esto, habitualmente los estudiantes se basan en Salamanca, viajando a Valladolid los d\u00edas en los que hay actividades docentes.<\/p>\n<p style=\"text-align: justify;\">Actualmente, debido a la ocupaci\u00f3n de los laboratorios en los que se desarrolla el trabajo pr\u00e1ctico del m\u00e1ster, el n\u00famero de alumnos matriculados est\u00e1 limitado a diez estudiantes por curso.<\/p>\n<p>\u00a0<\/p>\n<\/div>\n<\/div>        <\/div>\n    <\/div>\n<\/section>\n<section class=\"section  text-normal section-text-no-shadow section-inner-no-shadow section-normal section-opaque\"  >\n    \n    <div class=\"background-overlay grid-overlay-0 \" style=\"background-color: rgba(0,0,0,0);\"><\/div>\n\n    <div class=\"container container-vertical-default\">\n        <div class=\"row vertical-default\">\n            <div class=\"col-md-12     text-default small-screen-default\"  ><div class=\"figure element-top-20 element-bottom-20  \" data-os-animation=\"none\" data-os-animation-delay=\"0s\">\n            <a href=\"https:\/\/laser.usal.es\/posgrado\/wp-content\/uploads\/2019\/03\/FotosVarias2.jpg\" class=\"figure-image magnific\" target=\"_self\">\n        <img decoding=\"async\" width=\"1654\" height=\"221\" data-src=\"https:\/\/laser.usal.es\/posgrado\/wp-content\/uploads\/2019\/03\/FotosVarias2.jpg\" class=\"attachment-full size-full lazyload\" alt=\"\" data-srcset=\"https:\/\/laser.usal.es\/posgrado\/wp-content\/uploads\/2019\/03\/FotosVarias2.jpg 1654w, https:\/\/laser.usal.es\/posgrado\/wp-content\/uploads\/2019\/03\/FotosVarias2-300x40.jpg 300w, https:\/\/laser.usal.es\/posgrado\/wp-content\/uploads\/2019\/03\/FotosVarias2-768x103.jpg 768w, https:\/\/laser.usal.es\/posgrado\/wp-content\/uploads\/2019\/03\/FotosVarias2-1024x137.jpg 1024w\" data-sizes=\"(max-width: 1654px) 100vw, 1654px\" src=\"data:image\/svg+xml;base64,PHN2ZyB3aWR0aD0iMSIgaGVpZ2h0PSIxIiB4bWxucz0iaHR0cDovL3d3dy53My5vcmcvMjAwMC9zdmciPjwvc3ZnPg==\" style=\"--smush-placeholder-width: 1654px; --smush-placeholder-aspect-ratio: 1654\/221;\" \/>            <\/a>\n    <\/div>\n<\/div>        <\/div>\n    <\/div>\n<\/section>\n","protected":false},"excerpt":{"rendered":"El m\u00e1ster de F\u00edsica y tecnolog\u00eda de los l\u00e1seres es un t\u00edtulo ofertado por las universidades de Salamanca (USAL) y de Valladolid (UVa). El m\u00e1ster est\u00e1 orientado a la formaci\u00f3n de especialistas en l\u00e1seres en general, pero con especial atenci\u00f3n al campo de alta potencia y pulsos ultracortos. Aunque se trata de una formaci\u00f3n con","protected":false},"author":1,"featured_media":0,"parent":795,"menu_order":0,"comment_status":"open","ping_status":"open","template":"","meta":{"_monsterinsights_skip_tracking":false,"_monsterinsights_sitenote_active":false,"_monsterinsights_sitenote_note":"","_monsterinsights_sitenote_category":0,"footnotes":""},"class_list":["post-4","page","type-page","status-publish","hentry"],"_links":{"self":[{"href":"https:\/\/laser.usal.es\/posgrado\/wp-json\/wp\/v2\/pages\/4","targetHints":{"allow":["GET"]}}],"collection":[{"href":"https:\/\/laser.usal.es\/posgrado\/wp-json\/wp\/v2\/pages"}],"about":[{"href":"https:\/\/laser.usal.es\/posgrado\/wp-json\/wp\/v2\/types\/page"}],"author":[{"embeddable":true,"href":"https:\/\/laser.usal.es\/posgrado\/wp-json\/wp\/v2\/users\/1"}],"replies":[{"embeddable":true,"href":"https:\/\/laser.usal.es\/posgrado\/wp-json\/wp\/v2\/comments?post=4"}],"version-history":[{"count":10,"href":"https:\/\/laser.usal.es\/posgrado\/wp-json\/wp\/v2\/pages\/4\/revisions"}],"predecessor-version":[{"id":2847,"href":"https:\/\/laser.usal.es\/posgrado\/wp-json\/wp\/v2\/pages\/4\/revisions\/2847"}],"up":[{"embeddable":true,"href":"https:\/\/laser.usal.es\/posgrado\/wp-json\/wp\/v2\/pages\/795"}],"wp:attachment":[{"href":"https:\/\/laser.usal.es\/posgrado\/wp-json\/wp\/v2\/media?parent=4"}],"curies":[{"name":"wp","href":"https:\/\/api.w.org\/{rel}","templated":true}]}}