{"id":6,"date":"2010-10-14T16:22:09","date_gmt":"2010-10-14T16:22:09","guid":{"rendered":"http:\/\/laser.usal.es\/posgrado\/2010\/10\/14\/fundamentos-laser\/"},"modified":"2019-07-18T16:54:23","modified_gmt":"2019-07-18T16:54:23","slug":"fundamentos-laser","status":"publish","type":"page","link":"https:\/\/laser.usal.es\/posgrado\/estudios-de-master\/asignaturas\/fundamentos-laser\/","title":{"rendered":"Fundamentos de los l\u00e1seres"},"content":{"rendered":"<section class=\"section  text-normal section-text-no-shadow section-inner-no-shadow section-normal section-opaque\"  >\n    \n    <div class=\"background-overlay grid-overlay-0 \" style=\"background-color: rgba(0,0,0,0);\"><\/div>\n\n    <div class=\"container container-vertical-default\">\n        <div class=\"row vertical-default\">\n            <div class=\"col-md-12     text-default small-screen-default\"  ><div class=\"row \"><div class=\"col-md-12     text-default small-screen-default\"  ><div class=\"col-text-1 text-normal  element-top-20 element-bottom-20\" data-os-animation=\"none\" data-os-animation-delay=\"0s\">\n    <h2><strong>Informaci\u00f3n<\/strong><\/h2>\n<p>\n<table id=\"tablepress-14\" class=\"tablepress tablepress-id-14\">\n<thead>\n<tr class=\"row-1\">\n\t<th class=\"column-1\"><strong>C\u00f3digo<\/strong><\/th><th class=\"column-2\"><strong>Car\u00e1cter<\/strong><\/th><th class=\"column-3\"><strong>Cr\u00e9ditos:<\/strong><\/th><th class=\"column-4\"><strong>Periodicidad<\/strong><\/th><th class=\"column-5\"><strong>Lugar<\/strong><\/th><th class=\"column-6\"><strong>Profesores<\/strong><\/th>\n<\/tr>\n<\/thead>\n<tbody class=\"row-striping row-hover\">\n<tr class=\"row-2\">\n\t<td class=\"column-1\">304318<\/td><td class=\"column-2\">Obligatoria<\/td><td class=\"column-3\">3 ECTS<\/td><td class=\"column-4\">Semestre 1<\/td><td class=\"column-5\">Universidad de Salamanca<\/td><td class=\"column-6\"><a href=\"http:\/\/laser.usal.es\/posgrado\/2010\/10\/14\/enriqueconejero\/\">Enrique Conejero Jarque<\/a><\/td>\n<\/tr>\n<\/tbody>\n<\/table>\n<!-- #tablepress-14 from cache --><\/p>\n<h2 style=\"text-align: justify;\"><strong>Sentido de la materia en el plan de estudios<\/strong><\/h2>\n<p style=\"text-align: justify;\">Esta materia aporta los conocimientos te\u00f3ricos b\u00e1sicos sobre la emisi\u00f3n l\u00e1ser y los dispositivos l\u00e1ser. Estos conocimientos son necesarios para la mayor parte de las asignaturas del m\u00e1ster.<\/p>\n<h2 style=\"text-align: justify;\"><strong>Recomendaciones previas<\/strong><\/h2>\n<p>Es conveniente tener conocimientos previos de \u00f3ptica y f\u00edsica cu\u00e1ntica.<\/p>\n<h2><strong>Objetivos de la asignatura<\/strong><\/h2>\n<p>Resolver la din\u00e1mica de sistemas l\u00e1ser con modelos sencillos.<\/p>\n<p>Describir los elementos de un l\u00e1ser.<\/p>\n<p>Diferenciar los distintos tipos de l\u00e1ser y sus aplicaciones m\u00e1s importantes.<\/p>\n<h2><strong>Contenidos<\/strong><\/h2>\n<ol>\n<li>Introducci\u00f3n a los l\u00e1seres<\/li>\n<li>Par\u00e1metros de un l\u00e1ser y su medida<\/li>\n<li>Curva de ganancia y bombeo<\/li>\n<li>Bases de la teor\u00eda del l\u00e1ser<\/li>\n<li>Din\u00e1mica del l\u00e1ser<\/li>\n<li>Cavidades y haces l\u00e1ser<\/li>\n<li>Control temporal<\/li>\n<li>Tipos de l\u00e1ser<\/li>\n<li>El mercado de l\u00e1seres<\/li>\n<\/ol>\n<h2><strong>Competencias<\/strong><\/h2>\n<p>B\u00e1sicas y generales: <a href=\"https:\/\/laser.usal.es\/posgrado\/2012\/07\/25\/objetivos\/\">CB6, CB7, CB8, CB9, CB10, CG1<\/a><\/p>\n<p>Espec\u00edficas: <a href=\"https:\/\/laser.usal.es\/posgrado\/2012\/07\/25\/objetivos\/\">CE1, CE2<\/a><\/p>\n<h2><strong>Metodolog\u00edas docentes<\/strong><\/h2>\n<\/div>\n<\/div><\/div><div class=\"row \"><div class=\"col-md-2     text-default small-screen-default\"  ><\/div><div class=\"col-md-8     text-default small-screen-default\"  ><div class=\"col-text-1 text-normal  element-top-20 element-bottom-20\" data-os-animation=\"none\" data-os-animation-delay=\"0s\">\n    <table style=\"width: 575px;\" border=\"1\" cellspacing=\"0\" cellpadding=\"0\" align=\"left\">\n<tbody>\n<tr>\n<td colspan=\"2\" rowspan=\"2\" width=\"259\"><\/td>\n<td colspan=\"2\" width=\"168\">\n<p align=\"center\">Horas dirigidas por el profesor<\/p>\n<\/td>\n<td rowspan=\"2\" width=\"74\">\n<p align=\"center\">Horas de trabajo aut\u00f3nomo<\/p>\n<\/td>\n<td rowspan=\"2\" width=\"74\">\n<p align=\"center\">HORAS TOTALES<\/p>\n<\/td>\n<\/tr>\n<tr>\n<td width=\"84\">\n<p align=\"center\">Horas presenciales.<\/p>\n<\/td>\n<td width=\"84\">\n<p align=\"center\">Horas no presenciales.<\/p>\n<\/td>\n<\/tr>\n<tr>\n<td colspan=\"2\" width=\"259\">Sesiones magistrales<\/td>\n<td valign=\"top\" width=\"84\">\n<p align=\"center\">16<\/p>\n<\/td>\n<td valign=\"top\" width=\"84\">\n<p align=\"center\">\n<\/td>\n<td valign=\"top\" width=\"74\">\n<p align=\"center\">22<\/p>\n<\/td>\n<td valign=\"top\" width=\"74\">\n<p align=\"center\">38<\/p>\n<\/td>\n<\/tr>\n<tr>\n<td colspan=\"2\" width=\"111\">Pr\u00e1cticas en aula<\/td>\n<td valign=\"top\" width=\"84\">\n<p align=\"center\">4<\/p>\n<\/td>\n<td valign=\"top\" width=\"84\">\n<p align=\"center\">\n<\/td>\n<td valign=\"top\" width=\"74\">\n<p align=\"center\">8<\/p>\n<\/td>\n<td valign=\"top\" width=\"74\">\n<p align=\"center\">12<\/p>\n<\/td>\n<\/tr>\n<tr>\n<td colspan=\"2\" width=\"259\">xposiciones y debates<\/td>\n<td valign=\"top\" width=\"84\">\n<p align=\"center\">2<\/p>\n<\/td>\n<td valign=\"top\" width=\"84\">\n<p align=\"center\">\n<\/td>\n<td valign=\"top\" width=\"74\">\n<p align=\"center\">6<\/p>\n<\/td>\n<td valign=\"top\" width=\"74\">\n<p align=\"center\">8<\/p>\n<\/td>\n<\/tr>\n<tr>\n<td colspan=\"2\" width=\"259\">Actividades de seguimiento online<\/td>\n<td valign=\"top\" width=\"84\">\n<p align=\"center\">\n<\/td>\n<td valign=\"top\" width=\"84\">\n<p align=\"center\">\n<\/td>\n<td valign=\"top\" width=\"74\">\n<p align=\"center\">5<\/p>\n<\/td>\n<td valign=\"top\" width=\"74\">\n<p align=\"center\">5<\/p>\n<\/td>\n<\/tr>\n<tr>\n<td colspan=\"2\" width=\"259\">Preparaci\u00f3n de trabajos<\/td>\n<td valign=\"top\" width=\"84\">\n<p align=\"center\">2<\/p>\n<\/td>\n<td valign=\"top\" width=\"84\">\n<p align=\"center\">\n<\/td>\n<td valign=\"top\" width=\"74\">\n<p align=\"center\">10<\/p>\n<\/td>\n<td valign=\"top\" width=\"74\">\n<p align=\"center\">12<\/p>\n<\/td>\n<\/tr>\n<tr>\n<td colspan=\"2\" width=\"259\">\n<p style=\"text-align: left;\">TOTAL<\/p>\n<\/td>\n<td width=\"84\">\n<p align=\"center\"><strong>24<\/strong><\/p>\n<\/td>\n<td width=\"84\">\n<p align=\"center\">\n<\/td>\n<td width=\"74\">\n<p align=\"center\"><strong>51<\/strong><\/p>\n<\/td>\n<td width=\"74\">\n<p align=\"center\"><strong>75<\/strong><\/p>\n<\/td>\n<\/tr>\n<\/tbody>\n<\/table>\n<\/div>\n<\/div><div class=\"col-md-2     text-default small-screen-default\"  ><\/div><\/div><div class=\"row \"><div class=\"col-md-12     text-default small-screen-default\"  ><div class=\"col-text-1 text-normal  element-top-20 element-bottom-20\" data-os-animation=\"none\" data-os-animation-delay=\"0s\">\n    <h2><strong>Recursos<\/strong><\/h2>\n<h3><span style=\"text-decoration: underline;\">Libros de consulta<\/span><\/h3>\n<ul>\n<li>K. F. Renk, \u201cBasics of Laser Physics\u201d, Springer (2017)<\/li>\n<li>S. Hooker, C. Webb, \u201cLaser Physics\u201d, Oxford University Press (2010)<\/li>\n<li>O. Svelto, \u00abPrinciples of Lasers\u00bb, Springer (2010)<\/li>\n<li>A. K. Maini, Lasers and Optoelectronics, Wiley (2013)<\/li>\n<li>W. T. Silvast, \u00abLaser Fundamentals\u00bb, Cambridge Univ. Press (2008)<\/li>\n<li>M. Eichhorn, Laser Physics, Springer (2014)<\/li>\n<li>C. Breck Hitz, J. Ewing, J. Hecht, Introduction to Laser Technology, IEEE Press (2012)<\/li>\n<li>W. Koechner, Solid-State Laser Engineering. Springer (2006)<\/li>\n<li>J. Hetch, Understanding Lasers, IEEE Press (2008)<\/li>\n<li>A. E. Siegman. \u00abLasers\u00bb, University Science Books (1986)<\/li>\n<li>P. W. Milonni and J. H. Eberly, Laser Physics, Wiley (2010)<\/li>\n<li>S. Csele, Laser Modeling, CRC Press (2014)<\/li>\n<li>J. M. Guerra P\u00e9rez, \u201c<a href=\"http:\/\/forja.rediris.es\/frs\/download.php\/1914\/FdL-1_0_0.7f.pdf\">F\u00edsica del l\u00e1ser<\/a>\u201d<\/li>\n<li>VV. AA., El l\u00e1ser, la luz de nuestro tiempo, Universidad de Salamanca (2010)<\/li>\n<\/ul>\n<h3><span style=\"text-decoration: underline;\">Otros recursos<br \/>\n<\/span><\/h3>\n<p>Art\u00edculos cient\u00edficos de revistas relacionadas con los l\u00e1seres.<\/p>\n<h2><strong>Evaluaci\u00f3n<\/strong><\/h2>\n<div class=\"page\" title=\"Page 41\">\n<div class=\"section\">\n<div class=\"layoutArea\">\n<div class=\"column\">\n<p>Las actividades de evaluacio\u0301n incluira\u0301n pruebas perio\u0301dicas de evaluacio\u0301n ra\u0301pida y la presentacio\u0301n de un trabajo.<\/p>\n<\/div>\n<\/div>\n<\/div>\n<\/div>\n<p style=\"text-align: justify;\"><span style=\"text-decoration: underline;\">Instrumentos de evaluaci\u00f3n<\/span><\/p>\n<ul>\n<li style=\"text-align: justify;\">Resoluci\u00f3n de problemas y otras actividades en el aula<\/li>\n<li style=\"text-align: justify;\">Respuestas a cuestionarios online<\/li>\n<li style=\"text-align: justify;\">Exposici\u00f3n de un art\u00edculo sobre l\u00e1seres.<\/li>\n<\/ul>\n<h3 style=\"text-align: justify;\"><span style=\"text-decoration: underline;\">Criterios de evaluaci\u00f3n<\/span><\/h3>\n<div class=\"page\" title=\"Page 41\">\n<div class=\"section\">\n<div class=\"layoutArea\">\n<div class=\"column\">\n<p>Pruebas perio\u0301dicas de evaluacio\u0301n ra\u0301pida (resolucio\u0301n de problemas, cuestionarios online) 70% de la calificacio\u0301n final.<\/p>\n<p>Presentacio\u0301n de un trabajo 30% de la calificacio\u0301n final.<\/p>\n<\/div>\n<\/div>\n<\/div>\n<\/div>\n<h3 style=\"text-align: justify;\"><span style=\"text-decoration: underline;\">Recomendaciones para la evaluaci\u00f3n<\/span><\/h3>\n<p style=\"text-align: justify;\">La adquisici\u00f3n de los conocimientos y competencias en esta materia exige que el estudiante participe de forma activa en las actividades propuestas.<\/p>\n<h3 style=\"text-align: justify;\"><span style=\"text-decoration: underline;\">Recomendaciones para la recuperaci\u00f3n<\/span><\/h3>\n<p style=\"text-align: justify;\">Para recuperar la asignatura ser\u00e1 necesario repetir o realizar tareas similares a las que no hayan sido superadas, siguiendo las recomendaciones del profesor.<\/p>\n<\/div>\n<\/div><\/div><\/div>        <\/div>\n    <\/div>\n<\/section>\n\n","protected":false},"excerpt":{"rendered":"Informaci\u00f3n C\u00f3digoCar\u00e1cterCr\u00e9ditos:PeriodicidadLugarProfesores 304318Obligatoria3 ECTSSemestre 1Universidad de SalamancaEnrique Conejero Jarque Sentido de la materia en el plan de estudios Esta materia aporta los conocimientos te\u00f3ricos b\u00e1sicos sobre la emisi\u00f3n l\u00e1ser y los dispositivos l\u00e1ser. Estos conocimientos son necesarios para la mayor parte de las asignaturas del m\u00e1ster. Recomendaciones previas Es conveniente tener conocimientos previos de \u00f3ptica","protected":false},"author":1,"featured_media":0,"parent":28,"menu_order":3,"comment_status":"open","ping_status":"closed","template":"","meta":{"_monsterinsights_skip_tracking":false,"_monsterinsights_sitenote_active":false,"_monsterinsights_sitenote_note":"","_monsterinsights_sitenote_category":0,"footnotes":""},"class_list":["post-6","page","type-page","status-publish","hentry"],"_links":{"self":[{"href":"https:\/\/laser.usal.es\/posgrado\/wp-json\/wp\/v2\/pages\/6","targetHints":{"allow":["GET"]}}],"collection":[{"href":"https:\/\/laser.usal.es\/posgrado\/wp-json\/wp\/v2\/pages"}],"about":[{"href":"https:\/\/laser.usal.es\/posgrado\/wp-json\/wp\/v2\/types\/page"}],"author":[{"embeddable":true,"href":"https:\/\/laser.usal.es\/posgrado\/wp-json\/wp\/v2\/users\/1"}],"replies":[{"embeddable":true,"href":"https:\/\/laser.usal.es\/posgrado\/wp-json\/wp\/v2\/comments?post=6"}],"version-history":[{"count":12,"href":"https:\/\/laser.usal.es\/posgrado\/wp-json\/wp\/v2\/pages\/6\/revisions"}],"predecessor-version":[{"id":2213,"href":"https:\/\/laser.usal.es\/posgrado\/wp-json\/wp\/v2\/pages\/6\/revisions\/2213"}],"up":[{"embeddable":true,"href":"https:\/\/laser.usal.es\/posgrado\/wp-json\/wp\/v2\/pages\/28"}],"wp:attachment":[{"href":"https:\/\/laser.usal.es\/posgrado\/wp-json\/wp\/v2\/media?parent=6"}],"curies":[{"name":"wp","href":"https:\/\/api.w.org\/{rel}","templated":true}]}}