{"id":7821,"date":"2024-03-15T14:32:53","date_gmt":"2024-03-15T13:32:53","guid":{"rendered":"https:\/\/laser.usal.es\/ultrafast-characterization\/?page_id=7821"},"modified":"2024-07-13T00:19:55","modified_gmt":"2024-07-12T23:19:55","slug":"inicio","status":"publish","type":"page","link":"https:\/\/laser.usal.es\/ultrafast-characterization\/es\/inicio\/","title":{"rendered":"Inicio"},"content":{"rendered":"\t\t<div data-elementor-type=\"wp-page\" data-elementor-id=\"7821\" class=\"elementor elementor-7821\">\n\t\t\t\t\t\t<section class=\"elementor-section elementor-top-section elementor-element elementor-element-f387359 elementor-section-full_width elementor-section-height-min-height elementor-section-height-default elementor-section-items-middle\" data-id=\"f387359\" data-element_type=\"section\" data-e-type=\"section\" data-settings=\"{&quot;background_background&quot;:&quot;classic&quot;}\">\n\t\t\t\t\t\t<div class=\"elementor-container elementor-column-gap-default\">\n\t\t\t\t\t<div class=\"elementor-column elementor-col-100 elementor-top-column elementor-element elementor-element-0e703f5\" data-id=\"0e703f5\" data-element_type=\"column\" data-e-type=\"column\">\n\t\t\t<div class=\"elementor-widget-wrap elementor-element-populated\">\n\t\t\t\t\t\t<div class=\"elementor-element elementor-element-cd023ee elementor-widget__width-inherit elementor-invisible elementor-widget elementor-widget-text-editor\" data-id=\"cd023ee\" data-element_type=\"widget\" data-e-type=\"widget\" data-settings=\"{&quot;_animation&quot;:&quot;fadeInUp&quot;}\" data-widget_type=\"text-editor.default\">\n\t\t\t\t<div class=\"elementor-widget-container\">\n\t\t\t\t\t\t\t\t\t<h1 style=\"text-align: center;\"><strong><span style=\"color: #ffffff;\">APLICACIONES DEL L\u00c1SER Y FOT\u00d3NICA<\/span><\/strong><\/h1><h1 style=\"text-align: center;\"><strong><span style=\"color: #ffffff;\">CARACTERIZACI\u00d3N ULTRARR\u00c1PIDA<\/span><\/strong><\/h1>\t\t\t\t\t\t\t\t<\/div>\n\t\t\t\t<\/div>\n\t\t\t\t<div class=\"elementor-element elementor-element-f278d1c elementor-invisible elementor-widget elementor-widget-text-editor\" data-id=\"f278d1c\" data-element_type=\"widget\" data-e-type=\"widget\" data-settings=\"{&quot;_animation&quot;:&quot;fadeInLeft&quot;}\" data-widget_type=\"text-editor.default\">\n\t\t\t\t<div class=\"elementor-widget-container\">\n\t\t\t\t\t\t\t\t\t<h4 class=\"text-center element-top-40 element-bottom-20 text-light normal light\" data-os-animation=\"none\" data-os-animation-delay=\"0s\">DISE\u00d1AMOS Y DESARROLLAMOS T\u00c9CNICAS DE CARACTERIZACI\u00d3N DE PULSOS L\u00c1SER ULTRACORTOS<\/h4>\t\t\t\t\t\t\t\t<\/div>\n\t\t\t\t<\/div>\n\t\t\t\t<div class=\"elementor-element elementor-element-31ee381 elementor-invisible elementor-widget elementor-widget-text-editor\" data-id=\"31ee381\" data-element_type=\"widget\" data-e-type=\"widget\" data-settings=\"{&quot;_animation&quot;:&quot;fadeInRight&quot;}\" data-widget_type=\"text-editor.default\">\n\t\t\t\t<div class=\"elementor-widget-container\">\n\t\t\t\t\t\t\t\t\t<h4 class=\"text-center element-top-40 element-bottom-20 text-light normal light\" data-os-animation=\"none\" data-os-animation-delay=\"0s\">MEDIANTE MONTAJES EXPERIMENTALES VERS\u00c1TILES, SIMPLES Y COMPACTOS<\/h4>\t\t\t\t\t\t\t\t<\/div>\n\t\t\t\t<\/div>\n\t\t\t\t\t<\/div>\n\t\t<\/div>\n\t\t\t\t\t<\/div>\n\t\t<\/section>\n\t\t\t\t<section class=\"elementor-section elementor-top-section elementor-element elementor-element-e9d04fe elementor-section-boxed elementor-section-height-default elementor-section-height-default\" data-id=\"e9d04fe\" data-element_type=\"section\" data-e-type=\"section\">\n\t\t\t\t\t\t<div class=\"elementor-container elementor-column-gap-default\">\n\t\t\t\t\t<div class=\"elementor-column elementor-col-100 elementor-top-column elementor-element elementor-element-6f697e6\" data-id=\"6f697e6\" data-element_type=\"column\" data-e-type=\"column\">\n\t\t\t<div class=\"elementor-widget-wrap elementor-element-populated\">\n\t\t\t\t\t\t<div class=\"elementor-element elementor-element-b81c9c3 elementor-widget elementor-widget-heading\" data-id=\"b81c9c3\" data-element_type=\"widget\" data-e-type=\"widget\" data-widget_type=\"heading.default\">\n\t\t\t\t<div class=\"elementor-widget-container\">\n\t\t\t\t\t<h2 class=\"elementor-heading-title elementor-size-default\">NUESTRA FILOSOF\u00cdA<\/h2>\t\t\t\t<\/div>\n\t\t\t\t<\/div>\n\t\t\t\t<div class=\"elementor-element elementor-element-52802ca elementor-widget elementor-widget-eael-feature-list\" data-id=\"52802ca\" data-element_type=\"widget\" data-e-type=\"widget\" data-widget_type=\"eael-feature-list.default\">\n\t\t\t\t<div class=\"elementor-widget-container\">\n\t\t\t\t\t\t\t<div class=\"-icon-position-left -tablet-icon-position-left -mobile-icon-position-top\">\n\t\t\t<ul id=\"eael-feature-list-52802ca\" class=\"eael-feature-list-items circle framed  eael-feature-list-vertical\" data-layout-tablet=\"vertical\" data-layout-mobile=\"vertical\">\n\t\t\t                <li class=\"eael-feature-list-item elementor-repeater-item-d32b48f\">\n                    \n\t\t\t\t\t\t<div class=\"eael-feature-list-icon-box\">\n\t\t\t\t\t\t\t<div class=\"eael-feature-list-icon-inner\">\n\n\t\t\t\t\t\t\t\t<span class=\"eael-feature-list-icon fl-icon-0\">\n\n\t\t<i aria-hidden=\"true\" class=\"fas fa-check\"><\/i>\t\t\t\t\t\t\t\t<\/span>\n\t\t\t\t\t\t\t<\/div>\n\t\t\t\t\t\t<\/div>\n\t\t\t\t\t\t<div class=\"eael-feature-list-content-box\">\n                            <h2 class=\"eael-feature-list-title\">SENCILLEZ <\/h2>\t\t\t\t\t\t<p class=\"eael-feature-list-content\">Nuestras t\u00e9cnicas presentan montajes en l\u00ednea, por lo que son compactos y f\u00e1ciles de alinear,  adem\u00e1s de emplear elementos \u00f3pticos comunes en cualquier laboratorio de \u00f3ptica<\/p>\n\t\t\t\t\t\t<\/div>\n\n\t\t\t\t\t<\/li>\n\t\t\t\t                <li class=\"eael-feature-list-item elementor-repeater-item-b704366\">\n                    \n\t\t\t\t\t\t<div class=\"eael-feature-list-icon-box\">\n\t\t\t\t\t\t\t<div class=\"eael-feature-list-icon-inner\">\n\n\t\t\t\t\t\t\t\t<span class=\"eael-feature-list-icon fl-icon-1\">\n\n\t\t<i aria-hidden=\"true\" class=\"fas fa-times\"><\/i>\t\t\t\t\t\t\t\t<\/span>\n\t\t\t\t\t\t\t<\/div>\n\t\t\t\t\t\t<\/div>\n\t\t\t\t\t\t<div class=\"eael-feature-list-content-box\">\n                            <h2 class=\"eael-feature-list-title\">versatilidad<\/h2>\t\t\t\t\t\t<p class=\"eael-feature-list-content\">Con cambios m\u00ednimos en el montaje experimental, nuestras t\u00e9cnicas son capaces de adaptarse y medir bajo distintas condiciones: duraci\u00f3n temporal del pulso, regi\u00f3n espectral,... <\/p>\n\t\t\t\t\t\t<\/div>\n\n\t\t\t\t\t<\/li>\n\t\t\t\t                <li class=\"eael-feature-list-item elementor-repeater-item-d7e6bd6\">\n                    \n\t\t\t\t\t\t<div class=\"eael-feature-list-icon-box\">\n\t\t\t\t\t\t\t<div class=\"eael-feature-list-icon-inner\">\n\n\t\t\t\t\t\t\t\t<span class=\"eael-feature-list-icon fl-icon-2\">\n\n\t\t<i aria-hidden=\"true\" class=\"fas fa-anchor\"><\/i>\t\t\t\t\t\t\t\t<\/span>\n\t\t\t\t\t\t\t<\/div>\n\t\t\t\t\t\t<\/div>\n\t\t\t\t\t\t<div class=\"eael-feature-list-content-box\">\n                            <h2 class=\"eael-feature-list-title\">estabilidad, robustez<\/h2>\t\t\t\t\t\t<p class=\"eael-feature-list-content\">Los montajes en l\u00ednea, sin recombinaciones de haces, funcionan como interfer\u00f3metros ultraestables, confiriendo robustez a las medidas.<\/p>\n\t\t\t\t\t\t<\/div>\n\n\t\t\t\t\t<\/li>\n\t\t\t\t\t\t\t<\/ul>\n\t\t<\/div>\n\t\t\t\t\t\t<\/div>\n\t\t\t\t<\/div>\n\t\t\t\t\t<\/div>\n\t\t<\/div>\n\t\t\t\t\t<\/div>\n\t\t<\/section>\n\t\t\t\t<section class=\"elementor-section elementor-top-section elementor-element elementor-element-89cfe8a elementor-section-boxed elementor-section-height-default elementor-section-height-default\" data-id=\"89cfe8a\" data-element_type=\"section\" data-e-type=\"section\">\n\t\t\t\t\t\t<div class=\"elementor-container elementor-column-gap-default\">\n\t\t\t\t\t<div class=\"elementor-column elementor-col-100 elementor-top-column elementor-element elementor-element-81be3f5\" data-id=\"81be3f5\" data-element_type=\"column\" data-e-type=\"column\">\n\t\t\t<div class=\"elementor-widget-wrap elementor-element-populated\">\n\t\t\t\t\t\t<div class=\"elementor-element elementor-element-a173704 elementor-widget elementor-widget-heading\" data-id=\"a173704\" data-element_type=\"widget\" data-e-type=\"widget\" data-widget_type=\"heading.default\">\n\t\t\t\t<div class=\"elementor-widget-container\">\n\t\t\t\t\t<h2 class=\"elementor-heading-title elementor-size-default\">T\u00c9CNICAS DE CARACTERIZACI\u00d3N DESARROLLADAS<\/h2>\t\t\t\t<\/div>\n\t\t\t\t<\/div>\n\t\t\t\t\t<\/div>\n\t\t<\/div>\n\t\t\t\t\t<\/div>\n\t\t<\/section>\n\t\t\t\t<section class=\"elementor-section elementor-top-section elementor-element elementor-element-d56c3bf elementor-section-boxed elementor-section-height-default elementor-section-height-default\" data-id=\"d56c3bf\" data-element_type=\"section\" data-e-type=\"section\">\n\t\t\t\t\t\t<div class=\"elementor-container elementor-column-gap-default\">\n\t\t\t\t\t<div class=\"elementor-column elementor-col-50 elementor-top-column elementor-element elementor-element-4721b3b\" data-id=\"4721b3b\" data-element_type=\"column\" data-e-type=\"column\">\n\t\t\t<div class=\"elementor-widget-wrap elementor-element-populated\">\n\t\t\t\t\t\t<div class=\"elementor-element elementor-element-22f93d1 elementor-position-top elementor-widget elementor-widget-image-box\" data-id=\"22f93d1\" data-element_type=\"widget\" data-e-type=\"widget\" data-widget_type=\"image-box.default\">\n\t\t\t\t<div class=\"elementor-widget-container\">\n\t\t\t\t\t<div class=\"elementor-image-box-wrapper\"><figure class=\"elementor-image-box-img\"><a href=\"https:\/\/doi.org\/10.1364\/OE.386321\" target=\"_blank\" tabindex=\"-1\"><img decoding=\"async\" data-src=\"https:\/\/laser.usal.es\/ultrafast-characterization\/wp-content\/plugins\/elementor\/assets\/images\/placeholder.png\" title=\"\" alt=\"\" src=\"data:image\/svg+xml;base64,PHN2ZyB3aWR0aD0iMSIgaGVpZ2h0PSIxIiB4bWxucz0iaHR0cDovL3d3dy53My5vcmcvMjAwMC9zdmciPjwvc3ZnPg==\" class=\"lazyload\" style=\"--smush-placeholder-width: 1200px; --smush-placeholder-aspect-ratio: 1200\/800;\" \/><\/a><\/figure><div class=\"elementor-image-box-content\"><h3 class=\"elementor-image-box-title\"><a href=\"https:\/\/doi.org\/10.1364\/OE.386321\" target=\"_blank\">AMPLITUDE SWING<\/a><\/h3><p class=\"elementor-image-box-description\">T\u00e9cnica de caracterizaci\u00f3n temporal simple, robusta y vers\u00e1til. Consiste en crear dos r\u00e9plicas del pulso retardadas temporalmente, y medir el espectro de una se\u00f1al no lineal para distintas amplitudes relativas entre dichas r\u00e9plicas. \u00a1Puede incluso medir pulsos vectoriales sin modificar el montaje experimental!<\/p><\/div><\/div>\t\t\t\t<\/div>\n\t\t\t\t<\/div>\n\t\t\t\t\t<\/div>\n\t\t<\/div>\n\t\t\t\t<div class=\"elementor-column elementor-col-50 elementor-top-column elementor-element elementor-element-5b5b26c\" data-id=\"5b5b26c\" data-element_type=\"column\" data-e-type=\"column\">\n\t\t\t<div class=\"elementor-widget-wrap elementor-element-populated\">\n\t\t\t\t\t\t<div class=\"elementor-element elementor-element-fdb420f elementor-position-top elementor-widget elementor-widget-image-box\" data-id=\"fdb420f\" data-element_type=\"widget\" data-e-type=\"widget\" data-widget_type=\"image-box.default\">\n\t\t\t\t<div class=\"elementor-widget-container\">\n\t\t\t\t\t<div class=\"elementor-image-box-wrapper\"><figure class=\"elementor-image-box-img\"><a href=\"https:\/\/doi.org\/10.1364\/PRJ.448339\" target=\"_blank\" tabindex=\"-1\"><img decoding=\"async\" data-src=\"https:\/\/laser.usal.es\/ultrafast-characterization\/wp-content\/plugins\/elementor\/assets\/images\/placeholder.png\" title=\"\" alt=\"\" src=\"data:image\/svg+xml;base64,PHN2ZyB3aWR0aD0iMSIgaGVpZ2h0PSIxIiB4bWxucz0iaHR0cDovL3d3dy53My5vcmcvMjAwMC9zdmciPjwvc3ZnPg==\" class=\"lazyload\" style=\"--smush-placeholder-width: 1200px; --smush-placeholder-aspect-ratio: 1200\/800;\" \/><\/a><\/figure><div class=\"elementor-image-box-content\"><h3 class=\"elementor-image-box-title\"><a href=\"https:\/\/doi.org\/10.1364\/PRJ.448339\" target=\"_blank\">BLASHI<\/a><\/h3><p class=\"elementor-image-box-description\">T\u00e9cnica de caracterizaci\u00f3n espacio-temporal. Un cristal de <i>walk-off<\/i> genera dos copias del haz l\u00e1ser desplazadas espacialmente y retardadas temporalmente, de manera que se obtiene el gradiente de la fase espacial a partir de interferometr\u00eda espectral entre ambos haces, barriendo en la secci\u00f3n transversal del haz.<\/p><\/div><\/div>\t\t\t\t<\/div>\n\t\t\t\t<\/div>\n\t\t\t\t\t<\/div>\n\t\t<\/div>\n\t\t\t\t\t<\/div>\n\t\t<\/section>\n\t\t\t\t<section class=\"elementor-section elementor-top-section elementor-element elementor-element-7533b4e elementor-section-boxed elementor-section-height-default elementor-section-height-default\" data-id=\"7533b4e\" data-element_type=\"section\" data-e-type=\"section\">\n\t\t\t\t\t\t<div class=\"elementor-container elementor-column-gap-default\">\n\t\t\t\t\t<div class=\"elementor-column elementor-col-50 elementor-top-column elementor-element elementor-element-010c177\" data-id=\"010c177\" data-element_type=\"column\" data-e-type=\"column\">\n\t\t\t<div class=\"elementor-widget-wrap elementor-element-populated\">\n\t\t\t\t\t\t<div class=\"elementor-element elementor-element-38b84a4 elementor-position-top elementor-widget elementor-widget-image-box\" data-id=\"38b84a4\" data-element_type=\"widget\" data-e-type=\"widget\" data-widget_type=\"image-box.default\">\n\t\t\t\t<div class=\"elementor-widget-container\">\n\t\t\t\t\t<div class=\"elementor-image-box-wrapper\"><figure class=\"elementor-image-box-img\"><a href=\"https:\/\/doi.org\/10.1109\/JSTQE.2019.2906266\" target=\"_blank\" tabindex=\"-1\"><img decoding=\"async\" data-src=\"https:\/\/laser.usal.es\/ultrafast-characterization\/wp-content\/plugins\/elementor\/assets\/images\/placeholder.png\" title=\"\" alt=\"\" src=\"data:image\/svg+xml;base64,PHN2ZyB3aWR0aD0iMSIgaGVpZ2h0PSIxIiB4bWxucz0iaHR0cDovL3d3dy53My5vcmcvMjAwMC9zdmciPjwvc3ZnPg==\" class=\"lazyload\" style=\"--smush-placeholder-width: 1200px; --smush-placeholder-aspect-ratio: 1200\/800;\" \/><\/a><\/figure><div class=\"elementor-image-box-content\"><h3 class=\"elementor-image-box-title\"><a href=\"https:\/\/doi.org\/10.1109\/JSTQE.2019.2906266\" target=\"_blank\">SINGLE-CHANNEL IN-LINE SPECTRAL INTERFEROMETRY<\/a><\/h3><p class=\"elementor-image-box-description\">Permite obtener la fase relativa entre dos componentes de un pulso vectorial, retardadas temporalmente entre s\u00ed mediante un cristal uni\u00e1xico, y proyectadas en la misma direcci\u00f3n con un polarizador lineal, obteniendo as\u00ed su interferograma.<\/p><\/div><\/div>\t\t\t\t<\/div>\n\t\t\t\t<\/div>\n\t\t\t\t\t<\/div>\n\t\t<\/div>\n\t\t\t\t<div class=\"elementor-column elementor-col-50 elementor-top-column elementor-element elementor-element-585628a\" data-id=\"585628a\" data-element_type=\"column\" data-e-type=\"column\">\n\t\t\t<div class=\"elementor-widget-wrap elementor-element-populated\">\n\t\t\t\t\t\t<div class=\"elementor-element elementor-element-7ad54ea elementor-position-top elementor-widget elementor-widget-image-box\" data-id=\"7ad54ea\" data-element_type=\"widget\" data-e-type=\"widget\" data-widget_type=\"image-box.default\">\n\t\t\t\t<div class=\"elementor-widget-container\">\n\t\t\t\t\t<div class=\"elementor-image-box-wrapper\"><figure class=\"elementor-image-box-img\"><a href=\"https:\/\/doi.org\/10.1364\/JOSAB.27.000933\" target=\"_blank\" tabindex=\"-1\"><img decoding=\"async\" data-src=\"https:\/\/laser.usal.es\/ultrafast-characterization\/wp-content\/plugins\/elementor\/assets\/images\/placeholder.png\" title=\"\" alt=\"\" src=\"data:image\/svg+xml;base64,PHN2ZyB3aWR0aD0iMSIgaGVpZ2h0PSIxIiB4bWxucz0iaHR0cDovL3d3dy53My5vcmcvMjAwMC9zdmciPjwvc3ZnPg==\" class=\"lazyload\" style=\"--smush-placeholder-width: 1200px; --smush-placeholder-aspect-ratio: 1200\/800;\" \/><\/a><\/figure><div class=\"elementor-image-box-content\"><h3 class=\"elementor-image-box-title\"><a href=\"https:\/\/doi.org\/10.1364\/JOSAB.27.000933\" target=\"_blank\">STARFISH<\/a><\/h3><p class=\"elementor-image-box-description\">T\u00e9cnica de caracterizaci\u00f3n espacio-temporal, en la que dos r\u00e9plicas del haz interfieren en un acoplador de fibra \u00f3ptica, obteniendo la interferometr\u00eda espectral resuelta en el espacio.<\/p><\/div><\/div>\t\t\t\t<\/div>\n\t\t\t\t<\/div>\n\t\t\t\t\t<\/div>\n\t\t<\/div>\n\t\t\t\t\t<\/div>\n\t\t<\/section>\n\t\t\t\t<section class=\"elementor-section elementor-top-section elementor-element elementor-element-1c0f64b elementor-section-boxed elementor-section-height-default elementor-section-height-default\" data-id=\"1c0f64b\" data-element_type=\"section\" data-e-type=\"section\">\n\t\t\t\t\t\t<div class=\"elementor-container elementor-column-gap-default\">\n\t\t\t\t\t<div class=\"elementor-column elementor-col-33 elementor-top-column elementor-element elementor-element-ea3d793\" data-id=\"ea3d793\" data-element_type=\"column\" data-e-type=\"column\">\n\t\t\t<div class=\"elementor-widget-wrap\">\n\t\t\t\t\t\t\t<\/div>\n\t\t<\/div>\n\t\t\t\t<div class=\"elementor-column elementor-col-33 elementor-top-column elementor-element elementor-element-dfe69a3\" data-id=\"dfe69a3\" data-element_type=\"column\" data-e-type=\"column\">\n\t\t\t<div class=\"elementor-widget-wrap elementor-element-populated\">\n\t\t\t\t\t\t<div class=\"elementor-element elementor-element-58eb1c5 elementor-position-top elementor-widget elementor-widget-image-box\" data-id=\"58eb1c5\" data-element_type=\"widget\" data-e-type=\"widget\" data-widget_type=\"image-box.default\">\n\t\t\t\t<div class=\"elementor-widget-container\">\n\t\t\t\t\t<div class=\"elementor-image-box-wrapper\"><figure class=\"elementor-image-box-img\"><a href=\"https:\/\/doi.org\/10.1038\/s42005-020-00419-w\" tabindex=\"-1\"><img decoding=\"async\" data-src=\"https:\/\/laser.usal.es\/ultrafast-characterization\/wp-content\/plugins\/elementor\/assets\/images\/placeholder.png\" title=\"\" alt=\"\" src=\"data:image\/svg+xml;base64,PHN2ZyB3aWR0aD0iMSIgaGVpZ2h0PSIxIiB4bWxucz0iaHR0cDovL3d3dy53My5vcmcvMjAwMC9zdmciPjwvc3ZnPg==\" class=\"lazyload\" style=\"--smush-placeholder-width: 1200px; --smush-placeholder-aspect-ratio: 1200\/800;\" \/><\/a><\/figure><div class=\"elementor-image-box-content\"><h3 class=\"elementor-image-box-title\"><a href=\"https:\/\/doi.org\/10.1038\/s42005-020-00419-w\">COMPLETE spatiotemporal and polarization CHARACTERIZATION <\/a><\/h3><p class=\"elementor-image-box-description\">Combinando STARFISH con interferometr\u00eda espectral en l\u00ednea, se caracteriza completamente un campo vectorial: la polarizaci\u00f3n del pulso depende del tiempo y del espacio.<\/p><\/div><\/div>\t\t\t\t<\/div>\n\t\t\t\t<\/div>\n\t\t\t\t\t<\/div>\n\t\t<\/div>\n\t\t\t\t<div class=\"elementor-column elementor-col-33 elementor-top-column elementor-element elementor-element-346956a\" data-id=\"346956a\" data-element_type=\"column\" data-e-type=\"column\">\n\t\t\t<div class=\"elementor-widget-wrap\">\n\t\t\t\t\t\t\t<\/div>\n\t\t<\/div>\n\t\t\t\t\t<\/div>\n\t\t<\/section>\n\t\t\t\t<section class=\"elementor-section elementor-top-section elementor-element elementor-element-7c03ae2 elementor-section-boxed elementor-section-height-default elementor-section-height-default\" data-id=\"7c03ae2\" data-element_type=\"section\" data-e-type=\"section\">\n\t\t\t\t\t\t<div class=\"elementor-container elementor-column-gap-default\">\n\t\t\t\t\t<div class=\"elementor-column elementor-col-100 elementor-top-column elementor-element elementor-element-ef88825\" data-id=\"ef88825\" data-element_type=\"column\" data-e-type=\"column\">\n\t\t\t<div class=\"elementor-widget-wrap elementor-element-populated\">\n\t\t\t\t\t\t<div class=\"elementor-element elementor-element-0c01da9 elementor-widget elementor-widget-heading\" data-id=\"0c01da9\" data-element_type=\"widget\" data-e-type=\"widget\" data-widget_type=\"heading.default\">\n\t\t\t\t<div class=\"elementor-widget-container\">\n\t\t\t\t\t<h2 class=\"elementor-heading-title elementor-size-default\">colaboraci\u00f3n con otros grupos<\/h2>\t\t\t\t<\/div>\n\t\t\t\t<\/div>\n\t\t\t\t\t<\/div>\n\t\t<\/div>\n\t\t\t\t\t<\/div>\n\t\t<\/section>\n\t\t\t\t<section class=\"elementor-section elementor-top-section elementor-element elementor-element-5948e89 elementor-section-boxed elementor-section-height-default elementor-section-height-default\" data-id=\"5948e89\" data-element_type=\"section\" data-e-type=\"section\">\n\t\t\t\t\t\t<div class=\"elementor-container elementor-column-gap-default\">\n\t\t\t\t\t<div class=\"elementor-column elementor-col-50 elementor-top-column elementor-element elementor-element-295f8e7\" data-id=\"295f8e7\" data-element_type=\"column\" data-e-type=\"column\">\n\t\t\t<div class=\"elementor-widget-wrap elementor-element-populated\">\n\t\t\t\t\t\t<div class=\"elementor-element elementor-element-c54ccd4 elementor-position-top elementor-widget elementor-widget-image-box\" data-id=\"c54ccd4\" data-element_type=\"widget\" data-e-type=\"widget\" data-widget_type=\"image-box.default\">\n\t\t\t\t<div class=\"elementor-widget-container\">\n\t\t\t\t\t<div class=\"elementor-image-box-wrapper\"><figure class=\"elementor-image-box-img\"><a href=\"https:\/\/doi.org\/10.1038\/s41598-018-21701-6\" target=\"_blank\" tabindex=\"-1\"><img decoding=\"async\" data-src=\"https:\/\/laser.usal.es\/ultrafast-characterization\/wp-content\/plugins\/elementor\/assets\/images\/placeholder.png\" title=\"\" alt=\"\" src=\"data:image\/svg+xml;base64,PHN2ZyB3aWR0aD0iMSIgaGVpZ2h0PSIxIiB4bWxucz0iaHR0cDovL3d3dy53My5vcmcvMjAwMC9zdmciPjwvc3ZnPg==\" class=\"lazyload\" style=\"--smush-placeholder-width: 1200px; --smush-placeholder-aspect-ratio: 1200\/800;\" \/><\/a><\/figure><div class=\"elementor-image-box-content\"><h3 class=\"elementor-image-box-title\"><a href=\"https:\/\/doi.org\/10.1038\/s41598-018-21701-6\" target=\"_blank\">SELF-CALIBRATING D-SCAN<\/a><\/h3><p class=\"elementor-image-box-description\">En esta t\u00e9cnica, el algoritmo de reconstrucci\u00f3n recupera la fase del pulso y la dispersi\u00f3n introducida a lo largo del barrido.<\/p><\/div><\/div>\t\t\t\t<\/div>\n\t\t\t\t<\/div>\n\t\t\t\t\t<\/div>\n\t\t<\/div>\n\t\t\t\t<div class=\"elementor-column elementor-col-50 elementor-top-column elementor-element elementor-element-1a7907e\" data-id=\"1a7907e\" data-element_type=\"column\" data-e-type=\"column\">\n\t\t\t<div class=\"elementor-widget-wrap elementor-element-populated\">\n\t\t\t\t\t\t<div class=\"elementor-element elementor-element-e9e7905 elementor-position-top elementor-widget elementor-widget-image-box\" data-id=\"e9e7905\" data-element_type=\"widget\" data-e-type=\"widget\" data-widget_type=\"image-box.default\">\n\t\t\t\t<div class=\"elementor-widget-container\">\n\t\t\t\t\t<div class=\"elementor-image-box-wrapper\"><figure class=\"elementor-image-box-img\"><a href=\"https:\/\/doi.org\/10.1364\/OL.397033\" tabindex=\"-1\"><img decoding=\"async\" data-src=\"https:\/\/laser.usal.es\/ultrafast-characterization\/wp-content\/plugins\/elementor\/assets\/images\/placeholder.png\" title=\"\" alt=\"\" src=\"data:image\/svg+xml;base64,PHN2ZyB3aWR0aD0iMSIgaGVpZ2h0PSIxIiB4bWxucz0iaHR0cDovL3d3dy53My5vcmcvMjAwMC9zdmciPjwvc3ZnPg==\" class=\"lazyload\" style=\"--smush-placeholder-width: 1200px; --smush-placeholder-aspect-ratio: 1200\/800;\" \/><\/a><\/figure><div class=\"elementor-image-box-content\"><h3 class=\"elementor-image-box-title\"><a href=\"https:\/\/doi.org\/10.1364\/OL.397033\">single-shot transverse D-SCAN<\/a><\/h3><p class=\"elementor-image-box-description\">Se utiliza un cristal de segundo arm\u00f3nico que emite en la direcci\u00f3n perpendicular a la direcci\u00f3n de propagaci\u00f3n del haz. De esta forma, se consigue que la dispersi\u00f3n del pulso var\u00ede espacialmente, y se puede medir la traza en un \u00fanico tiro, utilizando un espectr\u00f3metro de imagen (2D).<\/p><\/div><\/div>\t\t\t\t<\/div>\n\t\t\t\t<\/div>\n\t\t\t\t\t<\/div>\n\t\t<\/div>\n\t\t\t\t\t<\/div>\n\t\t<\/section>\n\t\t\t\t<\/div>\n\t\t","protected":false},"excerpt":{"rendered":"<p>APLICACIONES DEL L\u00c1SER Y FOT\u00d3NICA CARACTERIZACI\u00d3N ULTRARR\u00c1PIDA DISE\u00d1AMOS Y DESARROLLAMOS T\u00c9CNICAS DE CARACTERIZACI\u00d3N DE PULSOS L\u00c1SER ULTRACORTOS MEDIANTE MONTAJES EXPERIMENTALES VERS\u00c1TILES, SIMPLES Y COMPACTOS NUESTRA FILOSOF\u00cdA SENCILLEZ Nuestras t\u00e9cnicas presentan montajes en l\u00ednea, por lo que son compactos y f\u00e1ciles de alinear, adem\u00e1s de emplear elementos \u00f3pticos comunes en cualquier laboratorio de \u00f3ptica versatilidad Con<\/p>\n","protected":false},"author":2,"featured_media":0,"parent":0,"menu_order":0,"comment_status":"closed","ping_status":"closed","template":"","meta":{"_monsterinsights_skip_tracking":false,"_monsterinsights_sitenote_active":false,"_monsterinsights_sitenote_note":"","_monsterinsights_sitenote_category":0,"footnotes":""},"class_list":["post-7821","page","type-page","status-publish","hentry"],"_links":{"self":[{"href":"https:\/\/laser.usal.es\/ultrafast-characterization\/wp-json\/wp\/v2\/pages\/7821","targetHints":{"allow":["GET"]}}],"collection":[{"href":"https:\/\/laser.usal.es\/ultrafast-characterization\/wp-json\/wp\/v2\/pages"}],"about":[{"href":"https:\/\/laser.usal.es\/ultrafast-characterization\/wp-json\/wp\/v2\/types\/page"}],"author":[{"embeddable":true,"href":"https:\/\/laser.usal.es\/ultrafast-characterization\/wp-json\/wp\/v2\/users\/2"}],"replies":[{"embeddable":true,"href":"https:\/\/laser.usal.es\/ultrafast-characterization\/wp-json\/wp\/v2\/comments?post=7821"}],"version-history":[{"count":86,"href":"https:\/\/laser.usal.es\/ultrafast-characterization\/wp-json\/wp\/v2\/pages\/7821\/revisions"}],"predecessor-version":[{"id":8207,"href":"https:\/\/laser.usal.es\/ultrafast-characterization\/wp-json\/wp\/v2\/pages\/7821\/revisions\/8207"}],"wp:attachment":[{"href":"https:\/\/laser.usal.es\/ultrafast-characterization\/wp-json\/wp\/v2\/media?parent=7821"}],"curies":[{"name":"wp","href":"https:\/\/api.w.org\/{rel}","templated":true}]}}