{"id":8012,"date":"2024-03-27T23:08:36","date_gmt":"2024-03-27T22:08:36","guid":{"rendered":"https:\/\/laser.usal.es\/ultrafast-characterization\/?page_id=8012"},"modified":"2025-06-15T12:53:58","modified_gmt":"2025-06-15T11:53:58","slug":"contribuciones-cientificas","status":"publish","type":"page","link":"https:\/\/laser.usal.es\/ultrafast-characterization\/es\/contribuciones-cientificas\/","title":{"rendered":"Contribuciones cient\u00edficas"},"content":{"rendered":"\t\t<div data-elementor-type=\"wp-page\" data-elementor-id=\"8012\" class=\"elementor elementor-8012\">\n\t\t\t\t\t\t<section class=\"elementor-section elementor-top-section elementor-element elementor-element-7d2b830 elementor-section-boxed elementor-section-height-default elementor-section-height-default\" data-id=\"7d2b830\" data-element_type=\"section\" data-e-type=\"section\">\n\t\t\t\t\t\t<div class=\"elementor-container elementor-column-gap-default\">\n\t\t\t\t\t<div class=\"elementor-column elementor-col-100 elementor-top-column elementor-element elementor-element-d7eedc9\" data-id=\"d7eedc9\" data-element_type=\"column\" data-e-type=\"column\">\n\t\t\t<div class=\"elementor-widget-wrap elementor-element-populated\">\n\t\t\t\t\t\t<div class=\"elementor-element elementor-element-baafd51 elementor-widget elementor-widget-eael-fancy-text\" data-id=\"baafd51\" data-element_type=\"widget\" data-e-type=\"widget\" data-widget_type=\"eael-fancy-text.default\">\n\t\t\t\t<div class=\"elementor-widget-container\">\n\t\t\t\t\t\n\t<div  class=\"eael-fancy-text-container style-1\" data-fancy-text-id=\"baafd51\" data-fancy-text=\"|Art\u00edculos cient\u00edficos|Ponencias en congresos|Tesis doctorales|Patentes\" data-fancy-text-transition-type=\"typing\" data-fancy-text-speed=\"50\" data-fancy-text-delay=\"2500\" data-fancy-text-cursor=\"yes\" data-fancy-text-loop=\"yes\" data-fancy-text-action=\"page_load\" >\n\t\t\t\t\t<span class=\"eael-fancy-text-prefix\">Mostramos al mundo nuestros resultados mediante  <\/span>\n\t\t\n\t\t\n\t\t\t\t\t<span id=\"eael-fancy-text-baafd51\" class=\"eael-fancy-text-strings solid-color\">\n\t\t\t\t<noscript>\n\t\t\t\t\tArt\u00edculos cient\u00edficos, Ponencias en congresos, Tesis doctorales, Patentes\t\t\t\t<\/noscript>\n\t\t\t<\/span>\n\t\t\n\t\t\t\t\t<span class=\"eael-fancy-text-suffix\">  <\/span>\n\t\t\t<\/div><!-- close .eael-fancy-text-container -->\n\n\t<div class=\"clearfix\"><\/div>\n\n\t\t\t\t\t<\/div>\n\t\t\t\t<\/div>\n\t\t\t\t\t<\/div>\n\t\t<\/div>\n\t\t\t\t\t<\/div>\n\t\t<\/section>\n\t\t\t\t<section class=\"elementor-section elementor-top-section elementor-element elementor-element-5ed2a91 elementor-section-boxed elementor-section-height-default elementor-section-height-default\" data-id=\"5ed2a91\" data-element_type=\"section\" data-e-type=\"section\">\n\t\t\t\t\t\t<div class=\"elementor-container elementor-column-gap-default\">\n\t\t\t\t\t<div class=\"elementor-column elementor-col-100 elementor-top-column elementor-element elementor-element-81ec670\" data-id=\"81ec670\" data-element_type=\"column\" data-e-type=\"column\">\n\t\t\t<div class=\"elementor-widget-wrap elementor-element-populated\">\n\t\t\t\t\t\t<div class=\"elementor-element elementor-element-ec50e43 elementor-widget elementor-widget-eael-image-accordion\" data-id=\"ec50e43\" data-element_type=\"widget\" data-e-type=\"widget\" data-widget_type=\"eael-image-accordion.default\">\n\t\t\t\t<div class=\"elementor-widget-container\">\n\t\t\t\t\t    <div class=\"eael-img-accordion accordion-direction-horizontal eael-img-accordion-horizontal-align-center eael-img-accordion-vertical-align-center\" id=\"eael-img-accordion-ec50e43\" data-img-accordion-id=\"ec50e43\" data-img-accordion-type=\"on-hover\">\n                    \n            <div class=\"eael-image-accordion-hover eael-image-accordion-item lazyload\" style=\"background-image:inherit;\"  tabindex=\"0\" data-bg-image=\"url(https:\/\/laser.usal.es\/ultrafast-characterization\/wp-content\/plugins\/essential-addons-for-elementor-lite\/\/assets\/front-end\/img\/accordion.png)\">\n                <div class=\"overlay\">\n                                        <div class=\"overlay-inner \">\n                        <h2 class=\"img-accordion-title\">Art\u00edculos cient\u00edficos<\/h2>                            <p><p>Publicamos los resultados de nuestras investigaciones en revistas cient\u00edficas especializadas en \u00f3ptica<\/p><p><button> \u00a1\u00c9chales un vistazo! <\/button><\/p><\/p>\n                                            <\/div>\n                <\/div>\n            <\/div>\n                    \n            <div class=\"eael-image-accordion-hover eael-image-accordion-item lazyload\" style=\"background-image:inherit;\"  tabindex=\"0\" data-bg-image=\"url(https:\/\/laser.usal.es\/ultrafast-characterization\/wp-content\/plugins\/essential-addons-for-elementor-lite\/\/assets\/front-end\/img\/accordion.png)\">\n                <div class=\"overlay\">\n                                        <div class=\"overlay-inner \">\n                        <a href=\"https:\/\/laser.usal.es\/alf\/es\/contacto\/\"><h2 class=\"img-accordion-title\">Congresos<\/h2><\/a>                            <p>Llevamos los resultados de nuestras investigaciones a congresos nacionales e internacionales para cont\u00e1roslos de forma m\u00e1s amena\n\n&nbsp;\n\n&nbsp;\n\n<button>\u00a0\u00a1Pincha aqu\u00ed para verlos!<\/button><\/p>\n                                            <\/div>\n                <\/div>\n            <\/div>\n                    \n            <div class=\"eael-image-accordion-hover eael-image-accordion-item lazyload\" style=\"background-image:inherit;\"  tabindex=\"0\" data-bg-image=\"url(https:\/\/laser.usal.es\/ultrafast-characterization\/wp-content\/plugins\/essential-addons-for-elementor-lite\/\/assets\/front-end\/img\/accordion.png)\">\n                <div class=\"overlay\">\n                                        <div class=\"overlay-inner \">\n                        <h2 class=\"img-accordion-title\">Patentes<\/h2>                            <p><p>Patentamos las t\u00e9cnicas de caracterizaci\u00f3n resultantes de nuestros desarrollos y colaboraciones con otros grupos<\/p><p>\u00a0<\/p><p><button> \u00a1Puedes verlas aqu\u00ed! <\/button><\/p><\/p>\n                                            <\/div>\n                <\/div>\n            <\/div>\n                    \n            <div class=\"eael-image-accordion-hover eael-image-accordion-item lazyload\" style=\"background-image:inherit;\"  tabindex=\"0\" data-bg-image=\"url(https:\/\/laser.usal.es\/ultrafast-characterization\/wp-content\/plugins\/essential-addons-for-elementor-lite\/\/assets\/front-end\/img\/accordion.png)\">\n                <div class=\"overlay\">\n                                        <div class=\"overlay-inner \">\n                        <h2 class=\"img-accordion-title\">Tesis<\/h2>                            <p>Fomentamos la formaci\u00f3n de investigadores mediante la realizaci\u00f3n de tesis doctorales en el \u00e1mbito de la caracterizaci\u00f3n\n\n<button> \u00a1\u00c9chale un ojo!<\/button><\/p>\n                                            <\/div>\n                <\/div>\n            <\/div>\n                <\/div>\n        <style typr=\"text\/css\">\n                    #eael-img-accordion-ec50e43 .eael-image-accordion-hover:hover {\n                        flex: 3 1 0% !important;\n                    }\n                    #eael-img-accordion-ec50e43 .eael-image-accordion-hover:hover:hover .overlay-inner * {\n                        opacity: 1;\n                        visibility: visible;\n                        transform: none;\n                        transition: all .3s .3s;\n                    }\n                <\/style>\t\t\t\t<\/div>\n\t\t\t\t<\/div>\n\t\t\t\t\t<\/div>\n\t\t<\/div>\n\t\t\t\t\t<\/div>\n\t\t<\/section>\n\t\t\t\t<section class=\"elementor-section elementor-top-section elementor-element elementor-element-5cd6945 elementor-section-boxed elementor-section-height-default elementor-section-height-default\" data-id=\"5cd6945\" data-element_type=\"section\" data-e-type=\"section\">\n\t\t\t\t\t\t<div class=\"elementor-container elementor-column-gap-default\">\n\t\t\t\t\t<div class=\"elementor-column elementor-col-100 elementor-top-column elementor-element elementor-element-98fb832\" data-id=\"98fb832\" data-element_type=\"column\" data-e-type=\"column\">\n\t\t\t<div class=\"elementor-widget-wrap elementor-element-populated\">\n\t\t\t\t\t\t<div class=\"elementor-element elementor-element-cdf593c elementor-widget elementor-widget-eael-fancy-text\" data-id=\"cdf593c\" data-element_type=\"widget\" data-e-type=\"widget\" data-widget_type=\"eael-fancy-text.default\">\n\t\t\t\t<div class=\"elementor-widget-container\">\n\t\t\t\t\t\n\t<div  class=\"eael-fancy-text-container style-1\" data-fancy-text-id=\"cdf593c\" data-fancy-text=\"|\u00a1para todos los p\u00fablicos!\" data-fancy-text-transition-type=\"typing\" data-fancy-text-speed=\"50\" data-fancy-text-delay=\"2500\" data-fancy-text-cursor=\"yes\" data-fancy-text-loop=\"yes\" data-fancy-text-action=\"page_load\" >\n\t\t\t\t\t<span class=\"eael-fancy-text-prefix\">Adem\u00e1s, divulgamos estos resultados <\/span>\n\t\t\n\t\t\n\t\t\t\t\t<span id=\"eael-fancy-text-cdf593c\" class=\"eael-fancy-text-strings solid-color\">\n\t\t\t\t<noscript>\n\t\t\t\t\t\u00a1para todos los p\u00fablicos!\t\t\t\t<\/noscript>\n\t\t\t<\/span>\n\t\t\n\t\t\t<\/div><!-- close .eael-fancy-text-container -->\n\n\t<div class=\"clearfix\"><\/div>\n\n\t\t\t\t\t<\/div>\n\t\t\t\t<\/div>\n\t\t\t\t\t<\/div>\n\t\t<\/div>\n\t\t\t\t\t<\/div>\n\t\t<\/section>\n\t\t\t\t<section class=\"elementor-section elementor-top-section elementor-element elementor-element-e4989eb elementor-section-boxed elementor-section-height-default elementor-section-height-default\" data-id=\"e4989eb\" data-element_type=\"section\" data-e-type=\"section\">\n\t\t\t\t\t\t<div class=\"elementor-container elementor-column-gap-default\">\n\t\t\t\t\t<div class=\"elementor-column elementor-col-100 elementor-top-column elementor-element elementor-element-87f2699\" data-id=\"87f2699\" data-element_type=\"column\" data-e-type=\"column\">\n\t\t\t<div class=\"elementor-widget-wrap\">\n\t\t\t\t\t\t\t<\/div>\n\t\t<\/div>\n\t\t\t\t\t<\/div>\n\t\t<\/section>\n\t\t\t\t<section class=\"elementor-section elementor-top-section elementor-element elementor-element-c521d1c elementor-section-boxed elementor-section-height-default elementor-section-height-default\" data-id=\"c521d1c\" data-element_type=\"section\" data-e-type=\"section\">\n\t\t\t\t\t\t<div class=\"elementor-container elementor-column-gap-default\">\n\t\t\t\t\t<div class=\"elementor-column elementor-col-100 elementor-top-column elementor-element elementor-element-9d216af\" data-id=\"9d216af\" data-element_type=\"column\" data-e-type=\"column\">\n\t\t\t<div class=\"elementor-widget-wrap elementor-element-populated\">\n\t\t\t\t\t\t<div class=\"elementor-element elementor-element-2a07d52 elementor-widget elementor-widget-text-editor\" data-id=\"2a07d52\" data-element_type=\"widget\" data-e-type=\"widget\" data-widget_type=\"text-editor.default\">\n\t\t\t\t<div class=\"elementor-widget-container\">\n\t\t\t\t\t\t\t\t\t<p><a href=\"https:\/\/laser.usal.es\/alf\/es\/investigacion\/publicaciones\/el-laser-la-luz-de-nuestro-tiempo\/\" target=\"_blank\" rel=\"noopener\">Libro: \u00abEl l\u00e1ser: la luz de nuestro tiempo\u00bb<\/a><\/p><p><a href=\"https:\/\/laser.usal.es\/alf\/es\/category\/post_spn\/resena\/\" target=\"_blank\" rel=\"noopener\">Rese\u00f1as de art\u00edculos cient\u00edficos<\/a><\/p>\t\t\t\t\t\t\t\t<\/div>\n\t\t\t\t<\/div>\n\t\t\t\t\t<\/div>\n\t\t<\/div>\n\t\t\t\t\t<\/div>\n\t\t<\/section>\n\t\t\t\t<section class=\"elementor-section elementor-top-section elementor-element elementor-element-cfeca5f elementor-section-boxed elementor-section-height-default elementor-section-height-default\" data-id=\"cfeca5f\" data-element_type=\"section\" data-e-type=\"section\">\n\t\t\t\t\t\t<div class=\"elementor-container elementor-column-gap-default\">\n\t\t\t\t\t<div class=\"elementor-column elementor-col-100 elementor-top-column elementor-element elementor-element-f8aa740\" data-id=\"f8aa740\" data-element_type=\"column\" data-e-type=\"column\">\n\t\t\t<div class=\"elementor-widget-wrap elementor-element-populated\">\n\t\t\t\t\t\t<div class=\"elementor-element elementor-element-b907ac5 elementor-widget elementor-widget-eael-fancy-text\" data-id=\"b907ac5\" data-element_type=\"widget\" data-e-type=\"widget\" data-widget_type=\"eael-fancy-text.default\">\n\t\t\t\t<div class=\"elementor-widget-container\">\n\t\t\t\t\t\n\t<div  class=\"eael-fancy-text-container style-1\" data-fancy-text-id=\"b907ac5\" data-fancy-text=\"|se comparte\" data-fancy-text-transition-type=\"typing\" data-fancy-text-speed=\"50\" data-fancy-text-delay=\"2500\" data-fancy-text-cursor=\"yes\" data-fancy-text-loop=\"yes\" data-fancy-text-action=\"page_load\" >\n\t\t\t\t\t<span class=\"eael-fancy-text-prefix\">\"La ciencia encuentra su verdadero prop\u00f3sito s\u00f3lo cuando  <\/span>\n\t\t\n\t\t\n\t\t\t\t\t<span id=\"eael-fancy-text-b907ac5\" class=\"eael-fancy-text-strings solid-color\">\n\t\t\t\t<noscript>\n\t\t\t\t\tse comparte\t\t\t\t<\/noscript>\n\t\t\t<\/span>\n\t\t\n\t\t\t\t\t<span class=\"eael-fancy-text-suffix\"> con el mundo\"<\/span>\n\t\t\t<\/div><!-- close .eael-fancy-text-container -->\n\n\t<div class=\"clearfix\"><\/div>\n\n\t\t\t\t\t<\/div>\n\t\t\t\t<\/div>\n\t\t\t\t\t<\/div>\n\t\t<\/div>\n\t\t\t\t\t<\/div>\n\t\t<\/section>\n\t\t\t\t<\/div>\n\t\t","protected":false},"excerpt":{"rendered":"<p>Mostramos al mundo nuestros resultados mediante Art\u00edculos cient\u00edficos, Ponencias en congresos, Tesis doctorales, Patentes Art\u00edculos cient\u00edficos Publicamos los resultados de nuestras investigaciones en revistas cient\u00edficas especializadas en \u00f3ptica \u00a1\u00c9chales un vistazo! Congresos Llevamos los resultados de nuestras investigaciones a congresos nacionales e internacionales para cont\u00e1roslos de forma m\u00e1s amena &nbsp; &nbsp; \u00a0\u00a1Pincha aqu\u00ed para verlos!<\/p>\n","protected":false},"author":2,"featured_media":0,"parent":0,"menu_order":0,"comment_status":"closed","ping_status":"closed","template":"","meta":{"_monsterinsights_skip_tracking":false,"_monsterinsights_sitenote_active":false,"_monsterinsights_sitenote_note":"","_monsterinsights_sitenote_category":0,"footnotes":""},"class_list":["post-8012","page","type-page","status-publish","hentry"],"_links":{"self":[{"href":"https:\/\/laser.usal.es\/ultrafast-characterization\/wp-json\/wp\/v2\/pages\/8012","targetHints":{"allow":["GET"]}}],"collection":[{"href":"https:\/\/laser.usal.es\/ultrafast-characterization\/wp-json\/wp\/v2\/pages"}],"about":[{"href":"https:\/\/laser.usal.es\/ultrafast-characterization\/wp-json\/wp\/v2\/types\/page"}],"author":[{"embeddable":true,"href":"https:\/\/laser.usal.es\/ultrafast-characterization\/wp-json\/wp\/v2\/users\/2"}],"replies":[{"embeddable":true,"href":"https:\/\/laser.usal.es\/ultrafast-characterization\/wp-json\/wp\/v2\/comments?post=8012"}],"version-history":[{"count":32,"href":"https:\/\/laser.usal.es\/ultrafast-characterization\/wp-json\/wp\/v2\/pages\/8012\/revisions"}],"predecessor-version":[{"id":8248,"href":"https:\/\/laser.usal.es\/ultrafast-characterization\/wp-json\/wp\/v2\/pages\/8012\/revisions\/8248"}],"wp:attachment":[{"href":"https:\/\/laser.usal.es\/ultrafast-characterization\/wp-json\/wp\/v2\/media?parent=8012"}],"curies":[{"name":"wp","href":"https:\/\/api.w.org\/{rel}","templated":true}]}}