{"id":8030,"date":"2024-03-28T00:52:38","date_gmt":"2024-03-27T23:52:38","guid":{"rendered":"https:\/\/laser.usal.es\/ultrafast-characterization\/?page_id=8030"},"modified":"2025-06-19T10:05:35","modified_gmt":"2025-06-19T09:05:35","slug":"a-swing-2","status":"publish","type":"page","link":"https:\/\/laser.usal.es\/ultrafast-characterization\/es\/a-swing-2\/","title":{"rendered":"Amplitude swing"},"content":{"rendered":"\t\t<div data-elementor-type=\"wp-page\" data-elementor-id=\"8030\" class=\"elementor elementor-8030\">\n\t\t\t\t\t\t<section class=\"elementor-section elementor-top-section elementor-element elementor-element-149e703 elementor-section-boxed elementor-section-height-default elementor-section-height-default\" data-id=\"149e703\" data-element_type=\"section\" data-e-type=\"section\">\n\t\t\t\t\t\t<div class=\"elementor-container elementor-column-gap-default\">\n\t\t\t\t\t<div class=\"elementor-column elementor-col-100 elementor-top-column elementor-element elementor-element-9766444\" data-id=\"9766444\" data-element_type=\"column\" data-e-type=\"column\">\n\t\t\t<div class=\"elementor-widget-wrap elementor-element-populated\">\n\t\t\t\t\t\t<div class=\"elementor-element elementor-element-910bd93 elementor-widget elementor-widget-text-editor\" data-id=\"910bd93\" data-element_type=\"widget\" data-e-type=\"widget\" data-widget_type=\"text-editor.default\">\n\t\t\t\t<div class=\"elementor-widget-container\">\n\t\t\t\t\t\t\t\t\t<p>Esta t\u00e9cnica fue desarrollada en 2020 para la caracterizaci\u00f3n temporal de pulsos escalares, es decir, con polarizaci\u00f3n lineal constante.\u00a0<\/p><p>Consiste en crear dos r\u00e9plicas del pulso a medir, con un retardo temporal fijo entre ellas, y escanear su amplitud relativa mientras se mide el espectro de segundo arm\u00f3nico del pulso interferencial.<\/p><p>El mismo montaje permite medir pulsos vectoriales, aquellos con polarizaci\u00f3n dependiente del tiempo y de la frecuencia.<\/p>\t\t\t\t\t\t\t\t<\/div>\n\t\t\t\t<\/div>\n\t\t\t\t\t<\/div>\n\t\t<\/div>\n\t\t\t\t\t<\/div>\n\t\t<\/section>\n\t\t\t\t<\/div>\n\t\t","protected":false},"excerpt":{"rendered":"<p>Esta t\u00e9cnica fue desarrollada en 2020 para la caracterizaci\u00f3n temporal de pulsos escalares, es decir, con polarizaci\u00f3n lineal constante.\u00a0 Consiste en crear dos r\u00e9plicas del pulso a medir, con un retardo temporal fijo entre ellas, y escanear su amplitud relativa mientras se mide el espectro de segundo arm\u00f3nico del pulso interferencial. El mismo montaje permite<\/p>\n","protected":false},"author":2,"featured_media":0,"parent":0,"menu_order":0,"comment_status":"closed","ping_status":"closed","template":"","meta":{"_monsterinsights_skip_tracking":false,"_monsterinsights_sitenote_active":false,"_monsterinsights_sitenote_note":"","_monsterinsights_sitenote_category":0,"footnotes":""},"class_list":["post-8030","page","type-page","status-publish","hentry"],"_links":{"self":[{"href":"https:\/\/laser.usal.es\/ultrafast-characterization\/wp-json\/wp\/v2\/pages\/8030","targetHints":{"allow":["GET"]}}],"collection":[{"href":"https:\/\/laser.usal.es\/ultrafast-characterization\/wp-json\/wp\/v2\/pages"}],"about":[{"href":"https:\/\/laser.usal.es\/ultrafast-characterization\/wp-json\/wp\/v2\/types\/page"}],"author":[{"embeddable":true,"href":"https:\/\/laser.usal.es\/ultrafast-characterization\/wp-json\/wp\/v2\/users\/2"}],"replies":[{"embeddable":true,"href":"https:\/\/laser.usal.es\/ultrafast-characterization\/wp-json\/wp\/v2\/comments?post=8030"}],"version-history":[{"count":7,"href":"https:\/\/laser.usal.es\/ultrafast-characterization\/wp-json\/wp\/v2\/pages\/8030\/revisions"}],"predecessor-version":[{"id":8260,"href":"https:\/\/laser.usal.es\/ultrafast-characterization\/wp-json\/wp\/v2\/pages\/8030\/revisions\/8260"}],"wp:attachment":[{"href":"https:\/\/laser.usal.es\/ultrafast-characterization\/wp-json\/wp\/v2\/media?parent=8030"}],"curies":[{"name":"wp","href":"https:\/\/api.w.org\/{rel}","templated":true}]}}